{"id":3248,"date":"2021-07-05T11:13:07","date_gmt":"2021-07-05T09:13:07","guid":{"rendered":"https:\/\/dimspeed.com\/?post_type=product&#038;p=3248"},"modified":"2025-09-08T10:55:02","modified_gmt":"2025-09-08T08:55:02","slug":"kit-de-ressorts-de-soupapes-doubles-competition-competition-avec-coupelles-super-light","status":"publish","type":"product","link":"https:\/\/dimspeed.com\/en\/product\/kit-de-ressorts-de-soupapes-doubles-competition-competition-avec-coupelles-super-light\/","title":{"rendered":"Swiftune Race Valve Spring Bundles - Featherlight"},"content":{"rendered":"<p>We offer a kit with Swiftune race double valve springs. We recommend them with the Swiftune SW23T billet race camshaft. These race springs are fitted to all our race engines.<\/p>\n<p>In his kit, you will find a set of Swiftune top cap super light. Manufactured from incredibly strong steel to enable machining to a much thinner section making these the lightest yet strongest steel top caps on the market. You will also find a set of race collets. Both sets are suitable for single groove valve only.<\/p>\n<p>We will also supply a set of washers to sit beneath the Swiftune race valve springs. These are used to perfect the fitted spring length and tension on high performance engines.<\/p>\n<p>This set includes:<\/p>\n<ul>\n<li>8 x Swiftune race valve springs<\/li>\n<li>8 x Swiftune top caps super light<\/li>\n<li>8 x Swiftune race valve spring washers<\/li>\n<li>16 x Swiftune race single groove collets<\/li>\n<\/ul>","protected":false},"excerpt":{"rendered":"<p>Nous vous proposons un kit avec les ressorts de soupapes doubles de comp\u00e9tition. Nous les recommandons pour les arbres \u00e0 cames de type SW23. Ils sont mont\u00e9s dans tous nos moteurs. Dans ce kit, vous trouverez un jeu de coupelles Super-Light. Fabriqu\u00e9es \u00e0 partir d&#8217;un acier incroyablement r\u00e9sistant qui permet d&#8217;usiner des sections tr\u00e8s fines, [&hellip;]<\/p>","protected":false},"featured_media":3232,"template":"","meta":[],"product_brand":[],"product_cat":[15,19,41],"product_tag":[190,65,82,67,64,178,75,162],"class_list":{"0":"post-3248","1":"product","2":"type-product","3":"status-publish","4":"has-post-thumbnail","6":"product_cat-moteur","7":"product_cat-culasse","8":"product_cat-kit","9":"product_tag-coupelles-super-light","10":"product_tag-culasse","11":"product_tag-kit","12":"product_tag-kit-culasse","13":"product_tag-race","14":"product_tag-ressorts","15":"product_tag-soupape","16":"product_tag-swiftune","18":"first","19":"instock","20":"taxable","21":"shipping-taxable","22":"purchasable","23":"product-type-simple"},"yoast_head":"<!-- This site is optimized with the Yoast SEO plugin v27.1.1 - https:\/\/yoast.com\/product\/yoast-seo-wordpress\/ -->\n<title>Dimspeed Kit de Ressorts de Soupapes Doubles - Comp\u00e9tition<\/title>\n<meta name=\"description\" content=\"Nous vous proposons un kit avec les ressorts de soupapes doubles de comp\u00e9tition. Nous les recommandons pour les arbres \u00e0 cames de type SW23.\" \/>\n<meta name=\"robots\" content=\"index, follow, max-snippet:-1, max-image-preview:large, max-video-preview:-1\" \/>\n<link rel=\"canonical\" href=\"https:\/\/dimspeed.com\/en\/product\/kit-de-ressorts-de-soupapes-doubles-competition-competition-avec-coupelles-super-light\/\" \/>\n<meta property=\"og:locale\" content=\"en_GB\" \/>\n<meta property=\"og:type\" content=\"article\" \/>\n<meta property=\"og:title\" content=\"Dimspeed Kit de Ressorts de Soupapes Doubles - Comp\u00e9tition\" \/>\n<meta property=\"og:description\" content=\"Nous vous proposons un kit avec les ressorts de soupapes doubles de comp\u00e9tition. Nous les recommandons pour les arbres \u00e0 cames de type SW23.\" \/>\n<meta property=\"og:url\" content=\"https:\/\/dimspeed.com\/en\/product\/kit-de-ressorts-de-soupapes-doubles-competition-competition-avec-coupelles-super-light\/\" \/>\n<meta property=\"og:site_name\" content=\"Dimspeed, l&#039;atelier de personnalisation automobile\" \/>\n<meta property=\"article:modified_time\" content=\"2025-09-08T08:55:02+00:00\" \/>\n<meta property=\"og:image\" content=\"https:\/\/dimspeed.com\/wp-content\/uploads\/2021\/07\/304_Kit-de-Ressorts_Competiton_SuperLight-scaled.jpg\" \/>\n\t<meta property=\"og:image:width\" content=\"1920\" \/>\n\t<meta property=\"og:image:height\" content=\"1440\" \/>\n\t<meta property=\"og:image:type\" content=\"image\/jpeg\" \/>\n<meta name=\"twitter:card\" content=\"summary_large_image\" \/>\n<meta name=\"twitter:label1\" content=\"Estimated reading time\" \/>\n\t<meta name=\"twitter:data1\" content=\"1 minute\" \/>\n<script type=\"application\/ld+json\" class=\"yoast-schema-graph\">{\"@context\":\"https:\/\/schema.org\",\"@graph\":[{\"@type\":\"WebPage\",\"@id\":\"https:\/\/dimspeed.com\/produit\/kit-de-ressorts-de-soupapes-doubles-competition-competition-avec-coupelles-super-light\/\",\"url\":\"https:\/\/dimspeed.com\/produit\/kit-de-ressorts-de-soupapes-doubles-competition-competition-avec-coupelles-super-light\/\",\"name\":\"Dimspeed Kit de Ressorts de Soupapes Doubles - Comp\u00e9tition\",\"isPartOf\":{\"@id\":\"https:\/\/dimspeed.com\/#website\"},\"primaryImageOfPage\":{\"@id\":\"https:\/\/dimspeed.com\/produit\/kit-de-ressorts-de-soupapes-doubles-competition-competition-avec-coupelles-super-light\/#primaryimage\"},\"image\":{\"@id\":\"https:\/\/dimspeed.com\/produit\/kit-de-ressorts-de-soupapes-doubles-competition-competition-avec-coupelles-super-light\/#primaryimage\"},\"thumbnailUrl\":\"https:\/\/dimspeed.com\/wp-content\/uploads\/2021\/07\/304_Kit-de-Ressorts_Competiton_SuperLight-scaled.jpg\",\"datePublished\":\"2021-07-05T09:13:07+00:00\",\"dateModified\":\"2025-09-08T08:55:02+00:00\",\"description\":\"Nous vous proposons un kit avec les ressorts de soupapes doubles de comp\u00e9tition. Nous les recommandons pour les arbres \u00e0 cames de type SW23.\",\"breadcrumb\":{\"@id\":\"https:\/\/dimspeed.com\/produit\/kit-de-ressorts-de-soupapes-doubles-competition-competition-avec-coupelles-super-light\/#breadcrumb\"},\"inLanguage\":\"en-GB\",\"potentialAction\":[{\"@type\":\"ReadAction\",\"target\":[\"https:\/\/dimspeed.com\/produit\/kit-de-ressorts-de-soupapes-doubles-competition-competition-avec-coupelles-super-light\/\"]}]},{\"@type\":\"ImageObject\",\"inLanguage\":\"en-GB\",\"@id\":\"https:\/\/dimspeed.com\/produit\/kit-de-ressorts-de-soupapes-doubles-competition-competition-avec-coupelles-super-light\/#primaryimage\",\"url\":\"https:\/\/dimspeed.com\/wp-content\/uploads\/2021\/07\/304_Kit-de-Ressorts_Competiton_SuperLight-scaled.jpg\",\"contentUrl\":\"https:\/\/dimspeed.com\/wp-content\/uploads\/2021\/07\/304_Kit-de-Ressorts_Competiton_SuperLight-scaled.jpg\",\"width\":1920,\"height\":1440},{\"@type\":\"BreadcrumbList\",\"@id\":\"https:\/\/dimspeed.com\/produit\/kit-de-ressorts-de-soupapes-doubles-competition-competition-avec-coupelles-super-light\/#breadcrumb\",\"itemListElement\":[{\"@type\":\"ListItem\",\"position\":1,\"name\":\"Accueil\",\"item\":\"https:\/\/dimspeed.com\/\"},{\"@type\":\"ListItem\",\"position\":2,\"name\":\"Boutique\",\"item\":\"https:\/\/dimspeed.com\/boutique\/\"},{\"@type\":\"ListItem\",\"position\":3,\"name\":\"Kit de Ressorts de Soupapes Doubles &#8211; Comp\u00e9tition &#8211; avec Coupelles Super Light\"}]},{\"@type\":\"WebSite\",\"@id\":\"https:\/\/dimspeed.com\/#website\",\"url\":\"https:\/\/dimspeed.com\/\",\"name\":\"Dimspeed, l&#039;atelier de personnalisation automobile\",\"description\":\"MOTORISTE comp\u00e9tition et collection SPECIALISTE moteur A-SERIE\",\"publisher\":{\"@id\":\"https:\/\/dimspeed.com\/#organization\"},\"potentialAction\":[{\"@type\":\"SearchAction\",\"target\":{\"@type\":\"EntryPoint\",\"urlTemplate\":\"https:\/\/dimspeed.com\/?s={search_term_string}\"},\"query-input\":{\"@type\":\"PropertyValueSpecification\",\"valueRequired\":true,\"valueName\":\"search_term_string\"}}],\"inLanguage\":\"en-GB\"},{\"@type\":\"Organization\",\"@id\":\"https:\/\/dimspeed.com\/#organization\",\"name\":\"Dimspeed, l&#039;atelier de personnalisation automobile\",\"url\":\"https:\/\/dimspeed.com\/\",\"logo\":{\"@type\":\"ImageObject\",\"inLanguage\":\"en-GB\",\"@id\":\"https:\/\/dimspeed.com\/#\/schema\/logo\/image\/\",\"url\":\"https:\/\/dimspeed.com\/wp-content\/uploads\/2020\/11\/logo-site.png\",\"contentUrl\":\"https:\/\/dimspeed.com\/wp-content\/uploads\/2020\/11\/logo-site.png\",\"width\":486,\"height\":178,\"caption\":\"Dimspeed, l&#039;atelier de personnalisation automobile\"},\"image\":{\"@id\":\"https:\/\/dimspeed.com\/#\/schema\/logo\/image\/\"}}]}<\/script>\n<!-- \/ Yoast SEO plugin. -->","yoast_head_json":{"title":"Dimspeed Kit de Ressorts de Soupapes Doubles - Comp\u00e9tition","description":"Nous vous proposons un kit avec les ressorts de soupapes doubles de comp\u00e9tition. Nous les recommandons pour les arbres \u00e0 cames de type SW23.","robots":{"index":"index","follow":"follow","max-snippet":"max-snippet:-1","max-image-preview":"max-image-preview:large","max-video-preview":"max-video-preview:-1"},"canonical":"https:\/\/dimspeed.com\/en\/product\/kit-de-ressorts-de-soupapes-doubles-competition-competition-avec-coupelles-super-light\/","og_locale":"en_GB","og_type":"article","og_title":"Dimspeed Kit de Ressorts de Soupapes Doubles - Comp\u00e9tition","og_description":"Nous vous proposons un kit avec les ressorts de soupapes doubles de comp\u00e9tition. Nous les recommandons pour les arbres \u00e0 cames de type SW23.","og_url":"https:\/\/dimspeed.com\/en\/product\/kit-de-ressorts-de-soupapes-doubles-competition-competition-avec-coupelles-super-light\/","og_site_name":"Dimspeed, l&#039;atelier de personnalisation automobile","article_modified_time":"2025-09-08T08:55:02+00:00","og_image":[{"width":1920,"height":1440,"url":"https:\/\/dimspeed.com\/wp-content\/uploads\/2021\/07\/304_Kit-de-Ressorts_Competiton_SuperLight-scaled.jpg","type":"image\/jpeg"}],"twitter_card":"summary_large_image","twitter_misc":{"Estimated reading time":"1 minute"},"schema":{"@context":"https:\/\/schema.org","@graph":[{"@type":"WebPage","@id":"https:\/\/dimspeed.com\/produit\/kit-de-ressorts-de-soupapes-doubles-competition-competition-avec-coupelles-super-light\/","url":"https:\/\/dimspeed.com\/produit\/kit-de-ressorts-de-soupapes-doubles-competition-competition-avec-coupelles-super-light\/","name":"Dimspeed Kit de Ressorts de Soupapes Doubles - Comp\u00e9tition","isPartOf":{"@id":"https:\/\/dimspeed.com\/#website"},"primaryImageOfPage":{"@id":"https:\/\/dimspeed.com\/produit\/kit-de-ressorts-de-soupapes-doubles-competition-competition-avec-coupelles-super-light\/#primaryimage"},"image":{"@id":"https:\/\/dimspeed.com\/produit\/kit-de-ressorts-de-soupapes-doubles-competition-competition-avec-coupelles-super-light\/#primaryimage"},"thumbnailUrl":"https:\/\/dimspeed.com\/wp-content\/uploads\/2021\/07\/304_Kit-de-Ressorts_Competiton_SuperLight-scaled.jpg","datePublished":"2021-07-05T09:13:07+00:00","dateModified":"2025-09-08T08:55:02+00:00","description":"Nous vous proposons un kit avec les ressorts de soupapes doubles de comp\u00e9tition. Nous les recommandons pour les arbres \u00e0 cames de type SW23.","breadcrumb":{"@id":"https:\/\/dimspeed.com\/produit\/kit-de-ressorts-de-soupapes-doubles-competition-competition-avec-coupelles-super-light\/#breadcrumb"},"inLanguage":"en-GB","potentialAction":[{"@type":"ReadAction","target":["https:\/\/dimspeed.com\/produit\/kit-de-ressorts-de-soupapes-doubles-competition-competition-avec-coupelles-super-light\/"]}]},{"@type":"ImageObject","inLanguage":"en-GB","@id":"https:\/\/dimspeed.com\/produit\/kit-de-ressorts-de-soupapes-doubles-competition-competition-avec-coupelles-super-light\/#primaryimage","url":"https:\/\/dimspeed.com\/wp-content\/uploads\/2021\/07\/304_Kit-de-Ressorts_Competiton_SuperLight-scaled.jpg","contentUrl":"https:\/\/dimspeed.com\/wp-content\/uploads\/2021\/07\/304_Kit-de-Ressorts_Competiton_SuperLight-scaled.jpg","width":1920,"height":1440},{"@type":"BreadcrumbList","@id":"https:\/\/dimspeed.com\/produit\/kit-de-ressorts-de-soupapes-doubles-competition-competition-avec-coupelles-super-light\/#breadcrumb","itemListElement":[{"@type":"ListItem","position":1,"name":"Accueil","item":"https:\/\/dimspeed.com\/"},{"@type":"ListItem","position":2,"name":"Boutique","item":"https:\/\/dimspeed.com\/boutique\/"},{"@type":"ListItem","position":3,"name":"Kit de Ressorts de Soupapes Doubles &#8211; Comp\u00e9tition &#8211; avec Coupelles Super Light"}]},{"@type":"WebSite","@id":"https:\/\/dimspeed.com\/#website","url":"https:\/\/dimspeed.com\/","name":"Dimspeed, l&#039;atelier de personnalisation automobile","description":"MOTORISTE comp\u00e9tition et collection SPECIALISTE moteur A-SERIE","publisher":{"@id":"https:\/\/dimspeed.com\/#organization"},"potentialAction":[{"@type":"SearchAction","target":{"@type":"EntryPoint","urlTemplate":"https:\/\/dimspeed.com\/?s={search_term_string}"},"query-input":{"@type":"PropertyValueSpecification","valueRequired":true,"valueName":"search_term_string"}}],"inLanguage":"en-GB"},{"@type":"Organization","@id":"https:\/\/dimspeed.com\/#organization","name":"Dimspeed, l&#039;atelier de personnalisation automobile","url":"https:\/\/dimspeed.com\/","logo":{"@type":"ImageObject","inLanguage":"en-GB","@id":"https:\/\/dimspeed.com\/#\/schema\/logo\/image\/","url":"https:\/\/dimspeed.com\/wp-content\/uploads\/2020\/11\/logo-site.png","contentUrl":"https:\/\/dimspeed.com\/wp-content\/uploads\/2020\/11\/logo-site.png","width":486,"height":178,"caption":"Dimspeed, l&#039;atelier de personnalisation automobile"},"image":{"@id":"https:\/\/dimspeed.com\/#\/schema\/logo\/image\/"}}]}},"_links":{"self":[{"href":"https:\/\/dimspeed.com\/en\/wp-json\/wp\/v2\/product\/3248","targetHints":{"allow":["GET"]}}],"collection":[{"href":"https:\/\/dimspeed.com\/en\/wp-json\/wp\/v2\/product"}],"about":[{"href":"https:\/\/dimspeed.com\/en\/wp-json\/wp\/v2\/types\/product"}],"version-history":[{"count":1,"href":"https:\/\/dimspeed.com\/en\/wp-json\/wp\/v2\/product\/3248\/revisions"}],"predecessor-version":[{"id":3897,"href":"https:\/\/dimspeed.com\/en\/wp-json\/wp\/v2\/product\/3248\/revisions\/3897"}],"wp:featuredmedia":[{"embeddable":true,"href":"https:\/\/dimspeed.com\/en\/wp-json\/wp\/v2\/media\/3232"}],"wp:attachment":[{"href":"https:\/\/dimspeed.com\/en\/wp-json\/wp\/v2\/media?parent=3248"}],"wp:term":[{"taxonomy":"product_brand","embeddable":true,"href":"https:\/\/dimspeed.com\/en\/wp-json\/wp\/v2\/product_brand?post=3248"},{"taxonomy":"product_cat","embeddable":true,"href":"https:\/\/dimspeed.com\/en\/wp-json\/wp\/v2\/product_cat?post=3248"},{"taxonomy":"product_tag","embeddable":true,"href":"https:\/\/dimspeed.com\/en\/wp-json\/wp\/v2\/product_tag?post=3248"}],"curies":[{"name":"wp","href":"https:\/\/api.w.org\/{rel}","templated":true}]}}