{"id":3157,"date":"2021-06-30T20:19:20","date_gmt":"2021-06-30T18:19:20","guid":{"rendered":"https:\/\/dimspeed.com\/?post_type=product&#038;p=3157"},"modified":"2025-09-25T15:21:16","modified_gmt":"2025-09-25T13:21:16","slug":"differentiel-quaife-atb-swiftune","status":"publish","type":"product","link":"https:\/\/dimspeed.com\/en\/product\/differentiel-quaife-atb-swiftune\/","title":{"rendered":"Swiftune Classic Mini Quaife ATB Differential"},"content":{"rendered":"<p>The Swiftune classic Mini Quaife ATB Automatic Torque Biasing differential offers the benefits of an LSD limited slip differential without the need for costly extra parts whilst giving the driveability of a conventional open diff.vYou can keep your original crown wheel and pinion and also your pot joints!<\/p>\n<p>Driving the Swiftune Quaife ATB is like driving a normal differential, just with more grip! Driving the Swiftune Quaife ATB is like driving a normal differential, just with more grip! Most limited slip diffs feature pre-load which saps power from the engine, makes corner turn-in difficult and results in torque steer. The ATB eliminates all of these features by working like an open diff until a wheel starts to lose grip. When one wheel starts to slip, the ATB sends torque to the wheel with more grip and keeps you accelerating.<\/p>\n<p>Quaife are so confident of their quality that they offer a lifetime guarantee with the ATB.*<\/p>\n<p>*We ensure the lifetime guarantee if you buy your ATB on our website<\/p>","protected":false},"excerpt":{"rendered":"<p>Le Diff\u00e9rentiel Quaife ATB Swiftune (Automatic Torque Biasing = Transfert automatique de couple) offre les b\u00e9n\u00e9fices d&#8217;un diff\u00e9rentiel LSD (Limited Slip Differential) tout en conservant vos pi\u00e8ces d&#8217;origines. Gr\u00e2ce \u00e0 cet ATB, il est possible d&#8217;utiliser votre pignon et couronne d&#8217;origines ainsi que vos pot-joints! Conduire un ATB s&#8217;est comme conduire avec un diff\u00e9rentiel d&#8217;origine [&hellip;]<\/p>","protected":false},"featured_media":3159,"template":"","meta":[],"product_brand":[],"product_cat":[44,23],"product_tag":[112,125,70,162,126],"class_list":{"0":"post-3157","1":"product","2":"type-product","3":"status-publish","4":"has-post-thumbnail","6":"product_cat-transmission","7":"product_cat-boite-de-vitesse","8":"product_tag-atb","9":"product_tag-boite-de-vitesse","10":"product_tag-differentiel","11":"product_tag-swiftune","12":"product_tag-transmission","14":"first","15":"onbackorder","16":"taxable","17":"shipping-taxable","18":"purchasable","19":"product-type-simple"},"yoast_head":"<!-- This site is optimized with the Yoast SEO plugin v27.1.1 - https:\/\/yoast.com\/product\/yoast-seo-wordpress\/ -->\n<title>Dimspeed Diff\u00e9rentiel Quaife ATB - Swiftune<\/title>\n<meta name=\"description\" content=\"Le Diff\u00e9rentiel Quaife ATB Swiftune offre les b\u00e9n\u00e9fices d&#039;un diff\u00e9rentiel LSD tout en conservant vos pi\u00e8ces d&#039;origines.\" \/>\n<meta name=\"robots\" content=\"index, follow, max-snippet:-1, max-image-preview:large, max-video-preview:-1\" \/>\n<link rel=\"canonical\" href=\"https:\/\/dimspeed.com\/en\/product\/differentiel-quaife-atb-swiftune\/\" \/>\n<meta property=\"og:locale\" content=\"en_GB\" \/>\n<meta property=\"og:type\" content=\"article\" \/>\n<meta property=\"og:title\" content=\"Dimspeed Diff\u00e9rentiel Quaife ATB - Swiftune\" \/>\n<meta property=\"og:description\" content=\"Le Diff\u00e9rentiel Quaife ATB Swiftune offre les b\u00e9n\u00e9fices d&#039;un diff\u00e9rentiel LSD tout en conservant vos pi\u00e8ces d&#039;origines.\" \/>\n<meta property=\"og:url\" content=\"https:\/\/dimspeed.com\/en\/product\/differentiel-quaife-atb-swiftune\/\" \/>\n<meta property=\"og:site_name\" content=\"Dimspeed, l&#039;atelier de personnalisation automobile\" \/>\n<meta property=\"article:modified_time\" content=\"2025-09-25T13:21:16+00:00\" \/>\n<meta property=\"og:image\" content=\"https:\/\/dimspeed.com\/wp-content\/uploads\/2021\/06\/Diff-ATB-3-scaled.jpg\" \/>\n\t<meta property=\"og:image:width\" content=\"1440\" \/>\n\t<meta property=\"og:image:height\" content=\"1920\" \/>\n\t<meta property=\"og:image:type\" content=\"image\/jpeg\" \/>\n<meta name=\"twitter:card\" content=\"summary_large_image\" \/>\n<meta name=\"twitter:label1\" content=\"Estimated reading time\" \/>\n\t<meta name=\"twitter:data1\" content=\"1 minute\" \/>\n<script type=\"application\/ld+json\" class=\"yoast-schema-graph\">{\"@context\":\"https:\/\/schema.org\",\"@graph\":[{\"@type\":\"WebPage\",\"@id\":\"https:\/\/dimspeed.com\/produit\/differentiel-quaife-atb-swiftune\/\",\"url\":\"https:\/\/dimspeed.com\/produit\/differentiel-quaife-atb-swiftune\/\",\"name\":\"Dimspeed Diff\u00e9rentiel Quaife ATB - Swiftune\",\"isPartOf\":{\"@id\":\"https:\/\/dimspeed.com\/#website\"},\"primaryImageOfPage\":{\"@id\":\"https:\/\/dimspeed.com\/produit\/differentiel-quaife-atb-swiftune\/#primaryimage\"},\"image\":{\"@id\":\"https:\/\/dimspeed.com\/produit\/differentiel-quaife-atb-swiftune\/#primaryimage\"},\"thumbnailUrl\":\"https:\/\/dimspeed.com\/wp-content\/uploads\/2021\/06\/Diff-ATB-3-scaled.jpg\",\"datePublished\":\"2021-06-30T18:19:20+00:00\",\"dateModified\":\"2025-09-25T13:21:16+00:00\",\"description\":\"Le Diff\u00e9rentiel Quaife ATB Swiftune offre les b\u00e9n\u00e9fices d'un diff\u00e9rentiel LSD tout en conservant vos pi\u00e8ces d'origines.\",\"breadcrumb\":{\"@id\":\"https:\/\/dimspeed.com\/produit\/differentiel-quaife-atb-swiftune\/#breadcrumb\"},\"inLanguage\":\"en-GB\",\"potentialAction\":[{\"@type\":\"ReadAction\",\"target\":[\"https:\/\/dimspeed.com\/produit\/differentiel-quaife-atb-swiftune\/\"]}]},{\"@type\":\"ImageObject\",\"inLanguage\":\"en-GB\",\"@id\":\"https:\/\/dimspeed.com\/produit\/differentiel-quaife-atb-swiftune\/#primaryimage\",\"url\":\"https:\/\/dimspeed.com\/wp-content\/uploads\/2021\/06\/Diff-ATB-3-scaled.jpg\",\"contentUrl\":\"https:\/\/dimspeed.com\/wp-content\/uploads\/2021\/06\/Diff-ATB-3-scaled.jpg\",\"width\":1440,\"height\":1920},{\"@type\":\"BreadcrumbList\",\"@id\":\"https:\/\/dimspeed.com\/produit\/differentiel-quaife-atb-swiftune\/#breadcrumb\",\"itemListElement\":[{\"@type\":\"ListItem\",\"position\":1,\"name\":\"Accueil\",\"item\":\"https:\/\/dimspeed.com\/\"},{\"@type\":\"ListItem\",\"position\":2,\"name\":\"Boutique\",\"item\":\"https:\/\/dimspeed.com\/boutique\/\"},{\"@type\":\"ListItem\",\"position\":3,\"name\":\"Diff\u00e9rentiel Quaife ATB &#8211; Swiftune\"}]},{\"@type\":\"WebSite\",\"@id\":\"https:\/\/dimspeed.com\/#website\",\"url\":\"https:\/\/dimspeed.com\/\",\"name\":\"Dimspeed, l&#039;atelier de personnalisation automobile\",\"description\":\"MOTORISTE comp\u00e9tition et collection SPECIALISTE moteur A-SERIE\",\"publisher\":{\"@id\":\"https:\/\/dimspeed.com\/#organization\"},\"potentialAction\":[{\"@type\":\"SearchAction\",\"target\":{\"@type\":\"EntryPoint\",\"urlTemplate\":\"https:\/\/dimspeed.com\/?s={search_term_string}\"},\"query-input\":{\"@type\":\"PropertyValueSpecification\",\"valueRequired\":true,\"valueName\":\"search_term_string\"}}],\"inLanguage\":\"en-GB\"},{\"@type\":\"Organization\",\"@id\":\"https:\/\/dimspeed.com\/#organization\",\"name\":\"Dimspeed, l&#039;atelier de personnalisation automobile\",\"url\":\"https:\/\/dimspeed.com\/\",\"logo\":{\"@type\":\"ImageObject\",\"inLanguage\":\"en-GB\",\"@id\":\"https:\/\/dimspeed.com\/#\/schema\/logo\/image\/\",\"url\":\"https:\/\/dimspeed.com\/wp-content\/uploads\/2020\/11\/logo-site.png\",\"contentUrl\":\"https:\/\/dimspeed.com\/wp-content\/uploads\/2020\/11\/logo-site.png\",\"width\":486,\"height\":178,\"caption\":\"Dimspeed, l&#039;atelier de personnalisation automobile\"},\"image\":{\"@id\":\"https:\/\/dimspeed.com\/#\/schema\/logo\/image\/\"}}]}<\/script>\n<!-- \/ Yoast SEO plugin. -->","yoast_head_json":{"title":"Dimspeed Diff\u00e9rentiel Quaife ATB - Swiftune","description":"Le Diff\u00e9rentiel Quaife ATB Swiftune offre les b\u00e9n\u00e9fices d'un diff\u00e9rentiel LSD tout en conservant vos pi\u00e8ces d'origines.","robots":{"index":"index","follow":"follow","max-snippet":"max-snippet:-1","max-image-preview":"max-image-preview:large","max-video-preview":"max-video-preview:-1"},"canonical":"https:\/\/dimspeed.com\/en\/product\/differentiel-quaife-atb-swiftune\/","og_locale":"en_GB","og_type":"article","og_title":"Dimspeed Diff\u00e9rentiel Quaife ATB - Swiftune","og_description":"Le Diff\u00e9rentiel Quaife ATB Swiftune offre les b\u00e9n\u00e9fices d'un diff\u00e9rentiel LSD tout en conservant vos pi\u00e8ces d'origines.","og_url":"https:\/\/dimspeed.com\/en\/product\/differentiel-quaife-atb-swiftune\/","og_site_name":"Dimspeed, l&#039;atelier de personnalisation automobile","article_modified_time":"2025-09-25T13:21:16+00:00","og_image":[{"width":1440,"height":1920,"url":"https:\/\/dimspeed.com\/wp-content\/uploads\/2021\/06\/Diff-ATB-3-scaled.jpg","type":"image\/jpeg"}],"twitter_card":"summary_large_image","twitter_misc":{"Estimated reading time":"1 minute"},"schema":{"@context":"https:\/\/schema.org","@graph":[{"@type":"WebPage","@id":"https:\/\/dimspeed.com\/produit\/differentiel-quaife-atb-swiftune\/","url":"https:\/\/dimspeed.com\/produit\/differentiel-quaife-atb-swiftune\/","name":"Dimspeed Diff\u00e9rentiel Quaife ATB - Swiftune","isPartOf":{"@id":"https:\/\/dimspeed.com\/#website"},"primaryImageOfPage":{"@id":"https:\/\/dimspeed.com\/produit\/differentiel-quaife-atb-swiftune\/#primaryimage"},"image":{"@id":"https:\/\/dimspeed.com\/produit\/differentiel-quaife-atb-swiftune\/#primaryimage"},"thumbnailUrl":"https:\/\/dimspeed.com\/wp-content\/uploads\/2021\/06\/Diff-ATB-3-scaled.jpg","datePublished":"2021-06-30T18:19:20+00:00","dateModified":"2025-09-25T13:21:16+00:00","description":"Le Diff\u00e9rentiel Quaife ATB Swiftune offre les b\u00e9n\u00e9fices d'un diff\u00e9rentiel LSD tout en conservant vos pi\u00e8ces d'origines.","breadcrumb":{"@id":"https:\/\/dimspeed.com\/produit\/differentiel-quaife-atb-swiftune\/#breadcrumb"},"inLanguage":"en-GB","potentialAction":[{"@type":"ReadAction","target":["https:\/\/dimspeed.com\/produit\/differentiel-quaife-atb-swiftune\/"]}]},{"@type":"ImageObject","inLanguage":"en-GB","@id":"https:\/\/dimspeed.com\/produit\/differentiel-quaife-atb-swiftune\/#primaryimage","url":"https:\/\/dimspeed.com\/wp-content\/uploads\/2021\/06\/Diff-ATB-3-scaled.jpg","contentUrl":"https:\/\/dimspeed.com\/wp-content\/uploads\/2021\/06\/Diff-ATB-3-scaled.jpg","width":1440,"height":1920},{"@type":"BreadcrumbList","@id":"https:\/\/dimspeed.com\/produit\/differentiel-quaife-atb-swiftune\/#breadcrumb","itemListElement":[{"@type":"ListItem","position":1,"name":"Accueil","item":"https:\/\/dimspeed.com\/"},{"@type":"ListItem","position":2,"name":"Boutique","item":"https:\/\/dimspeed.com\/boutique\/"},{"@type":"ListItem","position":3,"name":"Diff\u00e9rentiel Quaife ATB &#8211; Swiftune"}]},{"@type":"WebSite","@id":"https:\/\/dimspeed.com\/#website","url":"https:\/\/dimspeed.com\/","name":"Dimspeed, l&#039;atelier de personnalisation automobile","description":"MOTORISTE comp\u00e9tition et collection SPECIALISTE moteur A-SERIE","publisher":{"@id":"https:\/\/dimspeed.com\/#organization"},"potentialAction":[{"@type":"SearchAction","target":{"@type":"EntryPoint","urlTemplate":"https:\/\/dimspeed.com\/?s={search_term_string}"},"query-input":{"@type":"PropertyValueSpecification","valueRequired":true,"valueName":"search_term_string"}}],"inLanguage":"en-GB"},{"@type":"Organization","@id":"https:\/\/dimspeed.com\/#organization","name":"Dimspeed, l&#039;atelier de personnalisation automobile","url":"https:\/\/dimspeed.com\/","logo":{"@type":"ImageObject","inLanguage":"en-GB","@id":"https:\/\/dimspeed.com\/#\/schema\/logo\/image\/","url":"https:\/\/dimspeed.com\/wp-content\/uploads\/2020\/11\/logo-site.png","contentUrl":"https:\/\/dimspeed.com\/wp-content\/uploads\/2020\/11\/logo-site.png","width":486,"height":178,"caption":"Dimspeed, l&#039;atelier de personnalisation automobile"},"image":{"@id":"https:\/\/dimspeed.com\/#\/schema\/logo\/image\/"}}]}},"_links":{"self":[{"href":"https:\/\/dimspeed.com\/en\/wp-json\/wp\/v2\/product\/3157","targetHints":{"allow":["GET"]}}],"collection":[{"href":"https:\/\/dimspeed.com\/en\/wp-json\/wp\/v2\/product"}],"about":[{"href":"https:\/\/dimspeed.com\/en\/wp-json\/wp\/v2\/types\/product"}],"version-history":[{"count":1,"href":"https:\/\/dimspeed.com\/en\/wp-json\/wp\/v2\/product\/3157\/revisions"}],"predecessor-version":[{"id":3899,"href":"https:\/\/dimspeed.com\/en\/wp-json\/wp\/v2\/product\/3157\/revisions\/3899"}],"wp:featuredmedia":[{"embeddable":true,"href":"https:\/\/dimspeed.com\/en\/wp-json\/wp\/v2\/media\/3159"}],"wp:attachment":[{"href":"https:\/\/dimspeed.com\/en\/wp-json\/wp\/v2\/media?parent=3157"}],"wp:term":[{"taxonomy":"product_brand","embeddable":true,"href":"https:\/\/dimspeed.com\/en\/wp-json\/wp\/v2\/product_brand?post=3157"},{"taxonomy":"product_cat","embeddable":true,"href":"https:\/\/dimspeed.com\/en\/wp-json\/wp\/v2\/product_cat?post=3157"},{"taxonomy":"product_tag","embeddable":true,"href":"https:\/\/dimspeed.com\/en\/wp-json\/wp\/v2\/product_tag?post=3157"}],"curies":[{"name":"wp","href":"https:\/\/api.w.org\/{rel}","templated":true}]}}