{"id":3151,"date":"2021-06-30T20:04:51","date_gmt":"2021-06-30T18:04:51","guid":{"rendered":"https:\/\/dimspeed.com\/?post_type=product&#038;p=3151"},"modified":"2026-01-10T21:36:28","modified_gmt":"2026-01-10T20:36:28","slug":"kit-de-retroviseurs-avec-supports-swiftune","status":"publish","type":"product","link":"https:\/\/dimspeed.com\/en\/product\/kit-de-retroviseurs-avec-supports-swiftune\/","title":{"rendered":"Swiftune Mirror and Bracket Set"},"content":{"rendered":"<p>Swiftune popular pair of natural satin polished aluminium mirrors, but now available in bundle form! With aluminium, polished wing mirror brackets.<\/p>\n<p>Your car will get a \"racing\" style, your car may not get faster on the track but it will look more stylish in the paddock! This kit is used on all Swiftune FIA race cars.<\/p>\n<p>This set includes:<\/p>\n<ul>\n<li>2 x pair of Swiftune mirrors<\/li>\n<li>2 x mirror brackets*<\/li>\n<li>1 x single 5\/16\u201d bolt fixing on spherical mount with plastic washer<\/li>\n<\/ul>\n<p>&nbsp;<\/p>\n<p>*Please note, pop rivets are not included.<\/p>","protected":false},"excerpt":{"rendered":"<p>Les r\u00e9troviseurs Swiftune sont tr\u00e8s esth\u00e9tiques avec leur forme arrondie et leur finition chrom\u00e9e. Ils pourront sublimer votre mini. Les supports de r\u00e9troviseurs Swiftune en aluminium viendront donner la touche finale pour l&#8217;habiller. Vous donnerez un style &#8220;racer&#8221; \u00e0 votre mini et qui sait, peut \u00eatre que vous irez plus vite! Le kit est mont\u00e9 [&hellip;]<\/p>","protected":false},"featured_media":3146,"template":"","meta":[],"product_brand":[],"product_cat":[27],"product_tag":[73,82,72,162],"class_list":{"0":"post-3151","1":"product","2":"type-product","3":"status-publish","4":"has-post-thumbnail","6":"product_cat-chassis","7":"product_tag-chassis","8":"product_tag-kit","9":"product_tag-retroviseur","10":"product_tag-swiftune","12":"first","13":"instock","14":"taxable","15":"shipping-taxable","16":"purchasable","17":"product-type-simple"},"yoast_head":"<!-- This site is optimized with the Yoast SEO plugin v27.1.1 - https:\/\/yoast.com\/product\/yoast-seo-wordpress\/ -->\n<title>Dimspeed Kit de R\u00e9troviseurs avec Supports - Swiftune<\/title>\n<meta name=\"description\" content=\"Les r\u00e9troviseurs Swiftune sont tr\u00e8s esth\u00e9tiques avec leur forme arrondie et leur finition chrom\u00e9e. Ils pourront sublimer votre mini.\" \/>\n<meta name=\"robots\" content=\"index, follow, max-snippet:-1, max-image-preview:large, max-video-preview:-1\" \/>\n<link rel=\"canonical\" href=\"https:\/\/dimspeed.com\/en\/product\/kit-de-retroviseurs-avec-supports-swiftune\/\" \/>\n<meta property=\"og:locale\" content=\"en_GB\" \/>\n<meta property=\"og:type\" content=\"article\" \/>\n<meta property=\"og:title\" content=\"Dimspeed Kit de R\u00e9troviseurs avec Supports - Swiftune\" \/>\n<meta property=\"og:description\" content=\"Les r\u00e9troviseurs Swiftune sont tr\u00e8s esth\u00e9tiques avec leur forme arrondie et leur finition chrom\u00e9e. Ils pourront sublimer votre mini.\" \/>\n<meta property=\"og:url\" content=\"https:\/\/dimspeed.com\/en\/product\/kit-de-retroviseurs-avec-supports-swiftune\/\" \/>\n<meta property=\"og:site_name\" content=\"Dimspeed, l&#039;atelier de personnalisation automobile\" \/>\n<meta property=\"article:modified_time\" content=\"2026-01-10T20:36:28+00:00\" \/>\n<meta property=\"og:image\" content=\"https:\/\/dimspeed.com\/wp-content\/uploads\/2021\/06\/Kit-Retroviseurs-supports-4-scaled.jpg\" \/>\n\t<meta property=\"og:image:width\" content=\"1440\" \/>\n\t<meta property=\"og:image:height\" content=\"1920\" \/>\n\t<meta property=\"og:image:type\" content=\"image\/jpeg\" \/>\n<meta name=\"twitter:card\" content=\"summary_large_image\" \/>\n<meta name=\"twitter:label1\" content=\"Estimated reading time\" \/>\n\t<meta name=\"twitter:data1\" content=\"1 minute\" \/>\n<script type=\"application\/ld+json\" class=\"yoast-schema-graph\">{\"@context\":\"https:\/\/schema.org\",\"@graph\":[{\"@type\":\"WebPage\",\"@id\":\"https:\/\/dimspeed.com\/produit\/kit-de-retroviseurs-avec-supports-swiftune\/\",\"url\":\"https:\/\/dimspeed.com\/produit\/kit-de-retroviseurs-avec-supports-swiftune\/\",\"name\":\"Dimspeed Kit de R\u00e9troviseurs avec Supports - Swiftune\",\"isPartOf\":{\"@id\":\"https:\/\/dimspeed.com\/#website\"},\"primaryImageOfPage\":{\"@id\":\"https:\/\/dimspeed.com\/produit\/kit-de-retroviseurs-avec-supports-swiftune\/#primaryimage\"},\"image\":{\"@id\":\"https:\/\/dimspeed.com\/produit\/kit-de-retroviseurs-avec-supports-swiftune\/#primaryimage\"},\"thumbnailUrl\":\"https:\/\/dimspeed.com\/wp-content\/uploads\/2021\/06\/Kit-Retroviseurs-supports-4-scaled.jpg\",\"datePublished\":\"2021-06-30T18:04:51+00:00\",\"dateModified\":\"2026-01-10T20:36:28+00:00\",\"description\":\"Les r\u00e9troviseurs Swiftune sont tr\u00e8s esth\u00e9tiques avec leur forme arrondie et leur finition chrom\u00e9e. Ils pourront sublimer votre mini.\",\"breadcrumb\":{\"@id\":\"https:\/\/dimspeed.com\/produit\/kit-de-retroviseurs-avec-supports-swiftune\/#breadcrumb\"},\"inLanguage\":\"en-GB\",\"potentialAction\":[{\"@type\":\"ReadAction\",\"target\":[\"https:\/\/dimspeed.com\/produit\/kit-de-retroviseurs-avec-supports-swiftune\/\"]}]},{\"@type\":\"ImageObject\",\"inLanguage\":\"en-GB\",\"@id\":\"https:\/\/dimspeed.com\/produit\/kit-de-retroviseurs-avec-supports-swiftune\/#primaryimage\",\"url\":\"https:\/\/dimspeed.com\/wp-content\/uploads\/2021\/06\/Kit-Retroviseurs-supports-4-scaled.jpg\",\"contentUrl\":\"https:\/\/dimspeed.com\/wp-content\/uploads\/2021\/06\/Kit-Retroviseurs-supports-4-scaled.jpg\",\"width\":1440,\"height\":1920},{\"@type\":\"BreadcrumbList\",\"@id\":\"https:\/\/dimspeed.com\/produit\/kit-de-retroviseurs-avec-supports-swiftune\/#breadcrumb\",\"itemListElement\":[{\"@type\":\"ListItem\",\"position\":1,\"name\":\"Accueil\",\"item\":\"https:\/\/dimspeed.com\/\"},{\"@type\":\"ListItem\",\"position\":2,\"name\":\"Boutique\",\"item\":\"https:\/\/dimspeed.com\/boutique\/\"},{\"@type\":\"ListItem\",\"position\":3,\"name\":\"Kit de R\u00e9troviseurs avec Supports &#8211; Swiftune\"}]},{\"@type\":\"WebSite\",\"@id\":\"https:\/\/dimspeed.com\/#website\",\"url\":\"https:\/\/dimspeed.com\/\",\"name\":\"Dimspeed, l&#039;atelier de personnalisation automobile\",\"description\":\"MOTORISTE comp\u00e9tition et collection SPECIALISTE moteur A-SERIE\",\"publisher\":{\"@id\":\"https:\/\/dimspeed.com\/#organization\"},\"potentialAction\":[{\"@type\":\"SearchAction\",\"target\":{\"@type\":\"EntryPoint\",\"urlTemplate\":\"https:\/\/dimspeed.com\/?s={search_term_string}\"},\"query-input\":{\"@type\":\"PropertyValueSpecification\",\"valueRequired\":true,\"valueName\":\"search_term_string\"}}],\"inLanguage\":\"en-GB\"},{\"@type\":\"Organization\",\"@id\":\"https:\/\/dimspeed.com\/#organization\",\"name\":\"Dimspeed, l&#039;atelier de personnalisation automobile\",\"url\":\"https:\/\/dimspeed.com\/\",\"logo\":{\"@type\":\"ImageObject\",\"inLanguage\":\"en-GB\",\"@id\":\"https:\/\/dimspeed.com\/#\/schema\/logo\/image\/\",\"url\":\"https:\/\/dimspeed.com\/wp-content\/uploads\/2020\/11\/logo-site.png\",\"contentUrl\":\"https:\/\/dimspeed.com\/wp-content\/uploads\/2020\/11\/logo-site.png\",\"width\":486,\"height\":178,\"caption\":\"Dimspeed, l&#039;atelier de personnalisation automobile\"},\"image\":{\"@id\":\"https:\/\/dimspeed.com\/#\/schema\/logo\/image\/\"}}]}<\/script>\n<!-- \/ Yoast SEO plugin. -->","yoast_head_json":{"title":"Dimspeed Kit de R\u00e9troviseurs avec Supports - Swiftune","description":"Les r\u00e9troviseurs Swiftune sont tr\u00e8s esth\u00e9tiques avec leur forme arrondie et leur finition chrom\u00e9e. Ils pourront sublimer votre mini.","robots":{"index":"index","follow":"follow","max-snippet":"max-snippet:-1","max-image-preview":"max-image-preview:large","max-video-preview":"max-video-preview:-1"},"canonical":"https:\/\/dimspeed.com\/en\/product\/kit-de-retroviseurs-avec-supports-swiftune\/","og_locale":"en_GB","og_type":"article","og_title":"Dimspeed Kit de R\u00e9troviseurs avec Supports - Swiftune","og_description":"Les r\u00e9troviseurs Swiftune sont tr\u00e8s esth\u00e9tiques avec leur forme arrondie et leur finition chrom\u00e9e. Ils pourront sublimer votre mini.","og_url":"https:\/\/dimspeed.com\/en\/product\/kit-de-retroviseurs-avec-supports-swiftune\/","og_site_name":"Dimspeed, l&#039;atelier de personnalisation automobile","article_modified_time":"2026-01-10T20:36:28+00:00","og_image":[{"width":1440,"height":1920,"url":"https:\/\/dimspeed.com\/wp-content\/uploads\/2021\/06\/Kit-Retroviseurs-supports-4-scaled.jpg","type":"image\/jpeg"}],"twitter_card":"summary_large_image","twitter_misc":{"Estimated reading time":"1 minute"},"schema":{"@context":"https:\/\/schema.org","@graph":[{"@type":"WebPage","@id":"https:\/\/dimspeed.com\/produit\/kit-de-retroviseurs-avec-supports-swiftune\/","url":"https:\/\/dimspeed.com\/produit\/kit-de-retroviseurs-avec-supports-swiftune\/","name":"Dimspeed Kit de R\u00e9troviseurs avec Supports - Swiftune","isPartOf":{"@id":"https:\/\/dimspeed.com\/#website"},"primaryImageOfPage":{"@id":"https:\/\/dimspeed.com\/produit\/kit-de-retroviseurs-avec-supports-swiftune\/#primaryimage"},"image":{"@id":"https:\/\/dimspeed.com\/produit\/kit-de-retroviseurs-avec-supports-swiftune\/#primaryimage"},"thumbnailUrl":"https:\/\/dimspeed.com\/wp-content\/uploads\/2021\/06\/Kit-Retroviseurs-supports-4-scaled.jpg","datePublished":"2021-06-30T18:04:51+00:00","dateModified":"2026-01-10T20:36:28+00:00","description":"Les r\u00e9troviseurs Swiftune sont tr\u00e8s esth\u00e9tiques avec leur forme arrondie et leur finition chrom\u00e9e. Ils pourront sublimer votre mini.","breadcrumb":{"@id":"https:\/\/dimspeed.com\/produit\/kit-de-retroviseurs-avec-supports-swiftune\/#breadcrumb"},"inLanguage":"en-GB","potentialAction":[{"@type":"ReadAction","target":["https:\/\/dimspeed.com\/produit\/kit-de-retroviseurs-avec-supports-swiftune\/"]}]},{"@type":"ImageObject","inLanguage":"en-GB","@id":"https:\/\/dimspeed.com\/produit\/kit-de-retroviseurs-avec-supports-swiftune\/#primaryimage","url":"https:\/\/dimspeed.com\/wp-content\/uploads\/2021\/06\/Kit-Retroviseurs-supports-4-scaled.jpg","contentUrl":"https:\/\/dimspeed.com\/wp-content\/uploads\/2021\/06\/Kit-Retroviseurs-supports-4-scaled.jpg","width":1440,"height":1920},{"@type":"BreadcrumbList","@id":"https:\/\/dimspeed.com\/produit\/kit-de-retroviseurs-avec-supports-swiftune\/#breadcrumb","itemListElement":[{"@type":"ListItem","position":1,"name":"Accueil","item":"https:\/\/dimspeed.com\/"},{"@type":"ListItem","position":2,"name":"Boutique","item":"https:\/\/dimspeed.com\/boutique\/"},{"@type":"ListItem","position":3,"name":"Kit de R\u00e9troviseurs avec Supports &#8211; Swiftune"}]},{"@type":"WebSite","@id":"https:\/\/dimspeed.com\/#website","url":"https:\/\/dimspeed.com\/","name":"Dimspeed, l&#039;atelier de personnalisation automobile","description":"MOTORISTE comp\u00e9tition et collection SPECIALISTE moteur A-SERIE","publisher":{"@id":"https:\/\/dimspeed.com\/#organization"},"potentialAction":[{"@type":"SearchAction","target":{"@type":"EntryPoint","urlTemplate":"https:\/\/dimspeed.com\/?s={search_term_string}"},"query-input":{"@type":"PropertyValueSpecification","valueRequired":true,"valueName":"search_term_string"}}],"inLanguage":"en-GB"},{"@type":"Organization","@id":"https:\/\/dimspeed.com\/#organization","name":"Dimspeed, l&#039;atelier de personnalisation automobile","url":"https:\/\/dimspeed.com\/","logo":{"@type":"ImageObject","inLanguage":"en-GB","@id":"https:\/\/dimspeed.com\/#\/schema\/logo\/image\/","url":"https:\/\/dimspeed.com\/wp-content\/uploads\/2020\/11\/logo-site.png","contentUrl":"https:\/\/dimspeed.com\/wp-content\/uploads\/2020\/11\/logo-site.png","width":486,"height":178,"caption":"Dimspeed, l&#039;atelier de personnalisation automobile"},"image":{"@id":"https:\/\/dimspeed.com\/#\/schema\/logo\/image\/"}}]}},"_links":{"self":[{"href":"https:\/\/dimspeed.com\/en\/wp-json\/wp\/v2\/product\/3151","targetHints":{"allow":["GET"]}}],"collection":[{"href":"https:\/\/dimspeed.com\/en\/wp-json\/wp\/v2\/product"}],"about":[{"href":"https:\/\/dimspeed.com\/en\/wp-json\/wp\/v2\/types\/product"}],"version-history":[{"count":1,"href":"https:\/\/dimspeed.com\/en\/wp-json\/wp\/v2\/product\/3151\/revisions"}],"predecessor-version":[{"id":3738,"href":"https:\/\/dimspeed.com\/en\/wp-json\/wp\/v2\/product\/3151\/revisions\/3738"}],"wp:featuredmedia":[{"embeddable":true,"href":"https:\/\/dimspeed.com\/en\/wp-json\/wp\/v2\/media\/3146"}],"wp:attachment":[{"href":"https:\/\/dimspeed.com\/en\/wp-json\/wp\/v2\/media?parent=3151"}],"wp:term":[{"taxonomy":"product_brand","embeddable":true,"href":"https:\/\/dimspeed.com\/en\/wp-json\/wp\/v2\/product_brand?post=3151"},{"taxonomy":"product_cat","embeddable":true,"href":"https:\/\/dimspeed.com\/en\/wp-json\/wp\/v2\/product_cat?post=3151"},{"taxonomy":"product_tag","embeddable":true,"href":"https:\/\/dimspeed.com\/en\/wp-json\/wp\/v2\/product_tag?post=3151"}],"curies":[{"name":"wp","href":"https:\/\/api.w.org\/{rel}","templated":true}]}}