{"id":3144,"date":"2021-06-30T19:48:02","date_gmt":"2021-06-30T17:48:02","guid":{"rendered":"https:\/\/dimspeed.com\/?post_type=product&#038;p=3144"},"modified":"2026-02-02T12:21:14","modified_gmt":"2026-02-02T11:21:14","slug":"retroviseurs-chromes-swiftune","status":"publish","type":"product","link":"https:\/\/dimspeed.com\/en\/product\/retroviseurs-chromes-swiftune\/","title":{"rendered":"Swiftune Stainless Steel Mirrors"},"content":{"rendered":"<p>Pair of natural satin polished aluminium mirrors. They may not get you faster but your car will look great with them.\u00a0<\/p>\n<p>They are used on all Swiftune FIA race cars.<\/p>\n<p>This set includes:<\/p>\n<ul>\n<li>2 x pair of Swftune stainless steel mirrors<\/li>\n<li>1 x single 5\/16\u201d bolt fixing on spherical mount with plastic washer*<\/li>\n<\/ul>\n<p>&nbsp;<\/p>\n<p>*With this kit, you can fit the mirrors on their supports. We sell on this website a Swiftune Mirrors and Brackets set.<\/p>","protected":false},"excerpt":{"rendered":"<p>Les r\u00e9troviseurs Swiftune sont tr\u00e8s esth\u00e9tiques avec leur forme arrondie et leur finition chrom\u00e9e. Ils pourront sublimer votre mini. Ils sont utilis\u00e9s sur toutes les MINI FIA Swiftune. Le kit inclut: 2 x r\u00e9troviseurs chrom\u00e9s Swiftune 1 x kit de fixation avec un boulon 5\/16&#8243; et une rondelle en plastique* &nbsp; *Ce kit vous permettra [&hellip;]<\/p>","protected":false},"featured_media":3145,"template":"","meta":[],"product_brand":[],"product_cat":[27],"product_tag":[73,72,162],"class_list":{"0":"post-3144","1":"product","2":"type-product","3":"status-publish","4":"has-post-thumbnail","6":"product_cat-chassis","7":"product_tag-chassis","8":"product_tag-retroviseur","9":"product_tag-swiftune","11":"first","12":"instock","13":"taxable","14":"shipping-taxable","15":"purchasable","16":"product-type-simple"},"yoast_head":"<!-- This site is optimized with the Yoast SEO plugin v27.1.1 - https:\/\/yoast.com\/product\/yoast-seo-wordpress\/ -->\n<title>Dimspeed R\u00e9troviseurs Chrom\u00e9s Swiftune<\/title>\n<meta name=\"description\" content=\"Les r\u00e9troviseurs Swiftune sont tr\u00e8s esth\u00e9tiques avec leur forme arrondie et leur finition chrom\u00e9e. Ils pourront sublimer votre mini.\" \/>\n<meta name=\"robots\" content=\"index, follow, max-snippet:-1, max-image-preview:large, max-video-preview:-1\" \/>\n<link rel=\"canonical\" href=\"https:\/\/dimspeed.com\/en\/product\/retroviseurs-chromes-swiftune\/\" \/>\n<meta property=\"og:locale\" content=\"en_GB\" \/>\n<meta property=\"og:type\" content=\"article\" \/>\n<meta property=\"og:title\" content=\"Dimspeed R\u00e9troviseurs Chrom\u00e9s Swiftune\" \/>\n<meta property=\"og:description\" content=\"Les r\u00e9troviseurs Swiftune sont tr\u00e8s esth\u00e9tiques avec leur forme arrondie et leur finition chrom\u00e9e. Ils pourront sublimer votre mini.\" \/>\n<meta property=\"og:url\" content=\"https:\/\/dimspeed.com\/en\/product\/retroviseurs-chromes-swiftune\/\" \/>\n<meta property=\"og:site_name\" content=\"Dimspeed, l&#039;atelier de personnalisation automobile\" \/>\n<meta property=\"article:modified_time\" content=\"2026-02-02T11:21:14+00:00\" \/>\n<meta property=\"og:image\" content=\"https:\/\/dimspeed.com\/wp-content\/uploads\/2021\/06\/Retroviseurs-4-scaled.jpg\" \/>\n\t<meta property=\"og:image:width\" content=\"1440\" \/>\n\t<meta property=\"og:image:height\" content=\"1920\" \/>\n\t<meta property=\"og:image:type\" content=\"image\/jpeg\" \/>\n<meta name=\"twitter:card\" content=\"summary_large_image\" \/>\n<meta name=\"twitter:label1\" content=\"Estimated reading time\" \/>\n\t<meta name=\"twitter:data1\" content=\"1 minute\" \/>\n<script type=\"application\/ld+json\" class=\"yoast-schema-graph\">{\"@context\":\"https:\/\/schema.org\",\"@graph\":[{\"@type\":\"WebPage\",\"@id\":\"https:\/\/dimspeed.com\/produit\/retroviseurs-chromes-swiftune\/\",\"url\":\"https:\/\/dimspeed.com\/produit\/retroviseurs-chromes-swiftune\/\",\"name\":\"Dimspeed R\u00e9troviseurs Chrom\u00e9s Swiftune\",\"isPartOf\":{\"@id\":\"https:\/\/dimspeed.com\/#website\"},\"primaryImageOfPage\":{\"@id\":\"https:\/\/dimspeed.com\/produit\/retroviseurs-chromes-swiftune\/#primaryimage\"},\"image\":{\"@id\":\"https:\/\/dimspeed.com\/produit\/retroviseurs-chromes-swiftune\/#primaryimage\"},\"thumbnailUrl\":\"https:\/\/dimspeed.com\/wp-content\/uploads\/2021\/06\/Retroviseurs-4-scaled.jpg\",\"datePublished\":\"2021-06-30T17:48:02+00:00\",\"dateModified\":\"2026-02-02T11:21:14+00:00\",\"description\":\"Les r\u00e9troviseurs Swiftune sont tr\u00e8s esth\u00e9tiques avec leur forme arrondie et leur finition chrom\u00e9e. Ils pourront sublimer votre mini.\",\"breadcrumb\":{\"@id\":\"https:\/\/dimspeed.com\/produit\/retroviseurs-chromes-swiftune\/#breadcrumb\"},\"inLanguage\":\"en-GB\",\"potentialAction\":[{\"@type\":\"ReadAction\",\"target\":[\"https:\/\/dimspeed.com\/produit\/retroviseurs-chromes-swiftune\/\"]}]},{\"@type\":\"ImageObject\",\"inLanguage\":\"en-GB\",\"@id\":\"https:\/\/dimspeed.com\/produit\/retroviseurs-chromes-swiftune\/#primaryimage\",\"url\":\"https:\/\/dimspeed.com\/wp-content\/uploads\/2021\/06\/Retroviseurs-4-scaled.jpg\",\"contentUrl\":\"https:\/\/dimspeed.com\/wp-content\/uploads\/2021\/06\/Retroviseurs-4-scaled.jpg\",\"width\":1440,\"height\":1920},{\"@type\":\"BreadcrumbList\",\"@id\":\"https:\/\/dimspeed.com\/produit\/retroviseurs-chromes-swiftune\/#breadcrumb\",\"itemListElement\":[{\"@type\":\"ListItem\",\"position\":1,\"name\":\"Accueil\",\"item\":\"https:\/\/dimspeed.com\/\"},{\"@type\":\"ListItem\",\"position\":2,\"name\":\"Boutique\",\"item\":\"https:\/\/dimspeed.com\/boutique\/\"},{\"@type\":\"ListItem\",\"position\":3,\"name\":\"R\u00e9troviseurs Chrom\u00e9s Swiftune\"}]},{\"@type\":\"WebSite\",\"@id\":\"https:\/\/dimspeed.com\/#website\",\"url\":\"https:\/\/dimspeed.com\/\",\"name\":\"Dimspeed, l&#039;atelier de personnalisation automobile\",\"description\":\"MOTORISTE comp\u00e9tition et collection SPECIALISTE moteur A-SERIE\",\"publisher\":{\"@id\":\"https:\/\/dimspeed.com\/#organization\"},\"potentialAction\":[{\"@type\":\"SearchAction\",\"target\":{\"@type\":\"EntryPoint\",\"urlTemplate\":\"https:\/\/dimspeed.com\/?s={search_term_string}\"},\"query-input\":{\"@type\":\"PropertyValueSpecification\",\"valueRequired\":true,\"valueName\":\"search_term_string\"}}],\"inLanguage\":\"en-GB\"},{\"@type\":\"Organization\",\"@id\":\"https:\/\/dimspeed.com\/#organization\",\"name\":\"Dimspeed, l&#039;atelier de personnalisation automobile\",\"url\":\"https:\/\/dimspeed.com\/\",\"logo\":{\"@type\":\"ImageObject\",\"inLanguage\":\"en-GB\",\"@id\":\"https:\/\/dimspeed.com\/#\/schema\/logo\/image\/\",\"url\":\"https:\/\/dimspeed.com\/wp-content\/uploads\/2020\/11\/logo-site.png\",\"contentUrl\":\"https:\/\/dimspeed.com\/wp-content\/uploads\/2020\/11\/logo-site.png\",\"width\":486,\"height\":178,\"caption\":\"Dimspeed, l&#039;atelier de personnalisation automobile\"},\"image\":{\"@id\":\"https:\/\/dimspeed.com\/#\/schema\/logo\/image\/\"}}]}<\/script>\n<!-- \/ Yoast SEO plugin. -->","yoast_head_json":{"title":"Dimspeed R\u00e9troviseurs Chrom\u00e9s Swiftune","description":"Les r\u00e9troviseurs Swiftune sont tr\u00e8s esth\u00e9tiques avec leur forme arrondie et leur finition chrom\u00e9e. Ils pourront sublimer votre mini.","robots":{"index":"index","follow":"follow","max-snippet":"max-snippet:-1","max-image-preview":"max-image-preview:large","max-video-preview":"max-video-preview:-1"},"canonical":"https:\/\/dimspeed.com\/en\/product\/retroviseurs-chromes-swiftune\/","og_locale":"en_GB","og_type":"article","og_title":"Dimspeed R\u00e9troviseurs Chrom\u00e9s Swiftune","og_description":"Les r\u00e9troviseurs Swiftune sont tr\u00e8s esth\u00e9tiques avec leur forme arrondie et leur finition chrom\u00e9e. Ils pourront sublimer votre mini.","og_url":"https:\/\/dimspeed.com\/en\/product\/retroviseurs-chromes-swiftune\/","og_site_name":"Dimspeed, l&#039;atelier de personnalisation automobile","article_modified_time":"2026-02-02T11:21:14+00:00","og_image":[{"width":1440,"height":1920,"url":"https:\/\/dimspeed.com\/wp-content\/uploads\/2021\/06\/Retroviseurs-4-scaled.jpg","type":"image\/jpeg"}],"twitter_card":"summary_large_image","twitter_misc":{"Estimated reading time":"1 minute"},"schema":{"@context":"https:\/\/schema.org","@graph":[{"@type":"WebPage","@id":"https:\/\/dimspeed.com\/produit\/retroviseurs-chromes-swiftune\/","url":"https:\/\/dimspeed.com\/produit\/retroviseurs-chromes-swiftune\/","name":"Dimspeed R\u00e9troviseurs Chrom\u00e9s Swiftune","isPartOf":{"@id":"https:\/\/dimspeed.com\/#website"},"primaryImageOfPage":{"@id":"https:\/\/dimspeed.com\/produit\/retroviseurs-chromes-swiftune\/#primaryimage"},"image":{"@id":"https:\/\/dimspeed.com\/produit\/retroviseurs-chromes-swiftune\/#primaryimage"},"thumbnailUrl":"https:\/\/dimspeed.com\/wp-content\/uploads\/2021\/06\/Retroviseurs-4-scaled.jpg","datePublished":"2021-06-30T17:48:02+00:00","dateModified":"2026-02-02T11:21:14+00:00","description":"Les r\u00e9troviseurs Swiftune sont tr\u00e8s esth\u00e9tiques avec leur forme arrondie et leur finition chrom\u00e9e. Ils pourront sublimer votre mini.","breadcrumb":{"@id":"https:\/\/dimspeed.com\/produit\/retroviseurs-chromes-swiftune\/#breadcrumb"},"inLanguage":"en-GB","potentialAction":[{"@type":"ReadAction","target":["https:\/\/dimspeed.com\/produit\/retroviseurs-chromes-swiftune\/"]}]},{"@type":"ImageObject","inLanguage":"en-GB","@id":"https:\/\/dimspeed.com\/produit\/retroviseurs-chromes-swiftune\/#primaryimage","url":"https:\/\/dimspeed.com\/wp-content\/uploads\/2021\/06\/Retroviseurs-4-scaled.jpg","contentUrl":"https:\/\/dimspeed.com\/wp-content\/uploads\/2021\/06\/Retroviseurs-4-scaled.jpg","width":1440,"height":1920},{"@type":"BreadcrumbList","@id":"https:\/\/dimspeed.com\/produit\/retroviseurs-chromes-swiftune\/#breadcrumb","itemListElement":[{"@type":"ListItem","position":1,"name":"Accueil","item":"https:\/\/dimspeed.com\/"},{"@type":"ListItem","position":2,"name":"Boutique","item":"https:\/\/dimspeed.com\/boutique\/"},{"@type":"ListItem","position":3,"name":"R\u00e9troviseurs Chrom\u00e9s Swiftune"}]},{"@type":"WebSite","@id":"https:\/\/dimspeed.com\/#website","url":"https:\/\/dimspeed.com\/","name":"Dimspeed, l&#039;atelier de personnalisation automobile","description":"MOTORISTE comp\u00e9tition et collection SPECIALISTE moteur A-SERIE","publisher":{"@id":"https:\/\/dimspeed.com\/#organization"},"potentialAction":[{"@type":"SearchAction","target":{"@type":"EntryPoint","urlTemplate":"https:\/\/dimspeed.com\/?s={search_term_string}"},"query-input":{"@type":"PropertyValueSpecification","valueRequired":true,"valueName":"search_term_string"}}],"inLanguage":"en-GB"},{"@type":"Organization","@id":"https:\/\/dimspeed.com\/#organization","name":"Dimspeed, l&#039;atelier de personnalisation automobile","url":"https:\/\/dimspeed.com\/","logo":{"@type":"ImageObject","inLanguage":"en-GB","@id":"https:\/\/dimspeed.com\/#\/schema\/logo\/image\/","url":"https:\/\/dimspeed.com\/wp-content\/uploads\/2020\/11\/logo-site.png","contentUrl":"https:\/\/dimspeed.com\/wp-content\/uploads\/2020\/11\/logo-site.png","width":486,"height":178,"caption":"Dimspeed, l&#039;atelier de personnalisation automobile"},"image":{"@id":"https:\/\/dimspeed.com\/#\/schema\/logo\/image\/"}}]}},"_links":{"self":[{"href":"https:\/\/dimspeed.com\/en\/wp-json\/wp\/v2\/product\/3144","targetHints":{"allow":["GET"]}}],"collection":[{"href":"https:\/\/dimspeed.com\/en\/wp-json\/wp\/v2\/product"}],"about":[{"href":"https:\/\/dimspeed.com\/en\/wp-json\/wp\/v2\/types\/product"}],"version-history":[{"count":1,"href":"https:\/\/dimspeed.com\/en\/wp-json\/wp\/v2\/product\/3144\/revisions"}],"predecessor-version":[{"id":3900,"href":"https:\/\/dimspeed.com\/en\/wp-json\/wp\/v2\/product\/3144\/revisions\/3900"}],"wp:featuredmedia":[{"embeddable":true,"href":"https:\/\/dimspeed.com\/en\/wp-json\/wp\/v2\/media\/3145"}],"wp:attachment":[{"href":"https:\/\/dimspeed.com\/en\/wp-json\/wp\/v2\/media?parent=3144"}],"wp:term":[{"taxonomy":"product_brand","embeddable":true,"href":"https:\/\/dimspeed.com\/en\/wp-json\/wp\/v2\/product_brand?post=3144"},{"taxonomy":"product_cat","embeddable":true,"href":"https:\/\/dimspeed.com\/en\/wp-json\/wp\/v2\/product_cat?post=3144"},{"taxonomy":"product_tag","embeddable":true,"href":"https:\/\/dimspeed.com\/en\/wp-json\/wp\/v2\/product_tag?post=3144"}],"curies":[{"name":"wp","href":"https:\/\/api.w.org\/{rel}","templated":true}]}}