{"id":3130,"date":"2021-06-30T19:14:16","date_gmt":"2021-06-30T17:14:16","guid":{"rendered":"https:\/\/dimspeed.com\/?post_type=product&#038;p=3130"},"modified":"2025-06-03T14:23:15","modified_gmt":"2025-06-03T12:23:15","slug":"cardans-renforces-swiftune","status":"publish","type":"product","link":"https:\/\/dimspeed.com\/en\/product\/cardans-renforces-swiftune\/","title":{"rendered":"Hardy Spicer Driveshafts - Owens Fabrication"},"content":{"rendered":"<p>Driveshafts developed and tested by Owens Fabrication, they reliabilty is amazing. They don't break under load. They are the best driveshafts on the market.<\/p>\n<p>The set includes one left and one right hardy spicer drive shafts.<\/p>\n<p>On order only. Please contact us at contact@dimspeed.com if want a set.<\/p>\n<p>&nbsp;<\/p>","protected":false},"excerpt":{"rendered":"<p>Cardans renforc\u00e9s. D\u00e9velopp\u00e9s et test\u00e9s en comp\u00e9tition par Owens Fabrication, leur fiabilit\u00e9 est remarquable. Ils ne cassent pas sous la contrainte. Se sont les meilleurs cardans sur le march\u00e9. Le set inclut un cardan gauche et droit. Uniquement sur commande. Veuillez nous contacter \u00e0 contact@dimspeed.com si vous souhaitez un set. &nbsp;<\/p>","protected":false},"featured_media":6408,"template":"","meta":[],"product_brand":[],"product_cat":[27],"product_tag":[153,74,53,64],"class_list":{"0":"post-3130","1":"product","2":"type-product","3":"status-publish","4":"has-post-thumbnail","6":"product_cat-chassis","7":"product_tag-cardans","8":"product_tag-hardy-spicer","9":"product_tag-owens","10":"product_tag-race","12":"first","13":"outofstock","14":"taxable","15":"shipping-taxable","16":"purchasable","17":"product-type-simple"},"yoast_head":"<!-- This site is optimized with the Yoast SEO plugin v27.1.1 - https:\/\/yoast.com\/product\/yoast-seo-wordpress\/ -->\n<title>Dimspeed Cardans Renforc\u00e9s Swiftune<\/title>\n<meta name=\"description\" content=\"Cardans renforc\u00e9s Swiftune. D\u00e9velopp\u00e9s et test\u00e9s en comp\u00e9tition, leur fiabilit\u00e9 est remarquable. Ils ne cassent pas sous la contrainte.\" \/>\n<meta name=\"robots\" content=\"index, follow, max-snippet:-1, max-image-preview:large, max-video-preview:-1\" \/>\n<link rel=\"canonical\" href=\"https:\/\/dimspeed.com\/en\/product\/cardans-renforces-swiftune\/\" \/>\n<meta property=\"og:locale\" content=\"en_GB\" \/>\n<meta property=\"og:type\" content=\"article\" \/>\n<meta property=\"og:title\" content=\"Dimspeed Cardans Renforc\u00e9s Swiftune\" \/>\n<meta property=\"og:description\" content=\"Cardans renforc\u00e9s Swiftune. D\u00e9velopp\u00e9s et test\u00e9s en comp\u00e9tition, leur fiabilit\u00e9 est remarquable. Ils ne cassent pas sous la contrainte.\" \/>\n<meta property=\"og:url\" content=\"https:\/\/dimspeed.com\/en\/product\/cardans-renforces-swiftune\/\" \/>\n<meta property=\"og:site_name\" content=\"Dimspeed, l&#039;atelier de personnalisation automobile\" \/>\n<meta property=\"article:modified_time\" content=\"2025-06-03T12:23:15+00:00\" \/>\n<meta property=\"og:image\" content=\"https:\/\/dimspeed.com\/wp-content\/uploads\/2021\/06\/483_Cardans-2.jpg\" \/>\n\t<meta property=\"og:image:width\" content=\"1920\" \/>\n\t<meta property=\"og:image:height\" content=\"839\" \/>\n\t<meta property=\"og:image:type\" content=\"image\/jpeg\" \/>\n<meta name=\"twitter:card\" content=\"summary_large_image\" \/>\n<meta name=\"twitter:label1\" content=\"Estimated reading time\" \/>\n\t<meta name=\"twitter:data1\" content=\"1 minute\" \/>\n<script type=\"application\/ld+json\" class=\"yoast-schema-graph\">{\"@context\":\"https:\/\/schema.org\",\"@graph\":[{\"@type\":\"WebPage\",\"@id\":\"https:\/\/dimspeed.com\/produit\/cardans-renforces-swiftune\/\",\"url\":\"https:\/\/dimspeed.com\/produit\/cardans-renforces-swiftune\/\",\"name\":\"Dimspeed Cardans Renforc\u00e9s Swiftune\",\"isPartOf\":{\"@id\":\"https:\/\/dimspeed.com\/#website\"},\"primaryImageOfPage\":{\"@id\":\"https:\/\/dimspeed.com\/produit\/cardans-renforces-swiftune\/#primaryimage\"},\"image\":{\"@id\":\"https:\/\/dimspeed.com\/produit\/cardans-renforces-swiftune\/#primaryimage\"},\"thumbnailUrl\":\"https:\/\/dimspeed.com\/wp-content\/uploads\/2021\/06\/483_Cardans-2.jpg\",\"datePublished\":\"2021-06-30T17:14:16+00:00\",\"dateModified\":\"2025-06-03T12:23:15+00:00\",\"description\":\"Cardans renforc\u00e9s Swiftune. D\u00e9velopp\u00e9s et test\u00e9s en comp\u00e9tition, leur fiabilit\u00e9 est remarquable. Ils ne cassent pas sous la contrainte.\",\"breadcrumb\":{\"@id\":\"https:\/\/dimspeed.com\/produit\/cardans-renforces-swiftune\/#breadcrumb\"},\"inLanguage\":\"en-GB\",\"potentialAction\":[{\"@type\":\"ReadAction\",\"target\":[\"https:\/\/dimspeed.com\/produit\/cardans-renforces-swiftune\/\"]}]},{\"@type\":\"ImageObject\",\"inLanguage\":\"en-GB\",\"@id\":\"https:\/\/dimspeed.com\/produit\/cardans-renforces-swiftune\/#primaryimage\",\"url\":\"https:\/\/dimspeed.com\/wp-content\/uploads\/2021\/06\/483_Cardans-2.jpg\",\"contentUrl\":\"https:\/\/dimspeed.com\/wp-content\/uploads\/2021\/06\/483_Cardans-2.jpg\",\"width\":1920,\"height\":839},{\"@type\":\"BreadcrumbList\",\"@id\":\"https:\/\/dimspeed.com\/produit\/cardans-renforces-swiftune\/#breadcrumb\",\"itemListElement\":[{\"@type\":\"ListItem\",\"position\":1,\"name\":\"Accueil\",\"item\":\"https:\/\/dimspeed.com\/\"},{\"@type\":\"ListItem\",\"position\":2,\"name\":\"Boutique\",\"item\":\"https:\/\/dimspeed.com\/boutique\/\"},{\"@type\":\"ListItem\",\"position\":3,\"name\":\"Cardans Renforc\u00e9s &#8211; Owens Fabrication\"}]},{\"@type\":\"WebSite\",\"@id\":\"https:\/\/dimspeed.com\/#website\",\"url\":\"https:\/\/dimspeed.com\/\",\"name\":\"Dimspeed, l&#039;atelier de personnalisation automobile\",\"description\":\"MOTORISTE comp\u00e9tition et collection SPECIALISTE moteur A-SERIE\",\"publisher\":{\"@id\":\"https:\/\/dimspeed.com\/#organization\"},\"potentialAction\":[{\"@type\":\"SearchAction\",\"target\":{\"@type\":\"EntryPoint\",\"urlTemplate\":\"https:\/\/dimspeed.com\/?s={search_term_string}\"},\"query-input\":{\"@type\":\"PropertyValueSpecification\",\"valueRequired\":true,\"valueName\":\"search_term_string\"}}],\"inLanguage\":\"en-GB\"},{\"@type\":\"Organization\",\"@id\":\"https:\/\/dimspeed.com\/#organization\",\"name\":\"Dimspeed, l&#039;atelier de personnalisation automobile\",\"url\":\"https:\/\/dimspeed.com\/\",\"logo\":{\"@type\":\"ImageObject\",\"inLanguage\":\"en-GB\",\"@id\":\"https:\/\/dimspeed.com\/#\/schema\/logo\/image\/\",\"url\":\"https:\/\/dimspeed.com\/wp-content\/uploads\/2020\/11\/logo-site.png\",\"contentUrl\":\"https:\/\/dimspeed.com\/wp-content\/uploads\/2020\/11\/logo-site.png\",\"width\":486,\"height\":178,\"caption\":\"Dimspeed, l&#039;atelier de personnalisation automobile\"},\"image\":{\"@id\":\"https:\/\/dimspeed.com\/#\/schema\/logo\/image\/\"}}]}<\/script>\n<!-- \/ Yoast SEO plugin. -->","yoast_head_json":{"title":"Dimspeed Cardans Renforc\u00e9s Swiftune","description":"Cardans renforc\u00e9s Swiftune. D\u00e9velopp\u00e9s et test\u00e9s en comp\u00e9tition, leur fiabilit\u00e9 est remarquable. Ils ne cassent pas sous la contrainte.","robots":{"index":"index","follow":"follow","max-snippet":"max-snippet:-1","max-image-preview":"max-image-preview:large","max-video-preview":"max-video-preview:-1"},"canonical":"https:\/\/dimspeed.com\/en\/product\/cardans-renforces-swiftune\/","og_locale":"en_GB","og_type":"article","og_title":"Dimspeed Cardans Renforc\u00e9s Swiftune","og_description":"Cardans renforc\u00e9s Swiftune. D\u00e9velopp\u00e9s et test\u00e9s en comp\u00e9tition, leur fiabilit\u00e9 est remarquable. Ils ne cassent pas sous la contrainte.","og_url":"https:\/\/dimspeed.com\/en\/product\/cardans-renforces-swiftune\/","og_site_name":"Dimspeed, l&#039;atelier de personnalisation automobile","article_modified_time":"2025-06-03T12:23:15+00:00","og_image":[{"width":1920,"height":839,"url":"https:\/\/dimspeed.com\/wp-content\/uploads\/2021\/06\/483_Cardans-2.jpg","type":"image\/jpeg"}],"twitter_card":"summary_large_image","twitter_misc":{"Estimated reading time":"1 minute"},"schema":{"@context":"https:\/\/schema.org","@graph":[{"@type":"WebPage","@id":"https:\/\/dimspeed.com\/produit\/cardans-renforces-swiftune\/","url":"https:\/\/dimspeed.com\/produit\/cardans-renforces-swiftune\/","name":"Dimspeed Cardans Renforc\u00e9s Swiftune","isPartOf":{"@id":"https:\/\/dimspeed.com\/#website"},"primaryImageOfPage":{"@id":"https:\/\/dimspeed.com\/produit\/cardans-renforces-swiftune\/#primaryimage"},"image":{"@id":"https:\/\/dimspeed.com\/produit\/cardans-renforces-swiftune\/#primaryimage"},"thumbnailUrl":"https:\/\/dimspeed.com\/wp-content\/uploads\/2021\/06\/483_Cardans-2.jpg","datePublished":"2021-06-30T17:14:16+00:00","dateModified":"2025-06-03T12:23:15+00:00","description":"Cardans renforc\u00e9s Swiftune. D\u00e9velopp\u00e9s et test\u00e9s en comp\u00e9tition, leur fiabilit\u00e9 est remarquable. Ils ne cassent pas sous la contrainte.","breadcrumb":{"@id":"https:\/\/dimspeed.com\/produit\/cardans-renforces-swiftune\/#breadcrumb"},"inLanguage":"en-GB","potentialAction":[{"@type":"ReadAction","target":["https:\/\/dimspeed.com\/produit\/cardans-renforces-swiftune\/"]}]},{"@type":"ImageObject","inLanguage":"en-GB","@id":"https:\/\/dimspeed.com\/produit\/cardans-renforces-swiftune\/#primaryimage","url":"https:\/\/dimspeed.com\/wp-content\/uploads\/2021\/06\/483_Cardans-2.jpg","contentUrl":"https:\/\/dimspeed.com\/wp-content\/uploads\/2021\/06\/483_Cardans-2.jpg","width":1920,"height":839},{"@type":"BreadcrumbList","@id":"https:\/\/dimspeed.com\/produit\/cardans-renforces-swiftune\/#breadcrumb","itemListElement":[{"@type":"ListItem","position":1,"name":"Accueil","item":"https:\/\/dimspeed.com\/"},{"@type":"ListItem","position":2,"name":"Boutique","item":"https:\/\/dimspeed.com\/boutique\/"},{"@type":"ListItem","position":3,"name":"Cardans Renforc\u00e9s &#8211; Owens Fabrication"}]},{"@type":"WebSite","@id":"https:\/\/dimspeed.com\/#website","url":"https:\/\/dimspeed.com\/","name":"Dimspeed, l&#039;atelier de personnalisation automobile","description":"MOTORISTE comp\u00e9tition et collection SPECIALISTE moteur A-SERIE","publisher":{"@id":"https:\/\/dimspeed.com\/#organization"},"potentialAction":[{"@type":"SearchAction","target":{"@type":"EntryPoint","urlTemplate":"https:\/\/dimspeed.com\/?s={search_term_string}"},"query-input":{"@type":"PropertyValueSpecification","valueRequired":true,"valueName":"search_term_string"}}],"inLanguage":"en-GB"},{"@type":"Organization","@id":"https:\/\/dimspeed.com\/#organization","name":"Dimspeed, l&#039;atelier de personnalisation automobile","url":"https:\/\/dimspeed.com\/","logo":{"@type":"ImageObject","inLanguage":"en-GB","@id":"https:\/\/dimspeed.com\/#\/schema\/logo\/image\/","url":"https:\/\/dimspeed.com\/wp-content\/uploads\/2020\/11\/logo-site.png","contentUrl":"https:\/\/dimspeed.com\/wp-content\/uploads\/2020\/11\/logo-site.png","width":486,"height":178,"caption":"Dimspeed, l&#039;atelier de personnalisation automobile"},"image":{"@id":"https:\/\/dimspeed.com\/#\/schema\/logo\/image\/"}}]}},"_links":{"self":[{"href":"https:\/\/dimspeed.com\/en\/wp-json\/wp\/v2\/product\/3130","targetHints":{"allow":["GET"]}}],"collection":[{"href":"https:\/\/dimspeed.com\/en\/wp-json\/wp\/v2\/product"}],"about":[{"href":"https:\/\/dimspeed.com\/en\/wp-json\/wp\/v2\/types\/product"}],"version-history":[{"count":5,"href":"https:\/\/dimspeed.com\/en\/wp-json\/wp\/v2\/product\/3130\/revisions"}],"predecessor-version":[{"id":6411,"href":"https:\/\/dimspeed.com\/en\/wp-json\/wp\/v2\/product\/3130\/revisions\/6411"}],"wp:featuredmedia":[{"embeddable":true,"href":"https:\/\/dimspeed.com\/en\/wp-json\/wp\/v2\/media\/6408"}],"wp:attachment":[{"href":"https:\/\/dimspeed.com\/en\/wp-json\/wp\/v2\/media?parent=3130"}],"wp:term":[{"taxonomy":"product_brand","embeddable":true,"href":"https:\/\/dimspeed.com\/en\/wp-json\/wp\/v2\/product_brand?post=3130"},{"taxonomy":"product_cat","embeddable":true,"href":"https:\/\/dimspeed.com\/en\/wp-json\/wp\/v2\/product_cat?post=3130"},{"taxonomy":"product_tag","embeddable":true,"href":"https:\/\/dimspeed.com\/en\/wp-json\/wp\/v2\/product_tag?post=3130"}],"curies":[{"name":"wp","href":"https:\/\/api.w.org\/{rel}","templated":true}]}}