{"id":3125,"date":"2021-06-30T18:49:13","date_gmt":"2021-06-30T16:49:13","guid":{"rendered":"https:\/\/dimspeed.com\/?post_type=product&#038;p=3125"},"modified":"2025-11-11T08:41:51","modified_gmt":"2025-11-11T07:41:51","slug":"soupape-echappement-triple-gorges-295-mm-competition","status":"publish","type":"product","link":"https:\/\/dimspeed.com\/en\/product\/soupape-echappement-triple-gorges-295-mm-competition\/","title":{"rendered":"Triple groove exhaust valve 29,5 mm - Race"},"content":{"rendered":"<p>These triple groove exhaust valve are manufactured from an EN214N steel. Suitable with triple groove coolets only.<\/p>\n<p>Sold individually.<\/p>","protected":false},"excerpt":{"rendered":"<p>Ces soupapes d&#8217;\u00e9chappement triple gorges sont usin\u00e9es dans un acier EN214N. Elles se montent avec des demi-lunes triple gorges uniquement. Vendue \u00e0 l\u2019unit\u00e9.<\/p>","protected":false},"featured_media":3127,"template":"","meta":[],"product_brand":[],"product_cat":[15,19],"product_tag":[65,118,182,75,76],"class_list":{"0":"post-3125","1":"product","2":"type-product","3":"status-publish","4":"has-post-thumbnail","6":"product_cat-moteur","7":"product_cat-culasse","8":"product_tag-culasse","9":"product_tag-echappement","10":"product_tag-route","11":"product_tag-soupape","12":"product_tag-triple-groove","14":"first","15":"instock","16":"taxable","17":"shipping-taxable","18":"purchasable","19":"product-type-simple"},"yoast_head":"<!-- This site is optimized with the Yoast SEO plugin v27.1.1 - https:\/\/yoast.com\/product\/yoast-seo-wordpress\/ -->\n<title>Dimspeed Soupape Echappement Triple Gorges 29,5 mm - Comp\u00e9tition<\/title>\n<meta name=\"description\" content=\"Ces soupapes d&#039;\u00e9chappement triple gorges sont usin\u00e9es dans un acier EN214N. Elles se montent avec des demi-lunes triple gorges uniquement.\" \/>\n<meta name=\"robots\" content=\"index, follow, max-snippet:-1, max-image-preview:large, max-video-preview:-1\" \/>\n<link rel=\"canonical\" href=\"https:\/\/dimspeed.com\/en\/product\/soupape-echappement-triple-gorges-295-mm-competition\/\" \/>\n<meta property=\"og:locale\" content=\"en_GB\" \/>\n<meta property=\"og:type\" content=\"article\" \/>\n<meta property=\"og:title\" content=\"Dimspeed Soupape Echappement Triple Gorges 29,5 mm - Comp\u00e9tition\" \/>\n<meta property=\"og:description\" content=\"Ces soupapes d&#039;\u00e9chappement triple gorges sont usin\u00e9es dans un acier EN214N. Elles se montent avec des demi-lunes triple gorges uniquement.\" \/>\n<meta property=\"og:url\" content=\"https:\/\/dimspeed.com\/en\/product\/soupape-echappement-triple-gorges-295-mm-competition\/\" \/>\n<meta property=\"og:site_name\" content=\"Dimspeed, l&#039;atelier de personnalisation automobile\" \/>\n<meta property=\"article:modified_time\" content=\"2025-11-11T07:41:51+00:00\" \/>\n<meta property=\"og:image\" content=\"https:\/\/dimspeed.com\/wp-content\/uploads\/2021\/06\/Soupape-Echappement-Triple-Groove-1-scaled.jpg\" \/>\n\t<meta property=\"og:image:width\" content=\"1920\" \/>\n\t<meta property=\"og:image:height\" content=\"1440\" \/>\n\t<meta property=\"og:image:type\" content=\"image\/jpeg\" \/>\n<meta name=\"twitter:card\" content=\"summary_large_image\" \/>\n<script type=\"application\/ld+json\" class=\"yoast-schema-graph\">{\"@context\":\"https:\/\/schema.org\",\"@graph\":[{\"@type\":\"WebPage\",\"@id\":\"https:\/\/dimspeed.com\/produit\/soupape-echappement-triple-gorges-295-mm-competition\/\",\"url\":\"https:\/\/dimspeed.com\/produit\/soupape-echappement-triple-gorges-295-mm-competition\/\",\"name\":\"Dimspeed Soupape Echappement Triple Gorges 29,5 mm - Comp\u00e9tition\",\"isPartOf\":{\"@id\":\"https:\/\/dimspeed.com\/#website\"},\"primaryImageOfPage\":{\"@id\":\"https:\/\/dimspeed.com\/produit\/soupape-echappement-triple-gorges-295-mm-competition\/#primaryimage\"},\"image\":{\"@id\":\"https:\/\/dimspeed.com\/produit\/soupape-echappement-triple-gorges-295-mm-competition\/#primaryimage\"},\"thumbnailUrl\":\"https:\/\/dimspeed.com\/wp-content\/uploads\/2021\/06\/Soupape-Echappement-Triple-Groove-1-scaled.jpg\",\"datePublished\":\"2021-06-30T16:49:13+00:00\",\"dateModified\":\"2025-11-11T07:41:51+00:00\",\"description\":\"Ces soupapes d'\u00e9chappement triple gorges sont usin\u00e9es dans un acier EN214N. Elles se montent avec des demi-lunes triple gorges uniquement.\",\"breadcrumb\":{\"@id\":\"https:\/\/dimspeed.com\/produit\/soupape-echappement-triple-gorges-295-mm-competition\/#breadcrumb\"},\"inLanguage\":\"en-GB\",\"potentialAction\":[{\"@type\":\"ReadAction\",\"target\":[\"https:\/\/dimspeed.com\/produit\/soupape-echappement-triple-gorges-295-mm-competition\/\"]}]},{\"@type\":\"ImageObject\",\"inLanguage\":\"en-GB\",\"@id\":\"https:\/\/dimspeed.com\/produit\/soupape-echappement-triple-gorges-295-mm-competition\/#primaryimage\",\"url\":\"https:\/\/dimspeed.com\/wp-content\/uploads\/2021\/06\/Soupape-Echappement-Triple-Groove-1-scaled.jpg\",\"contentUrl\":\"https:\/\/dimspeed.com\/wp-content\/uploads\/2021\/06\/Soupape-Echappement-Triple-Groove-1-scaled.jpg\",\"width\":1920,\"height\":1440},{\"@type\":\"BreadcrumbList\",\"@id\":\"https:\/\/dimspeed.com\/produit\/soupape-echappement-triple-gorges-295-mm-competition\/#breadcrumb\",\"itemListElement\":[{\"@type\":\"ListItem\",\"position\":1,\"name\":\"Accueil\",\"item\":\"https:\/\/dimspeed.com\/\"},{\"@type\":\"ListItem\",\"position\":2,\"name\":\"Boutique\",\"item\":\"https:\/\/dimspeed.com\/boutique\/\"},{\"@type\":\"ListItem\",\"position\":3,\"name\":\"Soupape Echappement Triple Groove 29,5 mm &#8211; Comp\u00e9tition\"}]},{\"@type\":\"WebSite\",\"@id\":\"https:\/\/dimspeed.com\/#website\",\"url\":\"https:\/\/dimspeed.com\/\",\"name\":\"Dimspeed, l&#039;atelier de personnalisation automobile\",\"description\":\"MOTORISTE comp\u00e9tition et collection SPECIALISTE moteur A-SERIE\",\"publisher\":{\"@id\":\"https:\/\/dimspeed.com\/#organization\"},\"potentialAction\":[{\"@type\":\"SearchAction\",\"target\":{\"@type\":\"EntryPoint\",\"urlTemplate\":\"https:\/\/dimspeed.com\/?s={search_term_string}\"},\"query-input\":{\"@type\":\"PropertyValueSpecification\",\"valueRequired\":true,\"valueName\":\"search_term_string\"}}],\"inLanguage\":\"en-GB\"},{\"@type\":\"Organization\",\"@id\":\"https:\/\/dimspeed.com\/#organization\",\"name\":\"Dimspeed, l&#039;atelier de personnalisation automobile\",\"url\":\"https:\/\/dimspeed.com\/\",\"logo\":{\"@type\":\"ImageObject\",\"inLanguage\":\"en-GB\",\"@id\":\"https:\/\/dimspeed.com\/#\/schema\/logo\/image\/\",\"url\":\"https:\/\/dimspeed.com\/wp-content\/uploads\/2020\/11\/logo-site.png\",\"contentUrl\":\"https:\/\/dimspeed.com\/wp-content\/uploads\/2020\/11\/logo-site.png\",\"width\":486,\"height\":178,\"caption\":\"Dimspeed, l&#039;atelier de personnalisation automobile\"},\"image\":{\"@id\":\"https:\/\/dimspeed.com\/#\/schema\/logo\/image\/\"}}]}<\/script>\n<!-- \/ Yoast SEO plugin. -->","yoast_head_json":{"title":"Dimspeed Soupape Echappement Triple Gorges 29,5 mm - Comp\u00e9tition","description":"Ces soupapes d'\u00e9chappement triple gorges sont usin\u00e9es dans un acier EN214N. Elles se montent avec des demi-lunes triple gorges uniquement.","robots":{"index":"index","follow":"follow","max-snippet":"max-snippet:-1","max-image-preview":"max-image-preview:large","max-video-preview":"max-video-preview:-1"},"canonical":"https:\/\/dimspeed.com\/en\/product\/soupape-echappement-triple-gorges-295-mm-competition\/","og_locale":"en_GB","og_type":"article","og_title":"Dimspeed Soupape Echappement Triple Gorges 29,5 mm - Comp\u00e9tition","og_description":"Ces soupapes d'\u00e9chappement triple gorges sont usin\u00e9es dans un acier EN214N. Elles se montent avec des demi-lunes triple gorges uniquement.","og_url":"https:\/\/dimspeed.com\/en\/product\/soupape-echappement-triple-gorges-295-mm-competition\/","og_site_name":"Dimspeed, l&#039;atelier de personnalisation automobile","article_modified_time":"2025-11-11T07:41:51+00:00","og_image":[{"width":1920,"height":1440,"url":"https:\/\/dimspeed.com\/wp-content\/uploads\/2021\/06\/Soupape-Echappement-Triple-Groove-1-scaled.jpg","type":"image\/jpeg"}],"twitter_card":"summary_large_image","schema":{"@context":"https:\/\/schema.org","@graph":[{"@type":"WebPage","@id":"https:\/\/dimspeed.com\/produit\/soupape-echappement-triple-gorges-295-mm-competition\/","url":"https:\/\/dimspeed.com\/produit\/soupape-echappement-triple-gorges-295-mm-competition\/","name":"Dimspeed Soupape Echappement Triple Gorges 29,5 mm - Comp\u00e9tition","isPartOf":{"@id":"https:\/\/dimspeed.com\/#website"},"primaryImageOfPage":{"@id":"https:\/\/dimspeed.com\/produit\/soupape-echappement-triple-gorges-295-mm-competition\/#primaryimage"},"image":{"@id":"https:\/\/dimspeed.com\/produit\/soupape-echappement-triple-gorges-295-mm-competition\/#primaryimage"},"thumbnailUrl":"https:\/\/dimspeed.com\/wp-content\/uploads\/2021\/06\/Soupape-Echappement-Triple-Groove-1-scaled.jpg","datePublished":"2021-06-30T16:49:13+00:00","dateModified":"2025-11-11T07:41:51+00:00","description":"Ces soupapes d'\u00e9chappement triple gorges sont usin\u00e9es dans un acier EN214N. Elles se montent avec des demi-lunes triple gorges uniquement.","breadcrumb":{"@id":"https:\/\/dimspeed.com\/produit\/soupape-echappement-triple-gorges-295-mm-competition\/#breadcrumb"},"inLanguage":"en-GB","potentialAction":[{"@type":"ReadAction","target":["https:\/\/dimspeed.com\/produit\/soupape-echappement-triple-gorges-295-mm-competition\/"]}]},{"@type":"ImageObject","inLanguage":"en-GB","@id":"https:\/\/dimspeed.com\/produit\/soupape-echappement-triple-gorges-295-mm-competition\/#primaryimage","url":"https:\/\/dimspeed.com\/wp-content\/uploads\/2021\/06\/Soupape-Echappement-Triple-Groove-1-scaled.jpg","contentUrl":"https:\/\/dimspeed.com\/wp-content\/uploads\/2021\/06\/Soupape-Echappement-Triple-Groove-1-scaled.jpg","width":1920,"height":1440},{"@type":"BreadcrumbList","@id":"https:\/\/dimspeed.com\/produit\/soupape-echappement-triple-gorges-295-mm-competition\/#breadcrumb","itemListElement":[{"@type":"ListItem","position":1,"name":"Accueil","item":"https:\/\/dimspeed.com\/"},{"@type":"ListItem","position":2,"name":"Boutique","item":"https:\/\/dimspeed.com\/boutique\/"},{"@type":"ListItem","position":3,"name":"Soupape Echappement Triple Groove 29,5 mm &#8211; Comp\u00e9tition"}]},{"@type":"WebSite","@id":"https:\/\/dimspeed.com\/#website","url":"https:\/\/dimspeed.com\/","name":"Dimspeed, l&#039;atelier de personnalisation automobile","description":"MOTORISTE comp\u00e9tition et collection SPECIALISTE moteur A-SERIE","publisher":{"@id":"https:\/\/dimspeed.com\/#organization"},"potentialAction":[{"@type":"SearchAction","target":{"@type":"EntryPoint","urlTemplate":"https:\/\/dimspeed.com\/?s={search_term_string}"},"query-input":{"@type":"PropertyValueSpecification","valueRequired":true,"valueName":"search_term_string"}}],"inLanguage":"en-GB"},{"@type":"Organization","@id":"https:\/\/dimspeed.com\/#organization","name":"Dimspeed, l&#039;atelier de personnalisation automobile","url":"https:\/\/dimspeed.com\/","logo":{"@type":"ImageObject","inLanguage":"en-GB","@id":"https:\/\/dimspeed.com\/#\/schema\/logo\/image\/","url":"https:\/\/dimspeed.com\/wp-content\/uploads\/2020\/11\/logo-site.png","contentUrl":"https:\/\/dimspeed.com\/wp-content\/uploads\/2020\/11\/logo-site.png","width":486,"height":178,"caption":"Dimspeed, l&#039;atelier de personnalisation automobile"},"image":{"@id":"https:\/\/dimspeed.com\/#\/schema\/logo\/image\/"}}]}},"_links":{"self":[{"href":"https:\/\/dimspeed.com\/en\/wp-json\/wp\/v2\/product\/3125","targetHints":{"allow":["GET"]}}],"collection":[{"href":"https:\/\/dimspeed.com\/en\/wp-json\/wp\/v2\/product"}],"about":[{"href":"https:\/\/dimspeed.com\/en\/wp-json\/wp\/v2\/types\/product"}],"version-history":[{"count":2,"href":"https:\/\/dimspeed.com\/en\/wp-json\/wp\/v2\/product\/3125\/revisions"}],"predecessor-version":[{"id":3903,"href":"https:\/\/dimspeed.com\/en\/wp-json\/wp\/v2\/product\/3125\/revisions\/3903"}],"wp:featuredmedia":[{"embeddable":true,"href":"https:\/\/dimspeed.com\/en\/wp-json\/wp\/v2\/media\/3127"}],"wp:attachment":[{"href":"https:\/\/dimspeed.com\/en\/wp-json\/wp\/v2\/media?parent=3125"}],"wp:term":[{"taxonomy":"product_brand","embeddable":true,"href":"https:\/\/dimspeed.com\/en\/wp-json\/wp\/v2\/product_brand?post=3125"},{"taxonomy":"product_cat","embeddable":true,"href":"https:\/\/dimspeed.com\/en\/wp-json\/wp\/v2\/product_cat?post=3125"},{"taxonomy":"product_tag","embeddable":true,"href":"https:\/\/dimspeed.com\/en\/wp-json\/wp\/v2\/product_tag?post=3125"}],"curies":[{"name":"wp","href":"https:\/\/api.w.org\/{rel}","templated":true}]}}