{"id":3116,"date":"2021-06-30T17:52:16","date_gmt":"2021-06-30T15:52:16","guid":{"rendered":"https:\/\/dimspeed.com\/?post_type=product&#038;p=3116"},"modified":"2025-02-14T10:42:37","modified_gmt":"2025-02-14T09:42:37","slug":"rondelles-de-ressorts","status":"publish","type":"product","link":"https:\/\/dimspeed.com\/en\/product\/rondelles-de-ressorts\/","title":{"rendered":"Spring Washer"},"content":{"rendered":"<p>Set of hardened washers to sit beneath the Swiftune race valve springs. These are used to perfect the fitted spring length and tension on high performance engines.<\/p>\n<p>We are fitting them in all our engines.<\/p>\n<p>Thickness: 0,030\u2033 soit 0,76mm<\/p>\n<p>Sold as a set of 8.<\/p>","protected":false},"excerpt":{"rendered":"<p>Rondelles de ressorts de soupapes renforc\u00e9es qui s&#8217;adaptent parfaitement avec les ressorts de soupapes Swiftune. Elles permettent d&#8217;obtenir la longueur correcte lors du montage des ressorts et une pression juste. Ces rondelles sont renforc\u00e9es et r\u00e9sistent ainsi \u00e0 la pression exerc\u00e9e par les ressorts, elles permettent une meilleure rotation de ces derniers et par cons\u00e9quent [&hellip;]<\/p>","protected":false},"featured_media":3117,"template":"","meta":[],"product_brand":[],"product_cat":[15,19],"product_tag":[65,66,82,178,59],"class_list":{"0":"post-3116","1":"product","2":"type-product","3":"status-publish","4":"has-post-thumbnail","6":"product_cat-moteur","7":"product_cat-culasse","8":"product_tag-culasse","9":"product_tag-dimspeed","10":"product_tag-kit","11":"product_tag-ressorts","12":"product_tag-spring","14":"first","15":"instock","16":"taxable","17":"shipping-taxable","18":"purchasable","19":"product-type-simple"},"yoast_head":"<!-- This site is optimized with the Yoast SEO plugin v27.1.1 - https:\/\/yoast.com\/product\/yoast-seo-wordpress\/ -->\n<title>Rondelles de Ressorts - Dimspeed, l&#039;atelier de personnalisation automobile<\/title>\n<meta name=\"robots\" content=\"index, follow, max-snippet:-1, max-image-preview:large, max-video-preview:-1\" \/>\n<link rel=\"canonical\" href=\"https:\/\/dimspeed.com\/en\/product\/rondelles-de-ressorts\/\" \/>\n<meta property=\"og:locale\" content=\"en_GB\" \/>\n<meta property=\"og:type\" content=\"article\" \/>\n<meta property=\"og:title\" content=\"Rondelles de Ressorts - Dimspeed, l&#039;atelier de personnalisation automobile\" \/>\n<meta property=\"og:description\" content=\"Rondelles de ressorts de soupapes renforc\u00e9es qui s&#8217;adaptent parfaitement avec les ressorts de soupapes Swiftune. Elles permettent d&#8217;obtenir la longueur correcte lors du montage des ressorts et une pression juste. Ces rondelles sont renforc\u00e9es et r\u00e9sistent ainsi \u00e0 la pression exerc\u00e9e par les ressorts, elles permettent une meilleure rotation de ces derniers et par cons\u00e9quent [&hellip;]\" \/>\n<meta property=\"og:url\" content=\"https:\/\/dimspeed.com\/en\/product\/rondelles-de-ressorts\/\" \/>\n<meta property=\"og:site_name\" content=\"Dimspeed, l&#039;atelier de personnalisation automobile\" \/>\n<meta property=\"article:modified_time\" content=\"2025-02-14T09:42:37+00:00\" \/>\n<meta property=\"og:image\" content=\"https:\/\/dimspeed.com\/wp-content\/uploads\/2021\/06\/Rondelles-de-ressorts-scaled.jpg\" \/>\n\t<meta property=\"og:image:width\" content=\"1440\" \/>\n\t<meta property=\"og:image:height\" content=\"1920\" \/>\n\t<meta property=\"og:image:type\" content=\"image\/jpeg\" \/>\n<meta name=\"twitter:card\" content=\"summary_large_image\" \/>\n<meta name=\"twitter:label1\" content=\"Estimated reading time\" \/>\n\t<meta name=\"twitter:data1\" content=\"1 minute\" \/>\n<script type=\"application\/ld+json\" class=\"yoast-schema-graph\">{\"@context\":\"https:\/\/schema.org\",\"@graph\":[{\"@type\":\"WebPage\",\"@id\":\"https:\/\/dimspeed.com\/produit\/rondelles-de-ressorts\/\",\"url\":\"https:\/\/dimspeed.com\/produit\/rondelles-de-ressorts\/\",\"name\":\"Rondelles de Ressorts - Dimspeed, l&#039;atelier de personnalisation automobile\",\"isPartOf\":{\"@id\":\"https:\/\/dimspeed.com\/#website\"},\"primaryImageOfPage\":{\"@id\":\"https:\/\/dimspeed.com\/produit\/rondelles-de-ressorts\/#primaryimage\"},\"image\":{\"@id\":\"https:\/\/dimspeed.com\/produit\/rondelles-de-ressorts\/#primaryimage\"},\"thumbnailUrl\":\"https:\/\/dimspeed.com\/wp-content\/uploads\/2021\/06\/Rondelles-de-ressorts-scaled.jpg\",\"datePublished\":\"2021-06-30T15:52:16+00:00\",\"dateModified\":\"2025-02-14T09:42:37+00:00\",\"breadcrumb\":{\"@id\":\"https:\/\/dimspeed.com\/produit\/rondelles-de-ressorts\/#breadcrumb\"},\"inLanguage\":\"en-GB\",\"potentialAction\":[{\"@type\":\"ReadAction\",\"target\":[\"https:\/\/dimspeed.com\/produit\/rondelles-de-ressorts\/\"]}]},{\"@type\":\"ImageObject\",\"inLanguage\":\"en-GB\",\"@id\":\"https:\/\/dimspeed.com\/produit\/rondelles-de-ressorts\/#primaryimage\",\"url\":\"https:\/\/dimspeed.com\/wp-content\/uploads\/2021\/06\/Rondelles-de-ressorts-scaled.jpg\",\"contentUrl\":\"https:\/\/dimspeed.com\/wp-content\/uploads\/2021\/06\/Rondelles-de-ressorts-scaled.jpg\",\"width\":1440,\"height\":1920},{\"@type\":\"BreadcrumbList\",\"@id\":\"https:\/\/dimspeed.com\/produit\/rondelles-de-ressorts\/#breadcrumb\",\"itemListElement\":[{\"@type\":\"ListItem\",\"position\":1,\"name\":\"Accueil\",\"item\":\"https:\/\/dimspeed.com\/\"},{\"@type\":\"ListItem\",\"position\":2,\"name\":\"Boutique\",\"item\":\"https:\/\/dimspeed.com\/boutique\/\"},{\"@type\":\"ListItem\",\"position\":3,\"name\":\"Rondelles de Ressorts\"}]},{\"@type\":\"WebSite\",\"@id\":\"https:\/\/dimspeed.com\/#website\",\"url\":\"https:\/\/dimspeed.com\/\",\"name\":\"Dimspeed, l&#039;atelier de personnalisation automobile\",\"description\":\"MOTORISTE comp\u00e9tition et collection SPECIALISTE moteur A-SERIE\",\"publisher\":{\"@id\":\"https:\/\/dimspeed.com\/#organization\"},\"potentialAction\":[{\"@type\":\"SearchAction\",\"target\":{\"@type\":\"EntryPoint\",\"urlTemplate\":\"https:\/\/dimspeed.com\/?s={search_term_string}\"},\"query-input\":{\"@type\":\"PropertyValueSpecification\",\"valueRequired\":true,\"valueName\":\"search_term_string\"}}],\"inLanguage\":\"en-GB\"},{\"@type\":\"Organization\",\"@id\":\"https:\/\/dimspeed.com\/#organization\",\"name\":\"Dimspeed, l&#039;atelier de personnalisation automobile\",\"url\":\"https:\/\/dimspeed.com\/\",\"logo\":{\"@type\":\"ImageObject\",\"inLanguage\":\"en-GB\",\"@id\":\"https:\/\/dimspeed.com\/#\/schema\/logo\/image\/\",\"url\":\"https:\/\/dimspeed.com\/wp-content\/uploads\/2020\/11\/logo-site.png\",\"contentUrl\":\"https:\/\/dimspeed.com\/wp-content\/uploads\/2020\/11\/logo-site.png\",\"width\":486,\"height\":178,\"caption\":\"Dimspeed, l&#039;atelier de personnalisation automobile\"},\"image\":{\"@id\":\"https:\/\/dimspeed.com\/#\/schema\/logo\/image\/\"}}]}<\/script>\n<!-- \/ Yoast SEO plugin. -->","yoast_head_json":{"title":"Rondelles de Ressorts - Dimspeed, l&#039;atelier de personnalisation automobile","robots":{"index":"index","follow":"follow","max-snippet":"max-snippet:-1","max-image-preview":"max-image-preview:large","max-video-preview":"max-video-preview:-1"},"canonical":"https:\/\/dimspeed.com\/en\/product\/rondelles-de-ressorts\/","og_locale":"en_GB","og_type":"article","og_title":"Rondelles de Ressorts - Dimspeed, l&#039;atelier de personnalisation automobile","og_description":"Rondelles de ressorts de soupapes renforc\u00e9es qui s&#8217;adaptent parfaitement avec les ressorts de soupapes Swiftune. Elles permettent d&#8217;obtenir la longueur correcte lors du montage des ressorts et une pression juste. Ces rondelles sont renforc\u00e9es et r\u00e9sistent ainsi \u00e0 la pression exerc\u00e9e par les ressorts, elles permettent une meilleure rotation de ces derniers et par cons\u00e9quent [&hellip;]","og_url":"https:\/\/dimspeed.com\/en\/product\/rondelles-de-ressorts\/","og_site_name":"Dimspeed, l&#039;atelier de personnalisation automobile","article_modified_time":"2025-02-14T09:42:37+00:00","og_image":[{"width":1440,"height":1920,"url":"https:\/\/dimspeed.com\/wp-content\/uploads\/2021\/06\/Rondelles-de-ressorts-scaled.jpg","type":"image\/jpeg"}],"twitter_card":"summary_large_image","twitter_misc":{"Estimated reading time":"1 minute"},"schema":{"@context":"https:\/\/schema.org","@graph":[{"@type":"WebPage","@id":"https:\/\/dimspeed.com\/produit\/rondelles-de-ressorts\/","url":"https:\/\/dimspeed.com\/produit\/rondelles-de-ressorts\/","name":"Rondelles de Ressorts - Dimspeed, l&#039;atelier de personnalisation automobile","isPartOf":{"@id":"https:\/\/dimspeed.com\/#website"},"primaryImageOfPage":{"@id":"https:\/\/dimspeed.com\/produit\/rondelles-de-ressorts\/#primaryimage"},"image":{"@id":"https:\/\/dimspeed.com\/produit\/rondelles-de-ressorts\/#primaryimage"},"thumbnailUrl":"https:\/\/dimspeed.com\/wp-content\/uploads\/2021\/06\/Rondelles-de-ressorts-scaled.jpg","datePublished":"2021-06-30T15:52:16+00:00","dateModified":"2025-02-14T09:42:37+00:00","breadcrumb":{"@id":"https:\/\/dimspeed.com\/produit\/rondelles-de-ressorts\/#breadcrumb"},"inLanguage":"en-GB","potentialAction":[{"@type":"ReadAction","target":["https:\/\/dimspeed.com\/produit\/rondelles-de-ressorts\/"]}]},{"@type":"ImageObject","inLanguage":"en-GB","@id":"https:\/\/dimspeed.com\/produit\/rondelles-de-ressorts\/#primaryimage","url":"https:\/\/dimspeed.com\/wp-content\/uploads\/2021\/06\/Rondelles-de-ressorts-scaled.jpg","contentUrl":"https:\/\/dimspeed.com\/wp-content\/uploads\/2021\/06\/Rondelles-de-ressorts-scaled.jpg","width":1440,"height":1920},{"@type":"BreadcrumbList","@id":"https:\/\/dimspeed.com\/produit\/rondelles-de-ressorts\/#breadcrumb","itemListElement":[{"@type":"ListItem","position":1,"name":"Accueil","item":"https:\/\/dimspeed.com\/"},{"@type":"ListItem","position":2,"name":"Boutique","item":"https:\/\/dimspeed.com\/boutique\/"},{"@type":"ListItem","position":3,"name":"Rondelles de Ressorts"}]},{"@type":"WebSite","@id":"https:\/\/dimspeed.com\/#website","url":"https:\/\/dimspeed.com\/","name":"Dimspeed, l&#039;atelier de personnalisation automobile","description":"MOTORISTE comp\u00e9tition et collection SPECIALISTE moteur A-SERIE","publisher":{"@id":"https:\/\/dimspeed.com\/#organization"},"potentialAction":[{"@type":"SearchAction","target":{"@type":"EntryPoint","urlTemplate":"https:\/\/dimspeed.com\/?s={search_term_string}"},"query-input":{"@type":"PropertyValueSpecification","valueRequired":true,"valueName":"search_term_string"}}],"inLanguage":"en-GB"},{"@type":"Organization","@id":"https:\/\/dimspeed.com\/#organization","name":"Dimspeed, l&#039;atelier de personnalisation automobile","url":"https:\/\/dimspeed.com\/","logo":{"@type":"ImageObject","inLanguage":"en-GB","@id":"https:\/\/dimspeed.com\/#\/schema\/logo\/image\/","url":"https:\/\/dimspeed.com\/wp-content\/uploads\/2020\/11\/logo-site.png","contentUrl":"https:\/\/dimspeed.com\/wp-content\/uploads\/2020\/11\/logo-site.png","width":486,"height":178,"caption":"Dimspeed, l&#039;atelier de personnalisation automobile"},"image":{"@id":"https:\/\/dimspeed.com\/#\/schema\/logo\/image\/"}}]}},"_links":{"self":[{"href":"https:\/\/dimspeed.com\/en\/wp-json\/wp\/v2\/product\/3116","targetHints":{"allow":["GET"]}}],"collection":[{"href":"https:\/\/dimspeed.com\/en\/wp-json\/wp\/v2\/product"}],"about":[{"href":"https:\/\/dimspeed.com\/en\/wp-json\/wp\/v2\/types\/product"}],"version-history":[{"count":2,"href":"https:\/\/dimspeed.com\/en\/wp-json\/wp\/v2\/product\/3116\/revisions"}],"predecessor-version":[{"id":4040,"href":"https:\/\/dimspeed.com\/en\/wp-json\/wp\/v2\/product\/3116\/revisions\/4040"}],"wp:featuredmedia":[{"embeddable":true,"href":"https:\/\/dimspeed.com\/en\/wp-json\/wp\/v2\/media\/3117"}],"wp:attachment":[{"href":"https:\/\/dimspeed.com\/en\/wp-json\/wp\/v2\/media?parent=3116"}],"wp:term":[{"taxonomy":"product_brand","embeddable":true,"href":"https:\/\/dimspeed.com\/en\/wp-json\/wp\/v2\/product_brand?post=3116"},{"taxonomy":"product_cat","embeddable":true,"href":"https:\/\/dimspeed.com\/en\/wp-json\/wp\/v2\/product_cat?post=3116"},{"taxonomy":"product_tag","embeddable":true,"href":"https:\/\/dimspeed.com\/en\/wp-json\/wp\/v2\/product_tag?post=3116"}],"curies":[{"name":"wp","href":"https:\/\/api.w.org\/{rel}","templated":true}]}}