{"id":3094,"date":"2021-06-29T18:08:05","date_gmt":"2021-06-29T16:08:05","guid":{"rendered":"https:\/\/dimspeed.com\/?post_type=product&#038;p=3094"},"modified":"2025-08-29T10:06:07","modified_gmt":"2025-08-29T08:06:07","slug":"joint-de-cache-culbuteur","status":"publish","type":"product","link":"https:\/\/dimspeed.com\/en\/product\/joint-de-cache-culbuteur\/","title":{"rendered":"Rocker Cover Cork Gasket"},"content":{"rendered":"<p>Cork rocker cover gasket.<\/p>\n<p>With a better look than the silicone rocker cover gasket, it's also reliable. You just need to fit it correctly.<\/p>\n<p>Suitable for 9 stud heads and 11 stud heads engine.<\/p>","protected":false},"excerpt":{"rendered":"<p>Joint de cache culbuteur en li\u00e8ge. Plus esth\u00e9tique que le joint en silicone, il s&#8217;est aussi montr\u00e9 tr\u00e8s fiable. Il suffit juste de bien le monter. Disponible pour les moteurs 9 goujons ou 11 goujons.<\/p>","protected":false},"featured_media":3096,"template":"","meta":[],"product_brand":[],"product_cat":[15,19,38],"product_tag":[152,151,65,78,77],"class_list":{"0":"post-3094","1":"product","2":"type-product","3":"status-publish","4":"has-post-thumbnail","6":"product_cat-moteur","7":"product_cat-culasse","8":"product_cat-joints","9":"product_tag-cache-culbuteurs","10":"product_tag-couvre-culasse","11":"product_tag-culasse","12":"product_tag-culbuteur","13":"product_tag-joint","15":"first","16":"instock","17":"taxable","18":"shipping-taxable","19":"purchasable","20":"product-type-variable"},"yoast_head":"<!-- This site is optimized with the Yoast SEO plugin v27.1.1 - https:\/\/yoast.com\/product\/yoast-seo-wordpress\/ -->\n<title>Joint de Cache Culbuteur - Dimspeed, l&#039;atelier de personnalisation automobile<\/title>\n<meta name=\"robots\" content=\"index, follow, max-snippet:-1, max-image-preview:large, max-video-preview:-1\" \/>\n<link rel=\"canonical\" href=\"https:\/\/dimspeed.com\/en\/product\/joint-de-cache-culbuteur\/\" \/>\n<meta property=\"og:locale\" content=\"en_GB\" \/>\n<meta property=\"og:type\" content=\"article\" \/>\n<meta property=\"og:title\" content=\"Joint de Cache Culbuteur - Dimspeed, l&#039;atelier de personnalisation automobile\" \/>\n<meta property=\"og:description\" content=\"Joint de cache culbuteur en li\u00e8ge. Plus esth\u00e9tique que le joint en silicone, il s&#8217;est aussi montr\u00e9 tr\u00e8s fiable. Il suffit juste de bien le monter. Disponible pour les moteurs 9 goujons ou 11 goujons.\" \/>\n<meta property=\"og:url\" content=\"https:\/\/dimspeed.com\/en\/product\/joint-de-cache-culbuteur\/\" \/>\n<meta property=\"og:site_name\" content=\"Dimspeed, l&#039;atelier de personnalisation automobile\" \/>\n<meta property=\"article:modified_time\" content=\"2025-08-29T08:06:07+00:00\" \/>\n<meta property=\"og:image\" content=\"https:\/\/dimspeed.com\/wp-content\/uploads\/2021\/06\/Joint-de-cache-culbuteur-scaled.jpg\" \/>\n\t<meta property=\"og:image:width\" content=\"1440\" \/>\n\t<meta property=\"og:image:height\" content=\"1920\" \/>\n\t<meta property=\"og:image:type\" content=\"image\/jpeg\" \/>\n<meta name=\"twitter:card\" content=\"summary_large_image\" \/>\n<meta name=\"twitter:label1\" content=\"Estimated reading time\" \/>\n\t<meta name=\"twitter:data1\" content=\"1 minute\" \/>\n<script type=\"application\/ld+json\" class=\"yoast-schema-graph\">{\"@context\":\"https:\/\/schema.org\",\"@graph\":[{\"@type\":\"WebPage\",\"@id\":\"https:\/\/dimspeed.com\/produit\/joint-de-cache-culbuteur\/\",\"url\":\"https:\/\/dimspeed.com\/produit\/joint-de-cache-culbuteur\/\",\"name\":\"Joint de Cache Culbuteur - Dimspeed, l&#039;atelier de personnalisation automobile\",\"isPartOf\":{\"@id\":\"https:\/\/dimspeed.com\/#website\"},\"primaryImageOfPage\":{\"@id\":\"https:\/\/dimspeed.com\/produit\/joint-de-cache-culbuteur\/#primaryimage\"},\"image\":{\"@id\":\"https:\/\/dimspeed.com\/produit\/joint-de-cache-culbuteur\/#primaryimage\"},\"thumbnailUrl\":\"https:\/\/dimspeed.com\/wp-content\/uploads\/2021\/06\/Joint-de-cache-culbuteur-scaled.jpg\",\"datePublished\":\"2021-06-29T16:08:05+00:00\",\"dateModified\":\"2025-08-29T08:06:07+00:00\",\"breadcrumb\":{\"@id\":\"https:\/\/dimspeed.com\/produit\/joint-de-cache-culbuteur\/#breadcrumb\"},\"inLanguage\":\"en-GB\",\"potentialAction\":[{\"@type\":\"ReadAction\",\"target\":[\"https:\/\/dimspeed.com\/produit\/joint-de-cache-culbuteur\/\"]}]},{\"@type\":\"ImageObject\",\"inLanguage\":\"en-GB\",\"@id\":\"https:\/\/dimspeed.com\/produit\/joint-de-cache-culbuteur\/#primaryimage\",\"url\":\"https:\/\/dimspeed.com\/wp-content\/uploads\/2021\/06\/Joint-de-cache-culbuteur-scaled.jpg\",\"contentUrl\":\"https:\/\/dimspeed.com\/wp-content\/uploads\/2021\/06\/Joint-de-cache-culbuteur-scaled.jpg\",\"width\":1440,\"height\":1920},{\"@type\":\"BreadcrumbList\",\"@id\":\"https:\/\/dimspeed.com\/produit\/joint-de-cache-culbuteur\/#breadcrumb\",\"itemListElement\":[{\"@type\":\"ListItem\",\"position\":1,\"name\":\"Accueil\",\"item\":\"https:\/\/dimspeed.com\/\"},{\"@type\":\"ListItem\",\"position\":2,\"name\":\"Boutique\",\"item\":\"https:\/\/dimspeed.com\/boutique\/\"},{\"@type\":\"ListItem\",\"position\":3,\"name\":\"Joint de Cache Culbuteur\"}]},{\"@type\":\"WebSite\",\"@id\":\"https:\/\/dimspeed.com\/#website\",\"url\":\"https:\/\/dimspeed.com\/\",\"name\":\"Dimspeed, l&#039;atelier de personnalisation automobile\",\"description\":\"MOTORISTE comp\u00e9tition et collection SPECIALISTE moteur A-SERIE\",\"publisher\":{\"@id\":\"https:\/\/dimspeed.com\/#organization\"},\"potentialAction\":[{\"@type\":\"SearchAction\",\"target\":{\"@type\":\"EntryPoint\",\"urlTemplate\":\"https:\/\/dimspeed.com\/?s={search_term_string}\"},\"query-input\":{\"@type\":\"PropertyValueSpecification\",\"valueRequired\":true,\"valueName\":\"search_term_string\"}}],\"inLanguage\":\"en-GB\"},{\"@type\":\"Organization\",\"@id\":\"https:\/\/dimspeed.com\/#organization\",\"name\":\"Dimspeed, l&#039;atelier de personnalisation automobile\",\"url\":\"https:\/\/dimspeed.com\/\",\"logo\":{\"@type\":\"ImageObject\",\"inLanguage\":\"en-GB\",\"@id\":\"https:\/\/dimspeed.com\/#\/schema\/logo\/image\/\",\"url\":\"https:\/\/dimspeed.com\/wp-content\/uploads\/2020\/11\/logo-site.png\",\"contentUrl\":\"https:\/\/dimspeed.com\/wp-content\/uploads\/2020\/11\/logo-site.png\",\"width\":486,\"height\":178,\"caption\":\"Dimspeed, l&#039;atelier de personnalisation automobile\"},\"image\":{\"@id\":\"https:\/\/dimspeed.com\/#\/schema\/logo\/image\/\"}}]}<\/script>\n<!-- \/ Yoast SEO plugin. -->","yoast_head_json":{"title":"Joint de Cache Culbuteur - Dimspeed, l&#039;atelier de personnalisation automobile","robots":{"index":"index","follow":"follow","max-snippet":"max-snippet:-1","max-image-preview":"max-image-preview:large","max-video-preview":"max-video-preview:-1"},"canonical":"https:\/\/dimspeed.com\/en\/product\/joint-de-cache-culbuteur\/","og_locale":"en_GB","og_type":"article","og_title":"Joint de Cache Culbuteur - Dimspeed, l&#039;atelier de personnalisation automobile","og_description":"Joint de cache culbuteur en li\u00e8ge. Plus esth\u00e9tique que le joint en silicone, il s&#8217;est aussi montr\u00e9 tr\u00e8s fiable. Il suffit juste de bien le monter. Disponible pour les moteurs 9 goujons ou 11 goujons.","og_url":"https:\/\/dimspeed.com\/en\/product\/joint-de-cache-culbuteur\/","og_site_name":"Dimspeed, l&#039;atelier de personnalisation automobile","article_modified_time":"2025-08-29T08:06:07+00:00","og_image":[{"width":1440,"height":1920,"url":"https:\/\/dimspeed.com\/wp-content\/uploads\/2021\/06\/Joint-de-cache-culbuteur-scaled.jpg","type":"image\/jpeg"}],"twitter_card":"summary_large_image","twitter_misc":{"Estimated reading time":"1 minute"},"schema":{"@context":"https:\/\/schema.org","@graph":[{"@type":"WebPage","@id":"https:\/\/dimspeed.com\/produit\/joint-de-cache-culbuteur\/","url":"https:\/\/dimspeed.com\/produit\/joint-de-cache-culbuteur\/","name":"Joint de Cache Culbuteur - Dimspeed, l&#039;atelier de personnalisation automobile","isPartOf":{"@id":"https:\/\/dimspeed.com\/#website"},"primaryImageOfPage":{"@id":"https:\/\/dimspeed.com\/produit\/joint-de-cache-culbuteur\/#primaryimage"},"image":{"@id":"https:\/\/dimspeed.com\/produit\/joint-de-cache-culbuteur\/#primaryimage"},"thumbnailUrl":"https:\/\/dimspeed.com\/wp-content\/uploads\/2021\/06\/Joint-de-cache-culbuteur-scaled.jpg","datePublished":"2021-06-29T16:08:05+00:00","dateModified":"2025-08-29T08:06:07+00:00","breadcrumb":{"@id":"https:\/\/dimspeed.com\/produit\/joint-de-cache-culbuteur\/#breadcrumb"},"inLanguage":"en-GB","potentialAction":[{"@type":"ReadAction","target":["https:\/\/dimspeed.com\/produit\/joint-de-cache-culbuteur\/"]}]},{"@type":"ImageObject","inLanguage":"en-GB","@id":"https:\/\/dimspeed.com\/produit\/joint-de-cache-culbuteur\/#primaryimage","url":"https:\/\/dimspeed.com\/wp-content\/uploads\/2021\/06\/Joint-de-cache-culbuteur-scaled.jpg","contentUrl":"https:\/\/dimspeed.com\/wp-content\/uploads\/2021\/06\/Joint-de-cache-culbuteur-scaled.jpg","width":1440,"height":1920},{"@type":"BreadcrumbList","@id":"https:\/\/dimspeed.com\/produit\/joint-de-cache-culbuteur\/#breadcrumb","itemListElement":[{"@type":"ListItem","position":1,"name":"Accueil","item":"https:\/\/dimspeed.com\/"},{"@type":"ListItem","position":2,"name":"Boutique","item":"https:\/\/dimspeed.com\/boutique\/"},{"@type":"ListItem","position":3,"name":"Joint de Cache Culbuteur"}]},{"@type":"WebSite","@id":"https:\/\/dimspeed.com\/#website","url":"https:\/\/dimspeed.com\/","name":"Dimspeed, l&#039;atelier de personnalisation automobile","description":"MOTORISTE comp\u00e9tition et collection SPECIALISTE moteur A-SERIE","publisher":{"@id":"https:\/\/dimspeed.com\/#organization"},"potentialAction":[{"@type":"SearchAction","target":{"@type":"EntryPoint","urlTemplate":"https:\/\/dimspeed.com\/?s={search_term_string}"},"query-input":{"@type":"PropertyValueSpecification","valueRequired":true,"valueName":"search_term_string"}}],"inLanguage":"en-GB"},{"@type":"Organization","@id":"https:\/\/dimspeed.com\/#organization","name":"Dimspeed, l&#039;atelier de personnalisation automobile","url":"https:\/\/dimspeed.com\/","logo":{"@type":"ImageObject","inLanguage":"en-GB","@id":"https:\/\/dimspeed.com\/#\/schema\/logo\/image\/","url":"https:\/\/dimspeed.com\/wp-content\/uploads\/2020\/11\/logo-site.png","contentUrl":"https:\/\/dimspeed.com\/wp-content\/uploads\/2020\/11\/logo-site.png","width":486,"height":178,"caption":"Dimspeed, l&#039;atelier de personnalisation automobile"},"image":{"@id":"https:\/\/dimspeed.com\/#\/schema\/logo\/image\/"}}]}},"_links":{"self":[{"href":"https:\/\/dimspeed.com\/en\/wp-json\/wp\/v2\/product\/3094","targetHints":{"allow":["GET"]}}],"collection":[{"href":"https:\/\/dimspeed.com\/en\/wp-json\/wp\/v2\/product"}],"about":[{"href":"https:\/\/dimspeed.com\/en\/wp-json\/wp\/v2\/types\/product"}],"version-history":[{"count":3,"href":"https:\/\/dimspeed.com\/en\/wp-json\/wp\/v2\/product\/3094\/revisions"}],"predecessor-version":[{"id":4553,"href":"https:\/\/dimspeed.com\/en\/wp-json\/wp\/v2\/product\/3094\/revisions\/4553"}],"wp:featuredmedia":[{"embeddable":true,"href":"https:\/\/dimspeed.com\/en\/wp-json\/wp\/v2\/media\/3096"}],"wp:attachment":[{"href":"https:\/\/dimspeed.com\/en\/wp-json\/wp\/v2\/media?parent=3094"}],"wp:term":[{"taxonomy":"product_brand","embeddable":true,"href":"https:\/\/dimspeed.com\/en\/wp-json\/wp\/v2\/product_brand?post=3094"},{"taxonomy":"product_cat","embeddable":true,"href":"https:\/\/dimspeed.com\/en\/wp-json\/wp\/v2\/product_cat?post=3094"},{"taxonomy":"product_tag","embeddable":true,"href":"https:\/\/dimspeed.com\/en\/wp-json\/wp\/v2\/product_tag?post=3094"}],"curies":[{"name":"wp","href":"https:\/\/api.w.org\/{rel}","templated":true}]}}