{"id":3075,"date":"2021-06-29T17:16:19","date_gmt":"2021-06-29T15:16:19","guid":{"rendered":"https:\/\/dimspeed.com\/?post_type=product&#038;p=3075"},"modified":"2025-03-26T15:37:13","modified_gmt":"2025-03-26T14:37:13","slug":"pistons-hepolite-998","status":"publish","type":"product","link":"https:\/\/dimspeed.com\/en\/product\/pistons-hepolite-998\/","title":{"rendered":"Hepolite Pistons - 998"},"content":{"rendered":"<p>The set of 4 flat pistons with full ring set and gudgeon pins. Hepolite is well-known worldwide for manufacturing high quality of pistons. The best pistons on the current market, they are the best value for money. We are using them in all our 998 engines. The fitting is press-fit only!<\/p>\n<p>The kit includes:<\/p>\n<ul>\n<li>4 x pistons<\/li>\n<li>4 x gudgeon pins<\/li>\n<li>1 x full ring set<\/li>\n<\/ul>\n<p>&nbsp;<\/p>\n<p>Pistons are available in three sizes: +20 \/ +40 \/ +60<\/p>","protected":false},"excerpt":{"rendered":"<p>Set complet de 4 pistons plats avec segments et axes de pistons. Hepolite est une marque mondialement reconnu pour la qualit\u00e9 de fabrication de leurs pistons. Les meilleurs pistons sur le march\u00e9, le rapport qualit\u00e9 \/ prix est imbattable. Nous les utilisons dans tous les moteurs 998 que nous montons. Attention, le montage est uniquement [&hellip;]<\/p>","protected":false},"featured_media":3076,"template":"","meta":[],"product_brand":[],"product_cat":[15,36],"product_tag":[81,87,158,80],"class_list":{"0":"post-3075","1":"product","2":"type-product","3":"status-publish","4":"has-post-thumbnail","6":"product_cat-moteur","7":"product_cat-pistons-bielles","8":"product_tag-81","9":"product_tag-bloc","10":"product_tag-bloc-moteur","11":"product_tag-pistons","13":"first","14":"instock","15":"taxable","16":"shipping-taxable","17":"purchasable","18":"product-type-variable"},"yoast_head":"<!-- This site is optimized with the Yoast SEO plugin v27.1.1 - https:\/\/yoast.com\/product\/yoast-seo-wordpress\/ -->\n<title>Pistons Hepolite - 998 - Dimspeed, l&#039;atelier de personnalisation automobile<\/title>\n<meta name=\"robots\" content=\"index, follow, max-snippet:-1, max-image-preview:large, max-video-preview:-1\" \/>\n<link rel=\"canonical\" href=\"https:\/\/dimspeed.com\/en\/product\/pistons-hepolite-998\/\" \/>\n<meta property=\"og:locale\" content=\"en_GB\" \/>\n<meta property=\"og:type\" content=\"article\" \/>\n<meta property=\"og:title\" content=\"Pistons Hepolite - 998 - Dimspeed, l&#039;atelier de personnalisation automobile\" \/>\n<meta property=\"og:description\" content=\"Set complet de 4 pistons plats avec segments et axes de pistons. Hepolite est une marque mondialement reconnu pour la qualit\u00e9 de fabrication de leurs pistons. Les meilleurs pistons sur le march\u00e9, le rapport qualit\u00e9 \/ prix est imbattable. Nous les utilisons dans tous les moteurs 998 que nous montons. Attention, le montage est uniquement [&hellip;]\" \/>\n<meta property=\"og:url\" content=\"https:\/\/dimspeed.com\/en\/product\/pistons-hepolite-998\/\" \/>\n<meta property=\"og:site_name\" content=\"Dimspeed, l&#039;atelier de personnalisation automobile\" \/>\n<meta property=\"article:modified_time\" content=\"2025-03-26T14:37:13+00:00\" \/>\n<meta property=\"og:image\" content=\"https:\/\/dimspeed.com\/wp-content\/uploads\/2021\/06\/265_Pistons-Hepolite-998-scaled.jpg\" \/>\n\t<meta property=\"og:image:width\" content=\"1388\" \/>\n\t<meta property=\"og:image:height\" content=\"1920\" \/>\n\t<meta property=\"og:image:type\" content=\"image\/jpeg\" \/>\n<meta name=\"twitter:card\" content=\"summary_large_image\" \/>\n<meta name=\"twitter:label1\" content=\"Estimated reading time\" \/>\n\t<meta name=\"twitter:data1\" content=\"1 minute\" \/>\n<script type=\"application\/ld+json\" class=\"yoast-schema-graph\">{\"@context\":\"https:\/\/schema.org\",\"@graph\":[{\"@type\":\"WebPage\",\"@id\":\"https:\/\/dimspeed.com\/produit\/pistons-hepolite-998\/\",\"url\":\"https:\/\/dimspeed.com\/produit\/pistons-hepolite-998\/\",\"name\":\"Pistons Hepolite - 998 - Dimspeed, l&#039;atelier de personnalisation automobile\",\"isPartOf\":{\"@id\":\"https:\/\/dimspeed.com\/#website\"},\"primaryImageOfPage\":{\"@id\":\"https:\/\/dimspeed.com\/produit\/pistons-hepolite-998\/#primaryimage\"},\"image\":{\"@id\":\"https:\/\/dimspeed.com\/produit\/pistons-hepolite-998\/#primaryimage\"},\"thumbnailUrl\":\"https:\/\/dimspeed.com\/wp-content\/uploads\/2021\/06\/265_Pistons-Hepolite-998-scaled.jpg\",\"datePublished\":\"2021-06-29T15:16:19+00:00\",\"dateModified\":\"2025-03-26T14:37:13+00:00\",\"breadcrumb\":{\"@id\":\"https:\/\/dimspeed.com\/produit\/pistons-hepolite-998\/#breadcrumb\"},\"inLanguage\":\"en-GB\",\"potentialAction\":[{\"@type\":\"ReadAction\",\"target\":[\"https:\/\/dimspeed.com\/produit\/pistons-hepolite-998\/\"]}]},{\"@type\":\"ImageObject\",\"inLanguage\":\"en-GB\",\"@id\":\"https:\/\/dimspeed.com\/produit\/pistons-hepolite-998\/#primaryimage\",\"url\":\"https:\/\/dimspeed.com\/wp-content\/uploads\/2021\/06\/265_Pistons-Hepolite-998-scaled.jpg\",\"contentUrl\":\"https:\/\/dimspeed.com\/wp-content\/uploads\/2021\/06\/265_Pistons-Hepolite-998-scaled.jpg\",\"width\":1388,\"height\":1920},{\"@type\":\"BreadcrumbList\",\"@id\":\"https:\/\/dimspeed.com\/produit\/pistons-hepolite-998\/#breadcrumb\",\"itemListElement\":[{\"@type\":\"ListItem\",\"position\":1,\"name\":\"Accueil\",\"item\":\"https:\/\/dimspeed.com\/\"},{\"@type\":\"ListItem\",\"position\":2,\"name\":\"Boutique\",\"item\":\"https:\/\/dimspeed.com\/boutique\/\"},{\"@type\":\"ListItem\",\"position\":3,\"name\":\"Pistons Hepolite &#8211; 998\"}]},{\"@type\":\"WebSite\",\"@id\":\"https:\/\/dimspeed.com\/#website\",\"url\":\"https:\/\/dimspeed.com\/\",\"name\":\"Dimspeed, l&#039;atelier de personnalisation automobile\",\"description\":\"MOTORISTE comp\u00e9tition et collection SPECIALISTE moteur A-SERIE\",\"publisher\":{\"@id\":\"https:\/\/dimspeed.com\/#organization\"},\"potentialAction\":[{\"@type\":\"SearchAction\",\"target\":{\"@type\":\"EntryPoint\",\"urlTemplate\":\"https:\/\/dimspeed.com\/?s={search_term_string}\"},\"query-input\":{\"@type\":\"PropertyValueSpecification\",\"valueRequired\":true,\"valueName\":\"search_term_string\"}}],\"inLanguage\":\"en-GB\"},{\"@type\":\"Organization\",\"@id\":\"https:\/\/dimspeed.com\/#organization\",\"name\":\"Dimspeed, l&#039;atelier de personnalisation automobile\",\"url\":\"https:\/\/dimspeed.com\/\",\"logo\":{\"@type\":\"ImageObject\",\"inLanguage\":\"en-GB\",\"@id\":\"https:\/\/dimspeed.com\/#\/schema\/logo\/image\/\",\"url\":\"https:\/\/dimspeed.com\/wp-content\/uploads\/2020\/11\/logo-site.png\",\"contentUrl\":\"https:\/\/dimspeed.com\/wp-content\/uploads\/2020\/11\/logo-site.png\",\"width\":486,\"height\":178,\"caption\":\"Dimspeed, l&#039;atelier de personnalisation automobile\"},\"image\":{\"@id\":\"https:\/\/dimspeed.com\/#\/schema\/logo\/image\/\"}}]}<\/script>\n<!-- \/ Yoast SEO plugin. -->","yoast_head_json":{"title":"Pistons Hepolite - 998 - Dimspeed, l&#039;atelier de personnalisation automobile","robots":{"index":"index","follow":"follow","max-snippet":"max-snippet:-1","max-image-preview":"max-image-preview:large","max-video-preview":"max-video-preview:-1"},"canonical":"https:\/\/dimspeed.com\/en\/product\/pistons-hepolite-998\/","og_locale":"en_GB","og_type":"article","og_title":"Pistons Hepolite - 998 - Dimspeed, l&#039;atelier de personnalisation automobile","og_description":"Set complet de 4 pistons plats avec segments et axes de pistons. Hepolite est une marque mondialement reconnu pour la qualit\u00e9 de fabrication de leurs pistons. Les meilleurs pistons sur le march\u00e9, le rapport qualit\u00e9 \/ prix est imbattable. Nous les utilisons dans tous les moteurs 998 que nous montons. Attention, le montage est uniquement [&hellip;]","og_url":"https:\/\/dimspeed.com\/en\/product\/pistons-hepolite-998\/","og_site_name":"Dimspeed, l&#039;atelier de personnalisation automobile","article_modified_time":"2025-03-26T14:37:13+00:00","og_image":[{"width":1388,"height":1920,"url":"https:\/\/dimspeed.com\/wp-content\/uploads\/2021\/06\/265_Pistons-Hepolite-998-scaled.jpg","type":"image\/jpeg"}],"twitter_card":"summary_large_image","twitter_misc":{"Estimated reading time":"1 minute"},"schema":{"@context":"https:\/\/schema.org","@graph":[{"@type":"WebPage","@id":"https:\/\/dimspeed.com\/produit\/pistons-hepolite-998\/","url":"https:\/\/dimspeed.com\/produit\/pistons-hepolite-998\/","name":"Pistons Hepolite - 998 - Dimspeed, l&#039;atelier de personnalisation automobile","isPartOf":{"@id":"https:\/\/dimspeed.com\/#website"},"primaryImageOfPage":{"@id":"https:\/\/dimspeed.com\/produit\/pistons-hepolite-998\/#primaryimage"},"image":{"@id":"https:\/\/dimspeed.com\/produit\/pistons-hepolite-998\/#primaryimage"},"thumbnailUrl":"https:\/\/dimspeed.com\/wp-content\/uploads\/2021\/06\/265_Pistons-Hepolite-998-scaled.jpg","datePublished":"2021-06-29T15:16:19+00:00","dateModified":"2025-03-26T14:37:13+00:00","breadcrumb":{"@id":"https:\/\/dimspeed.com\/produit\/pistons-hepolite-998\/#breadcrumb"},"inLanguage":"en-GB","potentialAction":[{"@type":"ReadAction","target":["https:\/\/dimspeed.com\/produit\/pistons-hepolite-998\/"]}]},{"@type":"ImageObject","inLanguage":"en-GB","@id":"https:\/\/dimspeed.com\/produit\/pistons-hepolite-998\/#primaryimage","url":"https:\/\/dimspeed.com\/wp-content\/uploads\/2021\/06\/265_Pistons-Hepolite-998-scaled.jpg","contentUrl":"https:\/\/dimspeed.com\/wp-content\/uploads\/2021\/06\/265_Pistons-Hepolite-998-scaled.jpg","width":1388,"height":1920},{"@type":"BreadcrumbList","@id":"https:\/\/dimspeed.com\/produit\/pistons-hepolite-998\/#breadcrumb","itemListElement":[{"@type":"ListItem","position":1,"name":"Accueil","item":"https:\/\/dimspeed.com\/"},{"@type":"ListItem","position":2,"name":"Boutique","item":"https:\/\/dimspeed.com\/boutique\/"},{"@type":"ListItem","position":3,"name":"Pistons Hepolite &#8211; 998"}]},{"@type":"WebSite","@id":"https:\/\/dimspeed.com\/#website","url":"https:\/\/dimspeed.com\/","name":"Dimspeed, l&#039;atelier de personnalisation automobile","description":"MOTORISTE comp\u00e9tition et collection SPECIALISTE moteur A-SERIE","publisher":{"@id":"https:\/\/dimspeed.com\/#organization"},"potentialAction":[{"@type":"SearchAction","target":{"@type":"EntryPoint","urlTemplate":"https:\/\/dimspeed.com\/?s={search_term_string}"},"query-input":{"@type":"PropertyValueSpecification","valueRequired":true,"valueName":"search_term_string"}}],"inLanguage":"en-GB"},{"@type":"Organization","@id":"https:\/\/dimspeed.com\/#organization","name":"Dimspeed, l&#039;atelier de personnalisation automobile","url":"https:\/\/dimspeed.com\/","logo":{"@type":"ImageObject","inLanguage":"en-GB","@id":"https:\/\/dimspeed.com\/#\/schema\/logo\/image\/","url":"https:\/\/dimspeed.com\/wp-content\/uploads\/2020\/11\/logo-site.png","contentUrl":"https:\/\/dimspeed.com\/wp-content\/uploads\/2020\/11\/logo-site.png","width":486,"height":178,"caption":"Dimspeed, l&#039;atelier de personnalisation automobile"},"image":{"@id":"https:\/\/dimspeed.com\/#\/schema\/logo\/image\/"}}]}},"_links":{"self":[{"href":"https:\/\/dimspeed.com\/en\/wp-json\/wp\/v2\/product\/3075","targetHints":{"allow":["GET"]}}],"collection":[{"href":"https:\/\/dimspeed.com\/en\/wp-json\/wp\/v2\/product"}],"about":[{"href":"https:\/\/dimspeed.com\/en\/wp-json\/wp\/v2\/types\/product"}],"version-history":[{"count":2,"href":"https:\/\/dimspeed.com\/en\/wp-json\/wp\/v2\/product\/3075\/revisions"}],"predecessor-version":[{"id":3867,"href":"https:\/\/dimspeed.com\/en\/wp-json\/wp\/v2\/product\/3075\/revisions\/3867"}],"wp:featuredmedia":[{"embeddable":true,"href":"https:\/\/dimspeed.com\/en\/wp-json\/wp\/v2\/media\/3076"}],"wp:attachment":[{"href":"https:\/\/dimspeed.com\/en\/wp-json\/wp\/v2\/media?parent=3075"}],"wp:term":[{"taxonomy":"product_brand","embeddable":true,"href":"https:\/\/dimspeed.com\/en\/wp-json\/wp\/v2\/product_brand?post=3075"},{"taxonomy":"product_cat","embeddable":true,"href":"https:\/\/dimspeed.com\/en\/wp-json\/wp\/v2\/product_cat?post=3075"},{"taxonomy":"product_tag","embeddable":true,"href":"https:\/\/dimspeed.com\/en\/wp-json\/wp\/v2\/product_tag?post=3075"}],"curies":[{"name":"wp","href":"https:\/\/api.w.org\/{rel}","templated":true}]}}