{"id":3062,"date":"2021-06-29T12:51:35","date_gmt":"2021-06-29T10:51:35","guid":{"rendered":"https:\/\/dimspeed.com\/?post_type=product&#038;p=3062"},"modified":"2025-09-03T15:30:32","modified_gmt":"2025-09-03T13:30:32","slug":"demi-lune-simple-gorge-competition","status":"publish","type":"product","link":"https:\/\/dimspeed.com\/en\/product\/demi-lune-simple-gorge-competition\/","title":{"rendered":"Race Single Groove Collet"},"content":{"rendered":"<p>High quality race valve collet set to suit standard size (9\/32) valve stem. As used in our race engine builds.<\/p>\n<p>Set of 16 collets.<\/p>","protected":false},"excerpt":{"rendered":"<p>Demi-lune de haute qualit\u00e9 pour la comp\u00e9tition pour des soupapes simple gorge. Vendues en set de 16 x demi-lunes soit un jeu complet pour une culasse.<\/p>","protected":false},"featured_media":3069,"template":"","meta":[],"product_brand":[],"product_cat":[15,19],"product_tag":[65,199,64,83,75],"class_list":{"0":"post-3062","1":"product","2":"type-product","3":"status-publish","4":"has-post-thumbnail","6":"product_cat-moteur","7":"product_cat-culasse","8":"product_tag-culasse","9":"product_tag-joint-de-queue-de-soupape","10":"product_tag-race","11":"product_tag-simple-gorge","12":"product_tag-soupape","14":"first","15":"instock","16":"taxable","17":"shipping-taxable","18":"purchasable","19":"product-type-variable"},"yoast_head":"<!-- This site is optimized with the Yoast SEO plugin v27.1.1 - https:\/\/yoast.com\/product\/yoast-seo-wordpress\/ -->\n<title>Demi-lune Simple Gorge - Comp\u00e9tition - Dimspeed, l&#039;atelier de personnalisation automobile<\/title>\n<meta name=\"robots\" content=\"index, follow, max-snippet:-1, max-image-preview:large, max-video-preview:-1\" \/>\n<link rel=\"canonical\" href=\"https:\/\/dimspeed.com\/en\/product\/demi-lune-simple-gorge-competition\/\" \/>\n<meta property=\"og:locale\" content=\"en_GB\" \/>\n<meta property=\"og:type\" content=\"article\" \/>\n<meta property=\"og:title\" content=\"Demi-lune Simple Gorge - Comp\u00e9tition - Dimspeed, l&#039;atelier de personnalisation automobile\" \/>\n<meta property=\"og:description\" content=\"Demi-lune de haute qualit\u00e9 pour la comp\u00e9tition pour des soupapes simple gorge. Vendues en set de 16 x demi-lunes soit un jeu complet pour une culasse.\" \/>\n<meta property=\"og:url\" content=\"https:\/\/dimspeed.com\/en\/product\/demi-lune-simple-gorge-competition\/\" \/>\n<meta property=\"og:site_name\" content=\"Dimspeed, l&#039;atelier de personnalisation automobile\" \/>\n<meta property=\"article:modified_time\" content=\"2025-09-03T13:30:32+00:00\" \/>\n<meta property=\"og:image\" content=\"https:\/\/dimspeed.com\/wp-content\/uploads\/2021\/06\/DemiLune_Competition-3-scaled.jpg\" \/>\n\t<meta property=\"og:image:width\" content=\"1440\" \/>\n\t<meta property=\"og:image:height\" content=\"1920\" \/>\n\t<meta property=\"og:image:type\" content=\"image\/jpeg\" \/>\n<meta name=\"twitter:card\" content=\"summary_large_image\" \/>\n<meta name=\"twitter:label1\" content=\"Estimated reading time\" \/>\n\t<meta name=\"twitter:data1\" content=\"1 minute\" \/>\n<script type=\"application\/ld+json\" class=\"yoast-schema-graph\">{\"@context\":\"https:\/\/schema.org\",\"@graph\":[{\"@type\":\"WebPage\",\"@id\":\"https:\/\/dimspeed.com\/produit\/demi-lune-simple-gorge-competition\/\",\"url\":\"https:\/\/dimspeed.com\/produit\/demi-lune-simple-gorge-competition\/\",\"name\":\"Demi-lune Simple Gorge - Comp\u00e9tition - Dimspeed, l&#039;atelier de personnalisation automobile\",\"isPartOf\":{\"@id\":\"https:\/\/dimspeed.com\/#website\"},\"primaryImageOfPage\":{\"@id\":\"https:\/\/dimspeed.com\/produit\/demi-lune-simple-gorge-competition\/#primaryimage\"},\"image\":{\"@id\":\"https:\/\/dimspeed.com\/produit\/demi-lune-simple-gorge-competition\/#primaryimage\"},\"thumbnailUrl\":\"https:\/\/dimspeed.com\/wp-content\/uploads\/2021\/06\/DemiLune_Competition-3-scaled.jpg\",\"datePublished\":\"2021-06-29T10:51:35+00:00\",\"dateModified\":\"2025-09-03T13:30:32+00:00\",\"breadcrumb\":{\"@id\":\"https:\/\/dimspeed.com\/produit\/demi-lune-simple-gorge-competition\/#breadcrumb\"},\"inLanguage\":\"en-GB\",\"potentialAction\":[{\"@type\":\"ReadAction\",\"target\":[\"https:\/\/dimspeed.com\/produit\/demi-lune-simple-gorge-competition\/\"]}]},{\"@type\":\"ImageObject\",\"inLanguage\":\"en-GB\",\"@id\":\"https:\/\/dimspeed.com\/produit\/demi-lune-simple-gorge-competition\/#primaryimage\",\"url\":\"https:\/\/dimspeed.com\/wp-content\/uploads\/2021\/06\/DemiLune_Competition-3-scaled.jpg\",\"contentUrl\":\"https:\/\/dimspeed.com\/wp-content\/uploads\/2021\/06\/DemiLune_Competition-3-scaled.jpg\",\"width\":1440,\"height\":1920},{\"@type\":\"BreadcrumbList\",\"@id\":\"https:\/\/dimspeed.com\/produit\/demi-lune-simple-gorge-competition\/#breadcrumb\",\"itemListElement\":[{\"@type\":\"ListItem\",\"position\":1,\"name\":\"Accueil\",\"item\":\"https:\/\/dimspeed.com\/\"},{\"@type\":\"ListItem\",\"position\":2,\"name\":\"Boutique\",\"item\":\"https:\/\/dimspeed.com\/boutique\/\"},{\"@type\":\"ListItem\",\"position\":3,\"name\":\"Demi-lune Simple Gorge &#8211; Comp\u00e9tition\"}]},{\"@type\":\"WebSite\",\"@id\":\"https:\/\/dimspeed.com\/#website\",\"url\":\"https:\/\/dimspeed.com\/\",\"name\":\"Dimspeed, l&#039;atelier de personnalisation automobile\",\"description\":\"MOTORISTE comp\u00e9tition et collection SPECIALISTE moteur A-SERIE\",\"publisher\":{\"@id\":\"https:\/\/dimspeed.com\/#organization\"},\"potentialAction\":[{\"@type\":\"SearchAction\",\"target\":{\"@type\":\"EntryPoint\",\"urlTemplate\":\"https:\/\/dimspeed.com\/?s={search_term_string}\"},\"query-input\":{\"@type\":\"PropertyValueSpecification\",\"valueRequired\":true,\"valueName\":\"search_term_string\"}}],\"inLanguage\":\"en-GB\"},{\"@type\":\"Organization\",\"@id\":\"https:\/\/dimspeed.com\/#organization\",\"name\":\"Dimspeed, l&#039;atelier de personnalisation automobile\",\"url\":\"https:\/\/dimspeed.com\/\",\"logo\":{\"@type\":\"ImageObject\",\"inLanguage\":\"en-GB\",\"@id\":\"https:\/\/dimspeed.com\/#\/schema\/logo\/image\/\",\"url\":\"https:\/\/dimspeed.com\/wp-content\/uploads\/2020\/11\/logo-site.png\",\"contentUrl\":\"https:\/\/dimspeed.com\/wp-content\/uploads\/2020\/11\/logo-site.png\",\"width\":486,\"height\":178,\"caption\":\"Dimspeed, l&#039;atelier de personnalisation automobile\"},\"image\":{\"@id\":\"https:\/\/dimspeed.com\/#\/schema\/logo\/image\/\"}}]}<\/script>\n<!-- \/ Yoast SEO plugin. -->","yoast_head_json":{"title":"Demi-lune Simple Gorge - Comp\u00e9tition - Dimspeed, l&#039;atelier de personnalisation automobile","robots":{"index":"index","follow":"follow","max-snippet":"max-snippet:-1","max-image-preview":"max-image-preview:large","max-video-preview":"max-video-preview:-1"},"canonical":"https:\/\/dimspeed.com\/en\/product\/demi-lune-simple-gorge-competition\/","og_locale":"en_GB","og_type":"article","og_title":"Demi-lune Simple Gorge - Comp\u00e9tition - Dimspeed, l&#039;atelier de personnalisation automobile","og_description":"Demi-lune de haute qualit\u00e9 pour la comp\u00e9tition pour des soupapes simple gorge. Vendues en set de 16 x demi-lunes soit un jeu complet pour une culasse.","og_url":"https:\/\/dimspeed.com\/en\/product\/demi-lune-simple-gorge-competition\/","og_site_name":"Dimspeed, l&#039;atelier de personnalisation automobile","article_modified_time":"2025-09-03T13:30:32+00:00","og_image":[{"width":1440,"height":1920,"url":"https:\/\/dimspeed.com\/wp-content\/uploads\/2021\/06\/DemiLune_Competition-3-scaled.jpg","type":"image\/jpeg"}],"twitter_card":"summary_large_image","twitter_misc":{"Estimated reading time":"1 minute"},"schema":{"@context":"https:\/\/schema.org","@graph":[{"@type":"WebPage","@id":"https:\/\/dimspeed.com\/produit\/demi-lune-simple-gorge-competition\/","url":"https:\/\/dimspeed.com\/produit\/demi-lune-simple-gorge-competition\/","name":"Demi-lune Simple Gorge - Comp\u00e9tition - Dimspeed, l&#039;atelier de personnalisation automobile","isPartOf":{"@id":"https:\/\/dimspeed.com\/#website"},"primaryImageOfPage":{"@id":"https:\/\/dimspeed.com\/produit\/demi-lune-simple-gorge-competition\/#primaryimage"},"image":{"@id":"https:\/\/dimspeed.com\/produit\/demi-lune-simple-gorge-competition\/#primaryimage"},"thumbnailUrl":"https:\/\/dimspeed.com\/wp-content\/uploads\/2021\/06\/DemiLune_Competition-3-scaled.jpg","datePublished":"2021-06-29T10:51:35+00:00","dateModified":"2025-09-03T13:30:32+00:00","breadcrumb":{"@id":"https:\/\/dimspeed.com\/produit\/demi-lune-simple-gorge-competition\/#breadcrumb"},"inLanguage":"en-GB","potentialAction":[{"@type":"ReadAction","target":["https:\/\/dimspeed.com\/produit\/demi-lune-simple-gorge-competition\/"]}]},{"@type":"ImageObject","inLanguage":"en-GB","@id":"https:\/\/dimspeed.com\/produit\/demi-lune-simple-gorge-competition\/#primaryimage","url":"https:\/\/dimspeed.com\/wp-content\/uploads\/2021\/06\/DemiLune_Competition-3-scaled.jpg","contentUrl":"https:\/\/dimspeed.com\/wp-content\/uploads\/2021\/06\/DemiLune_Competition-3-scaled.jpg","width":1440,"height":1920},{"@type":"BreadcrumbList","@id":"https:\/\/dimspeed.com\/produit\/demi-lune-simple-gorge-competition\/#breadcrumb","itemListElement":[{"@type":"ListItem","position":1,"name":"Accueil","item":"https:\/\/dimspeed.com\/"},{"@type":"ListItem","position":2,"name":"Boutique","item":"https:\/\/dimspeed.com\/boutique\/"},{"@type":"ListItem","position":3,"name":"Demi-lune Simple Gorge &#8211; Comp\u00e9tition"}]},{"@type":"WebSite","@id":"https:\/\/dimspeed.com\/#website","url":"https:\/\/dimspeed.com\/","name":"Dimspeed, l&#039;atelier de personnalisation automobile","description":"MOTORISTE comp\u00e9tition et collection SPECIALISTE moteur A-SERIE","publisher":{"@id":"https:\/\/dimspeed.com\/#organization"},"potentialAction":[{"@type":"SearchAction","target":{"@type":"EntryPoint","urlTemplate":"https:\/\/dimspeed.com\/?s={search_term_string}"},"query-input":{"@type":"PropertyValueSpecification","valueRequired":true,"valueName":"search_term_string"}}],"inLanguage":"en-GB"},{"@type":"Organization","@id":"https:\/\/dimspeed.com\/#organization","name":"Dimspeed, l&#039;atelier de personnalisation automobile","url":"https:\/\/dimspeed.com\/","logo":{"@type":"ImageObject","inLanguage":"en-GB","@id":"https:\/\/dimspeed.com\/#\/schema\/logo\/image\/","url":"https:\/\/dimspeed.com\/wp-content\/uploads\/2020\/11\/logo-site.png","contentUrl":"https:\/\/dimspeed.com\/wp-content\/uploads\/2020\/11\/logo-site.png","width":486,"height":178,"caption":"Dimspeed, l&#039;atelier de personnalisation automobile"},"image":{"@id":"https:\/\/dimspeed.com\/#\/schema\/logo\/image\/"}}]}},"_links":{"self":[{"href":"https:\/\/dimspeed.com\/en\/wp-json\/wp\/v2\/product\/3062","targetHints":{"allow":["GET"]}}],"collection":[{"href":"https:\/\/dimspeed.com\/en\/wp-json\/wp\/v2\/product"}],"about":[{"href":"https:\/\/dimspeed.com\/en\/wp-json\/wp\/v2\/types\/product"}],"version-history":[{"count":2,"href":"https:\/\/dimspeed.com\/en\/wp-json\/wp\/v2\/product\/3062\/revisions"}],"predecessor-version":[{"id":6730,"href":"https:\/\/dimspeed.com\/en\/wp-json\/wp\/v2\/product\/3062\/revisions\/6730"}],"wp:featuredmedia":[{"embeddable":true,"href":"https:\/\/dimspeed.com\/en\/wp-json\/wp\/v2\/media\/3069"}],"wp:attachment":[{"href":"https:\/\/dimspeed.com\/en\/wp-json\/wp\/v2\/media?parent=3062"}],"wp:term":[{"taxonomy":"product_brand","embeddable":true,"href":"https:\/\/dimspeed.com\/en\/wp-json\/wp\/v2\/product_brand?post=3062"},{"taxonomy":"product_cat","embeddable":true,"href":"https:\/\/dimspeed.com\/en\/wp-json\/wp\/v2\/product_cat?post=3062"},{"taxonomy":"product_tag","embeddable":true,"href":"https:\/\/dimspeed.com\/en\/wp-json\/wp\/v2\/product_tag?post=3062"}],"curies":[{"name":"wp","href":"https:\/\/api.w.org\/{rel}","templated":true}]}}