{"id":2355,"date":"2021-02-27T19:11:36","date_gmt":"2021-02-27T18:11:36","guid":{"rendered":"https:\/\/dimspeed.com\/?post_type=product&#038;p=2355"},"modified":"2025-02-14T10:46:03","modified_gmt":"2025-02-14T09:46:03","slug":"silent-bloc-tirant-de-chasse","status":"publish","type":"product","link":"https:\/\/dimspeed.com\/en\/product\/silent-bloc-tirant-de-chasse\/","title":{"rendered":"Tie Bar Bush Kit"},"content":{"rendered":"<p>Tie bar bush kit for competition use.<\/p>\n<p>Uses two mauve poly on the outside and two soft standard rubbers on the insides.<\/p>","protected":false},"excerpt":{"rendered":"<p>Silent bloc de comp\u00e9tition pour tirant de chasse. Utiliser les silent blocs violets sur l&#8217;ext\u00e9rieur du berceau et les noirs entre le tirant et le berceau (\u00e0 l&#8217;int\u00e9rieur du berceau).<\/p>","protected":false},"featured_media":2356,"template":"","meta":[],"product_brand":[],"product_cat":[27],"product_tag":[73,201,200],"class_list":{"0":"post-2355","1":"product","2":"type-product","3":"status-publish","4":"has-post-thumbnail","6":"product_cat-chassis","7":"product_tag-chassis","8":"product_tag-silent-bloc","9":"product_tag-tirant","11":"first","12":"instock","13":"taxable","14":"shipping-taxable","15":"purchasable","16":"product-type-simple"},"yoast_head":"<!-- This site is optimized with the Yoast SEO plugin v27.1.1 - https:\/\/yoast.com\/product\/yoast-seo-wordpress\/ -->\n<title>Silent bloc Tirant de Chasse - Dimspeed, l&#039;atelier de personnalisation automobile<\/title>\n<meta name=\"robots\" content=\"index, follow, max-snippet:-1, max-image-preview:large, max-video-preview:-1\" \/>\n<link rel=\"canonical\" href=\"https:\/\/dimspeed.com\/en\/product\/silent-bloc-tirant-de-chasse\/\" \/>\n<meta property=\"og:locale\" content=\"en_GB\" \/>\n<meta property=\"og:type\" content=\"article\" \/>\n<meta property=\"og:title\" content=\"Silent bloc Tirant de Chasse - Dimspeed, l&#039;atelier de personnalisation automobile\" \/>\n<meta property=\"og:description\" content=\"Silent bloc de comp\u00e9tition pour tirant de chasse. Utiliser les silent blocs violets sur l&#8217;ext\u00e9rieur du berceau et les noirs entre le tirant et le berceau (\u00e0 l&#8217;int\u00e9rieur du berceau).\" \/>\n<meta property=\"og:url\" content=\"https:\/\/dimspeed.com\/en\/product\/silent-bloc-tirant-de-chasse\/\" \/>\n<meta property=\"og:site_name\" content=\"Dimspeed, l&#039;atelier de personnalisation automobile\" \/>\n<meta property=\"article:modified_time\" content=\"2025-02-14T09:46:03+00:00\" \/>\n<meta property=\"og:image\" content=\"https:\/\/dimspeed.com\/wp-content\/uploads\/2021\/02\/238_Silent-bloc-tirant-de-chasse-scaled.jpg\" \/>\n\t<meta property=\"og:image:width\" content=\"1440\" \/>\n\t<meta property=\"og:image:height\" content=\"1920\" \/>\n\t<meta property=\"og:image:type\" content=\"image\/jpeg\" \/>\n<meta name=\"twitter:card\" content=\"summary_large_image\" \/>\n<meta name=\"twitter:label1\" content=\"Estimated reading time\" \/>\n\t<meta name=\"twitter:data1\" content=\"1 minute\" \/>\n<script type=\"application\/ld+json\" class=\"yoast-schema-graph\">{\"@context\":\"https:\/\/schema.org\",\"@graph\":[{\"@type\":\"WebPage\",\"@id\":\"https:\/\/dimspeed.com\/produit\/silent-bloc-tirant-de-chasse\/\",\"url\":\"https:\/\/dimspeed.com\/produit\/silent-bloc-tirant-de-chasse\/\",\"name\":\"Silent bloc Tirant de Chasse - Dimspeed, l&#039;atelier de personnalisation automobile\",\"isPartOf\":{\"@id\":\"https:\/\/dimspeed.com\/#website\"},\"primaryImageOfPage\":{\"@id\":\"https:\/\/dimspeed.com\/produit\/silent-bloc-tirant-de-chasse\/#primaryimage\"},\"image\":{\"@id\":\"https:\/\/dimspeed.com\/produit\/silent-bloc-tirant-de-chasse\/#primaryimage\"},\"thumbnailUrl\":\"https:\/\/dimspeed.com\/wp-content\/uploads\/2021\/02\/238_Silent-bloc-tirant-de-chasse-scaled.jpg\",\"datePublished\":\"2021-02-27T18:11:36+00:00\",\"dateModified\":\"2025-02-14T09:46:03+00:00\",\"breadcrumb\":{\"@id\":\"https:\/\/dimspeed.com\/produit\/silent-bloc-tirant-de-chasse\/#breadcrumb\"},\"inLanguage\":\"en-GB\",\"potentialAction\":[{\"@type\":\"ReadAction\",\"target\":[\"https:\/\/dimspeed.com\/produit\/silent-bloc-tirant-de-chasse\/\"]}]},{\"@type\":\"ImageObject\",\"inLanguage\":\"en-GB\",\"@id\":\"https:\/\/dimspeed.com\/produit\/silent-bloc-tirant-de-chasse\/#primaryimage\",\"url\":\"https:\/\/dimspeed.com\/wp-content\/uploads\/2021\/02\/238_Silent-bloc-tirant-de-chasse-scaled.jpg\",\"contentUrl\":\"https:\/\/dimspeed.com\/wp-content\/uploads\/2021\/02\/238_Silent-bloc-tirant-de-chasse-scaled.jpg\",\"width\":1440,\"height\":1920},{\"@type\":\"BreadcrumbList\",\"@id\":\"https:\/\/dimspeed.com\/produit\/silent-bloc-tirant-de-chasse\/#breadcrumb\",\"itemListElement\":[{\"@type\":\"ListItem\",\"position\":1,\"name\":\"Accueil\",\"item\":\"https:\/\/dimspeed.com\/\"},{\"@type\":\"ListItem\",\"position\":2,\"name\":\"Boutique\",\"item\":\"https:\/\/dimspeed.com\/boutique\/\"},{\"@type\":\"ListItem\",\"position\":3,\"name\":\"Silent bloc Tirant de Chasse\"}]},{\"@type\":\"WebSite\",\"@id\":\"https:\/\/dimspeed.com\/#website\",\"url\":\"https:\/\/dimspeed.com\/\",\"name\":\"Dimspeed, l&#039;atelier de personnalisation automobile\",\"description\":\"MOTORISTE comp\u00e9tition et collection SPECIALISTE moteur A-SERIE\",\"publisher\":{\"@id\":\"https:\/\/dimspeed.com\/#organization\"},\"potentialAction\":[{\"@type\":\"SearchAction\",\"target\":{\"@type\":\"EntryPoint\",\"urlTemplate\":\"https:\/\/dimspeed.com\/?s={search_term_string}\"},\"query-input\":{\"@type\":\"PropertyValueSpecification\",\"valueRequired\":true,\"valueName\":\"search_term_string\"}}],\"inLanguage\":\"en-GB\"},{\"@type\":\"Organization\",\"@id\":\"https:\/\/dimspeed.com\/#organization\",\"name\":\"Dimspeed, l&#039;atelier de personnalisation automobile\",\"url\":\"https:\/\/dimspeed.com\/\",\"logo\":{\"@type\":\"ImageObject\",\"inLanguage\":\"en-GB\",\"@id\":\"https:\/\/dimspeed.com\/#\/schema\/logo\/image\/\",\"url\":\"https:\/\/dimspeed.com\/wp-content\/uploads\/2020\/11\/logo-site.png\",\"contentUrl\":\"https:\/\/dimspeed.com\/wp-content\/uploads\/2020\/11\/logo-site.png\",\"width\":486,\"height\":178,\"caption\":\"Dimspeed, l&#039;atelier de personnalisation automobile\"},\"image\":{\"@id\":\"https:\/\/dimspeed.com\/#\/schema\/logo\/image\/\"}}]}<\/script>\n<!-- \/ Yoast SEO plugin. -->","yoast_head_json":{"title":"Silent bloc Tirant de Chasse - Dimspeed, l&#039;atelier de personnalisation automobile","robots":{"index":"index","follow":"follow","max-snippet":"max-snippet:-1","max-image-preview":"max-image-preview:large","max-video-preview":"max-video-preview:-1"},"canonical":"https:\/\/dimspeed.com\/en\/product\/silent-bloc-tirant-de-chasse\/","og_locale":"en_GB","og_type":"article","og_title":"Silent bloc Tirant de Chasse - Dimspeed, l&#039;atelier de personnalisation automobile","og_description":"Silent bloc de comp\u00e9tition pour tirant de chasse. Utiliser les silent blocs violets sur l&#8217;ext\u00e9rieur du berceau et les noirs entre le tirant et le berceau (\u00e0 l&#8217;int\u00e9rieur du berceau).","og_url":"https:\/\/dimspeed.com\/en\/product\/silent-bloc-tirant-de-chasse\/","og_site_name":"Dimspeed, l&#039;atelier de personnalisation automobile","article_modified_time":"2025-02-14T09:46:03+00:00","og_image":[{"width":1440,"height":1920,"url":"https:\/\/dimspeed.com\/wp-content\/uploads\/2021\/02\/238_Silent-bloc-tirant-de-chasse-scaled.jpg","type":"image\/jpeg"}],"twitter_card":"summary_large_image","twitter_misc":{"Estimated reading time":"1 minute"},"schema":{"@context":"https:\/\/schema.org","@graph":[{"@type":"WebPage","@id":"https:\/\/dimspeed.com\/produit\/silent-bloc-tirant-de-chasse\/","url":"https:\/\/dimspeed.com\/produit\/silent-bloc-tirant-de-chasse\/","name":"Silent bloc Tirant de Chasse - Dimspeed, l&#039;atelier de personnalisation automobile","isPartOf":{"@id":"https:\/\/dimspeed.com\/#website"},"primaryImageOfPage":{"@id":"https:\/\/dimspeed.com\/produit\/silent-bloc-tirant-de-chasse\/#primaryimage"},"image":{"@id":"https:\/\/dimspeed.com\/produit\/silent-bloc-tirant-de-chasse\/#primaryimage"},"thumbnailUrl":"https:\/\/dimspeed.com\/wp-content\/uploads\/2021\/02\/238_Silent-bloc-tirant-de-chasse-scaled.jpg","datePublished":"2021-02-27T18:11:36+00:00","dateModified":"2025-02-14T09:46:03+00:00","breadcrumb":{"@id":"https:\/\/dimspeed.com\/produit\/silent-bloc-tirant-de-chasse\/#breadcrumb"},"inLanguage":"en-GB","potentialAction":[{"@type":"ReadAction","target":["https:\/\/dimspeed.com\/produit\/silent-bloc-tirant-de-chasse\/"]}]},{"@type":"ImageObject","inLanguage":"en-GB","@id":"https:\/\/dimspeed.com\/produit\/silent-bloc-tirant-de-chasse\/#primaryimage","url":"https:\/\/dimspeed.com\/wp-content\/uploads\/2021\/02\/238_Silent-bloc-tirant-de-chasse-scaled.jpg","contentUrl":"https:\/\/dimspeed.com\/wp-content\/uploads\/2021\/02\/238_Silent-bloc-tirant-de-chasse-scaled.jpg","width":1440,"height":1920},{"@type":"BreadcrumbList","@id":"https:\/\/dimspeed.com\/produit\/silent-bloc-tirant-de-chasse\/#breadcrumb","itemListElement":[{"@type":"ListItem","position":1,"name":"Accueil","item":"https:\/\/dimspeed.com\/"},{"@type":"ListItem","position":2,"name":"Boutique","item":"https:\/\/dimspeed.com\/boutique\/"},{"@type":"ListItem","position":3,"name":"Silent bloc Tirant de Chasse"}]},{"@type":"WebSite","@id":"https:\/\/dimspeed.com\/#website","url":"https:\/\/dimspeed.com\/","name":"Dimspeed, l&#039;atelier de personnalisation automobile","description":"MOTORISTE comp\u00e9tition et collection SPECIALISTE moteur A-SERIE","publisher":{"@id":"https:\/\/dimspeed.com\/#organization"},"potentialAction":[{"@type":"SearchAction","target":{"@type":"EntryPoint","urlTemplate":"https:\/\/dimspeed.com\/?s={search_term_string}"},"query-input":{"@type":"PropertyValueSpecification","valueRequired":true,"valueName":"search_term_string"}}],"inLanguage":"en-GB"},{"@type":"Organization","@id":"https:\/\/dimspeed.com\/#organization","name":"Dimspeed, l&#039;atelier de personnalisation automobile","url":"https:\/\/dimspeed.com\/","logo":{"@type":"ImageObject","inLanguage":"en-GB","@id":"https:\/\/dimspeed.com\/#\/schema\/logo\/image\/","url":"https:\/\/dimspeed.com\/wp-content\/uploads\/2020\/11\/logo-site.png","contentUrl":"https:\/\/dimspeed.com\/wp-content\/uploads\/2020\/11\/logo-site.png","width":486,"height":178,"caption":"Dimspeed, l&#039;atelier de personnalisation automobile"},"image":{"@id":"https:\/\/dimspeed.com\/#\/schema\/logo\/image\/"}}]}},"_links":{"self":[{"href":"https:\/\/dimspeed.com\/en\/wp-json\/wp\/v2\/product\/2355","targetHints":{"allow":["GET"]}}],"collection":[{"href":"https:\/\/dimspeed.com\/en\/wp-json\/wp\/v2\/product"}],"about":[{"href":"https:\/\/dimspeed.com\/en\/wp-json\/wp\/v2\/types\/product"}],"version-history":[{"count":3,"href":"https:\/\/dimspeed.com\/en\/wp-json\/wp\/v2\/product\/2355\/revisions"}],"predecessor-version":[{"id":6878,"href":"https:\/\/dimspeed.com\/en\/wp-json\/wp\/v2\/product\/2355\/revisions\/6878"}],"wp:featuredmedia":[{"embeddable":true,"href":"https:\/\/dimspeed.com\/en\/wp-json\/wp\/v2\/media\/2356"}],"wp:attachment":[{"href":"https:\/\/dimspeed.com\/en\/wp-json\/wp\/v2\/media?parent=2355"}],"wp:term":[{"taxonomy":"product_brand","embeddable":true,"href":"https:\/\/dimspeed.com\/en\/wp-json\/wp\/v2\/product_brand?post=2355"},{"taxonomy":"product_cat","embeddable":true,"href":"https:\/\/dimspeed.com\/en\/wp-json\/wp\/v2\/product_cat?post=2355"},{"taxonomy":"product_tag","embeddable":true,"href":"https:\/\/dimspeed.com\/en\/wp-json\/wp\/v2\/product_tag?post=2355"}],"curies":[{"name":"wp","href":"https:\/\/api.w.org\/{rel}","templated":true}]}}