{"id":2323,"date":"2021-02-27T15:34:03","date_gmt":"2021-02-27T14:34:03","guid":{"rendered":"https:\/\/dimspeed.com\/?post_type=product&#038;p=2323"},"modified":"2025-02-14T10:46:53","modified_gmt":"2025-02-14T09:46:53","slug":"joint-swiftune-de-support-de-filtre-a-huile","status":"publish","type":"product","link":"https:\/\/dimspeed.com\/en\/product\/joint-swiftune-de-support-de-filtre-a-huile\/","title":{"rendered":"Swiftune - Oil Filter Housing Gasket"},"content":{"rendered":"<p>Oil filter housing gasket.<\/p>\n<p>We use them on all our engines. Sold individually.<\/p>","protected":false},"excerpt":{"rendered":"<p>Joint de support de filtre \u00e0 huile. Nous les montons sur tous nos moteurs. Vendu \u00e0 l&#8217;unit\u00e9.<\/p>","protected":false},"featured_media":2324,"template":"","meta":[],"product_brand":[],"product_cat":[15,38,26,40],"product_tag":[86,89,77,148,162],"class_list":{"0":"post-2323","1":"product","2":"type-product","3":"status-publish","4":"has-post-thumbnail","6":"product_cat-moteur","7":"product_cat-joints","8":"product_cat-peripherique","9":"product_cat-circuit-dhuile","10":"product_tag-fah","11":"product_tag-huile","12":"product_tag-joint","13":"product_tag-support","14":"product_tag-swiftune","16":"first","17":"instock","18":"taxable","19":"shipping-taxable","20":"purchasable","21":"product-type-simple"},"yoast_head":"<!-- This site is optimized with the Yoast SEO plugin v27.1.1 - https:\/\/yoast.com\/product\/yoast-seo-wordpress\/ -->\n<title>Joint Swiftune de Support de Filtre \u00e0 Huile - Dimspeed, l&#039;atelier de personnalisation automobile<\/title>\n<meta name=\"robots\" content=\"index, follow, max-snippet:-1, max-image-preview:large, max-video-preview:-1\" \/>\n<link rel=\"canonical\" href=\"https:\/\/dimspeed.com\/en\/product\/joint-swiftune-de-support-de-filtre-a-huile\/\" \/>\n<meta property=\"og:locale\" content=\"en_GB\" \/>\n<meta property=\"og:type\" content=\"article\" \/>\n<meta property=\"og:title\" content=\"Joint Swiftune de Support de Filtre \u00e0 Huile - Dimspeed, l&#039;atelier de personnalisation automobile\" \/>\n<meta property=\"og:description\" content=\"Joint de support de filtre \u00e0 huile. Nous les montons sur tous nos moteurs. Vendu \u00e0 l&#8217;unit\u00e9.\" \/>\n<meta property=\"og:url\" content=\"https:\/\/dimspeed.com\/en\/product\/joint-swiftune-de-support-de-filtre-a-huile\/\" \/>\n<meta property=\"og:site_name\" content=\"Dimspeed, l&#039;atelier de personnalisation automobile\" \/>\n<meta property=\"article:modified_time\" content=\"2025-02-14T09:46:53+00:00\" \/>\n<meta property=\"og:image\" content=\"https:\/\/dimspeed.com\/wp-content\/uploads\/2021\/02\/249_Joint-Swiftune-de-support-de-filtre-a-huile-scaled.jpg\" \/>\n\t<meta property=\"og:image:width\" content=\"1440\" \/>\n\t<meta property=\"og:image:height\" content=\"1920\" \/>\n\t<meta property=\"og:image:type\" content=\"image\/jpeg\" \/>\n<meta name=\"twitter:card\" content=\"summary_large_image\" \/>\n<script type=\"application\/ld+json\" class=\"yoast-schema-graph\">{\"@context\":\"https:\/\/schema.org\",\"@graph\":[{\"@type\":\"WebPage\",\"@id\":\"https:\/\/dimspeed.com\/produit\/joint-swiftune-de-support-de-filtre-a-huile\/\",\"url\":\"https:\/\/dimspeed.com\/produit\/joint-swiftune-de-support-de-filtre-a-huile\/\",\"name\":\"Joint Swiftune de Support de Filtre \u00e0 Huile - Dimspeed, l&#039;atelier de personnalisation automobile\",\"isPartOf\":{\"@id\":\"https:\/\/dimspeed.com\/#website\"},\"primaryImageOfPage\":{\"@id\":\"https:\/\/dimspeed.com\/produit\/joint-swiftune-de-support-de-filtre-a-huile\/#primaryimage\"},\"image\":{\"@id\":\"https:\/\/dimspeed.com\/produit\/joint-swiftune-de-support-de-filtre-a-huile\/#primaryimage\"},\"thumbnailUrl\":\"https:\/\/dimspeed.com\/wp-content\/uploads\/2021\/02\/249_Joint-Swiftune-de-support-de-filtre-a-huile-scaled.jpg\",\"datePublished\":\"2021-02-27T14:34:03+00:00\",\"dateModified\":\"2025-02-14T09:46:53+00:00\",\"breadcrumb\":{\"@id\":\"https:\/\/dimspeed.com\/produit\/joint-swiftune-de-support-de-filtre-a-huile\/#breadcrumb\"},\"inLanguage\":\"en-GB\",\"potentialAction\":[{\"@type\":\"ReadAction\",\"target\":[\"https:\/\/dimspeed.com\/produit\/joint-swiftune-de-support-de-filtre-a-huile\/\"]}]},{\"@type\":\"ImageObject\",\"inLanguage\":\"en-GB\",\"@id\":\"https:\/\/dimspeed.com\/produit\/joint-swiftune-de-support-de-filtre-a-huile\/#primaryimage\",\"url\":\"https:\/\/dimspeed.com\/wp-content\/uploads\/2021\/02\/249_Joint-Swiftune-de-support-de-filtre-a-huile-scaled.jpg\",\"contentUrl\":\"https:\/\/dimspeed.com\/wp-content\/uploads\/2021\/02\/249_Joint-Swiftune-de-support-de-filtre-a-huile-scaled.jpg\",\"width\":1440,\"height\":1920},{\"@type\":\"BreadcrumbList\",\"@id\":\"https:\/\/dimspeed.com\/produit\/joint-swiftune-de-support-de-filtre-a-huile\/#breadcrumb\",\"itemListElement\":[{\"@type\":\"ListItem\",\"position\":1,\"name\":\"Accueil\",\"item\":\"https:\/\/dimspeed.com\/\"},{\"@type\":\"ListItem\",\"position\":2,\"name\":\"Boutique\",\"item\":\"https:\/\/dimspeed.com\/boutique\/\"},{\"@type\":\"ListItem\",\"position\":3,\"name\":\"Joint Swiftune de Support de Filtre \u00e0 Huile\"}]},{\"@type\":\"WebSite\",\"@id\":\"https:\/\/dimspeed.com\/#website\",\"url\":\"https:\/\/dimspeed.com\/\",\"name\":\"Dimspeed, l&#039;atelier de personnalisation automobile\",\"description\":\"MOTORISTE comp\u00e9tition et collection SPECIALISTE moteur A-SERIE\",\"publisher\":{\"@id\":\"https:\/\/dimspeed.com\/#organization\"},\"potentialAction\":[{\"@type\":\"SearchAction\",\"target\":{\"@type\":\"EntryPoint\",\"urlTemplate\":\"https:\/\/dimspeed.com\/?s={search_term_string}\"},\"query-input\":{\"@type\":\"PropertyValueSpecification\",\"valueRequired\":true,\"valueName\":\"search_term_string\"}}],\"inLanguage\":\"en-GB\"},{\"@type\":\"Organization\",\"@id\":\"https:\/\/dimspeed.com\/#organization\",\"name\":\"Dimspeed, l&#039;atelier de personnalisation automobile\",\"url\":\"https:\/\/dimspeed.com\/\",\"logo\":{\"@type\":\"ImageObject\",\"inLanguage\":\"en-GB\",\"@id\":\"https:\/\/dimspeed.com\/#\/schema\/logo\/image\/\",\"url\":\"https:\/\/dimspeed.com\/wp-content\/uploads\/2020\/11\/logo-site.png\",\"contentUrl\":\"https:\/\/dimspeed.com\/wp-content\/uploads\/2020\/11\/logo-site.png\",\"width\":486,\"height\":178,\"caption\":\"Dimspeed, l&#039;atelier de personnalisation automobile\"},\"image\":{\"@id\":\"https:\/\/dimspeed.com\/#\/schema\/logo\/image\/\"}}]}<\/script>\n<!-- \/ Yoast SEO plugin. -->","yoast_head_json":{"title":"Joint Swiftune de Support de Filtre \u00e0 Huile - Dimspeed, l&#039;atelier de personnalisation automobile","robots":{"index":"index","follow":"follow","max-snippet":"max-snippet:-1","max-image-preview":"max-image-preview:large","max-video-preview":"max-video-preview:-1"},"canonical":"https:\/\/dimspeed.com\/en\/product\/joint-swiftune-de-support-de-filtre-a-huile\/","og_locale":"en_GB","og_type":"article","og_title":"Joint Swiftune de Support de Filtre \u00e0 Huile - Dimspeed, l&#039;atelier de personnalisation automobile","og_description":"Joint de support de filtre \u00e0 huile. Nous les montons sur tous nos moteurs. Vendu \u00e0 l&#8217;unit\u00e9.","og_url":"https:\/\/dimspeed.com\/en\/product\/joint-swiftune-de-support-de-filtre-a-huile\/","og_site_name":"Dimspeed, l&#039;atelier de personnalisation automobile","article_modified_time":"2025-02-14T09:46:53+00:00","og_image":[{"width":1440,"height":1920,"url":"https:\/\/dimspeed.com\/wp-content\/uploads\/2021\/02\/249_Joint-Swiftune-de-support-de-filtre-a-huile-scaled.jpg","type":"image\/jpeg"}],"twitter_card":"summary_large_image","schema":{"@context":"https:\/\/schema.org","@graph":[{"@type":"WebPage","@id":"https:\/\/dimspeed.com\/produit\/joint-swiftune-de-support-de-filtre-a-huile\/","url":"https:\/\/dimspeed.com\/produit\/joint-swiftune-de-support-de-filtre-a-huile\/","name":"Joint Swiftune de Support de Filtre \u00e0 Huile - Dimspeed, l&#039;atelier de personnalisation automobile","isPartOf":{"@id":"https:\/\/dimspeed.com\/#website"},"primaryImageOfPage":{"@id":"https:\/\/dimspeed.com\/produit\/joint-swiftune-de-support-de-filtre-a-huile\/#primaryimage"},"image":{"@id":"https:\/\/dimspeed.com\/produit\/joint-swiftune-de-support-de-filtre-a-huile\/#primaryimage"},"thumbnailUrl":"https:\/\/dimspeed.com\/wp-content\/uploads\/2021\/02\/249_Joint-Swiftune-de-support-de-filtre-a-huile-scaled.jpg","datePublished":"2021-02-27T14:34:03+00:00","dateModified":"2025-02-14T09:46:53+00:00","breadcrumb":{"@id":"https:\/\/dimspeed.com\/produit\/joint-swiftune-de-support-de-filtre-a-huile\/#breadcrumb"},"inLanguage":"en-GB","potentialAction":[{"@type":"ReadAction","target":["https:\/\/dimspeed.com\/produit\/joint-swiftune-de-support-de-filtre-a-huile\/"]}]},{"@type":"ImageObject","inLanguage":"en-GB","@id":"https:\/\/dimspeed.com\/produit\/joint-swiftune-de-support-de-filtre-a-huile\/#primaryimage","url":"https:\/\/dimspeed.com\/wp-content\/uploads\/2021\/02\/249_Joint-Swiftune-de-support-de-filtre-a-huile-scaled.jpg","contentUrl":"https:\/\/dimspeed.com\/wp-content\/uploads\/2021\/02\/249_Joint-Swiftune-de-support-de-filtre-a-huile-scaled.jpg","width":1440,"height":1920},{"@type":"BreadcrumbList","@id":"https:\/\/dimspeed.com\/produit\/joint-swiftune-de-support-de-filtre-a-huile\/#breadcrumb","itemListElement":[{"@type":"ListItem","position":1,"name":"Accueil","item":"https:\/\/dimspeed.com\/"},{"@type":"ListItem","position":2,"name":"Boutique","item":"https:\/\/dimspeed.com\/boutique\/"},{"@type":"ListItem","position":3,"name":"Joint Swiftune de Support de Filtre \u00e0 Huile"}]},{"@type":"WebSite","@id":"https:\/\/dimspeed.com\/#website","url":"https:\/\/dimspeed.com\/","name":"Dimspeed, l&#039;atelier de personnalisation automobile","description":"MOTORISTE comp\u00e9tition et collection SPECIALISTE moteur A-SERIE","publisher":{"@id":"https:\/\/dimspeed.com\/#organization"},"potentialAction":[{"@type":"SearchAction","target":{"@type":"EntryPoint","urlTemplate":"https:\/\/dimspeed.com\/?s={search_term_string}"},"query-input":{"@type":"PropertyValueSpecification","valueRequired":true,"valueName":"search_term_string"}}],"inLanguage":"en-GB"},{"@type":"Organization","@id":"https:\/\/dimspeed.com\/#organization","name":"Dimspeed, l&#039;atelier de personnalisation automobile","url":"https:\/\/dimspeed.com\/","logo":{"@type":"ImageObject","inLanguage":"en-GB","@id":"https:\/\/dimspeed.com\/#\/schema\/logo\/image\/","url":"https:\/\/dimspeed.com\/wp-content\/uploads\/2020\/11\/logo-site.png","contentUrl":"https:\/\/dimspeed.com\/wp-content\/uploads\/2020\/11\/logo-site.png","width":486,"height":178,"caption":"Dimspeed, l&#039;atelier de personnalisation automobile"},"image":{"@id":"https:\/\/dimspeed.com\/#\/schema\/logo\/image\/"}}]}},"_links":{"self":[{"href":"https:\/\/dimspeed.com\/en\/wp-json\/wp\/v2\/product\/2323","targetHints":{"allow":["GET"]}}],"collection":[{"href":"https:\/\/dimspeed.com\/en\/wp-json\/wp\/v2\/product"}],"about":[{"href":"https:\/\/dimspeed.com\/en\/wp-json\/wp\/v2\/types\/product"}],"version-history":[{"count":1,"href":"https:\/\/dimspeed.com\/en\/wp-json\/wp\/v2\/product\/2323\/revisions"}],"predecessor-version":[{"id":3914,"href":"https:\/\/dimspeed.com\/en\/wp-json\/wp\/v2\/product\/2323\/revisions\/3914"}],"wp:featuredmedia":[{"embeddable":true,"href":"https:\/\/dimspeed.com\/en\/wp-json\/wp\/v2\/media\/2324"}],"wp:attachment":[{"href":"https:\/\/dimspeed.com\/en\/wp-json\/wp\/v2\/media?parent=2323"}],"wp:term":[{"taxonomy":"product_brand","embeddable":true,"href":"https:\/\/dimspeed.com\/en\/wp-json\/wp\/v2\/product_brand?post=2323"},{"taxonomy":"product_cat","embeddable":true,"href":"https:\/\/dimspeed.com\/en\/wp-json\/wp\/v2\/product_cat?post=2323"},{"taxonomy":"product_tag","embeddable":true,"href":"https:\/\/dimspeed.com\/en\/wp-json\/wp\/v2\/product_tag?post=2323"}],"curies":[{"name":"wp","href":"https:\/\/api.w.org\/{rel}","templated":true}]}}