{"id":2309,"date":"2021-02-27T15:08:42","date_gmt":"2021-02-27T14:08:42","guid":{"rendered":"https:\/\/dimspeed.com\/?post_type=product&#038;p=2309"},"modified":"2025-02-14T10:47:16","modified_gmt":"2025-02-14T09:47:16","slug":"pistons-0-080-998","status":"publish","type":"product","link":"https:\/\/dimspeed.com\/en\/product\/pistons-0-080-998\/","title":{"rendered":"Pistons +0.080&#8243; &#8211; 998"},"content":{"rendered":"<p>Set of 4 pistons complete with rings and pins. Manufactured from a far superior aluminium than most high performance pistons, it contains a much higher silicon content, Using advanced heat treatments, a more heat-stable piston is created. \nThese pistons are manufactured for race use so are more than adequate for any application allowing up to 12.5:1 CR to be used. To use with later press fit type conrods just discard the circlips. \nWeight including rings and pin 281 grams.<\/p>\n<p>The kit includes:<\/p>\n<ul>\n<li>4 x pistons<\/li>\n<li>4 x rings set<\/li>\n<li>8 x circlips<\/li>\n<\/ul>","protected":false},"excerpt":{"rendered":"<p>Set complet de 4 pistons avec segments et circlips. Fabriqu\u00e9 \u00e0 partir d&#8217;un aluminium de haute qualit\u00e9 avec une teneur en silicone plus \u00e9lev\u00e9e et un traitement \u00e0 la chaleur de derni\u00e8re g\u00e9n\u00e9ration, ces pistons sont plus stables \u00e0 haute temp\u00e9rature. Ces pistons peuvent \u00eatre utilis\u00e9s en comp\u00e9tition et peuvent accepter 12.5:1 de taux de [&hellip;]<\/p>","protected":false},"featured_media":2312,"template":"","meta":[],"product_brand":[],"product_cat":[15,36],"product_tag":[81,87,158,80],"class_list":{"0":"post-2309","1":"product","2":"type-product","3":"status-publish","4":"has-post-thumbnail","6":"product_cat-moteur","7":"product_cat-pistons-bielles","8":"product_tag-81","9":"product_tag-bloc","10":"product_tag-bloc-moteur","11":"product_tag-pistons","13":"first","14":"instock","15":"taxable","16":"shipping-taxable","17":"purchasable","18":"product-type-simple"},"yoast_head":"<!-- This site is optimized with the Yoast SEO plugin v27.1.1 - https:\/\/yoast.com\/product\/yoast-seo-wordpress\/ -->\n<title>Pistons +0.080&quot; - 998 - Dimspeed, l&#039;atelier de personnalisation automobile<\/title>\n<meta name=\"robots\" content=\"index, follow, max-snippet:-1, max-image-preview:large, max-video-preview:-1\" \/>\n<link rel=\"canonical\" href=\"https:\/\/dimspeed.com\/en\/product\/pistons-0-080-998\/\" \/>\n<meta property=\"og:locale\" content=\"en_GB\" \/>\n<meta property=\"og:type\" content=\"article\" \/>\n<meta property=\"og:title\" content=\"Pistons +0.080&quot; - 998 - Dimspeed, l&#039;atelier de personnalisation automobile\" \/>\n<meta property=\"og:description\" content=\"Set complet de 4 pistons avec segments et circlips. Fabriqu\u00e9 \u00e0 partir d&#8217;un aluminium de haute qualit\u00e9 avec une teneur en silicone plus \u00e9lev\u00e9e et un traitement \u00e0 la chaleur de derni\u00e8re g\u00e9n\u00e9ration, ces pistons sont plus stables \u00e0 haute temp\u00e9rature. Ces pistons peuvent \u00eatre utilis\u00e9s en comp\u00e9tition et peuvent accepter 12.5:1 de taux de [&hellip;]\" \/>\n<meta property=\"og:url\" content=\"https:\/\/dimspeed.com\/en\/product\/pistons-0-080-998\/\" \/>\n<meta property=\"og:site_name\" content=\"Dimspeed, l&#039;atelier de personnalisation automobile\" \/>\n<meta property=\"article:modified_time\" content=\"2025-02-14T09:47:16+00:00\" \/>\n<meta property=\"og:image\" content=\"https:\/\/dimspeed.com\/wp-content\/uploads\/2021\/02\/241_Pistons-0.080-998-scaled.jpg\" \/>\n\t<meta property=\"og:image:width\" content=\"1440\" \/>\n\t<meta property=\"og:image:height\" content=\"1920\" \/>\n\t<meta property=\"og:image:type\" content=\"image\/jpeg\" \/>\n<meta name=\"twitter:card\" content=\"summary_large_image\" \/>\n<script type=\"application\/ld+json\" class=\"yoast-schema-graph\">{\"@context\":\"https:\/\/schema.org\",\"@graph\":[{\"@type\":\"WebPage\",\"@id\":\"https:\/\/dimspeed.com\/produit\/pistons-0-080-998\/\",\"url\":\"https:\/\/dimspeed.com\/produit\/pistons-0-080-998\/\",\"name\":\"Pistons +0.080\\\" - 998 - Dimspeed, l&#039;atelier de personnalisation automobile\",\"isPartOf\":{\"@id\":\"https:\/\/dimspeed.com\/#website\"},\"primaryImageOfPage\":{\"@id\":\"https:\/\/dimspeed.com\/produit\/pistons-0-080-998\/#primaryimage\"},\"image\":{\"@id\":\"https:\/\/dimspeed.com\/produit\/pistons-0-080-998\/#primaryimage\"},\"thumbnailUrl\":\"https:\/\/dimspeed.com\/wp-content\/uploads\/2021\/02\/241_Pistons-0.080-998-scaled.jpg\",\"datePublished\":\"2021-02-27T14:08:42+00:00\",\"dateModified\":\"2025-02-14T09:47:16+00:00\",\"breadcrumb\":{\"@id\":\"https:\/\/dimspeed.com\/produit\/pistons-0-080-998\/#breadcrumb\"},\"inLanguage\":\"en-GB\",\"potentialAction\":[{\"@type\":\"ReadAction\",\"target\":[\"https:\/\/dimspeed.com\/produit\/pistons-0-080-998\/\"]}]},{\"@type\":\"ImageObject\",\"inLanguage\":\"en-GB\",\"@id\":\"https:\/\/dimspeed.com\/produit\/pistons-0-080-998\/#primaryimage\",\"url\":\"https:\/\/dimspeed.com\/wp-content\/uploads\/2021\/02\/241_Pistons-0.080-998-scaled.jpg\",\"contentUrl\":\"https:\/\/dimspeed.com\/wp-content\/uploads\/2021\/02\/241_Pistons-0.080-998-scaled.jpg\",\"width\":1440,\"height\":1920},{\"@type\":\"BreadcrumbList\",\"@id\":\"https:\/\/dimspeed.com\/produit\/pistons-0-080-998\/#breadcrumb\",\"itemListElement\":[{\"@type\":\"ListItem\",\"position\":1,\"name\":\"Accueil\",\"item\":\"https:\/\/dimspeed.com\/\"},{\"@type\":\"ListItem\",\"position\":2,\"name\":\"Boutique\",\"item\":\"https:\/\/dimspeed.com\/boutique\/\"},{\"@type\":\"ListItem\",\"position\":3,\"name\":\"Pistons +0.080&#8243; &#8211; 998\"}]},{\"@type\":\"WebSite\",\"@id\":\"https:\/\/dimspeed.com\/#website\",\"url\":\"https:\/\/dimspeed.com\/\",\"name\":\"Dimspeed, l&#039;atelier de personnalisation automobile\",\"description\":\"MOTORISTE comp\u00e9tition et collection SPECIALISTE moteur A-SERIE\",\"publisher\":{\"@id\":\"https:\/\/dimspeed.com\/#organization\"},\"potentialAction\":[{\"@type\":\"SearchAction\",\"target\":{\"@type\":\"EntryPoint\",\"urlTemplate\":\"https:\/\/dimspeed.com\/?s={search_term_string}\"},\"query-input\":{\"@type\":\"PropertyValueSpecification\",\"valueRequired\":true,\"valueName\":\"search_term_string\"}}],\"inLanguage\":\"en-GB\"},{\"@type\":\"Organization\",\"@id\":\"https:\/\/dimspeed.com\/#organization\",\"name\":\"Dimspeed, l&#039;atelier de personnalisation automobile\",\"url\":\"https:\/\/dimspeed.com\/\",\"logo\":{\"@type\":\"ImageObject\",\"inLanguage\":\"en-GB\",\"@id\":\"https:\/\/dimspeed.com\/#\/schema\/logo\/image\/\",\"url\":\"https:\/\/dimspeed.com\/wp-content\/uploads\/2020\/11\/logo-site.png\",\"contentUrl\":\"https:\/\/dimspeed.com\/wp-content\/uploads\/2020\/11\/logo-site.png\",\"width\":486,\"height\":178,\"caption\":\"Dimspeed, l&#039;atelier de personnalisation automobile\"},\"image\":{\"@id\":\"https:\/\/dimspeed.com\/#\/schema\/logo\/image\/\"}}]}<\/script>\n<!-- \/ Yoast SEO plugin. -->","yoast_head_json":{"title":"Pistons +0.080\" - 998 - Dimspeed, l&#039;atelier de personnalisation automobile","robots":{"index":"index","follow":"follow","max-snippet":"max-snippet:-1","max-image-preview":"max-image-preview:large","max-video-preview":"max-video-preview:-1"},"canonical":"https:\/\/dimspeed.com\/en\/product\/pistons-0-080-998\/","og_locale":"en_GB","og_type":"article","og_title":"Pistons +0.080\" - 998 - Dimspeed, l&#039;atelier de personnalisation automobile","og_description":"Set complet de 4 pistons avec segments et circlips. Fabriqu\u00e9 \u00e0 partir d&#8217;un aluminium de haute qualit\u00e9 avec une teneur en silicone plus \u00e9lev\u00e9e et un traitement \u00e0 la chaleur de derni\u00e8re g\u00e9n\u00e9ration, ces pistons sont plus stables \u00e0 haute temp\u00e9rature. Ces pistons peuvent \u00eatre utilis\u00e9s en comp\u00e9tition et peuvent accepter 12.5:1 de taux de [&hellip;]","og_url":"https:\/\/dimspeed.com\/en\/product\/pistons-0-080-998\/","og_site_name":"Dimspeed, l&#039;atelier de personnalisation automobile","article_modified_time":"2025-02-14T09:47:16+00:00","og_image":[{"width":1440,"height":1920,"url":"https:\/\/dimspeed.com\/wp-content\/uploads\/2021\/02\/241_Pistons-0.080-998-scaled.jpg","type":"image\/jpeg"}],"twitter_card":"summary_large_image","schema":{"@context":"https:\/\/schema.org","@graph":[{"@type":"WebPage","@id":"https:\/\/dimspeed.com\/produit\/pistons-0-080-998\/","url":"https:\/\/dimspeed.com\/produit\/pistons-0-080-998\/","name":"Pistons +0.080\" - 998 - Dimspeed, l&#039;atelier de personnalisation automobile","isPartOf":{"@id":"https:\/\/dimspeed.com\/#website"},"primaryImageOfPage":{"@id":"https:\/\/dimspeed.com\/produit\/pistons-0-080-998\/#primaryimage"},"image":{"@id":"https:\/\/dimspeed.com\/produit\/pistons-0-080-998\/#primaryimage"},"thumbnailUrl":"https:\/\/dimspeed.com\/wp-content\/uploads\/2021\/02\/241_Pistons-0.080-998-scaled.jpg","datePublished":"2021-02-27T14:08:42+00:00","dateModified":"2025-02-14T09:47:16+00:00","breadcrumb":{"@id":"https:\/\/dimspeed.com\/produit\/pistons-0-080-998\/#breadcrumb"},"inLanguage":"en-GB","potentialAction":[{"@type":"ReadAction","target":["https:\/\/dimspeed.com\/produit\/pistons-0-080-998\/"]}]},{"@type":"ImageObject","inLanguage":"en-GB","@id":"https:\/\/dimspeed.com\/produit\/pistons-0-080-998\/#primaryimage","url":"https:\/\/dimspeed.com\/wp-content\/uploads\/2021\/02\/241_Pistons-0.080-998-scaled.jpg","contentUrl":"https:\/\/dimspeed.com\/wp-content\/uploads\/2021\/02\/241_Pistons-0.080-998-scaled.jpg","width":1440,"height":1920},{"@type":"BreadcrumbList","@id":"https:\/\/dimspeed.com\/produit\/pistons-0-080-998\/#breadcrumb","itemListElement":[{"@type":"ListItem","position":1,"name":"Accueil","item":"https:\/\/dimspeed.com\/"},{"@type":"ListItem","position":2,"name":"Boutique","item":"https:\/\/dimspeed.com\/boutique\/"},{"@type":"ListItem","position":3,"name":"Pistons +0.080&#8243; &#8211; 998"}]},{"@type":"WebSite","@id":"https:\/\/dimspeed.com\/#website","url":"https:\/\/dimspeed.com\/","name":"Dimspeed, l&#039;atelier de personnalisation automobile","description":"MOTORISTE comp\u00e9tition et collection SPECIALISTE moteur A-SERIE","publisher":{"@id":"https:\/\/dimspeed.com\/#organization"},"potentialAction":[{"@type":"SearchAction","target":{"@type":"EntryPoint","urlTemplate":"https:\/\/dimspeed.com\/?s={search_term_string}"},"query-input":{"@type":"PropertyValueSpecification","valueRequired":true,"valueName":"search_term_string"}}],"inLanguage":"en-GB"},{"@type":"Organization","@id":"https:\/\/dimspeed.com\/#organization","name":"Dimspeed, l&#039;atelier de personnalisation automobile","url":"https:\/\/dimspeed.com\/","logo":{"@type":"ImageObject","inLanguage":"en-GB","@id":"https:\/\/dimspeed.com\/#\/schema\/logo\/image\/","url":"https:\/\/dimspeed.com\/wp-content\/uploads\/2020\/11\/logo-site.png","contentUrl":"https:\/\/dimspeed.com\/wp-content\/uploads\/2020\/11\/logo-site.png","width":486,"height":178,"caption":"Dimspeed, l&#039;atelier de personnalisation automobile"},"image":{"@id":"https:\/\/dimspeed.com\/#\/schema\/logo\/image\/"}}]}},"_links":{"self":[{"href":"https:\/\/dimspeed.com\/en\/wp-json\/wp\/v2\/product\/2309","targetHints":{"allow":["GET"]}}],"collection":[{"href":"https:\/\/dimspeed.com\/en\/wp-json\/wp\/v2\/product"}],"about":[{"href":"https:\/\/dimspeed.com\/en\/wp-json\/wp\/v2\/types\/product"}],"version-history":[{"count":1,"href":"https:\/\/dimspeed.com\/en\/wp-json\/wp\/v2\/product\/2309\/revisions"}],"predecessor-version":[{"id":3916,"href":"https:\/\/dimspeed.com\/en\/wp-json\/wp\/v2\/product\/2309\/revisions\/3916"}],"wp:featuredmedia":[{"embeddable":true,"href":"https:\/\/dimspeed.com\/en\/wp-json\/wp\/v2\/media\/2312"}],"wp:attachment":[{"href":"https:\/\/dimspeed.com\/en\/wp-json\/wp\/v2\/media?parent=2309"}],"wp:term":[{"taxonomy":"product_brand","embeddable":true,"href":"https:\/\/dimspeed.com\/en\/wp-json\/wp\/v2\/product_brand?post=2309"},{"taxonomy":"product_cat","embeddable":true,"href":"https:\/\/dimspeed.com\/en\/wp-json\/wp\/v2\/product_cat?post=2309"},{"taxonomy":"product_tag","embeddable":true,"href":"https:\/\/dimspeed.com\/en\/wp-json\/wp\/v2\/product_tag?post=2309"}],"curies":[{"name":"wp","href":"https:\/\/api.w.org\/{rel}","templated":true}]}}