{"id":2305,"date":"2021-02-27T14:15:30","date_gmt":"2021-02-27T13:15:30","guid":{"rendered":"https:\/\/dimspeed.com\/?post_type=product&#038;p=2305"},"modified":"2025-09-24T15:56:38","modified_gmt":"2025-09-24T13:56:38","slug":"differentiel-renforce-cross-pin","status":"publish","type":"product","link":"https:\/\/dimspeed.com\/en\/product\/differentiel-renforce-cross-pin\/","title":{"rendered":"Cross Pin Differential"},"content":{"rendered":"<p>It is a super heavy duty differential designed as a significant upgrade for reliability and strength to the standard units.This design incorporates four planet gears whereas the original differential needed one pin and two planet gears. Therefore, the force is spread out a lot better and increase reliability.  If you don't have the money to spend on an ATB differential but you have a tune engine, this differential is for you!<\/p>","protected":false},"excerpt":{"rendered":"<p>Ce diff\u00e9rentiel est recommand\u00e9 d\u00e8s lors que votre moteur est un peu pr\u00e9par\u00e9. Il poss\u00e8de quatre satellites alors que le diff\u00e9rentiel d&#8217;origine n\u00e9cessite un axe et deux satellites, la force est ainsi mieux r\u00e9partie et cela optimise fortement la fiabilit\u00e9. Si vous n&#8217;avez pas le budget pour un diff\u00e9rentiel ATB mais que vous avez un [&hellip;]<\/p>","protected":false},"featured_media":2308,"template":"","meta":[],"product_brand":[],"product_cat":[44,23],"product_tag":[125,70,64,126],"class_list":{"0":"post-2305","1":"product","2":"type-product","3":"status-publish","4":"has-post-thumbnail","6":"product_cat-transmission","7":"product_cat-boite-de-vitesse","8":"product_tag-boite-de-vitesse","9":"product_tag-differentiel","10":"product_tag-race","11":"product_tag-transmission","13":"first","14":"instock","15":"taxable","16":"shipping-taxable","17":"purchasable","18":"product-type-simple"},"yoast_head":"<!-- This site is optimized with the Yoast SEO plugin v27.1.1 - https:\/\/yoast.com\/product\/yoast-seo-wordpress\/ -->\n<title>Diff\u00e9rentiel Renforc\u00e9 (Cross-Pin) - Dimspeed, l&#039;atelier de personnalisation automobile<\/title>\n<meta name=\"robots\" content=\"index, follow, max-snippet:-1, max-image-preview:large, max-video-preview:-1\" \/>\n<link rel=\"canonical\" href=\"https:\/\/dimspeed.com\/en\/product\/differentiel-renforce-cross-pin\/\" \/>\n<meta property=\"og:locale\" content=\"en_GB\" \/>\n<meta property=\"og:type\" content=\"article\" \/>\n<meta property=\"og:title\" content=\"Diff\u00e9rentiel Renforc\u00e9 (Cross-Pin) - Dimspeed, l&#039;atelier de personnalisation automobile\" \/>\n<meta property=\"og:description\" content=\"Ce diff\u00e9rentiel est recommand\u00e9 d\u00e8s lors que votre moteur est un peu pr\u00e9par\u00e9. Il poss\u00e8de quatre satellites alors que le diff\u00e9rentiel d&#8217;origine n\u00e9cessite un axe et deux satellites, la force est ainsi mieux r\u00e9partie et cela optimise fortement la fiabilit\u00e9. Si vous n&#8217;avez pas le budget pour un diff\u00e9rentiel ATB mais que vous avez un [&hellip;]\" \/>\n<meta property=\"og:url\" content=\"https:\/\/dimspeed.com\/en\/product\/differentiel-renforce-cross-pin\/\" \/>\n<meta property=\"og:site_name\" content=\"Dimspeed, l&#039;atelier de personnalisation automobile\" \/>\n<meta property=\"article:modified_time\" content=\"2025-09-24T13:56:38+00:00\" \/>\n<meta property=\"og:image\" content=\"https:\/\/dimspeed.com\/wp-content\/uploads\/2021\/02\/238_Differentiel-renforce-cross-pin-scaled-e1614431974875.jpg\" \/>\n\t<meta property=\"og:image:width\" content=\"1856\" \/>\n\t<meta property=\"og:image:height\" content=\"1920\" \/>\n\t<meta property=\"og:image:type\" content=\"image\/jpeg\" \/>\n<meta name=\"twitter:card\" content=\"summary_large_image\" \/>\n<script type=\"application\/ld+json\" class=\"yoast-schema-graph\">{\"@context\":\"https:\/\/schema.org\",\"@graph\":[{\"@type\":\"WebPage\",\"@id\":\"https:\/\/dimspeed.com\/produit\/differentiel-renforce-cross-pin\/\",\"url\":\"https:\/\/dimspeed.com\/produit\/differentiel-renforce-cross-pin\/\",\"name\":\"Diff\u00e9rentiel Renforc\u00e9 (Cross-Pin) - Dimspeed, l&#039;atelier de personnalisation automobile\",\"isPartOf\":{\"@id\":\"https:\/\/dimspeed.com\/#website\"},\"primaryImageOfPage\":{\"@id\":\"https:\/\/dimspeed.com\/produit\/differentiel-renforce-cross-pin\/#primaryimage\"},\"image\":{\"@id\":\"https:\/\/dimspeed.com\/produit\/differentiel-renforce-cross-pin\/#primaryimage\"},\"thumbnailUrl\":\"https:\/\/dimspeed.com\/wp-content\/uploads\/2021\/02\/238_Differentiel-renforce-cross-pin-scaled-e1614431974875.jpg\",\"datePublished\":\"2021-02-27T13:15:30+00:00\",\"dateModified\":\"2025-09-24T13:56:38+00:00\",\"breadcrumb\":{\"@id\":\"https:\/\/dimspeed.com\/produit\/differentiel-renforce-cross-pin\/#breadcrumb\"},\"inLanguage\":\"en-GB\",\"potentialAction\":[{\"@type\":\"ReadAction\",\"target\":[\"https:\/\/dimspeed.com\/produit\/differentiel-renforce-cross-pin\/\"]}]},{\"@type\":\"ImageObject\",\"inLanguage\":\"en-GB\",\"@id\":\"https:\/\/dimspeed.com\/produit\/differentiel-renforce-cross-pin\/#primaryimage\",\"url\":\"https:\/\/dimspeed.com\/wp-content\/uploads\/2021\/02\/238_Differentiel-renforce-cross-pin-scaled-e1614431974875.jpg\",\"contentUrl\":\"https:\/\/dimspeed.com\/wp-content\/uploads\/2021\/02\/238_Differentiel-renforce-cross-pin-scaled-e1614431974875.jpg\",\"width\":1856,\"height\":1920},{\"@type\":\"BreadcrumbList\",\"@id\":\"https:\/\/dimspeed.com\/produit\/differentiel-renforce-cross-pin\/#breadcrumb\",\"itemListElement\":[{\"@type\":\"ListItem\",\"position\":1,\"name\":\"Accueil\",\"item\":\"https:\/\/dimspeed.com\/\"},{\"@type\":\"ListItem\",\"position\":2,\"name\":\"Boutique\",\"item\":\"https:\/\/dimspeed.com\/boutique\/\"},{\"@type\":\"ListItem\",\"position\":3,\"name\":\"Diff\u00e9rentiel Renforc\u00e9 (Cross-Pin)\"}]},{\"@type\":\"WebSite\",\"@id\":\"https:\/\/dimspeed.com\/#website\",\"url\":\"https:\/\/dimspeed.com\/\",\"name\":\"Dimspeed, l&#039;atelier de personnalisation automobile\",\"description\":\"MOTORISTE comp\u00e9tition et collection SPECIALISTE moteur A-SERIE\",\"publisher\":{\"@id\":\"https:\/\/dimspeed.com\/#organization\"},\"potentialAction\":[{\"@type\":\"SearchAction\",\"target\":{\"@type\":\"EntryPoint\",\"urlTemplate\":\"https:\/\/dimspeed.com\/?s={search_term_string}\"},\"query-input\":{\"@type\":\"PropertyValueSpecification\",\"valueRequired\":true,\"valueName\":\"search_term_string\"}}],\"inLanguage\":\"en-GB\"},{\"@type\":\"Organization\",\"@id\":\"https:\/\/dimspeed.com\/#organization\",\"name\":\"Dimspeed, l&#039;atelier de personnalisation automobile\",\"url\":\"https:\/\/dimspeed.com\/\",\"logo\":{\"@type\":\"ImageObject\",\"inLanguage\":\"en-GB\",\"@id\":\"https:\/\/dimspeed.com\/#\/schema\/logo\/image\/\",\"url\":\"https:\/\/dimspeed.com\/wp-content\/uploads\/2020\/11\/logo-site.png\",\"contentUrl\":\"https:\/\/dimspeed.com\/wp-content\/uploads\/2020\/11\/logo-site.png\",\"width\":486,\"height\":178,\"caption\":\"Dimspeed, l&#039;atelier de personnalisation automobile\"},\"image\":{\"@id\":\"https:\/\/dimspeed.com\/#\/schema\/logo\/image\/\"}}]}<\/script>\n<!-- \/ Yoast SEO plugin. -->","yoast_head_json":{"title":"Diff\u00e9rentiel Renforc\u00e9 (Cross-Pin) - Dimspeed, l&#039;atelier de personnalisation automobile","robots":{"index":"index","follow":"follow","max-snippet":"max-snippet:-1","max-image-preview":"max-image-preview:large","max-video-preview":"max-video-preview:-1"},"canonical":"https:\/\/dimspeed.com\/en\/product\/differentiel-renforce-cross-pin\/","og_locale":"en_GB","og_type":"article","og_title":"Diff\u00e9rentiel Renforc\u00e9 (Cross-Pin) - Dimspeed, l&#039;atelier de personnalisation automobile","og_description":"Ce diff\u00e9rentiel est recommand\u00e9 d\u00e8s lors que votre moteur est un peu pr\u00e9par\u00e9. Il poss\u00e8de quatre satellites alors que le diff\u00e9rentiel d&#8217;origine n\u00e9cessite un axe et deux satellites, la force est ainsi mieux r\u00e9partie et cela optimise fortement la fiabilit\u00e9. Si vous n&#8217;avez pas le budget pour un diff\u00e9rentiel ATB mais que vous avez un [&hellip;]","og_url":"https:\/\/dimspeed.com\/en\/product\/differentiel-renforce-cross-pin\/","og_site_name":"Dimspeed, l&#039;atelier de personnalisation automobile","article_modified_time":"2025-09-24T13:56:38+00:00","og_image":[{"width":1856,"height":1920,"url":"https:\/\/dimspeed.com\/wp-content\/uploads\/2021\/02\/238_Differentiel-renforce-cross-pin-scaled-e1614431974875.jpg","type":"image\/jpeg"}],"twitter_card":"summary_large_image","schema":{"@context":"https:\/\/schema.org","@graph":[{"@type":"WebPage","@id":"https:\/\/dimspeed.com\/produit\/differentiel-renforce-cross-pin\/","url":"https:\/\/dimspeed.com\/produit\/differentiel-renforce-cross-pin\/","name":"Diff\u00e9rentiel Renforc\u00e9 (Cross-Pin) - Dimspeed, l&#039;atelier de personnalisation automobile","isPartOf":{"@id":"https:\/\/dimspeed.com\/#website"},"primaryImageOfPage":{"@id":"https:\/\/dimspeed.com\/produit\/differentiel-renforce-cross-pin\/#primaryimage"},"image":{"@id":"https:\/\/dimspeed.com\/produit\/differentiel-renforce-cross-pin\/#primaryimage"},"thumbnailUrl":"https:\/\/dimspeed.com\/wp-content\/uploads\/2021\/02\/238_Differentiel-renforce-cross-pin-scaled-e1614431974875.jpg","datePublished":"2021-02-27T13:15:30+00:00","dateModified":"2025-09-24T13:56:38+00:00","breadcrumb":{"@id":"https:\/\/dimspeed.com\/produit\/differentiel-renforce-cross-pin\/#breadcrumb"},"inLanguage":"en-GB","potentialAction":[{"@type":"ReadAction","target":["https:\/\/dimspeed.com\/produit\/differentiel-renforce-cross-pin\/"]}]},{"@type":"ImageObject","inLanguage":"en-GB","@id":"https:\/\/dimspeed.com\/produit\/differentiel-renforce-cross-pin\/#primaryimage","url":"https:\/\/dimspeed.com\/wp-content\/uploads\/2021\/02\/238_Differentiel-renforce-cross-pin-scaled-e1614431974875.jpg","contentUrl":"https:\/\/dimspeed.com\/wp-content\/uploads\/2021\/02\/238_Differentiel-renforce-cross-pin-scaled-e1614431974875.jpg","width":1856,"height":1920},{"@type":"BreadcrumbList","@id":"https:\/\/dimspeed.com\/produit\/differentiel-renforce-cross-pin\/#breadcrumb","itemListElement":[{"@type":"ListItem","position":1,"name":"Accueil","item":"https:\/\/dimspeed.com\/"},{"@type":"ListItem","position":2,"name":"Boutique","item":"https:\/\/dimspeed.com\/boutique\/"},{"@type":"ListItem","position":3,"name":"Diff\u00e9rentiel Renforc\u00e9 (Cross-Pin)"}]},{"@type":"WebSite","@id":"https:\/\/dimspeed.com\/#website","url":"https:\/\/dimspeed.com\/","name":"Dimspeed, l&#039;atelier de personnalisation automobile","description":"MOTORISTE comp\u00e9tition et collection SPECIALISTE moteur A-SERIE","publisher":{"@id":"https:\/\/dimspeed.com\/#organization"},"potentialAction":[{"@type":"SearchAction","target":{"@type":"EntryPoint","urlTemplate":"https:\/\/dimspeed.com\/?s={search_term_string}"},"query-input":{"@type":"PropertyValueSpecification","valueRequired":true,"valueName":"search_term_string"}}],"inLanguage":"en-GB"},{"@type":"Organization","@id":"https:\/\/dimspeed.com\/#organization","name":"Dimspeed, l&#039;atelier de personnalisation automobile","url":"https:\/\/dimspeed.com\/","logo":{"@type":"ImageObject","inLanguage":"en-GB","@id":"https:\/\/dimspeed.com\/#\/schema\/logo\/image\/","url":"https:\/\/dimspeed.com\/wp-content\/uploads\/2020\/11\/logo-site.png","contentUrl":"https:\/\/dimspeed.com\/wp-content\/uploads\/2020\/11\/logo-site.png","width":486,"height":178,"caption":"Dimspeed, l&#039;atelier de personnalisation automobile"},"image":{"@id":"https:\/\/dimspeed.com\/#\/schema\/logo\/image\/"}}]}},"_links":{"self":[{"href":"https:\/\/dimspeed.com\/en\/wp-json\/wp\/v2\/product\/2305","targetHints":{"allow":["GET"]}}],"collection":[{"href":"https:\/\/dimspeed.com\/en\/wp-json\/wp\/v2\/product"}],"about":[{"href":"https:\/\/dimspeed.com\/en\/wp-json\/wp\/v2\/types\/product"}],"version-history":[{"count":1,"href":"https:\/\/dimspeed.com\/en\/wp-json\/wp\/v2\/product\/2305\/revisions"}],"predecessor-version":[{"id":3763,"href":"https:\/\/dimspeed.com\/en\/wp-json\/wp\/v2\/product\/2305\/revisions\/3763"}],"wp:featuredmedia":[{"embeddable":true,"href":"https:\/\/dimspeed.com\/en\/wp-json\/wp\/v2\/media\/2308"}],"wp:attachment":[{"href":"https:\/\/dimspeed.com\/en\/wp-json\/wp\/v2\/media?parent=2305"}],"wp:term":[{"taxonomy":"product_brand","embeddable":true,"href":"https:\/\/dimspeed.com\/en\/wp-json\/wp\/v2\/product_brand?post=2305"},{"taxonomy":"product_cat","embeddable":true,"href":"https:\/\/dimspeed.com\/en\/wp-json\/wp\/v2\/product_cat?post=2305"},{"taxonomy":"product_tag","embeddable":true,"href":"https:\/\/dimspeed.com\/en\/wp-json\/wp\/v2\/product_tag?post=2305"}],"curies":[{"name":"wp","href":"https:\/\/api.w.org\/{rel}","templated":true}]}}