{"id":2295,"date":"2021-02-27T13:48:03","date_gmt":"2021-02-27T12:48:03","guid":{"rendered":"https:\/\/dimspeed.com\/?post_type=product&#038;p=2295"},"modified":"2025-02-25T15:42:18","modified_gmt":"2025-02-25T14:42:18","slug":"soupape-echappement-1-070-inch-27-18mm-998","status":"publish","type":"product","link":"https:\/\/dimspeed.com\/en\/product\/soupape-echappement-1-070-inch-27-18mm-998\/","title":{"rendered":"1.070-inch (27.18mm) Exhaust Valve - 998"},"content":{"rendered":"<p>Developed to be the optimum sized inlet valve size and shape to fit in small-bore A-series cylinder heads for all bore sizes.  Seat to collet groove is correct length for all small-bore heads, so not massively thick rocker pedestal shims needed.Consequently rocker adjuster screws are not hanging a long way out of the rocker. Made by Europes premier specialist valve manufacture for CST in EN214N steel.<\/p>\n<p>Only suitable for bronze valve guides.<\/p>\n<p>Sold individually.<\/p>","protected":false},"excerpt":{"rendered":"<p>Ces soupapes \u00e9chappement ont \u00e9t\u00e9 d\u00e9velopp\u00e9es dans l&#8217;objectif d&#8217;obtenir la taille la plus optimale pour les culasses A-Series petites cylindr\u00e9es. Elles s&#8217;adaptent parfaitement et vous n&#8217;aurez pas besoin de monter des coupelles \u00e9paisses pour respecter votre hauteur de montage pr\u00e9conis\u00e9e pour le ressort. De plus, les vis d&#8217;ajustement ne d\u00e9passerons pas du culbuteur. Elles sont [&hellip;]<\/p>","protected":false},"featured_media":2296,"template":"","meta":[],"product_brand":[],"product_cat":[15,19],"product_tag":[81,65,118,182,75],"class_list":{"0":"post-2295","1":"product","2":"type-product","3":"status-publish","4":"has-post-thumbnail","6":"product_cat-moteur","7":"product_cat-culasse","8":"product_tag-81","9":"product_tag-culasse","10":"product_tag-echappement","11":"product_tag-route","12":"product_tag-soupape","14":"first","15":"instock","16":"taxable","17":"shipping-taxable","18":"purchasable","19":"product-type-simple"},"yoast_head":"<!-- This site is optimized with the Yoast SEO plugin v27.1.1 - https:\/\/yoast.com\/product\/yoast-seo-wordpress\/ -->\n<title>Soupape Echappement - 1.070-inch (27.18mm) - 998 - Dimspeed, l&#039;atelier de personnalisation automobile<\/title>\n<meta name=\"robots\" content=\"index, follow, max-snippet:-1, max-image-preview:large, max-video-preview:-1\" \/>\n<link rel=\"canonical\" href=\"https:\/\/dimspeed.com\/en\/product\/soupape-echappement-1-070-inch-27-18mm-998\/\" \/>\n<meta property=\"og:locale\" content=\"en_GB\" \/>\n<meta property=\"og:type\" content=\"article\" \/>\n<meta property=\"og:title\" content=\"Soupape Echappement - 1.070-inch (27.18mm) - 998 - Dimspeed, l&#039;atelier de personnalisation automobile\" \/>\n<meta property=\"og:description\" content=\"Ces soupapes \u00e9chappement ont \u00e9t\u00e9 d\u00e9velopp\u00e9es dans l&#8217;objectif d&#8217;obtenir la taille la plus optimale pour les culasses A-Series petites cylindr\u00e9es. Elles s&#8217;adaptent parfaitement et vous n&#8217;aurez pas besoin de monter des coupelles \u00e9paisses pour respecter votre hauteur de montage pr\u00e9conis\u00e9e pour le ressort. De plus, les vis d&#8217;ajustement ne d\u00e9passerons pas du culbuteur. Elles sont [&hellip;]\" \/>\n<meta property=\"og:url\" content=\"https:\/\/dimspeed.com\/en\/product\/soupape-echappement-1-070-inch-27-18mm-998\/\" \/>\n<meta property=\"og:site_name\" content=\"Dimspeed, l&#039;atelier de personnalisation automobile\" \/>\n<meta property=\"article:modified_time\" content=\"2025-02-25T14:42:18+00:00\" \/>\n<meta property=\"og:image\" content=\"https:\/\/dimspeed.com\/wp-content\/uploads\/2021\/02\/234_Soupape-Echappement-1.070-inch-27.18mm-998-scaled.jpg\" \/>\n\t<meta property=\"og:image:width\" content=\"1440\" \/>\n\t<meta property=\"og:image:height\" content=\"1920\" \/>\n\t<meta property=\"og:image:type\" content=\"image\/jpeg\" \/>\n<meta name=\"twitter:card\" content=\"summary_large_image\" \/>\n<script type=\"application\/ld+json\" class=\"yoast-schema-graph\">{\"@context\":\"https:\/\/schema.org\",\"@graph\":[{\"@type\":\"WebPage\",\"@id\":\"https:\/\/dimspeed.com\/produit\/soupape-echappement-1-070-inch-27-18mm-998\/\",\"url\":\"https:\/\/dimspeed.com\/produit\/soupape-echappement-1-070-inch-27-18mm-998\/\",\"name\":\"Soupape Echappement - 1.070-inch (27.18mm) - 998 - Dimspeed, l&#039;atelier de personnalisation automobile\",\"isPartOf\":{\"@id\":\"https:\/\/dimspeed.com\/#website\"},\"primaryImageOfPage\":{\"@id\":\"https:\/\/dimspeed.com\/produit\/soupape-echappement-1-070-inch-27-18mm-998\/#primaryimage\"},\"image\":{\"@id\":\"https:\/\/dimspeed.com\/produit\/soupape-echappement-1-070-inch-27-18mm-998\/#primaryimage\"},\"thumbnailUrl\":\"https:\/\/dimspeed.com\/wp-content\/uploads\/2021\/02\/234_Soupape-Echappement-1.070-inch-27.18mm-998-scaled.jpg\",\"datePublished\":\"2021-02-27T12:48:03+00:00\",\"dateModified\":\"2025-02-25T14:42:18+00:00\",\"breadcrumb\":{\"@id\":\"https:\/\/dimspeed.com\/produit\/soupape-echappement-1-070-inch-27-18mm-998\/#breadcrumb\"},\"inLanguage\":\"en-GB\",\"potentialAction\":[{\"@type\":\"ReadAction\",\"target\":[\"https:\/\/dimspeed.com\/produit\/soupape-echappement-1-070-inch-27-18mm-998\/\"]}]},{\"@type\":\"ImageObject\",\"inLanguage\":\"en-GB\",\"@id\":\"https:\/\/dimspeed.com\/produit\/soupape-echappement-1-070-inch-27-18mm-998\/#primaryimage\",\"url\":\"https:\/\/dimspeed.com\/wp-content\/uploads\/2021\/02\/234_Soupape-Echappement-1.070-inch-27.18mm-998-scaled.jpg\",\"contentUrl\":\"https:\/\/dimspeed.com\/wp-content\/uploads\/2021\/02\/234_Soupape-Echappement-1.070-inch-27.18mm-998-scaled.jpg\",\"width\":1440,\"height\":1920},{\"@type\":\"BreadcrumbList\",\"@id\":\"https:\/\/dimspeed.com\/produit\/soupape-echappement-1-070-inch-27-18mm-998\/#breadcrumb\",\"itemListElement\":[{\"@type\":\"ListItem\",\"position\":1,\"name\":\"Accueil\",\"item\":\"https:\/\/dimspeed.com\/\"},{\"@type\":\"ListItem\",\"position\":2,\"name\":\"Boutique\",\"item\":\"https:\/\/dimspeed.com\/boutique\/\"},{\"@type\":\"ListItem\",\"position\":3,\"name\":\"Soupape Echappement &#8211; 1.070-inch (27.18mm) &#8211; 998\"}]},{\"@type\":\"WebSite\",\"@id\":\"https:\/\/dimspeed.com\/#website\",\"url\":\"https:\/\/dimspeed.com\/\",\"name\":\"Dimspeed, l&#039;atelier de personnalisation automobile\",\"description\":\"MOTORISTE comp\u00e9tition et collection SPECIALISTE moteur A-SERIE\",\"publisher\":{\"@id\":\"https:\/\/dimspeed.com\/#organization\"},\"potentialAction\":[{\"@type\":\"SearchAction\",\"target\":{\"@type\":\"EntryPoint\",\"urlTemplate\":\"https:\/\/dimspeed.com\/?s={search_term_string}\"},\"query-input\":{\"@type\":\"PropertyValueSpecification\",\"valueRequired\":true,\"valueName\":\"search_term_string\"}}],\"inLanguage\":\"en-GB\"},{\"@type\":\"Organization\",\"@id\":\"https:\/\/dimspeed.com\/#organization\",\"name\":\"Dimspeed, l&#039;atelier de personnalisation automobile\",\"url\":\"https:\/\/dimspeed.com\/\",\"logo\":{\"@type\":\"ImageObject\",\"inLanguage\":\"en-GB\",\"@id\":\"https:\/\/dimspeed.com\/#\/schema\/logo\/image\/\",\"url\":\"https:\/\/dimspeed.com\/wp-content\/uploads\/2020\/11\/logo-site.png\",\"contentUrl\":\"https:\/\/dimspeed.com\/wp-content\/uploads\/2020\/11\/logo-site.png\",\"width\":486,\"height\":178,\"caption\":\"Dimspeed, l&#039;atelier de personnalisation automobile\"},\"image\":{\"@id\":\"https:\/\/dimspeed.com\/#\/schema\/logo\/image\/\"}}]}<\/script>\n<!-- \/ Yoast SEO plugin. -->","yoast_head_json":{"title":"Soupape Echappement - 1.070-inch (27.18mm) - 998 - Dimspeed, l&#039;atelier de personnalisation automobile","robots":{"index":"index","follow":"follow","max-snippet":"max-snippet:-1","max-image-preview":"max-image-preview:large","max-video-preview":"max-video-preview:-1"},"canonical":"https:\/\/dimspeed.com\/en\/product\/soupape-echappement-1-070-inch-27-18mm-998\/","og_locale":"en_GB","og_type":"article","og_title":"Soupape Echappement - 1.070-inch (27.18mm) - 998 - Dimspeed, l&#039;atelier de personnalisation automobile","og_description":"Ces soupapes \u00e9chappement ont \u00e9t\u00e9 d\u00e9velopp\u00e9es dans l&#8217;objectif d&#8217;obtenir la taille la plus optimale pour les culasses A-Series petites cylindr\u00e9es. Elles s&#8217;adaptent parfaitement et vous n&#8217;aurez pas besoin de monter des coupelles \u00e9paisses pour respecter votre hauteur de montage pr\u00e9conis\u00e9e pour le ressort. De plus, les vis d&#8217;ajustement ne d\u00e9passerons pas du culbuteur. Elles sont [&hellip;]","og_url":"https:\/\/dimspeed.com\/en\/product\/soupape-echappement-1-070-inch-27-18mm-998\/","og_site_name":"Dimspeed, l&#039;atelier de personnalisation automobile","article_modified_time":"2025-02-25T14:42:18+00:00","og_image":[{"width":1440,"height":1920,"url":"https:\/\/dimspeed.com\/wp-content\/uploads\/2021\/02\/234_Soupape-Echappement-1.070-inch-27.18mm-998-scaled.jpg","type":"image\/jpeg"}],"twitter_card":"summary_large_image","schema":{"@context":"https:\/\/schema.org","@graph":[{"@type":"WebPage","@id":"https:\/\/dimspeed.com\/produit\/soupape-echappement-1-070-inch-27-18mm-998\/","url":"https:\/\/dimspeed.com\/produit\/soupape-echappement-1-070-inch-27-18mm-998\/","name":"Soupape Echappement - 1.070-inch (27.18mm) - 998 - Dimspeed, l&#039;atelier de personnalisation automobile","isPartOf":{"@id":"https:\/\/dimspeed.com\/#website"},"primaryImageOfPage":{"@id":"https:\/\/dimspeed.com\/produit\/soupape-echappement-1-070-inch-27-18mm-998\/#primaryimage"},"image":{"@id":"https:\/\/dimspeed.com\/produit\/soupape-echappement-1-070-inch-27-18mm-998\/#primaryimage"},"thumbnailUrl":"https:\/\/dimspeed.com\/wp-content\/uploads\/2021\/02\/234_Soupape-Echappement-1.070-inch-27.18mm-998-scaled.jpg","datePublished":"2021-02-27T12:48:03+00:00","dateModified":"2025-02-25T14:42:18+00:00","breadcrumb":{"@id":"https:\/\/dimspeed.com\/produit\/soupape-echappement-1-070-inch-27-18mm-998\/#breadcrumb"},"inLanguage":"en-GB","potentialAction":[{"@type":"ReadAction","target":["https:\/\/dimspeed.com\/produit\/soupape-echappement-1-070-inch-27-18mm-998\/"]}]},{"@type":"ImageObject","inLanguage":"en-GB","@id":"https:\/\/dimspeed.com\/produit\/soupape-echappement-1-070-inch-27-18mm-998\/#primaryimage","url":"https:\/\/dimspeed.com\/wp-content\/uploads\/2021\/02\/234_Soupape-Echappement-1.070-inch-27.18mm-998-scaled.jpg","contentUrl":"https:\/\/dimspeed.com\/wp-content\/uploads\/2021\/02\/234_Soupape-Echappement-1.070-inch-27.18mm-998-scaled.jpg","width":1440,"height":1920},{"@type":"BreadcrumbList","@id":"https:\/\/dimspeed.com\/produit\/soupape-echappement-1-070-inch-27-18mm-998\/#breadcrumb","itemListElement":[{"@type":"ListItem","position":1,"name":"Accueil","item":"https:\/\/dimspeed.com\/"},{"@type":"ListItem","position":2,"name":"Boutique","item":"https:\/\/dimspeed.com\/boutique\/"},{"@type":"ListItem","position":3,"name":"Soupape Echappement &#8211; 1.070-inch (27.18mm) &#8211; 998"}]},{"@type":"WebSite","@id":"https:\/\/dimspeed.com\/#website","url":"https:\/\/dimspeed.com\/","name":"Dimspeed, l&#039;atelier de personnalisation automobile","description":"MOTORISTE comp\u00e9tition et collection SPECIALISTE moteur A-SERIE","publisher":{"@id":"https:\/\/dimspeed.com\/#organization"},"potentialAction":[{"@type":"SearchAction","target":{"@type":"EntryPoint","urlTemplate":"https:\/\/dimspeed.com\/?s={search_term_string}"},"query-input":{"@type":"PropertyValueSpecification","valueRequired":true,"valueName":"search_term_string"}}],"inLanguage":"en-GB"},{"@type":"Organization","@id":"https:\/\/dimspeed.com\/#organization","name":"Dimspeed, l&#039;atelier de personnalisation automobile","url":"https:\/\/dimspeed.com\/","logo":{"@type":"ImageObject","inLanguage":"en-GB","@id":"https:\/\/dimspeed.com\/#\/schema\/logo\/image\/","url":"https:\/\/dimspeed.com\/wp-content\/uploads\/2020\/11\/logo-site.png","contentUrl":"https:\/\/dimspeed.com\/wp-content\/uploads\/2020\/11\/logo-site.png","width":486,"height":178,"caption":"Dimspeed, l&#039;atelier de personnalisation automobile"},"image":{"@id":"https:\/\/dimspeed.com\/#\/schema\/logo\/image\/"}}]}},"_links":{"self":[{"href":"https:\/\/dimspeed.com\/en\/wp-json\/wp\/v2\/product\/2295","targetHints":{"allow":["GET"]}}],"collection":[{"href":"https:\/\/dimspeed.com\/en\/wp-json\/wp\/v2\/product"}],"about":[{"href":"https:\/\/dimspeed.com\/en\/wp-json\/wp\/v2\/types\/product"}],"version-history":[{"count":1,"href":"https:\/\/dimspeed.com\/en\/wp-json\/wp\/v2\/product\/2295\/revisions"}],"predecessor-version":[{"id":3918,"href":"https:\/\/dimspeed.com\/en\/wp-json\/wp\/v2\/product\/2295\/revisions\/3918"}],"wp:featuredmedia":[{"embeddable":true,"href":"https:\/\/dimspeed.com\/en\/wp-json\/wp\/v2\/media\/2296"}],"wp:attachment":[{"href":"https:\/\/dimspeed.com\/en\/wp-json\/wp\/v2\/media?parent=2295"}],"wp:term":[{"taxonomy":"product_brand","embeddable":true,"href":"https:\/\/dimspeed.com\/en\/wp-json\/wp\/v2\/product_brand?post=2295"},{"taxonomy":"product_cat","embeddable":true,"href":"https:\/\/dimspeed.com\/en\/wp-json\/wp\/v2\/product_cat?post=2295"},{"taxonomy":"product_tag","embeddable":true,"href":"https:\/\/dimspeed.com\/en\/wp-json\/wp\/v2\/product_tag?post=2295"}],"curies":[{"name":"wp","href":"https:\/\/api.w.org\/{rel}","templated":true}]}}