{"id":2125,"date":"2021-02-21T19:13:08","date_gmt":"2021-02-21T18:13:08","guid":{"rendered":"https:\/\/dimspeed.com\/?post_type=product&#038;p=2125"},"modified":"2026-02-04T12:02:40","modified_gmt":"2026-02-04T11:02:40","slug":"palier-central-acier-swiftune-4-vis","status":"publish","type":"product","link":"https:\/\/dimspeed.com\/en\/product\/palier-central-acier-swiftune-4-vis\/","title":{"rendered":"Swiftune Steel Main Cap Set - 1300 Mini 4 Bolt Centre"},"content":{"rendered":"<p>Swiftune\u2019s super strong steel main caps offer the ultimate in bottom-end rigidity which is a must for high performance high-powered race engines.<\/p>\n<p>When combined with the Swiftune F1 Spec Main Stud Set and 1300 Main Cap Dowels the steel main caps will help eliminate main cap 'float' and 'crankshaft flex' so enhancing the life of the crankshaft, bearings and improving overall reliability. Steel main caps is used in all of Swiftune\u2019s Competition Engines as only the best is good enough!<\/p>\n<p>Set includes all three caps including the 4 Bolt Centre Main Cap to suit 1300\/A+ Mini Blocks.<\/p>\n<p>Will require line boring and thrust washer locations machining for fitment. If you need to, we can do it, please contact us for more information.<\/p>","protected":false},"excerpt":{"rendered":"<p>Les paliers acier renforc\u00e9s de Swiftune offrent une rigidit\u00e9 au bas-moteur, ce qui est imp\u00e9ratif pour obtenir une haute performance sur les moteurs de comp\u00e9tition. Quand il est combin\u00e9 avec le set de goujons de palier F1 Spec Swiftune et les centreurs de palier, les paliers acier renforc\u00e9s de Swiftune aideront \u00e0 \u00e9liminer les vibrations [&hellip;]<\/p>","protected":false},"featured_media":2127,"template":"","meta":[],"product_brand":[],"product_cat":[15,20],"product_tag":[87,158,127,157,64,162],"class_list":{"0":"post-2125","1":"product","2":"type-product","3":"status-publish","4":"has-post-thumbnail","6":"product_cat-moteur","7":"product_cat-bloc","8":"product_tag-bloc","9":"product_tag-bloc-moteur","10":"product_tag-palier","11":"product_tag-palier-central","12":"product_tag-race","13":"product_tag-swiftune","15":"first","16":"instock","17":"taxable","18":"shipping-taxable","19":"purchasable","20":"product-type-simple"},"yoast_head":"<!-- This site is optimized with the Yoast SEO plugin v27.1.1 - https:\/\/yoast.com\/product\/yoast-seo-wordpress\/ -->\n<title>Jeu de Paliers Centraux en Acier Swiftune - 4 vis - Dimspeed, l&#039;atelier de personnalisation automobile<\/title>\n<meta name=\"robots\" content=\"index, follow, max-snippet:-1, max-image-preview:large, max-video-preview:-1\" \/>\n<link rel=\"canonical\" href=\"https:\/\/dimspeed.com\/en\/product\/palier-central-acier-swiftune-4-vis\/\" \/>\n<meta property=\"og:locale\" content=\"en_GB\" \/>\n<meta property=\"og:type\" content=\"article\" \/>\n<meta property=\"og:title\" content=\"Jeu de Paliers Centraux en Acier Swiftune - 4 vis - Dimspeed, l&#039;atelier de personnalisation automobile\" \/>\n<meta property=\"og:description\" content=\"Les paliers acier renforc\u00e9s de Swiftune offrent une rigidit\u00e9 au bas-moteur, ce qui est imp\u00e9ratif pour obtenir une haute performance sur les moteurs de comp\u00e9tition. Quand il est combin\u00e9 avec le set de goujons de palier F1 Spec Swiftune et les centreurs de palier, les paliers acier renforc\u00e9s de Swiftune aideront \u00e0 \u00e9liminer les vibrations [&hellip;]\" \/>\n<meta property=\"og:url\" content=\"https:\/\/dimspeed.com\/en\/product\/palier-central-acier-swiftune-4-vis\/\" \/>\n<meta property=\"og:site_name\" content=\"Dimspeed, l&#039;atelier de personnalisation automobile\" \/>\n<meta property=\"article:modified_time\" content=\"2026-02-04T11:02:40+00:00\" \/>\n<meta property=\"og:image\" content=\"https:\/\/dimspeed.com\/wp-content\/uploads\/2021\/02\/218_Palier-central-acier-Swiftune-4-vis-scaled.jpg\" \/>\n\t<meta property=\"og:image:width\" content=\"1440\" \/>\n\t<meta property=\"og:image:height\" content=\"1920\" \/>\n\t<meta property=\"og:image:type\" content=\"image\/jpeg\" \/>\n<meta name=\"twitter:card\" content=\"summary_large_image\" \/>\n<meta name=\"twitter:label1\" content=\"Estimated reading time\" \/>\n\t<meta name=\"twitter:data1\" content=\"1 minute\" \/>\n<script type=\"application\/ld+json\" class=\"yoast-schema-graph\">{\"@context\":\"https:\/\/schema.org\",\"@graph\":[{\"@type\":\"WebPage\",\"@id\":\"https:\/\/dimspeed.com\/produit\/palier-central-acier-swiftune-4-vis\/\",\"url\":\"https:\/\/dimspeed.com\/produit\/palier-central-acier-swiftune-4-vis\/\",\"name\":\"Jeu de Paliers Centraux en Acier Swiftune - 4 vis - Dimspeed, l&#039;atelier de personnalisation automobile\",\"isPartOf\":{\"@id\":\"https:\/\/dimspeed.com\/#website\"},\"primaryImageOfPage\":{\"@id\":\"https:\/\/dimspeed.com\/produit\/palier-central-acier-swiftune-4-vis\/#primaryimage\"},\"image\":{\"@id\":\"https:\/\/dimspeed.com\/produit\/palier-central-acier-swiftune-4-vis\/#primaryimage\"},\"thumbnailUrl\":\"https:\/\/dimspeed.com\/wp-content\/uploads\/2021\/02\/218_Palier-central-acier-Swiftune-4-vis-scaled.jpg\",\"datePublished\":\"2021-02-21T18:13:08+00:00\",\"dateModified\":\"2026-02-04T11:02:40+00:00\",\"breadcrumb\":{\"@id\":\"https:\/\/dimspeed.com\/produit\/palier-central-acier-swiftune-4-vis\/#breadcrumb\"},\"inLanguage\":\"en-GB\",\"potentialAction\":[{\"@type\":\"ReadAction\",\"target\":[\"https:\/\/dimspeed.com\/produit\/palier-central-acier-swiftune-4-vis\/\"]}]},{\"@type\":\"ImageObject\",\"inLanguage\":\"en-GB\",\"@id\":\"https:\/\/dimspeed.com\/produit\/palier-central-acier-swiftune-4-vis\/#primaryimage\",\"url\":\"https:\/\/dimspeed.com\/wp-content\/uploads\/2021\/02\/218_Palier-central-acier-Swiftune-4-vis-scaled.jpg\",\"contentUrl\":\"https:\/\/dimspeed.com\/wp-content\/uploads\/2021\/02\/218_Palier-central-acier-Swiftune-4-vis-scaled.jpg\",\"width\":1440,\"height\":1920},{\"@type\":\"BreadcrumbList\",\"@id\":\"https:\/\/dimspeed.com\/produit\/palier-central-acier-swiftune-4-vis\/#breadcrumb\",\"itemListElement\":[{\"@type\":\"ListItem\",\"position\":1,\"name\":\"Accueil\",\"item\":\"https:\/\/dimspeed.com\/\"},{\"@type\":\"ListItem\",\"position\":2,\"name\":\"Boutique\",\"item\":\"https:\/\/dimspeed.com\/boutique\/\"},{\"@type\":\"ListItem\",\"position\":3,\"name\":\"Jeu de Paliers Centraux en Acier Swiftune &#8211; 4 vis\"}]},{\"@type\":\"WebSite\",\"@id\":\"https:\/\/dimspeed.com\/#website\",\"url\":\"https:\/\/dimspeed.com\/\",\"name\":\"Dimspeed, l&#039;atelier de personnalisation automobile\",\"description\":\"MOTORISTE comp\u00e9tition et collection SPECIALISTE moteur A-SERIE\",\"publisher\":{\"@id\":\"https:\/\/dimspeed.com\/#organization\"},\"potentialAction\":[{\"@type\":\"SearchAction\",\"target\":{\"@type\":\"EntryPoint\",\"urlTemplate\":\"https:\/\/dimspeed.com\/?s={search_term_string}\"},\"query-input\":{\"@type\":\"PropertyValueSpecification\",\"valueRequired\":true,\"valueName\":\"search_term_string\"}}],\"inLanguage\":\"en-GB\"},{\"@type\":\"Organization\",\"@id\":\"https:\/\/dimspeed.com\/#organization\",\"name\":\"Dimspeed, l&#039;atelier de personnalisation automobile\",\"url\":\"https:\/\/dimspeed.com\/\",\"logo\":{\"@type\":\"ImageObject\",\"inLanguage\":\"en-GB\",\"@id\":\"https:\/\/dimspeed.com\/#\/schema\/logo\/image\/\",\"url\":\"https:\/\/dimspeed.com\/wp-content\/uploads\/2020\/11\/logo-site.png\",\"contentUrl\":\"https:\/\/dimspeed.com\/wp-content\/uploads\/2020\/11\/logo-site.png\",\"width\":486,\"height\":178,\"caption\":\"Dimspeed, l&#039;atelier de personnalisation automobile\"},\"image\":{\"@id\":\"https:\/\/dimspeed.com\/#\/schema\/logo\/image\/\"}}]}<\/script>\n<!-- \/ Yoast SEO plugin. -->","yoast_head_json":{"title":"Jeu de Paliers Centraux en Acier Swiftune - 4 vis - Dimspeed, l&#039;atelier de personnalisation automobile","robots":{"index":"index","follow":"follow","max-snippet":"max-snippet:-1","max-image-preview":"max-image-preview:large","max-video-preview":"max-video-preview:-1"},"canonical":"https:\/\/dimspeed.com\/en\/product\/palier-central-acier-swiftune-4-vis\/","og_locale":"en_GB","og_type":"article","og_title":"Jeu de Paliers Centraux en Acier Swiftune - 4 vis - Dimspeed, l&#039;atelier de personnalisation automobile","og_description":"Les paliers acier renforc\u00e9s de Swiftune offrent une rigidit\u00e9 au bas-moteur, ce qui est imp\u00e9ratif pour obtenir une haute performance sur les moteurs de comp\u00e9tition. Quand il est combin\u00e9 avec le set de goujons de palier F1 Spec Swiftune et les centreurs de palier, les paliers acier renforc\u00e9s de Swiftune aideront \u00e0 \u00e9liminer les vibrations [&hellip;]","og_url":"https:\/\/dimspeed.com\/en\/product\/palier-central-acier-swiftune-4-vis\/","og_site_name":"Dimspeed, l&#039;atelier de personnalisation automobile","article_modified_time":"2026-02-04T11:02:40+00:00","og_image":[{"width":1440,"height":1920,"url":"https:\/\/dimspeed.com\/wp-content\/uploads\/2021\/02\/218_Palier-central-acier-Swiftune-4-vis-scaled.jpg","type":"image\/jpeg"}],"twitter_card":"summary_large_image","twitter_misc":{"Estimated reading time":"1 minute"},"schema":{"@context":"https:\/\/schema.org","@graph":[{"@type":"WebPage","@id":"https:\/\/dimspeed.com\/produit\/palier-central-acier-swiftune-4-vis\/","url":"https:\/\/dimspeed.com\/produit\/palier-central-acier-swiftune-4-vis\/","name":"Jeu de Paliers Centraux en Acier Swiftune - 4 vis - Dimspeed, l&#039;atelier de personnalisation automobile","isPartOf":{"@id":"https:\/\/dimspeed.com\/#website"},"primaryImageOfPage":{"@id":"https:\/\/dimspeed.com\/produit\/palier-central-acier-swiftune-4-vis\/#primaryimage"},"image":{"@id":"https:\/\/dimspeed.com\/produit\/palier-central-acier-swiftune-4-vis\/#primaryimage"},"thumbnailUrl":"https:\/\/dimspeed.com\/wp-content\/uploads\/2021\/02\/218_Palier-central-acier-Swiftune-4-vis-scaled.jpg","datePublished":"2021-02-21T18:13:08+00:00","dateModified":"2026-02-04T11:02:40+00:00","breadcrumb":{"@id":"https:\/\/dimspeed.com\/produit\/palier-central-acier-swiftune-4-vis\/#breadcrumb"},"inLanguage":"en-GB","potentialAction":[{"@type":"ReadAction","target":["https:\/\/dimspeed.com\/produit\/palier-central-acier-swiftune-4-vis\/"]}]},{"@type":"ImageObject","inLanguage":"en-GB","@id":"https:\/\/dimspeed.com\/produit\/palier-central-acier-swiftune-4-vis\/#primaryimage","url":"https:\/\/dimspeed.com\/wp-content\/uploads\/2021\/02\/218_Palier-central-acier-Swiftune-4-vis-scaled.jpg","contentUrl":"https:\/\/dimspeed.com\/wp-content\/uploads\/2021\/02\/218_Palier-central-acier-Swiftune-4-vis-scaled.jpg","width":1440,"height":1920},{"@type":"BreadcrumbList","@id":"https:\/\/dimspeed.com\/produit\/palier-central-acier-swiftune-4-vis\/#breadcrumb","itemListElement":[{"@type":"ListItem","position":1,"name":"Accueil","item":"https:\/\/dimspeed.com\/"},{"@type":"ListItem","position":2,"name":"Boutique","item":"https:\/\/dimspeed.com\/boutique\/"},{"@type":"ListItem","position":3,"name":"Jeu de Paliers Centraux en Acier Swiftune &#8211; 4 vis"}]},{"@type":"WebSite","@id":"https:\/\/dimspeed.com\/#website","url":"https:\/\/dimspeed.com\/","name":"Dimspeed, l&#039;atelier de personnalisation automobile","description":"MOTORISTE comp\u00e9tition et collection SPECIALISTE moteur A-SERIE","publisher":{"@id":"https:\/\/dimspeed.com\/#organization"},"potentialAction":[{"@type":"SearchAction","target":{"@type":"EntryPoint","urlTemplate":"https:\/\/dimspeed.com\/?s={search_term_string}"},"query-input":{"@type":"PropertyValueSpecification","valueRequired":true,"valueName":"search_term_string"}}],"inLanguage":"en-GB"},{"@type":"Organization","@id":"https:\/\/dimspeed.com\/#organization","name":"Dimspeed, l&#039;atelier de personnalisation automobile","url":"https:\/\/dimspeed.com\/","logo":{"@type":"ImageObject","inLanguage":"en-GB","@id":"https:\/\/dimspeed.com\/#\/schema\/logo\/image\/","url":"https:\/\/dimspeed.com\/wp-content\/uploads\/2020\/11\/logo-site.png","contentUrl":"https:\/\/dimspeed.com\/wp-content\/uploads\/2020\/11\/logo-site.png","width":486,"height":178,"caption":"Dimspeed, l&#039;atelier de personnalisation automobile"},"image":{"@id":"https:\/\/dimspeed.com\/#\/schema\/logo\/image\/"}}]}},"_links":{"self":[{"href":"https:\/\/dimspeed.com\/en\/wp-json\/wp\/v2\/product\/2125","targetHints":{"allow":["GET"]}}],"collection":[{"href":"https:\/\/dimspeed.com\/en\/wp-json\/wp\/v2\/product"}],"about":[{"href":"https:\/\/dimspeed.com\/en\/wp-json\/wp\/v2\/types\/product"}],"version-history":[{"count":1,"href":"https:\/\/dimspeed.com\/en\/wp-json\/wp\/v2\/product\/2125\/revisions"}],"predecessor-version":[{"id":3920,"href":"https:\/\/dimspeed.com\/en\/wp-json\/wp\/v2\/product\/2125\/revisions\/3920"}],"wp:featuredmedia":[{"embeddable":true,"href":"https:\/\/dimspeed.com\/en\/wp-json\/wp\/v2\/media\/2127"}],"wp:attachment":[{"href":"https:\/\/dimspeed.com\/en\/wp-json\/wp\/v2\/media?parent=2125"}],"wp:term":[{"taxonomy":"product_brand","embeddable":true,"href":"https:\/\/dimspeed.com\/en\/wp-json\/wp\/v2\/product_brand?post=2125"},{"taxonomy":"product_cat","embeddable":true,"href":"https:\/\/dimspeed.com\/en\/wp-json\/wp\/v2\/product_cat?post=2125"},{"taxonomy":"product_tag","embeddable":true,"href":"https:\/\/dimspeed.com\/en\/wp-json\/wp\/v2\/product_tag?post=2125"}],"curies":[{"name":"wp","href":"https:\/\/api.w.org\/{rel}","templated":true}]}}