{"id":2112,"date":"2021-02-21T18:40:21","date_gmt":"2021-02-21T17:40:21","guid":{"rendered":"https:\/\/dimspeed.com\/?post_type=product&#038;p=2112"},"modified":"2025-09-08T10:54:30","modified_gmt":"2025-09-08T08:54:30","slug":"coupelle-de-ressort-de-soupape-super-light-competition","status":"publish","type":"product","link":"https:\/\/dimspeed.com\/en\/product\/coupelle-de-ressort-de-soupape-super-light-competition\/","title":{"rendered":"Swiftune Top Cap Super Light"},"content":{"rendered":"<p>Manufactured from incredibly strong steel to enable machining to a much thinner section making these the lightest yet strongest steel top caps on the market.<\/p>\n<p>Suits single groove race valves only.<\/p>\n<p>They are ultra-reliable and and show next to no wear in routine rebuilds. We highly recommend them for all race engines.<\/p>\n<p>Sold as a set of 8.<\/p>","protected":false},"excerpt":{"rendered":"<p>Fabriqu\u00e9es \u00e0 partir d&#8217;un acier incroyablement r\u00e9sistant qui permet d&#8217;usiner des sections tr\u00e8s fines, ces coupelles sont les plus l\u00e9g\u00e8res et les plus r\u00e9sistantes du march\u00e9. Attention, elles conviennent aux soupapes simple gorge uniquement! Elles sont tr\u00e8s fiable et hautement recommand\u00e9es pour les moteurs de comp\u00e9tition. Vendues par 8.<\/p>","protected":false},"featured_media":2115,"template":"","meta":[],"product_brand":[],"product_cat":[15,19],"product_tag":[190,65,64,178,83,75,59],"class_list":{"0":"post-2112","1":"product","2":"type-product","3":"status-publish","4":"has-post-thumbnail","6":"product_cat-moteur","7":"product_cat-culasse","8":"product_tag-coupelles-super-light","9":"product_tag-culasse","10":"product_tag-race","11":"product_tag-ressorts","12":"product_tag-simple-gorge","13":"product_tag-soupape","14":"product_tag-spring","16":"first","17":"instock","18":"taxable","19":"shipping-taxable","20":"purchasable","21":"product-type-simple"},"yoast_head":"<!-- This site is optimized with the Yoast SEO plugin v27.1.1 - https:\/\/yoast.com\/product\/yoast-seo-wordpress\/ -->\n<title>Coupelles de Ressort de Soupape Super Light - Comp\u00e9tition - Dimspeed, l&#039;atelier de personnalisation automobile<\/title>\n<meta name=\"robots\" content=\"index, follow, max-snippet:-1, max-image-preview:large, max-video-preview:-1\" \/>\n<link rel=\"canonical\" href=\"https:\/\/dimspeed.com\/en\/product\/coupelle-de-ressort-de-soupape-super-light-competition\/\" \/>\n<meta property=\"og:locale\" content=\"en_GB\" \/>\n<meta property=\"og:type\" content=\"article\" \/>\n<meta property=\"og:title\" content=\"Coupelles de Ressort de Soupape Super Light - Comp\u00e9tition - Dimspeed, l&#039;atelier de personnalisation automobile\" \/>\n<meta property=\"og:description\" content=\"Fabriqu\u00e9es \u00e0 partir d&#8217;un acier incroyablement r\u00e9sistant qui permet d&#8217;usiner des sections tr\u00e8s fines, ces coupelles sont les plus l\u00e9g\u00e8res et les plus r\u00e9sistantes du march\u00e9. Attention, elles conviennent aux soupapes simple gorge uniquement! Elles sont tr\u00e8s fiable et hautement recommand\u00e9es pour les moteurs de comp\u00e9tition. Vendues par 8.\" \/>\n<meta property=\"og:url\" content=\"https:\/\/dimspeed.com\/en\/product\/coupelle-de-ressort-de-soupape-super-light-competition\/\" \/>\n<meta property=\"og:site_name\" content=\"Dimspeed, l&#039;atelier de personnalisation automobile\" \/>\n<meta property=\"article:modified_time\" content=\"2025-09-08T08:54:30+00:00\" \/>\n<meta property=\"og:image\" content=\"https:\/\/dimspeed.com\/wp-content\/uploads\/2021\/02\/216_Coupelle-de-ressort-de-soupape-Super-Light-Competition-scaled.jpg\" \/>\n\t<meta property=\"og:image:width\" content=\"1440\" \/>\n\t<meta property=\"og:image:height\" content=\"1920\" \/>\n\t<meta property=\"og:image:type\" content=\"image\/jpeg\" \/>\n<meta name=\"twitter:card\" content=\"summary_large_image\" \/>\n<script type=\"application\/ld+json\" class=\"yoast-schema-graph\">{\"@context\":\"https:\/\/schema.org\",\"@graph\":[{\"@type\":\"WebPage\",\"@id\":\"https:\/\/dimspeed.com\/produit\/coupelle-de-ressort-de-soupape-super-light-competition\/\",\"url\":\"https:\/\/dimspeed.com\/produit\/coupelle-de-ressort-de-soupape-super-light-competition\/\",\"name\":\"Coupelles de Ressort de Soupape Super Light - Comp\u00e9tition - Dimspeed, l&#039;atelier de personnalisation automobile\",\"isPartOf\":{\"@id\":\"https:\/\/dimspeed.com\/#website\"},\"primaryImageOfPage\":{\"@id\":\"https:\/\/dimspeed.com\/produit\/coupelle-de-ressort-de-soupape-super-light-competition\/#primaryimage\"},\"image\":{\"@id\":\"https:\/\/dimspeed.com\/produit\/coupelle-de-ressort-de-soupape-super-light-competition\/#primaryimage\"},\"thumbnailUrl\":\"https:\/\/dimspeed.com\/wp-content\/uploads\/2021\/02\/216_Coupelle-de-ressort-de-soupape-Super-Light-Competition-scaled.jpg\",\"datePublished\":\"2021-02-21T17:40:21+00:00\",\"dateModified\":\"2025-09-08T08:54:30+00:00\",\"breadcrumb\":{\"@id\":\"https:\/\/dimspeed.com\/produit\/coupelle-de-ressort-de-soupape-super-light-competition\/#breadcrumb\"},\"inLanguage\":\"en-GB\",\"potentialAction\":[{\"@type\":\"ReadAction\",\"target\":[\"https:\/\/dimspeed.com\/produit\/coupelle-de-ressort-de-soupape-super-light-competition\/\"]}]},{\"@type\":\"ImageObject\",\"inLanguage\":\"en-GB\",\"@id\":\"https:\/\/dimspeed.com\/produit\/coupelle-de-ressort-de-soupape-super-light-competition\/#primaryimage\",\"url\":\"https:\/\/dimspeed.com\/wp-content\/uploads\/2021\/02\/216_Coupelle-de-ressort-de-soupape-Super-Light-Competition-scaled.jpg\",\"contentUrl\":\"https:\/\/dimspeed.com\/wp-content\/uploads\/2021\/02\/216_Coupelle-de-ressort-de-soupape-Super-Light-Competition-scaled.jpg\",\"width\":1440,\"height\":1920},{\"@type\":\"BreadcrumbList\",\"@id\":\"https:\/\/dimspeed.com\/produit\/coupelle-de-ressort-de-soupape-super-light-competition\/#breadcrumb\",\"itemListElement\":[{\"@type\":\"ListItem\",\"position\":1,\"name\":\"Accueil\",\"item\":\"https:\/\/dimspeed.com\/\"},{\"@type\":\"ListItem\",\"position\":2,\"name\":\"Boutique\",\"item\":\"https:\/\/dimspeed.com\/boutique\/\"},{\"@type\":\"ListItem\",\"position\":3,\"name\":\"Coupelles de Ressort de Soupape Super Light &#8211; Comp\u00e9tition\"}]},{\"@type\":\"WebSite\",\"@id\":\"https:\/\/dimspeed.com\/#website\",\"url\":\"https:\/\/dimspeed.com\/\",\"name\":\"Dimspeed, l&#039;atelier de personnalisation automobile\",\"description\":\"MOTORISTE comp\u00e9tition et collection SPECIALISTE moteur A-SERIE\",\"publisher\":{\"@id\":\"https:\/\/dimspeed.com\/#organization\"},\"potentialAction\":[{\"@type\":\"SearchAction\",\"target\":{\"@type\":\"EntryPoint\",\"urlTemplate\":\"https:\/\/dimspeed.com\/?s={search_term_string}\"},\"query-input\":{\"@type\":\"PropertyValueSpecification\",\"valueRequired\":true,\"valueName\":\"search_term_string\"}}],\"inLanguage\":\"en-GB\"},{\"@type\":\"Organization\",\"@id\":\"https:\/\/dimspeed.com\/#organization\",\"name\":\"Dimspeed, l&#039;atelier de personnalisation automobile\",\"url\":\"https:\/\/dimspeed.com\/\",\"logo\":{\"@type\":\"ImageObject\",\"inLanguage\":\"en-GB\",\"@id\":\"https:\/\/dimspeed.com\/#\/schema\/logo\/image\/\",\"url\":\"https:\/\/dimspeed.com\/wp-content\/uploads\/2020\/11\/logo-site.png\",\"contentUrl\":\"https:\/\/dimspeed.com\/wp-content\/uploads\/2020\/11\/logo-site.png\",\"width\":486,\"height\":178,\"caption\":\"Dimspeed, l&#039;atelier de personnalisation automobile\"},\"image\":{\"@id\":\"https:\/\/dimspeed.com\/#\/schema\/logo\/image\/\"}}]}<\/script>\n<!-- \/ Yoast SEO plugin. -->","yoast_head_json":{"title":"Coupelles de Ressort de Soupape Super Light - Comp\u00e9tition - Dimspeed, l&#039;atelier de personnalisation automobile","robots":{"index":"index","follow":"follow","max-snippet":"max-snippet:-1","max-image-preview":"max-image-preview:large","max-video-preview":"max-video-preview:-1"},"canonical":"https:\/\/dimspeed.com\/en\/product\/coupelle-de-ressort-de-soupape-super-light-competition\/","og_locale":"en_GB","og_type":"article","og_title":"Coupelles de Ressort de Soupape Super Light - Comp\u00e9tition - Dimspeed, l&#039;atelier de personnalisation automobile","og_description":"Fabriqu\u00e9es \u00e0 partir d&#8217;un acier incroyablement r\u00e9sistant qui permet d&#8217;usiner des sections tr\u00e8s fines, ces coupelles sont les plus l\u00e9g\u00e8res et les plus r\u00e9sistantes du march\u00e9. Attention, elles conviennent aux soupapes simple gorge uniquement! Elles sont tr\u00e8s fiable et hautement recommand\u00e9es pour les moteurs de comp\u00e9tition. Vendues par 8.","og_url":"https:\/\/dimspeed.com\/en\/product\/coupelle-de-ressort-de-soupape-super-light-competition\/","og_site_name":"Dimspeed, l&#039;atelier de personnalisation automobile","article_modified_time":"2025-09-08T08:54:30+00:00","og_image":[{"width":1440,"height":1920,"url":"https:\/\/dimspeed.com\/wp-content\/uploads\/2021\/02\/216_Coupelle-de-ressort-de-soupape-Super-Light-Competition-scaled.jpg","type":"image\/jpeg"}],"twitter_card":"summary_large_image","schema":{"@context":"https:\/\/schema.org","@graph":[{"@type":"WebPage","@id":"https:\/\/dimspeed.com\/produit\/coupelle-de-ressort-de-soupape-super-light-competition\/","url":"https:\/\/dimspeed.com\/produit\/coupelle-de-ressort-de-soupape-super-light-competition\/","name":"Coupelles de Ressort de Soupape Super Light - Comp\u00e9tition - Dimspeed, l&#039;atelier de personnalisation automobile","isPartOf":{"@id":"https:\/\/dimspeed.com\/#website"},"primaryImageOfPage":{"@id":"https:\/\/dimspeed.com\/produit\/coupelle-de-ressort-de-soupape-super-light-competition\/#primaryimage"},"image":{"@id":"https:\/\/dimspeed.com\/produit\/coupelle-de-ressort-de-soupape-super-light-competition\/#primaryimage"},"thumbnailUrl":"https:\/\/dimspeed.com\/wp-content\/uploads\/2021\/02\/216_Coupelle-de-ressort-de-soupape-Super-Light-Competition-scaled.jpg","datePublished":"2021-02-21T17:40:21+00:00","dateModified":"2025-09-08T08:54:30+00:00","breadcrumb":{"@id":"https:\/\/dimspeed.com\/produit\/coupelle-de-ressort-de-soupape-super-light-competition\/#breadcrumb"},"inLanguage":"en-GB","potentialAction":[{"@type":"ReadAction","target":["https:\/\/dimspeed.com\/produit\/coupelle-de-ressort-de-soupape-super-light-competition\/"]}]},{"@type":"ImageObject","inLanguage":"en-GB","@id":"https:\/\/dimspeed.com\/produit\/coupelle-de-ressort-de-soupape-super-light-competition\/#primaryimage","url":"https:\/\/dimspeed.com\/wp-content\/uploads\/2021\/02\/216_Coupelle-de-ressort-de-soupape-Super-Light-Competition-scaled.jpg","contentUrl":"https:\/\/dimspeed.com\/wp-content\/uploads\/2021\/02\/216_Coupelle-de-ressort-de-soupape-Super-Light-Competition-scaled.jpg","width":1440,"height":1920},{"@type":"BreadcrumbList","@id":"https:\/\/dimspeed.com\/produit\/coupelle-de-ressort-de-soupape-super-light-competition\/#breadcrumb","itemListElement":[{"@type":"ListItem","position":1,"name":"Accueil","item":"https:\/\/dimspeed.com\/"},{"@type":"ListItem","position":2,"name":"Boutique","item":"https:\/\/dimspeed.com\/boutique\/"},{"@type":"ListItem","position":3,"name":"Coupelles de Ressort de Soupape Super Light &#8211; Comp\u00e9tition"}]},{"@type":"WebSite","@id":"https:\/\/dimspeed.com\/#website","url":"https:\/\/dimspeed.com\/","name":"Dimspeed, l&#039;atelier de personnalisation automobile","description":"MOTORISTE comp\u00e9tition et collection SPECIALISTE moteur A-SERIE","publisher":{"@id":"https:\/\/dimspeed.com\/#organization"},"potentialAction":[{"@type":"SearchAction","target":{"@type":"EntryPoint","urlTemplate":"https:\/\/dimspeed.com\/?s={search_term_string}"},"query-input":{"@type":"PropertyValueSpecification","valueRequired":true,"valueName":"search_term_string"}}],"inLanguage":"en-GB"},{"@type":"Organization","@id":"https:\/\/dimspeed.com\/#organization","name":"Dimspeed, l&#039;atelier de personnalisation automobile","url":"https:\/\/dimspeed.com\/","logo":{"@type":"ImageObject","inLanguage":"en-GB","@id":"https:\/\/dimspeed.com\/#\/schema\/logo\/image\/","url":"https:\/\/dimspeed.com\/wp-content\/uploads\/2020\/11\/logo-site.png","contentUrl":"https:\/\/dimspeed.com\/wp-content\/uploads\/2020\/11\/logo-site.png","width":486,"height":178,"caption":"Dimspeed, l&#039;atelier de personnalisation automobile"},"image":{"@id":"https:\/\/dimspeed.com\/#\/schema\/logo\/image\/"}}]}},"_links":{"self":[{"href":"https:\/\/dimspeed.com\/en\/wp-json\/wp\/v2\/product\/2112","targetHints":{"allow":["GET"]}}],"collection":[{"href":"https:\/\/dimspeed.com\/en\/wp-json\/wp\/v2\/product"}],"about":[{"href":"https:\/\/dimspeed.com\/en\/wp-json\/wp\/v2\/types\/product"}],"version-history":[{"count":1,"href":"https:\/\/dimspeed.com\/en\/wp-json\/wp\/v2\/product\/2112\/revisions"}],"predecessor-version":[{"id":3921,"href":"https:\/\/dimspeed.com\/en\/wp-json\/wp\/v2\/product\/2112\/revisions\/3921"}],"wp:featuredmedia":[{"embeddable":true,"href":"https:\/\/dimspeed.com\/en\/wp-json\/wp\/v2\/media\/2115"}],"wp:attachment":[{"href":"https:\/\/dimspeed.com\/en\/wp-json\/wp\/v2\/media?parent=2112"}],"wp:term":[{"taxonomy":"product_brand","embeddable":true,"href":"https:\/\/dimspeed.com\/en\/wp-json\/wp\/v2\/product_brand?post=2112"},{"taxonomy":"product_cat","embeddable":true,"href":"https:\/\/dimspeed.com\/en\/wp-json\/wp\/v2\/product_cat?post=2112"},{"taxonomy":"product_tag","embeddable":true,"href":"https:\/\/dimspeed.com\/en\/wp-json\/wp\/v2\/product_tag?post=2112"}],"curies":[{"name":"wp","href":"https:\/\/api.w.org\/{rel}","templated":true}]}}