{"id":1248,"date":"2021-01-08T14:53:08","date_gmt":"2021-01-08T13:53:08","guid":{"rendered":"https:\/\/dimspeed.com\/?post_type=product&#038;p=1248"},"modified":"2025-02-14T10:50:51","modified_gmt":"2025-02-14T09:50:51","slug":"jauge-de-mesure-vis-de-bielles","status":"publish","type":"product","link":"https:\/\/dimspeed.com\/en\/product\/jauge-de-mesure-vis-de-bielles\/","title":{"rendered":"ARP Rod Bolt Stretch Gauge"},"content":{"rendered":"<p>We highly recommend using a stretch gauge when installing rod bolts and other fasteners, where it is possible to measure the length of the fastener. It is the most accurate way of measuring preload of any bolt. When using a stretch gauge it's best to measure the fastener prior to starting and monitor overall length during installation. When the bolt has stretched a specified amount, the correct preload or clamping force has been applied.<\/p>\n<p>&nbsp;<\/p>","protected":false},"excerpt":{"rendered":"<p>We highly recommend using a stretch gauge when installing rod bolts and other fasteners, where it is possible to measure the length of the fastener. It is the most accurate way of measuring preload of any bolt. When using a stretch gauge it's best to measure the fastener prior to starting and monitor overall length during installation. When the bolt has stretched a specified amount, the correct preload or clamping force has been applied. &nbsp;<\/p>","protected":false},"featured_media":1351,"template":"","meta":[],"product_brand":[],"product_cat":[28],"product_tag":[92,87,158,69,120],"class_list":{"0":"post-1248","1":"product","2":"type-product","3":"status-publish","4":"has-post-thumbnail","6":"product_cat-outillage","7":"product_tag-bielles","8":"product_tag-bloc","9":"product_tag-bloc-moteur","10":"product_tag-outillage","11":"product_tag-visserie","13":"first","14":"instock","15":"taxable","16":"shipping-taxable","17":"purchasable","18":"product-type-simple"},"yoast_head":"<!-- This site is optimized with the Yoast SEO plugin v27.1.1 - https:\/\/yoast.com\/product\/yoast-seo-wordpress\/ -->\n<title>Jauge de Mesure Vis de Bielles - Dimspeed, l&#039;atelier de personnalisation automobile<\/title>\n<meta name=\"robots\" content=\"index, follow, max-snippet:-1, max-image-preview:large, max-video-preview:-1\" \/>\n<link rel=\"canonical\" href=\"https:\/\/dimspeed.com\/en\/product\/jauge-de-mesure-vis-de-bielles\/\" \/>\n<meta property=\"og:locale\" content=\"en_GB\" \/>\n<meta property=\"og:type\" content=\"article\" \/>\n<meta property=\"og:title\" content=\"Jauge de Mesure Vis de Bielles - Dimspeed, l&#039;atelier de personnalisation automobile\" \/>\n<meta property=\"og:description\" content=\"Cette jauge permet de mesurer l\u2019\u00e9tirement des boulons lors de l\u2019installation des vis de bielles et d\u2019autres \u00e9l\u00e9ments de fixation. Il est important de mesurer la longueur du boulon apr\u00e8s le serrage, en effet, v\u00e9rifier avec une jauge \u00e9lastique est le moyen le plus pr\u00e9cis de d\u00e9terminer la pr\u00e9charge correcte dans le boulon. &nbsp;\" \/>\n<meta property=\"og:url\" content=\"https:\/\/dimspeed.com\/en\/product\/jauge-de-mesure-vis-de-bielles\/\" \/>\n<meta property=\"og:site_name\" content=\"Dimspeed, l&#039;atelier de personnalisation automobile\" \/>\n<meta property=\"article:modified_time\" content=\"2025-02-14T09:50:51+00:00\" \/>\n<meta property=\"og:image\" content=\"https:\/\/dimspeed.com\/wp-content\/uploads\/2021\/01\/001_Jauge-de-mesure-vis-de-bielles.jpg\" \/>\n\t<meta property=\"og:image:width\" content=\"500\" \/>\n\t<meta property=\"og:image:height\" content=\"500\" \/>\n\t<meta property=\"og:image:type\" content=\"image\/jpeg\" \/>\n<meta name=\"twitter:card\" content=\"summary_large_image\" \/>\n<script type=\"application\/ld+json\" class=\"yoast-schema-graph\">{\"@context\":\"https:\/\/schema.org\",\"@graph\":[{\"@type\":\"WebPage\",\"@id\":\"https:\/\/dimspeed.com\/produit\/jauge-de-mesure-vis-de-bielles\/\",\"url\":\"https:\/\/dimspeed.com\/produit\/jauge-de-mesure-vis-de-bielles\/\",\"name\":\"Jauge de Mesure Vis de Bielles - Dimspeed, l&#039;atelier de personnalisation automobile\",\"isPartOf\":{\"@id\":\"https:\/\/dimspeed.com\/#website\"},\"primaryImageOfPage\":{\"@id\":\"https:\/\/dimspeed.com\/produit\/jauge-de-mesure-vis-de-bielles\/#primaryimage\"},\"image\":{\"@id\":\"https:\/\/dimspeed.com\/produit\/jauge-de-mesure-vis-de-bielles\/#primaryimage\"},\"thumbnailUrl\":\"https:\/\/dimspeed.com\/wp-content\/uploads\/2021\/01\/001_Jauge-de-mesure-vis-de-bielles.jpg\",\"datePublished\":\"2021-01-08T13:53:08+00:00\",\"dateModified\":\"2025-02-14T09:50:51+00:00\",\"breadcrumb\":{\"@id\":\"https:\/\/dimspeed.com\/produit\/jauge-de-mesure-vis-de-bielles\/#breadcrumb\"},\"inLanguage\":\"en-GB\",\"potentialAction\":[{\"@type\":\"ReadAction\",\"target\":[\"https:\/\/dimspeed.com\/produit\/jauge-de-mesure-vis-de-bielles\/\"]}]},{\"@type\":\"ImageObject\",\"inLanguage\":\"en-GB\",\"@id\":\"https:\/\/dimspeed.com\/produit\/jauge-de-mesure-vis-de-bielles\/#primaryimage\",\"url\":\"https:\/\/dimspeed.com\/wp-content\/uploads\/2021\/01\/001_Jauge-de-mesure-vis-de-bielles.jpg\",\"contentUrl\":\"https:\/\/dimspeed.com\/wp-content\/uploads\/2021\/01\/001_Jauge-de-mesure-vis-de-bielles.jpg\",\"width\":500,\"height\":500},{\"@type\":\"BreadcrumbList\",\"@id\":\"https:\/\/dimspeed.com\/produit\/jauge-de-mesure-vis-de-bielles\/#breadcrumb\",\"itemListElement\":[{\"@type\":\"ListItem\",\"position\":1,\"name\":\"Accueil\",\"item\":\"https:\/\/dimspeed.com\/\"},{\"@type\":\"ListItem\",\"position\":2,\"name\":\"Boutique\",\"item\":\"https:\/\/dimspeed.com\/boutique\/\"},{\"@type\":\"ListItem\",\"position\":3,\"name\":\"Jauge de Mesure Vis de Bielles\"}]},{\"@type\":\"WebSite\",\"@id\":\"https:\/\/dimspeed.com\/#website\",\"url\":\"https:\/\/dimspeed.com\/\",\"name\":\"Dimspeed, l&#039;atelier de personnalisation automobile\",\"description\":\"MOTORISTE comp\u00e9tition et collection SPECIALISTE moteur A-SERIE\",\"publisher\":{\"@id\":\"https:\/\/dimspeed.com\/#organization\"},\"potentialAction\":[{\"@type\":\"SearchAction\",\"target\":{\"@type\":\"EntryPoint\",\"urlTemplate\":\"https:\/\/dimspeed.com\/?s={search_term_string}\"},\"query-input\":{\"@type\":\"PropertyValueSpecification\",\"valueRequired\":true,\"valueName\":\"search_term_string\"}}],\"inLanguage\":\"en-GB\"},{\"@type\":\"Organization\",\"@id\":\"https:\/\/dimspeed.com\/#organization\",\"name\":\"Dimspeed, l&#039;atelier de personnalisation automobile\",\"url\":\"https:\/\/dimspeed.com\/\",\"logo\":{\"@type\":\"ImageObject\",\"inLanguage\":\"en-GB\",\"@id\":\"https:\/\/dimspeed.com\/#\/schema\/logo\/image\/\",\"url\":\"https:\/\/dimspeed.com\/wp-content\/uploads\/2020\/11\/logo-site.png\",\"contentUrl\":\"https:\/\/dimspeed.com\/wp-content\/uploads\/2020\/11\/logo-site.png\",\"width\":486,\"height\":178,\"caption\":\"Dimspeed, l&#039;atelier de personnalisation automobile\"},\"image\":{\"@id\":\"https:\/\/dimspeed.com\/#\/schema\/logo\/image\/\"}}]}<\/script>\n<!-- \/ Yoast SEO plugin. -->","yoast_head_json":{"title":"Jauge de Mesure Vis de Bielles - Dimspeed, l&#039;atelier de personnalisation automobile","robots":{"index":"index","follow":"follow","max-snippet":"max-snippet:-1","max-image-preview":"max-image-preview:large","max-video-preview":"max-video-preview:-1"},"canonical":"https:\/\/dimspeed.com\/en\/product\/jauge-de-mesure-vis-de-bielles\/","og_locale":"en_GB","og_type":"article","og_title":"Jauge de Mesure Vis de Bielles - Dimspeed, l&#039;atelier de personnalisation automobile","og_description":"Cette jauge permet de mesurer l\u2019\u00e9tirement des boulons lors de l\u2019installation des vis de bielles et d\u2019autres \u00e9l\u00e9ments de fixation. Il est important de mesurer la longueur du boulon apr\u00e8s le serrage, en effet, v\u00e9rifier avec une jauge \u00e9lastique est le moyen le plus pr\u00e9cis de d\u00e9terminer la pr\u00e9charge correcte dans le boulon. &nbsp;","og_url":"https:\/\/dimspeed.com\/en\/product\/jauge-de-mesure-vis-de-bielles\/","og_site_name":"Dimspeed, l&#039;atelier de personnalisation automobile","article_modified_time":"2025-02-14T09:50:51+00:00","og_image":[{"width":500,"height":500,"url":"https:\/\/dimspeed.com\/wp-content\/uploads\/2021\/01\/001_Jauge-de-mesure-vis-de-bielles.jpg","type":"image\/jpeg"}],"twitter_card":"summary_large_image","schema":{"@context":"https:\/\/schema.org","@graph":[{"@type":"WebPage","@id":"https:\/\/dimspeed.com\/produit\/jauge-de-mesure-vis-de-bielles\/","url":"https:\/\/dimspeed.com\/produit\/jauge-de-mesure-vis-de-bielles\/","name":"Jauge de Mesure Vis de Bielles - Dimspeed, l&#039;atelier de personnalisation automobile","isPartOf":{"@id":"https:\/\/dimspeed.com\/#website"},"primaryImageOfPage":{"@id":"https:\/\/dimspeed.com\/produit\/jauge-de-mesure-vis-de-bielles\/#primaryimage"},"image":{"@id":"https:\/\/dimspeed.com\/produit\/jauge-de-mesure-vis-de-bielles\/#primaryimage"},"thumbnailUrl":"https:\/\/dimspeed.com\/wp-content\/uploads\/2021\/01\/001_Jauge-de-mesure-vis-de-bielles.jpg","datePublished":"2021-01-08T13:53:08+00:00","dateModified":"2025-02-14T09:50:51+00:00","breadcrumb":{"@id":"https:\/\/dimspeed.com\/produit\/jauge-de-mesure-vis-de-bielles\/#breadcrumb"},"inLanguage":"en-GB","potentialAction":[{"@type":"ReadAction","target":["https:\/\/dimspeed.com\/produit\/jauge-de-mesure-vis-de-bielles\/"]}]},{"@type":"ImageObject","inLanguage":"en-GB","@id":"https:\/\/dimspeed.com\/produit\/jauge-de-mesure-vis-de-bielles\/#primaryimage","url":"https:\/\/dimspeed.com\/wp-content\/uploads\/2021\/01\/001_Jauge-de-mesure-vis-de-bielles.jpg","contentUrl":"https:\/\/dimspeed.com\/wp-content\/uploads\/2021\/01\/001_Jauge-de-mesure-vis-de-bielles.jpg","width":500,"height":500},{"@type":"BreadcrumbList","@id":"https:\/\/dimspeed.com\/produit\/jauge-de-mesure-vis-de-bielles\/#breadcrumb","itemListElement":[{"@type":"ListItem","position":1,"name":"Accueil","item":"https:\/\/dimspeed.com\/"},{"@type":"ListItem","position":2,"name":"Boutique","item":"https:\/\/dimspeed.com\/boutique\/"},{"@type":"ListItem","position":3,"name":"Jauge de Mesure Vis de Bielles"}]},{"@type":"WebSite","@id":"https:\/\/dimspeed.com\/#website","url":"https:\/\/dimspeed.com\/","name":"Dimspeed, l&#039;atelier de personnalisation automobile","description":"MOTORISTE comp\u00e9tition et collection SPECIALISTE moteur A-SERIE","publisher":{"@id":"https:\/\/dimspeed.com\/#organization"},"potentialAction":[{"@type":"SearchAction","target":{"@type":"EntryPoint","urlTemplate":"https:\/\/dimspeed.com\/?s={search_term_string}"},"query-input":{"@type":"PropertyValueSpecification","valueRequired":true,"valueName":"search_term_string"}}],"inLanguage":"en-GB"},{"@type":"Organization","@id":"https:\/\/dimspeed.com\/#organization","name":"Dimspeed, l&#039;atelier de personnalisation automobile","url":"https:\/\/dimspeed.com\/","logo":{"@type":"ImageObject","inLanguage":"en-GB","@id":"https:\/\/dimspeed.com\/#\/schema\/logo\/image\/","url":"https:\/\/dimspeed.com\/wp-content\/uploads\/2020\/11\/logo-site.png","contentUrl":"https:\/\/dimspeed.com\/wp-content\/uploads\/2020\/11\/logo-site.png","width":486,"height":178,"caption":"Dimspeed, l&#039;atelier de personnalisation automobile"},"image":{"@id":"https:\/\/dimspeed.com\/#\/schema\/logo\/image\/"}}]}},"_links":{"self":[{"href":"https:\/\/dimspeed.com\/en\/wp-json\/wp\/v2\/product\/1248","targetHints":{"allow":["GET"]}}],"collection":[{"href":"https:\/\/dimspeed.com\/en\/wp-json\/wp\/v2\/product"}],"about":[{"href":"https:\/\/dimspeed.com\/en\/wp-json\/wp\/v2\/types\/product"}],"version-history":[{"count":2,"href":"https:\/\/dimspeed.com\/en\/wp-json\/wp\/v2\/product\/1248\/revisions"}],"predecessor-version":[{"id":4041,"href":"https:\/\/dimspeed.com\/en\/wp-json\/wp\/v2\/product\/1248\/revisions\/4041"}],"wp:featuredmedia":[{"embeddable":true,"href":"https:\/\/dimspeed.com\/en\/wp-json\/wp\/v2\/media\/1351"}],"wp:attachment":[{"href":"https:\/\/dimspeed.com\/en\/wp-json\/wp\/v2\/media?parent=1248"}],"wp:term":[{"taxonomy":"product_brand","embeddable":true,"href":"https:\/\/dimspeed.com\/en\/wp-json\/wp\/v2\/product_brand?post=1248"},{"taxonomy":"product_cat","embeddable":true,"href":"https:\/\/dimspeed.com\/en\/wp-json\/wp\/v2\/product_cat?post=1248"},{"taxonomy":"product_tag","embeddable":true,"href":"https:\/\/dimspeed.com\/en\/wp-json\/wp\/v2\/product_tag?post=1248"}],"curies":[{"name":"wp","href":"https:\/\/api.w.org\/{rel}","templated":true}]}}