{"id":1211,"date":"2021-01-08T14:32:42","date_gmt":"2021-01-08T13:32:42","guid":{"rendered":"https:\/\/dimspeed.com\/?post_type=product&#038;p=1211"},"modified":"2025-04-29T09:58:40","modified_gmt":"2025-04-29T07:58:40","slug":"plaquette-de-frein-mini-2","status":"publish","type":"product","link":"https:\/\/dimspeed.com\/en\/product\/plaquette-de-frein-mini-2\/","title":{"rendered":"CL Brake Pad - Standard 12\" 8.4 Caliper"},"content":{"rendered":"<p>CL BRAKES are considered as a world leader in the industry of manufacturing brake components. The sintered material brake pad gives outstanding brake power. It also means less problems and more track time, and no more constantly swapping pads. All CL compounds have minimal compound compression, this means minimal losses from your brake pedal to the friction surfaces, giving a more accurate and solid feel right up to \"lock up\". There are two types of compounds:<\/p>\n<p>RC6 - Average friction coefficient of 0.5<br \/>\nRC8 - Average friction coefficient of 0.6<\/p>\n<p>Please see below their differences:<\/p>\n<p>RC6 - An outstanding reference point racing pad, amazing levels of grip and feel. Designed for full racing use with either high grip race compound treaded tyres or full slicks.<\/p>\n<p>RC8 - Highest grip compound that offers one of the highest co-efficient available anywhere. Out of the two we would always choose the RC8 compound for that extra competitive edge, superb bite and yet still able to feel brake pedal pressure.<\/p>\n<p>Brake pad set for Cooper S caliper.<\/p>","protected":false},"excerpt":{"rendered":"<p>CL BRAKES le leader mondial de la plaquette de frein. Ces plaquettes sont en m\u00e9tal fritt\u00e9 et vous permettent un freinage optimal. Toute la gamme est caract\u00e9ris\u00e9e par une \u00abattaque\u00bb franche du freinage. Elles sont hautement recommand\u00e9es pour la comp\u00e9tition et sont utilis\u00e9es au plus haut niveau. Ils existent deux types de composants: RC6 &#8211; [&hellip;]<\/p>","protected":false},"featured_media":1386,"template":"","meta":[],"product_brand":[],"product_cat":[27],"product_tag":[73,202,94,64,182],"class_list":{"0":"post-1211","1":"product","2":"type-product","3":"status-publish","4":"has-post-thumbnail","6":"product_cat-chassis","7":"product_tag-chassis","8":"product_tag-freins","9":"product_tag-plaquette","10":"product_tag-race","11":"product_tag-route","13":"first","14":"instock","15":"taxable","16":"shipping-taxable","17":"purchasable","18":"product-type-variable"},"yoast_head":"<!-- This site is optimized with the Yoast SEO plugin v27.1.1 - https:\/\/yoast.com\/product\/yoast-seo-wordpress\/ -->\n<title>Plaquette de Frein mini - Dimspeed, l&#039;atelier de personnalisation automobile<\/title>\n<meta name=\"robots\" content=\"index, follow, max-snippet:-1, max-image-preview:large, max-video-preview:-1\" \/>\n<link rel=\"canonical\" href=\"https:\/\/dimspeed.com\/en\/product\/plaquette-de-frein-mini-2\/\" \/>\n<meta property=\"og:locale\" content=\"en_GB\" \/>\n<meta property=\"og:type\" content=\"article\" \/>\n<meta property=\"og:title\" content=\"Plaquette de Frein mini - Dimspeed, l&#039;atelier de personnalisation automobile\" \/>\n<meta property=\"og:description\" content=\"CL BRAKES le leader mondial de la plaquette de frein. Ces plaquettes sont en m\u00e9tal fritt\u00e9 et vous permettent un freinage optimal. Toute la gamme est caract\u00e9ris\u00e9e par une \u00abattaque\u00bb franche du freinage. Elles sont hautement recommand\u00e9es pour la comp\u00e9tition et sont utilis\u00e9es au plus haut niveau. Ils existent deux types de composants: RC6 &#8211; [&hellip;]\" \/>\n<meta property=\"og:url\" content=\"https:\/\/dimspeed.com\/en\/product\/plaquette-de-frein-mini-2\/\" \/>\n<meta property=\"og:site_name\" content=\"Dimspeed, l&#039;atelier de personnalisation automobile\" \/>\n<meta property=\"article:modified_time\" content=\"2025-04-29T07:58:40+00:00\" \/>\n<meta property=\"og:image\" content=\"https:\/\/dimspeed.com\/wp-content\/uploads\/2021\/01\/022_Plaquettes-de-freins-Mini.jpg\" \/>\n\t<meta property=\"og:image:width\" content=\"500\" \/>\n\t<meta property=\"og:image:height\" content=\"500\" \/>\n\t<meta property=\"og:image:type\" content=\"image\/jpeg\" \/>\n<meta name=\"twitter:card\" content=\"summary_large_image\" \/>\n<meta name=\"twitter:label1\" content=\"Estimated reading time\" \/>\n\t<meta name=\"twitter:data1\" content=\"1 minute\" \/>\n<script type=\"application\/ld+json\" class=\"yoast-schema-graph\">{\"@context\":\"https:\/\/schema.org\",\"@graph\":[{\"@type\":\"WebPage\",\"@id\":\"https:\/\/dimspeed.com\/produit\/plaquette-de-frein-mini-2\/\",\"url\":\"https:\/\/dimspeed.com\/produit\/plaquette-de-frein-mini-2\/\",\"name\":\"Plaquette de Frein mini - Dimspeed, l&#039;atelier de personnalisation automobile\",\"isPartOf\":{\"@id\":\"https:\/\/dimspeed.com\/#website\"},\"primaryImageOfPage\":{\"@id\":\"https:\/\/dimspeed.com\/produit\/plaquette-de-frein-mini-2\/#primaryimage\"},\"image\":{\"@id\":\"https:\/\/dimspeed.com\/produit\/plaquette-de-frein-mini-2\/#primaryimage\"},\"thumbnailUrl\":\"https:\/\/dimspeed.com\/wp-content\/uploads\/2021\/01\/022_Plaquettes-de-freins-Mini.jpg\",\"datePublished\":\"2021-01-08T13:32:42+00:00\",\"dateModified\":\"2025-04-29T07:58:40+00:00\",\"breadcrumb\":{\"@id\":\"https:\/\/dimspeed.com\/produit\/plaquette-de-frein-mini-2\/#breadcrumb\"},\"inLanguage\":\"en-GB\",\"potentialAction\":[{\"@type\":\"ReadAction\",\"target\":[\"https:\/\/dimspeed.com\/produit\/plaquette-de-frein-mini-2\/\"]}]},{\"@type\":\"ImageObject\",\"inLanguage\":\"en-GB\",\"@id\":\"https:\/\/dimspeed.com\/produit\/plaquette-de-frein-mini-2\/#primaryimage\",\"url\":\"https:\/\/dimspeed.com\/wp-content\/uploads\/2021\/01\/022_Plaquettes-de-freins-Mini.jpg\",\"contentUrl\":\"https:\/\/dimspeed.com\/wp-content\/uploads\/2021\/01\/022_Plaquettes-de-freins-Mini.jpg\",\"width\":500,\"height\":500},{\"@type\":\"BreadcrumbList\",\"@id\":\"https:\/\/dimspeed.com\/produit\/plaquette-de-frein-mini-2\/#breadcrumb\",\"itemListElement\":[{\"@type\":\"ListItem\",\"position\":1,\"name\":\"Accueil\",\"item\":\"https:\/\/dimspeed.com\/\"},{\"@type\":\"ListItem\",\"position\":2,\"name\":\"Boutique\",\"item\":\"https:\/\/dimspeed.com\/boutique\/\"},{\"@type\":\"ListItem\",\"position\":3,\"name\":\"Plaquette de Frein mini\"}]},{\"@type\":\"WebSite\",\"@id\":\"https:\/\/dimspeed.com\/#website\",\"url\":\"https:\/\/dimspeed.com\/\",\"name\":\"Dimspeed, l&#039;atelier de personnalisation automobile\",\"description\":\"MOTORISTE comp\u00e9tition et collection SPECIALISTE moteur A-SERIE\",\"publisher\":{\"@id\":\"https:\/\/dimspeed.com\/#organization\"},\"potentialAction\":[{\"@type\":\"SearchAction\",\"target\":{\"@type\":\"EntryPoint\",\"urlTemplate\":\"https:\/\/dimspeed.com\/?s={search_term_string}\"},\"query-input\":{\"@type\":\"PropertyValueSpecification\",\"valueRequired\":true,\"valueName\":\"search_term_string\"}}],\"inLanguage\":\"en-GB\"},{\"@type\":\"Organization\",\"@id\":\"https:\/\/dimspeed.com\/#organization\",\"name\":\"Dimspeed, l&#039;atelier de personnalisation automobile\",\"url\":\"https:\/\/dimspeed.com\/\",\"logo\":{\"@type\":\"ImageObject\",\"inLanguage\":\"en-GB\",\"@id\":\"https:\/\/dimspeed.com\/#\/schema\/logo\/image\/\",\"url\":\"https:\/\/dimspeed.com\/wp-content\/uploads\/2020\/11\/logo-site.png\",\"contentUrl\":\"https:\/\/dimspeed.com\/wp-content\/uploads\/2020\/11\/logo-site.png\",\"width\":486,\"height\":178,\"caption\":\"Dimspeed, l&#039;atelier de personnalisation automobile\"},\"image\":{\"@id\":\"https:\/\/dimspeed.com\/#\/schema\/logo\/image\/\"}}]}<\/script>\n<!-- \/ Yoast SEO plugin. -->","yoast_head_json":{"title":"Plaquette de Frein mini - Dimspeed, l&#039;atelier de personnalisation automobile","robots":{"index":"index","follow":"follow","max-snippet":"max-snippet:-1","max-image-preview":"max-image-preview:large","max-video-preview":"max-video-preview:-1"},"canonical":"https:\/\/dimspeed.com\/en\/product\/plaquette-de-frein-mini-2\/","og_locale":"en_GB","og_type":"article","og_title":"Plaquette de Frein mini - Dimspeed, l&#039;atelier de personnalisation automobile","og_description":"CL BRAKES le leader mondial de la plaquette de frein. Ces plaquettes sont en m\u00e9tal fritt\u00e9 et vous permettent un freinage optimal. Toute la gamme est caract\u00e9ris\u00e9e par une \u00abattaque\u00bb franche du freinage. Elles sont hautement recommand\u00e9es pour la comp\u00e9tition et sont utilis\u00e9es au plus haut niveau. Ils existent deux types de composants: RC6 &#8211; [&hellip;]","og_url":"https:\/\/dimspeed.com\/en\/product\/plaquette-de-frein-mini-2\/","og_site_name":"Dimspeed, l&#039;atelier de personnalisation automobile","article_modified_time":"2025-04-29T07:58:40+00:00","og_image":[{"width":500,"height":500,"url":"https:\/\/dimspeed.com\/wp-content\/uploads\/2021\/01\/022_Plaquettes-de-freins-Mini.jpg","type":"image\/jpeg"}],"twitter_card":"summary_large_image","twitter_misc":{"Estimated reading time":"1 minute"},"schema":{"@context":"https:\/\/schema.org","@graph":[{"@type":"WebPage","@id":"https:\/\/dimspeed.com\/produit\/plaquette-de-frein-mini-2\/","url":"https:\/\/dimspeed.com\/produit\/plaquette-de-frein-mini-2\/","name":"Plaquette de Frein mini - Dimspeed, l&#039;atelier de personnalisation automobile","isPartOf":{"@id":"https:\/\/dimspeed.com\/#website"},"primaryImageOfPage":{"@id":"https:\/\/dimspeed.com\/produit\/plaquette-de-frein-mini-2\/#primaryimage"},"image":{"@id":"https:\/\/dimspeed.com\/produit\/plaquette-de-frein-mini-2\/#primaryimage"},"thumbnailUrl":"https:\/\/dimspeed.com\/wp-content\/uploads\/2021\/01\/022_Plaquettes-de-freins-Mini.jpg","datePublished":"2021-01-08T13:32:42+00:00","dateModified":"2025-04-29T07:58:40+00:00","breadcrumb":{"@id":"https:\/\/dimspeed.com\/produit\/plaquette-de-frein-mini-2\/#breadcrumb"},"inLanguage":"en-GB","potentialAction":[{"@type":"ReadAction","target":["https:\/\/dimspeed.com\/produit\/plaquette-de-frein-mini-2\/"]}]},{"@type":"ImageObject","inLanguage":"en-GB","@id":"https:\/\/dimspeed.com\/produit\/plaquette-de-frein-mini-2\/#primaryimage","url":"https:\/\/dimspeed.com\/wp-content\/uploads\/2021\/01\/022_Plaquettes-de-freins-Mini.jpg","contentUrl":"https:\/\/dimspeed.com\/wp-content\/uploads\/2021\/01\/022_Plaquettes-de-freins-Mini.jpg","width":500,"height":500},{"@type":"BreadcrumbList","@id":"https:\/\/dimspeed.com\/produit\/plaquette-de-frein-mini-2\/#breadcrumb","itemListElement":[{"@type":"ListItem","position":1,"name":"Accueil","item":"https:\/\/dimspeed.com\/"},{"@type":"ListItem","position":2,"name":"Boutique","item":"https:\/\/dimspeed.com\/boutique\/"},{"@type":"ListItem","position":3,"name":"Plaquette de Frein mini"}]},{"@type":"WebSite","@id":"https:\/\/dimspeed.com\/#website","url":"https:\/\/dimspeed.com\/","name":"Dimspeed, l&#039;atelier de personnalisation automobile","description":"MOTORISTE comp\u00e9tition et collection SPECIALISTE moteur A-SERIE","publisher":{"@id":"https:\/\/dimspeed.com\/#organization"},"potentialAction":[{"@type":"SearchAction","target":{"@type":"EntryPoint","urlTemplate":"https:\/\/dimspeed.com\/?s={search_term_string}"},"query-input":{"@type":"PropertyValueSpecification","valueRequired":true,"valueName":"search_term_string"}}],"inLanguage":"en-GB"},{"@type":"Organization","@id":"https:\/\/dimspeed.com\/#organization","name":"Dimspeed, l&#039;atelier de personnalisation automobile","url":"https:\/\/dimspeed.com\/","logo":{"@type":"ImageObject","inLanguage":"en-GB","@id":"https:\/\/dimspeed.com\/#\/schema\/logo\/image\/","url":"https:\/\/dimspeed.com\/wp-content\/uploads\/2020\/11\/logo-site.png","contentUrl":"https:\/\/dimspeed.com\/wp-content\/uploads\/2020\/11\/logo-site.png","width":486,"height":178,"caption":"Dimspeed, l&#039;atelier de personnalisation automobile"},"image":{"@id":"https:\/\/dimspeed.com\/#\/schema\/logo\/image\/"}}]}},"_links":{"self":[{"href":"https:\/\/dimspeed.com\/en\/wp-json\/wp\/v2\/product\/1211","targetHints":{"allow":["GET"]}}],"collection":[{"href":"https:\/\/dimspeed.com\/en\/wp-json\/wp\/v2\/product"}],"about":[{"href":"https:\/\/dimspeed.com\/en\/wp-json\/wp\/v2\/types\/product"}],"version-history":[{"count":1,"href":"https:\/\/dimspeed.com\/en\/wp-json\/wp\/v2\/product\/1211\/revisions"}],"predecessor-version":[{"id":3581,"href":"https:\/\/dimspeed.com\/en\/wp-json\/wp\/v2\/product\/1211\/revisions\/3581"}],"wp:featuredmedia":[{"embeddable":true,"href":"https:\/\/dimspeed.com\/en\/wp-json\/wp\/v2\/media\/1386"}],"wp:attachment":[{"href":"https:\/\/dimspeed.com\/en\/wp-json\/wp\/v2\/media?parent=1211"}],"wp:term":[{"taxonomy":"product_brand","embeddable":true,"href":"https:\/\/dimspeed.com\/en\/wp-json\/wp\/v2\/product_brand?post=1211"},{"taxonomy":"product_cat","embeddable":true,"href":"https:\/\/dimspeed.com\/en\/wp-json\/wp\/v2\/product_cat?post=1211"},{"taxonomy":"product_tag","embeddable":true,"href":"https:\/\/dimspeed.com\/en\/wp-json\/wp\/v2\/product_tag?post=1211"}],"curies":[{"name":"wp","href":"https:\/\/api.w.org\/{rel}","templated":true}]}}