{"id":1194,"date":"2021-01-08T14:19:06","date_gmt":"2021-01-08T13:19:06","guid":{"rendered":"https:\/\/dimspeed.com\/?post_type=product&#038;p=1194"},"modified":"2025-02-14T10:54:36","modified_gmt":"2025-02-14T09:54:36","slug":"cales-de-roulement-swiftune-2","status":"publish","type":"product","link":"https:\/\/dimspeed.com\/en\/product\/cales-de-roulement-swiftune-2\/","title":{"rendered":"Swiftune Front Wheel Hub Spacer"},"content":{"rendered":"<p>Swiftune produced these Wheel Bearing spacers. The new spacer has been made from a hardened material than the original one, therefore the wheel bearings don't need to be constantly checked. They help to stop the bearings from squashing up and increase wheel bearing stability and life.<\/p>\n<p>Sold as a pair.<\/p>","protected":false},"excerpt":{"rendered":"<p>Cales de roulement d\u00e9velopp\u00e9es par Swiftune. Con\u00e7ues avec un composant plus r\u00e9sistant que celui d&#8217;origine, elle permettent de ne pas avoir \u00e0 contr\u00f4ler le jeu aux roulement apr\u00e8s chaque roulage et offrent ainsi une plus longue long\u00e9vit\u00e9 de vos roulements. Vendues par 2.<\/p>","protected":false},"featured_media":1393,"template":"","meta":[],"product_brand":[],"product_cat":[27],"product_tag":[73,64,185,162],"class_list":{"0":"post-1194","1":"product","2":"type-product","3":"status-publish","4":"has-post-thumbnail","6":"product_cat-chassis","7":"product_tag-chassis","8":"product_tag-race","9":"product_tag-roue","10":"product_tag-swiftune","12":"first","13":"instock","14":"taxable","15":"shipping-taxable","16":"purchasable","17":"product-type-simple"},"yoast_head":"<!-- This site is optimized with the Yoast SEO plugin v27.1.1 - https:\/\/yoast.com\/product\/yoast-seo-wordpress\/ -->\n<title>Cales de Roulement Swiftune - Dimspeed, l&#039;atelier de personnalisation automobile<\/title>\n<meta name=\"robots\" content=\"index, follow, max-snippet:-1, max-image-preview:large, max-video-preview:-1\" \/>\n<link rel=\"canonical\" href=\"https:\/\/dimspeed.com\/en\/product\/cales-de-roulement-swiftune-2\/\" \/>\n<meta property=\"og:locale\" content=\"en_GB\" \/>\n<meta property=\"og:type\" content=\"article\" \/>\n<meta property=\"og:title\" content=\"Cales de Roulement Swiftune - Dimspeed, l&#039;atelier de personnalisation automobile\" \/>\n<meta property=\"og:description\" content=\"Cales de roulement d\u00e9velopp\u00e9es par Swiftune. Con\u00e7ues avec un composant plus r\u00e9sistant que celui d&#8217;origine, elle permettent de ne pas avoir \u00e0 contr\u00f4ler le jeu aux roulement apr\u00e8s chaque roulage et offrent ainsi une plus longue long\u00e9vit\u00e9 de vos roulements. Vendues par 2.\" \/>\n<meta property=\"og:url\" content=\"https:\/\/dimspeed.com\/en\/product\/cales-de-roulement-swiftune-2\/\" \/>\n<meta property=\"og:site_name\" content=\"Dimspeed, l&#039;atelier de personnalisation automobile\" \/>\n<meta property=\"article:modified_time\" content=\"2025-02-14T09:54:36+00:00\" \/>\n<meta property=\"og:image\" content=\"https:\/\/dimspeed.com\/wp-content\/uploads\/2021\/01\/026_Cales-de-roulement-Swiftune.jpg\" \/>\n\t<meta property=\"og:image:width\" content=\"500\" \/>\n\t<meta property=\"og:image:height\" content=\"500\" \/>\n\t<meta property=\"og:image:type\" content=\"image\/jpeg\" \/>\n<meta name=\"twitter:card\" content=\"summary_large_image\" \/>\n<script type=\"application\/ld+json\" class=\"yoast-schema-graph\">{\"@context\":\"https:\/\/schema.org\",\"@graph\":[{\"@type\":\"WebPage\",\"@id\":\"https:\/\/dimspeed.com\/produit\/cales-de-roulement-swiftune-2\/\",\"url\":\"https:\/\/dimspeed.com\/produit\/cales-de-roulement-swiftune-2\/\",\"name\":\"Cales de Roulement Swiftune - Dimspeed, l&#039;atelier de personnalisation automobile\",\"isPartOf\":{\"@id\":\"https:\/\/dimspeed.com\/#website\"},\"primaryImageOfPage\":{\"@id\":\"https:\/\/dimspeed.com\/produit\/cales-de-roulement-swiftune-2\/#primaryimage\"},\"image\":{\"@id\":\"https:\/\/dimspeed.com\/produit\/cales-de-roulement-swiftune-2\/#primaryimage\"},\"thumbnailUrl\":\"https:\/\/dimspeed.com\/wp-content\/uploads\/2021\/01\/026_Cales-de-roulement-Swiftune.jpg\",\"datePublished\":\"2021-01-08T13:19:06+00:00\",\"dateModified\":\"2025-02-14T09:54:36+00:00\",\"breadcrumb\":{\"@id\":\"https:\/\/dimspeed.com\/produit\/cales-de-roulement-swiftune-2\/#breadcrumb\"},\"inLanguage\":\"en-GB\",\"potentialAction\":[{\"@type\":\"ReadAction\",\"target\":[\"https:\/\/dimspeed.com\/produit\/cales-de-roulement-swiftune-2\/\"]}]},{\"@type\":\"ImageObject\",\"inLanguage\":\"en-GB\",\"@id\":\"https:\/\/dimspeed.com\/produit\/cales-de-roulement-swiftune-2\/#primaryimage\",\"url\":\"https:\/\/dimspeed.com\/wp-content\/uploads\/2021\/01\/026_Cales-de-roulement-Swiftune.jpg\",\"contentUrl\":\"https:\/\/dimspeed.com\/wp-content\/uploads\/2021\/01\/026_Cales-de-roulement-Swiftune.jpg\",\"width\":500,\"height\":500},{\"@type\":\"BreadcrumbList\",\"@id\":\"https:\/\/dimspeed.com\/produit\/cales-de-roulement-swiftune-2\/#breadcrumb\",\"itemListElement\":[{\"@type\":\"ListItem\",\"position\":1,\"name\":\"Accueil\",\"item\":\"https:\/\/dimspeed.com\/\"},{\"@type\":\"ListItem\",\"position\":2,\"name\":\"Boutique\",\"item\":\"https:\/\/dimspeed.com\/boutique\/\"},{\"@type\":\"ListItem\",\"position\":3,\"name\":\"Cales de Roulement Swiftune\"}]},{\"@type\":\"WebSite\",\"@id\":\"https:\/\/dimspeed.com\/#website\",\"url\":\"https:\/\/dimspeed.com\/\",\"name\":\"Dimspeed, l&#039;atelier de personnalisation automobile\",\"description\":\"MOTORISTE comp\u00e9tition et collection SPECIALISTE moteur A-SERIE\",\"publisher\":{\"@id\":\"https:\/\/dimspeed.com\/#organization\"},\"potentialAction\":[{\"@type\":\"SearchAction\",\"target\":{\"@type\":\"EntryPoint\",\"urlTemplate\":\"https:\/\/dimspeed.com\/?s={search_term_string}\"},\"query-input\":{\"@type\":\"PropertyValueSpecification\",\"valueRequired\":true,\"valueName\":\"search_term_string\"}}],\"inLanguage\":\"en-GB\"},{\"@type\":\"Organization\",\"@id\":\"https:\/\/dimspeed.com\/#organization\",\"name\":\"Dimspeed, l&#039;atelier de personnalisation automobile\",\"url\":\"https:\/\/dimspeed.com\/\",\"logo\":{\"@type\":\"ImageObject\",\"inLanguage\":\"en-GB\",\"@id\":\"https:\/\/dimspeed.com\/#\/schema\/logo\/image\/\",\"url\":\"https:\/\/dimspeed.com\/wp-content\/uploads\/2020\/11\/logo-site.png\",\"contentUrl\":\"https:\/\/dimspeed.com\/wp-content\/uploads\/2020\/11\/logo-site.png\",\"width\":486,\"height\":178,\"caption\":\"Dimspeed, l&#039;atelier de personnalisation automobile\"},\"image\":{\"@id\":\"https:\/\/dimspeed.com\/#\/schema\/logo\/image\/\"}}]}<\/script>\n<!-- \/ Yoast SEO plugin. -->","yoast_head_json":{"title":"Cales de Roulement Swiftune - Dimspeed, l&#039;atelier de personnalisation automobile","robots":{"index":"index","follow":"follow","max-snippet":"max-snippet:-1","max-image-preview":"max-image-preview:large","max-video-preview":"max-video-preview:-1"},"canonical":"https:\/\/dimspeed.com\/en\/product\/cales-de-roulement-swiftune-2\/","og_locale":"en_GB","og_type":"article","og_title":"Cales de Roulement Swiftune - Dimspeed, l&#039;atelier de personnalisation automobile","og_description":"Cales de roulement d\u00e9velopp\u00e9es par Swiftune. Con\u00e7ues avec un composant plus r\u00e9sistant que celui d&#8217;origine, elle permettent de ne pas avoir \u00e0 contr\u00f4ler le jeu aux roulement apr\u00e8s chaque roulage et offrent ainsi une plus longue long\u00e9vit\u00e9 de vos roulements. Vendues par 2.","og_url":"https:\/\/dimspeed.com\/en\/product\/cales-de-roulement-swiftune-2\/","og_site_name":"Dimspeed, l&#039;atelier de personnalisation automobile","article_modified_time":"2025-02-14T09:54:36+00:00","og_image":[{"width":500,"height":500,"url":"https:\/\/dimspeed.com\/wp-content\/uploads\/2021\/01\/026_Cales-de-roulement-Swiftune.jpg","type":"image\/jpeg"}],"twitter_card":"summary_large_image","schema":{"@context":"https:\/\/schema.org","@graph":[{"@type":"WebPage","@id":"https:\/\/dimspeed.com\/produit\/cales-de-roulement-swiftune-2\/","url":"https:\/\/dimspeed.com\/produit\/cales-de-roulement-swiftune-2\/","name":"Cales de Roulement Swiftune - Dimspeed, l&#039;atelier de personnalisation automobile","isPartOf":{"@id":"https:\/\/dimspeed.com\/#website"},"primaryImageOfPage":{"@id":"https:\/\/dimspeed.com\/produit\/cales-de-roulement-swiftune-2\/#primaryimage"},"image":{"@id":"https:\/\/dimspeed.com\/produit\/cales-de-roulement-swiftune-2\/#primaryimage"},"thumbnailUrl":"https:\/\/dimspeed.com\/wp-content\/uploads\/2021\/01\/026_Cales-de-roulement-Swiftune.jpg","datePublished":"2021-01-08T13:19:06+00:00","dateModified":"2025-02-14T09:54:36+00:00","breadcrumb":{"@id":"https:\/\/dimspeed.com\/produit\/cales-de-roulement-swiftune-2\/#breadcrumb"},"inLanguage":"en-GB","potentialAction":[{"@type":"ReadAction","target":["https:\/\/dimspeed.com\/produit\/cales-de-roulement-swiftune-2\/"]}]},{"@type":"ImageObject","inLanguage":"en-GB","@id":"https:\/\/dimspeed.com\/produit\/cales-de-roulement-swiftune-2\/#primaryimage","url":"https:\/\/dimspeed.com\/wp-content\/uploads\/2021\/01\/026_Cales-de-roulement-Swiftune.jpg","contentUrl":"https:\/\/dimspeed.com\/wp-content\/uploads\/2021\/01\/026_Cales-de-roulement-Swiftune.jpg","width":500,"height":500},{"@type":"BreadcrumbList","@id":"https:\/\/dimspeed.com\/produit\/cales-de-roulement-swiftune-2\/#breadcrumb","itemListElement":[{"@type":"ListItem","position":1,"name":"Accueil","item":"https:\/\/dimspeed.com\/"},{"@type":"ListItem","position":2,"name":"Boutique","item":"https:\/\/dimspeed.com\/boutique\/"},{"@type":"ListItem","position":3,"name":"Cales de Roulement Swiftune"}]},{"@type":"WebSite","@id":"https:\/\/dimspeed.com\/#website","url":"https:\/\/dimspeed.com\/","name":"Dimspeed, l&#039;atelier de personnalisation automobile","description":"MOTORISTE comp\u00e9tition et collection SPECIALISTE moteur A-SERIE","publisher":{"@id":"https:\/\/dimspeed.com\/#organization"},"potentialAction":[{"@type":"SearchAction","target":{"@type":"EntryPoint","urlTemplate":"https:\/\/dimspeed.com\/?s={search_term_string}"},"query-input":{"@type":"PropertyValueSpecification","valueRequired":true,"valueName":"search_term_string"}}],"inLanguage":"en-GB"},{"@type":"Organization","@id":"https:\/\/dimspeed.com\/#organization","name":"Dimspeed, l&#039;atelier de personnalisation automobile","url":"https:\/\/dimspeed.com\/","logo":{"@type":"ImageObject","inLanguage":"en-GB","@id":"https:\/\/dimspeed.com\/#\/schema\/logo\/image\/","url":"https:\/\/dimspeed.com\/wp-content\/uploads\/2020\/11\/logo-site.png","contentUrl":"https:\/\/dimspeed.com\/wp-content\/uploads\/2020\/11\/logo-site.png","width":486,"height":178,"caption":"Dimspeed, l&#039;atelier de personnalisation automobile"},"image":{"@id":"https:\/\/dimspeed.com\/#\/schema\/logo\/image\/"}}]}},"_links":{"self":[{"href":"https:\/\/dimspeed.com\/en\/wp-json\/wp\/v2\/product\/1194","targetHints":{"allow":["GET"]}}],"collection":[{"href":"https:\/\/dimspeed.com\/en\/wp-json\/wp\/v2\/product"}],"about":[{"href":"https:\/\/dimspeed.com\/en\/wp-json\/wp\/v2\/types\/product"}],"version-history":[{"count":1,"href":"https:\/\/dimspeed.com\/en\/wp-json\/wp\/v2\/product\/1194\/revisions"}],"predecessor-version":[{"id":3772,"href":"https:\/\/dimspeed.com\/en\/wp-json\/wp\/v2\/product\/1194\/revisions\/3772"}],"wp:featuredmedia":[{"embeddable":true,"href":"https:\/\/dimspeed.com\/en\/wp-json\/wp\/v2\/media\/1393"}],"wp:attachment":[{"href":"https:\/\/dimspeed.com\/en\/wp-json\/wp\/v2\/media?parent=1194"}],"wp:term":[{"taxonomy":"product_brand","embeddable":true,"href":"https:\/\/dimspeed.com\/en\/wp-json\/wp\/v2\/product_brand?post=1194"},{"taxonomy":"product_cat","embeddable":true,"href":"https:\/\/dimspeed.com\/en\/wp-json\/wp\/v2\/product_cat?post=1194"},{"taxonomy":"product_tag","embeddable":true,"href":"https:\/\/dimspeed.com\/en\/wp-json\/wp\/v2\/product_tag?post=1194"}],"curies":[{"name":"wp","href":"https:\/\/api.w.org\/{rel}","templated":true}]}}