{"id":1189,"date":"2021-01-08T14:04:14","date_gmt":"2021-01-08T13:04:14","guid":{"rendered":"https:\/\/dimspeed.com\/?post_type=product&#038;p=1189"},"modified":"2025-02-14T10:54:44","modified_gmt":"2025-02-14T09:54:44","slug":"rondelle-conique-de-cardan-swiftune","status":"publish","type":"product","link":"https:\/\/dimspeed.com\/en\/product\/rondelle-conique-de-cardan-swiftune\/","title":{"rendered":"Swiftune CV Tapered Washer"},"content":{"rendered":"<p>Washers made from EN24 to the highest quality ensuring the best reliability .Swiftune has made these C.V Tapered Washers to replace the worn-out standard items that often break under race conditions. We recommend to use them on race engines as well as road engines.<\/p>\n<p>Sold individually.<\/p>","protected":false},"excerpt":{"rendered":"<p>Rondelles en acier EN24 d\u00e9velopp\u00e9es par Swiftune. Reconnues comme les rondelles les plus fiables du march\u00e9, elles sont fortement conseill\u00e9es sur les MINI de comp\u00e9tition et recommand\u00e9es sur celle de route. Vendue \u00e0 l&#8217;unit\u00e9.<\/p>","protected":false},"featured_media":1396,"template":"","meta":[],"product_brand":[],"product_cat":[27],"product_tag":[73,64,185,162],"class_list":{"0":"post-1189","1":"product","2":"type-product","3":"status-publish","4":"has-post-thumbnail","6":"product_cat-chassis","7":"product_tag-chassis","8":"product_tag-race","9":"product_tag-roue","10":"product_tag-swiftune","12":"first","13":"instock","14":"taxable","15":"shipping-taxable","16":"purchasable","17":"product-type-simple"},"yoast_head":"<!-- This site is optimized with the Yoast SEO plugin v27.1.1 - https:\/\/yoast.com\/product\/yoast-seo-wordpress\/ -->\n<title>Rondelle Conique de Cardan Swiftune - Dimspeed, l&#039;atelier de personnalisation automobile<\/title>\n<meta name=\"robots\" content=\"index, follow, max-snippet:-1, max-image-preview:large, max-video-preview:-1\" \/>\n<link rel=\"canonical\" href=\"https:\/\/dimspeed.com\/en\/product\/rondelle-conique-de-cardan-swiftune\/\" \/>\n<meta property=\"og:locale\" content=\"en_GB\" \/>\n<meta property=\"og:type\" content=\"article\" \/>\n<meta property=\"og:title\" content=\"Rondelle Conique de Cardan Swiftune - Dimspeed, l&#039;atelier de personnalisation automobile\" \/>\n<meta property=\"og:description\" content=\"Rondelles en acier EN24 d\u00e9velopp\u00e9es par Swiftune. Reconnues comme les rondelles les plus fiables du march\u00e9, elles sont fortement conseill\u00e9es sur les MINI de comp\u00e9tition et recommand\u00e9es sur celle de route. Vendue \u00e0 l&#8217;unit\u00e9.\" \/>\n<meta property=\"og:url\" content=\"https:\/\/dimspeed.com\/en\/product\/rondelle-conique-de-cardan-swiftune\/\" \/>\n<meta property=\"og:site_name\" content=\"Dimspeed, l&#039;atelier de personnalisation automobile\" \/>\n<meta property=\"article:modified_time\" content=\"2025-02-14T09:54:44+00:00\" \/>\n<meta property=\"og:image\" content=\"https:\/\/dimspeed.com\/wp-content\/uploads\/2021\/01\/015_Rondelle-conique-de-cardan-Swiftune.jpg\" \/>\n\t<meta property=\"og:image:width\" content=\"500\" \/>\n\t<meta property=\"og:image:height\" content=\"500\" \/>\n\t<meta property=\"og:image:type\" content=\"image\/jpeg\" \/>\n<meta name=\"twitter:card\" content=\"summary_large_image\" \/>\n<script type=\"application\/ld+json\" class=\"yoast-schema-graph\">{\"@context\":\"https:\/\/schema.org\",\"@graph\":[{\"@type\":\"WebPage\",\"@id\":\"https:\/\/dimspeed.com\/produit\/rondelle-conique-de-cardan-swiftune\/\",\"url\":\"https:\/\/dimspeed.com\/produit\/rondelle-conique-de-cardan-swiftune\/\",\"name\":\"Rondelle Conique de Cardan Swiftune - Dimspeed, l&#039;atelier de personnalisation automobile\",\"isPartOf\":{\"@id\":\"https:\/\/dimspeed.com\/#website\"},\"primaryImageOfPage\":{\"@id\":\"https:\/\/dimspeed.com\/produit\/rondelle-conique-de-cardan-swiftune\/#primaryimage\"},\"image\":{\"@id\":\"https:\/\/dimspeed.com\/produit\/rondelle-conique-de-cardan-swiftune\/#primaryimage\"},\"thumbnailUrl\":\"https:\/\/dimspeed.com\/wp-content\/uploads\/2021\/01\/015_Rondelle-conique-de-cardan-Swiftune.jpg\",\"datePublished\":\"2021-01-08T13:04:14+00:00\",\"dateModified\":\"2025-02-14T09:54:44+00:00\",\"breadcrumb\":{\"@id\":\"https:\/\/dimspeed.com\/produit\/rondelle-conique-de-cardan-swiftune\/#breadcrumb\"},\"inLanguage\":\"en-GB\",\"potentialAction\":[{\"@type\":\"ReadAction\",\"target\":[\"https:\/\/dimspeed.com\/produit\/rondelle-conique-de-cardan-swiftune\/\"]}]},{\"@type\":\"ImageObject\",\"inLanguage\":\"en-GB\",\"@id\":\"https:\/\/dimspeed.com\/produit\/rondelle-conique-de-cardan-swiftune\/#primaryimage\",\"url\":\"https:\/\/dimspeed.com\/wp-content\/uploads\/2021\/01\/015_Rondelle-conique-de-cardan-Swiftune.jpg\",\"contentUrl\":\"https:\/\/dimspeed.com\/wp-content\/uploads\/2021\/01\/015_Rondelle-conique-de-cardan-Swiftune.jpg\",\"width\":500,\"height\":500},{\"@type\":\"BreadcrumbList\",\"@id\":\"https:\/\/dimspeed.com\/produit\/rondelle-conique-de-cardan-swiftune\/#breadcrumb\",\"itemListElement\":[{\"@type\":\"ListItem\",\"position\":1,\"name\":\"Accueil\",\"item\":\"https:\/\/dimspeed.com\/\"},{\"@type\":\"ListItem\",\"position\":2,\"name\":\"Boutique\",\"item\":\"https:\/\/dimspeed.com\/boutique\/\"},{\"@type\":\"ListItem\",\"position\":3,\"name\":\"Rondelle Conique de Cardan Swiftune\"}]},{\"@type\":\"WebSite\",\"@id\":\"https:\/\/dimspeed.com\/#website\",\"url\":\"https:\/\/dimspeed.com\/\",\"name\":\"Dimspeed, l&#039;atelier de personnalisation automobile\",\"description\":\"MOTORISTE comp\u00e9tition et collection SPECIALISTE moteur A-SERIE\",\"publisher\":{\"@id\":\"https:\/\/dimspeed.com\/#organization\"},\"potentialAction\":[{\"@type\":\"SearchAction\",\"target\":{\"@type\":\"EntryPoint\",\"urlTemplate\":\"https:\/\/dimspeed.com\/?s={search_term_string}\"},\"query-input\":{\"@type\":\"PropertyValueSpecification\",\"valueRequired\":true,\"valueName\":\"search_term_string\"}}],\"inLanguage\":\"en-GB\"},{\"@type\":\"Organization\",\"@id\":\"https:\/\/dimspeed.com\/#organization\",\"name\":\"Dimspeed, l&#039;atelier de personnalisation automobile\",\"url\":\"https:\/\/dimspeed.com\/\",\"logo\":{\"@type\":\"ImageObject\",\"inLanguage\":\"en-GB\",\"@id\":\"https:\/\/dimspeed.com\/#\/schema\/logo\/image\/\",\"url\":\"https:\/\/dimspeed.com\/wp-content\/uploads\/2020\/11\/logo-site.png\",\"contentUrl\":\"https:\/\/dimspeed.com\/wp-content\/uploads\/2020\/11\/logo-site.png\",\"width\":486,\"height\":178,\"caption\":\"Dimspeed, l&#039;atelier de personnalisation automobile\"},\"image\":{\"@id\":\"https:\/\/dimspeed.com\/#\/schema\/logo\/image\/\"}}]}<\/script>\n<!-- \/ Yoast SEO plugin. -->","yoast_head_json":{"title":"Rondelle Conique de Cardan Swiftune - Dimspeed, l&#039;atelier de personnalisation automobile","robots":{"index":"index","follow":"follow","max-snippet":"max-snippet:-1","max-image-preview":"max-image-preview:large","max-video-preview":"max-video-preview:-1"},"canonical":"https:\/\/dimspeed.com\/en\/product\/rondelle-conique-de-cardan-swiftune\/","og_locale":"en_GB","og_type":"article","og_title":"Rondelle Conique de Cardan Swiftune - Dimspeed, l&#039;atelier de personnalisation automobile","og_description":"Rondelles en acier EN24 d\u00e9velopp\u00e9es par Swiftune. Reconnues comme les rondelles les plus fiables du march\u00e9, elles sont fortement conseill\u00e9es sur les MINI de comp\u00e9tition et recommand\u00e9es sur celle de route. Vendue \u00e0 l&#8217;unit\u00e9.","og_url":"https:\/\/dimspeed.com\/en\/product\/rondelle-conique-de-cardan-swiftune\/","og_site_name":"Dimspeed, l&#039;atelier de personnalisation automobile","article_modified_time":"2025-02-14T09:54:44+00:00","og_image":[{"width":500,"height":500,"url":"https:\/\/dimspeed.com\/wp-content\/uploads\/2021\/01\/015_Rondelle-conique-de-cardan-Swiftune.jpg","type":"image\/jpeg"}],"twitter_card":"summary_large_image","schema":{"@context":"https:\/\/schema.org","@graph":[{"@type":"WebPage","@id":"https:\/\/dimspeed.com\/produit\/rondelle-conique-de-cardan-swiftune\/","url":"https:\/\/dimspeed.com\/produit\/rondelle-conique-de-cardan-swiftune\/","name":"Rondelle Conique de Cardan Swiftune - Dimspeed, l&#039;atelier de personnalisation automobile","isPartOf":{"@id":"https:\/\/dimspeed.com\/#website"},"primaryImageOfPage":{"@id":"https:\/\/dimspeed.com\/produit\/rondelle-conique-de-cardan-swiftune\/#primaryimage"},"image":{"@id":"https:\/\/dimspeed.com\/produit\/rondelle-conique-de-cardan-swiftune\/#primaryimage"},"thumbnailUrl":"https:\/\/dimspeed.com\/wp-content\/uploads\/2021\/01\/015_Rondelle-conique-de-cardan-Swiftune.jpg","datePublished":"2021-01-08T13:04:14+00:00","dateModified":"2025-02-14T09:54:44+00:00","breadcrumb":{"@id":"https:\/\/dimspeed.com\/produit\/rondelle-conique-de-cardan-swiftune\/#breadcrumb"},"inLanguage":"en-GB","potentialAction":[{"@type":"ReadAction","target":["https:\/\/dimspeed.com\/produit\/rondelle-conique-de-cardan-swiftune\/"]}]},{"@type":"ImageObject","inLanguage":"en-GB","@id":"https:\/\/dimspeed.com\/produit\/rondelle-conique-de-cardan-swiftune\/#primaryimage","url":"https:\/\/dimspeed.com\/wp-content\/uploads\/2021\/01\/015_Rondelle-conique-de-cardan-Swiftune.jpg","contentUrl":"https:\/\/dimspeed.com\/wp-content\/uploads\/2021\/01\/015_Rondelle-conique-de-cardan-Swiftune.jpg","width":500,"height":500},{"@type":"BreadcrumbList","@id":"https:\/\/dimspeed.com\/produit\/rondelle-conique-de-cardan-swiftune\/#breadcrumb","itemListElement":[{"@type":"ListItem","position":1,"name":"Accueil","item":"https:\/\/dimspeed.com\/"},{"@type":"ListItem","position":2,"name":"Boutique","item":"https:\/\/dimspeed.com\/boutique\/"},{"@type":"ListItem","position":3,"name":"Rondelle Conique de Cardan Swiftune"}]},{"@type":"WebSite","@id":"https:\/\/dimspeed.com\/#website","url":"https:\/\/dimspeed.com\/","name":"Dimspeed, l&#039;atelier de personnalisation automobile","description":"MOTORISTE comp\u00e9tition et collection SPECIALISTE moteur A-SERIE","publisher":{"@id":"https:\/\/dimspeed.com\/#organization"},"potentialAction":[{"@type":"SearchAction","target":{"@type":"EntryPoint","urlTemplate":"https:\/\/dimspeed.com\/?s={search_term_string}"},"query-input":{"@type":"PropertyValueSpecification","valueRequired":true,"valueName":"search_term_string"}}],"inLanguage":"en-GB"},{"@type":"Organization","@id":"https:\/\/dimspeed.com\/#organization","name":"Dimspeed, l&#039;atelier de personnalisation automobile","url":"https:\/\/dimspeed.com\/","logo":{"@type":"ImageObject","inLanguage":"en-GB","@id":"https:\/\/dimspeed.com\/#\/schema\/logo\/image\/","url":"https:\/\/dimspeed.com\/wp-content\/uploads\/2020\/11\/logo-site.png","contentUrl":"https:\/\/dimspeed.com\/wp-content\/uploads\/2020\/11\/logo-site.png","width":486,"height":178,"caption":"Dimspeed, l&#039;atelier de personnalisation automobile"},"image":{"@id":"https:\/\/dimspeed.com\/#\/schema\/logo\/image\/"}}]}},"_links":{"self":[{"href":"https:\/\/dimspeed.com\/en\/wp-json\/wp\/v2\/product\/1189","targetHints":{"allow":["GET"]}}],"collection":[{"href":"https:\/\/dimspeed.com\/en\/wp-json\/wp\/v2\/product"}],"about":[{"href":"https:\/\/dimspeed.com\/en\/wp-json\/wp\/v2\/types\/product"}],"version-history":[{"count":1,"href":"https:\/\/dimspeed.com\/en\/wp-json\/wp\/v2\/product\/1189\/revisions"}],"predecessor-version":[{"id":3714,"href":"https:\/\/dimspeed.com\/en\/wp-json\/wp\/v2\/product\/1189\/revisions\/3714"}],"wp:featuredmedia":[{"embeddable":true,"href":"https:\/\/dimspeed.com\/en\/wp-json\/wp\/v2\/media\/1396"}],"wp:attachment":[{"href":"https:\/\/dimspeed.com\/en\/wp-json\/wp\/v2\/media?parent=1189"}],"wp:term":[{"taxonomy":"product_brand","embeddable":true,"href":"https:\/\/dimspeed.com\/en\/wp-json\/wp\/v2\/product_brand?post=1189"},{"taxonomy":"product_cat","embeddable":true,"href":"https:\/\/dimspeed.com\/en\/wp-json\/wp\/v2\/product_cat?post=1189"},{"taxonomy":"product_tag","embeddable":true,"href":"https:\/\/dimspeed.com\/en\/wp-json\/wp\/v2\/product_tag?post=1189"}],"curies":[{"name":"wp","href":"https:\/\/api.w.org\/{rel}","templated":true}]}}