{"id":1164,"date":"2021-01-08T13:44:52","date_gmt":"2021-01-08T12:44:52","guid":{"rendered":"https:\/\/dimspeed.com\/?post_type=product&#038;p=1164"},"modified":"2026-04-20T12:35:13","modified_gmt":"2026-04-20T10:35:13","slug":"alternateur","status":"publish","type":"product","link":"https:\/\/dimspeed.com\/en\/product\/alternateur\/","title":{"rendered":"Swiftune FP Alternator Kit - Race"},"content":{"rendered":"<p>Introducing the Swiftune Alternator with Floating Pulley technology.<\/p>\n<p>Continuing their long running partnership with Powerlite, they have created an Alternator kit including a new revolutionary \u201cfloating pulley\u201d system, exclusive to Swiftune.<\/p>\n<p>The concept of this was to eliminate the possibility of the fan belt coming off in an over rev\/miss-gear situation. The floating pulley self centralizes in situations when the fan belt can see excessive whip. As Swiftune, we use this alternator in all of our race engines because it's reliable and very successful in safeguarding the engine in over-rev situations.<\/p>\n<p>The pulley comes standard in the alternator kit with brackets to suit A Series (non A+) engine.<\/p>","protected":false},"excerpt":{"rendered":"<p>Alternateur Swiftune avec poulie flottante. En partenariat avec Powerlite, Swiftune a cr\u00e9\u00e9 un kit alternateur incluant un syst\u00e8me r\u00e9volutionnaire de poulie flottante. Un produit exclusivement Swiftune. Le concept est d&#8217;\u00e9liminer la possibilit\u00e9 que la courroie d&#8217;accessoire saute lors d&#8217;un mauvais passage de vitesse ou d&#8217;un sur-r\u00e9gime. La poulie flottante s&#8217;aligne automatiquement lorsque la courroie re\u00e7oit [&hellip;]<\/p>","protected":false},"featured_media":1481,"template":"","meta":[],"product_brand":[],"product_cat":[26,43],"product_tag":[100,203,162],"class_list":{"0":"post-1164","1":"product","2":"type-product","3":"status-publish","4":"has-post-thumbnail","6":"product_cat-peripherique","7":"product_cat-alternateur","8":"product_tag-alternateur","9":"product_tag-peripherique","10":"product_tag-swiftune","12":"first","13":"instock","14":"taxable","15":"shipping-taxable","16":"purchasable","17":"product-type-simple"},"yoast_head":"<!-- This site is optimized with the Yoast SEO plugin v27.1.1 - https:\/\/yoast.com\/product\/yoast-seo-wordpress\/ -->\n<title>Alternateur - Swiftune - Poulie Flottante - Dimspeed, l&#039;atelier de personnalisation automobile<\/title>\n<meta name=\"robots\" content=\"index, follow, max-snippet:-1, max-image-preview:large, max-video-preview:-1\" \/>\n<link rel=\"canonical\" href=\"https:\/\/dimspeed.com\/en\/product\/alternateur\/\" \/>\n<meta property=\"og:locale\" content=\"en_GB\" \/>\n<meta property=\"og:type\" content=\"article\" \/>\n<meta property=\"og:title\" content=\"Alternateur - Swiftune - Poulie Flottante - Dimspeed, l&#039;atelier de personnalisation automobile\" \/>\n<meta property=\"og:description\" content=\"Alternateur Swiftune avec poulie flottante. En partenariat avec Powerlite, Swiftune a cr\u00e9\u00e9 un kit alternateur incluant un syst\u00e8me r\u00e9volutionnaire de poulie flottante. Un produit exclusivement Swiftune. Le concept est d&#8217;\u00e9liminer la possibilit\u00e9 que la courroie d&#8217;accessoire saute lors d&#8217;un mauvais passage de vitesse ou d&#8217;un sur-r\u00e9gime. La poulie flottante s&#8217;aligne automatiquement lorsque la courroie re\u00e7oit [&hellip;]\" \/>\n<meta property=\"og:url\" content=\"https:\/\/dimspeed.com\/en\/product\/alternateur\/\" \/>\n<meta property=\"og:site_name\" content=\"Dimspeed, l&#039;atelier de personnalisation automobile\" \/>\n<meta property=\"article:modified_time\" content=\"2026-04-20T10:35:13+00:00\" \/>\n<meta property=\"og:image\" content=\"https:\/\/dimspeed.com\/wp-content\/uploads\/2021\/01\/097_Alternateur.jpg\" \/>\n\t<meta property=\"og:image:width\" content=\"500\" \/>\n\t<meta property=\"og:image:height\" content=\"500\" \/>\n\t<meta property=\"og:image:type\" content=\"image\/jpeg\" \/>\n<meta name=\"twitter:card\" content=\"summary_large_image\" \/>\n<meta name=\"twitter:label1\" content=\"Estimated reading time\" \/>\n\t<meta name=\"twitter:data1\" content=\"1 minute\" \/>\n<script type=\"application\/ld+json\" class=\"yoast-schema-graph\">{\"@context\":\"https:\/\/schema.org\",\"@graph\":[{\"@type\":\"WebPage\",\"@id\":\"https:\/\/dimspeed.com\/produit\/alternateur\/\",\"url\":\"https:\/\/dimspeed.com\/produit\/alternateur\/\",\"name\":\"Alternateur - Swiftune - Poulie Flottante - Dimspeed, l&#039;atelier de personnalisation automobile\",\"isPartOf\":{\"@id\":\"https:\/\/dimspeed.com\/#website\"},\"primaryImageOfPage\":{\"@id\":\"https:\/\/dimspeed.com\/produit\/alternateur\/#primaryimage\"},\"image\":{\"@id\":\"https:\/\/dimspeed.com\/produit\/alternateur\/#primaryimage\"},\"thumbnailUrl\":\"https:\/\/dimspeed.com\/wp-content\/uploads\/2021\/01\/097_Alternateur.jpg\",\"datePublished\":\"2021-01-08T12:44:52+00:00\",\"dateModified\":\"2026-04-20T10:35:13+00:00\",\"breadcrumb\":{\"@id\":\"https:\/\/dimspeed.com\/produit\/alternateur\/#breadcrumb\"},\"inLanguage\":\"en-GB\",\"potentialAction\":[{\"@type\":\"ReadAction\",\"target\":[\"https:\/\/dimspeed.com\/produit\/alternateur\/\"]}]},{\"@type\":\"ImageObject\",\"inLanguage\":\"en-GB\",\"@id\":\"https:\/\/dimspeed.com\/produit\/alternateur\/#primaryimage\",\"url\":\"https:\/\/dimspeed.com\/wp-content\/uploads\/2021\/01\/097_Alternateur.jpg\",\"contentUrl\":\"https:\/\/dimspeed.com\/wp-content\/uploads\/2021\/01\/097_Alternateur.jpg\",\"width\":500,\"height\":500},{\"@type\":\"BreadcrumbList\",\"@id\":\"https:\/\/dimspeed.com\/produit\/alternateur\/#breadcrumb\",\"itemListElement\":[{\"@type\":\"ListItem\",\"position\":1,\"name\":\"Accueil\",\"item\":\"https:\/\/dimspeed.com\/\"},{\"@type\":\"ListItem\",\"position\":2,\"name\":\"Boutique\",\"item\":\"https:\/\/dimspeed.com\/boutique\/\"},{\"@type\":\"ListItem\",\"position\":3,\"name\":\"Alternateur &#8211; Swiftune &#8211; Poulie Flottante\"}]},{\"@type\":\"WebSite\",\"@id\":\"https:\/\/dimspeed.com\/#website\",\"url\":\"https:\/\/dimspeed.com\/\",\"name\":\"Dimspeed, l&#039;atelier de personnalisation automobile\",\"description\":\"MOTORISTE comp\u00e9tition et collection SPECIALISTE moteur A-SERIE\",\"publisher\":{\"@id\":\"https:\/\/dimspeed.com\/#organization\"},\"potentialAction\":[{\"@type\":\"SearchAction\",\"target\":{\"@type\":\"EntryPoint\",\"urlTemplate\":\"https:\/\/dimspeed.com\/?s={search_term_string}\"},\"query-input\":{\"@type\":\"PropertyValueSpecification\",\"valueRequired\":true,\"valueName\":\"search_term_string\"}}],\"inLanguage\":\"en-GB\"},{\"@type\":\"Organization\",\"@id\":\"https:\/\/dimspeed.com\/#organization\",\"name\":\"Dimspeed, l&#039;atelier de personnalisation automobile\",\"url\":\"https:\/\/dimspeed.com\/\",\"logo\":{\"@type\":\"ImageObject\",\"inLanguage\":\"en-GB\",\"@id\":\"https:\/\/dimspeed.com\/#\/schema\/logo\/image\/\",\"url\":\"https:\/\/dimspeed.com\/wp-content\/uploads\/2020\/11\/logo-site.png\",\"contentUrl\":\"https:\/\/dimspeed.com\/wp-content\/uploads\/2020\/11\/logo-site.png\",\"width\":486,\"height\":178,\"caption\":\"Dimspeed, l&#039;atelier de personnalisation automobile\"},\"image\":{\"@id\":\"https:\/\/dimspeed.com\/#\/schema\/logo\/image\/\"}}]}<\/script>\n<!-- \/ Yoast SEO plugin. -->","yoast_head_json":{"title":"Alternateur - Swiftune - Poulie Flottante - Dimspeed, l&#039;atelier de personnalisation automobile","robots":{"index":"index","follow":"follow","max-snippet":"max-snippet:-1","max-image-preview":"max-image-preview:large","max-video-preview":"max-video-preview:-1"},"canonical":"https:\/\/dimspeed.com\/en\/product\/alternateur\/","og_locale":"en_GB","og_type":"article","og_title":"Alternateur - Swiftune - Poulie Flottante - Dimspeed, l&#039;atelier de personnalisation automobile","og_description":"Alternateur Swiftune avec poulie flottante. En partenariat avec Powerlite, Swiftune a cr\u00e9\u00e9 un kit alternateur incluant un syst\u00e8me r\u00e9volutionnaire de poulie flottante. Un produit exclusivement Swiftune. Le concept est d&#8217;\u00e9liminer la possibilit\u00e9 que la courroie d&#8217;accessoire saute lors d&#8217;un mauvais passage de vitesse ou d&#8217;un sur-r\u00e9gime. La poulie flottante s&#8217;aligne automatiquement lorsque la courroie re\u00e7oit [&hellip;]","og_url":"https:\/\/dimspeed.com\/en\/product\/alternateur\/","og_site_name":"Dimspeed, l&#039;atelier de personnalisation automobile","article_modified_time":"2026-04-20T10:35:13+00:00","og_image":[{"width":500,"height":500,"url":"https:\/\/dimspeed.com\/wp-content\/uploads\/2021\/01\/097_Alternateur.jpg","type":"image\/jpeg"}],"twitter_card":"summary_large_image","twitter_misc":{"Estimated reading time":"1 minute"},"schema":{"@context":"https:\/\/schema.org","@graph":[{"@type":"WebPage","@id":"https:\/\/dimspeed.com\/produit\/alternateur\/","url":"https:\/\/dimspeed.com\/produit\/alternateur\/","name":"Alternateur - Swiftune - Poulie Flottante - Dimspeed, l&#039;atelier de personnalisation automobile","isPartOf":{"@id":"https:\/\/dimspeed.com\/#website"},"primaryImageOfPage":{"@id":"https:\/\/dimspeed.com\/produit\/alternateur\/#primaryimage"},"image":{"@id":"https:\/\/dimspeed.com\/produit\/alternateur\/#primaryimage"},"thumbnailUrl":"https:\/\/dimspeed.com\/wp-content\/uploads\/2021\/01\/097_Alternateur.jpg","datePublished":"2021-01-08T12:44:52+00:00","dateModified":"2026-04-20T10:35:13+00:00","breadcrumb":{"@id":"https:\/\/dimspeed.com\/produit\/alternateur\/#breadcrumb"},"inLanguage":"en-GB","potentialAction":[{"@type":"ReadAction","target":["https:\/\/dimspeed.com\/produit\/alternateur\/"]}]},{"@type":"ImageObject","inLanguage":"en-GB","@id":"https:\/\/dimspeed.com\/produit\/alternateur\/#primaryimage","url":"https:\/\/dimspeed.com\/wp-content\/uploads\/2021\/01\/097_Alternateur.jpg","contentUrl":"https:\/\/dimspeed.com\/wp-content\/uploads\/2021\/01\/097_Alternateur.jpg","width":500,"height":500},{"@type":"BreadcrumbList","@id":"https:\/\/dimspeed.com\/produit\/alternateur\/#breadcrumb","itemListElement":[{"@type":"ListItem","position":1,"name":"Accueil","item":"https:\/\/dimspeed.com\/"},{"@type":"ListItem","position":2,"name":"Boutique","item":"https:\/\/dimspeed.com\/boutique\/"},{"@type":"ListItem","position":3,"name":"Alternateur &#8211; Swiftune &#8211; Poulie Flottante"}]},{"@type":"WebSite","@id":"https:\/\/dimspeed.com\/#website","url":"https:\/\/dimspeed.com\/","name":"Dimspeed, l&#039;atelier de personnalisation automobile","description":"MOTORISTE comp\u00e9tition et collection SPECIALISTE moteur A-SERIE","publisher":{"@id":"https:\/\/dimspeed.com\/#organization"},"potentialAction":[{"@type":"SearchAction","target":{"@type":"EntryPoint","urlTemplate":"https:\/\/dimspeed.com\/?s={search_term_string}"},"query-input":{"@type":"PropertyValueSpecification","valueRequired":true,"valueName":"search_term_string"}}],"inLanguage":"en-GB"},{"@type":"Organization","@id":"https:\/\/dimspeed.com\/#organization","name":"Dimspeed, l&#039;atelier de personnalisation automobile","url":"https:\/\/dimspeed.com\/","logo":{"@type":"ImageObject","inLanguage":"en-GB","@id":"https:\/\/dimspeed.com\/#\/schema\/logo\/image\/","url":"https:\/\/dimspeed.com\/wp-content\/uploads\/2020\/11\/logo-site.png","contentUrl":"https:\/\/dimspeed.com\/wp-content\/uploads\/2020\/11\/logo-site.png","width":486,"height":178,"caption":"Dimspeed, l&#039;atelier de personnalisation automobile"},"image":{"@id":"https:\/\/dimspeed.com\/#\/schema\/logo\/image\/"}}]}},"_links":{"self":[{"href":"https:\/\/dimspeed.com\/en\/wp-json\/wp\/v2\/product\/1164","targetHints":{"allow":["GET"]}}],"collection":[{"href":"https:\/\/dimspeed.com\/en\/wp-json\/wp\/v2\/product"}],"about":[{"href":"https:\/\/dimspeed.com\/en\/wp-json\/wp\/v2\/types\/product"}],"version-history":[{"count":2,"href":"https:\/\/dimspeed.com\/en\/wp-json\/wp\/v2\/product\/1164\/revisions"}],"predecessor-version":[{"id":6363,"href":"https:\/\/dimspeed.com\/en\/wp-json\/wp\/v2\/product\/1164\/revisions\/6363"}],"wp:featuredmedia":[{"embeddable":true,"href":"https:\/\/dimspeed.com\/en\/wp-json\/wp\/v2\/media\/1481"}],"wp:attachment":[{"href":"https:\/\/dimspeed.com\/en\/wp-json\/wp\/v2\/media?parent=1164"}],"wp:term":[{"taxonomy":"product_brand","embeddable":true,"href":"https:\/\/dimspeed.com\/en\/wp-json\/wp\/v2\/product_brand?post=1164"},{"taxonomy":"product_cat","embeddable":true,"href":"https:\/\/dimspeed.com\/en\/wp-json\/wp\/v2\/product_cat?post=1164"},{"taxonomy":"product_tag","embeddable":true,"href":"https:\/\/dimspeed.com\/en\/wp-json\/wp\/v2\/product_tag?post=1164"}],"curies":[{"name":"wp","href":"https:\/\/api.w.org\/{rel}","templated":true}]}}