{"id":1160,"date":"2021-01-08T13:41:09","date_gmt":"2021-01-08T12:41:09","guid":{"rendered":"https:\/\/dimspeed.com\/?post_type=product&#038;p=1160"},"modified":"2026-03-13T11:05:31","modified_gmt":"2026-03-13T10:05:31","slug":"demarreur-swiftune-competition","status":"publish","type":"product","link":"https:\/\/dimspeed.com\/en\/product\/demarreur-swiftune-competition\/","title":{"rendered":"Swiftune Race Starter Motor"},"content":{"rendered":"<p>Swiftune specifically designed this starter motor to suit the Pre-Engaged ring gear pitch of our Feather Light Flywheel.<\/p>\n<p>This Starter Motor also offers a huge increase in cranking power compared with standard unit. It draws less current which enables easier starting and will have no problems with high compression engines!<\/p>\n<p>Other features are its compact design, this helps free-up much needed space when front mounted radiators and oil coolers are used.<\/p>","protected":false},"excerpt":{"rendered":"<p>Swiftune a sp\u00e9cifiquement con\u00e7u ce d\u00e9marreur afin qu&#8217;il s&#8217;adapte parfaitement sur un volant moteur avec couronne pr\u00e9-engag\u00e9e. Ce d\u00e9marreur offre aussi plus de couple au d\u00e9marrage en comparaison avec un d\u00e9marreur standard. Il produit moins de courant ce qui permet un d\u00e9marrage plus facile. De plus, il est con\u00e7u pour les moteurs \u00e0 haute compression. [&hellip;]<\/p>","protected":false},"featured_media":1629,"template":"","meta":[],"product_brand":[],"product_cat":[26,42],"product_tag":[101,102,203,162],"class_list":{"0":"post-1160","1":"product","2":"type-product","3":"status-publish","4":"has-post-thumbnail","6":"product_cat-peripherique","7":"product_cat-demarreur","8":"product_tag-demarreur","9":"product_tag-ignition","10":"product_tag-peripherique","11":"product_tag-swiftune","13":"first","14":"instock","15":"taxable","16":"shipping-taxable","17":"purchasable","18":"product-type-simple"},"yoast_head":"<!-- This site is optimized with the Yoast SEO plugin v27.1.1 - https:\/\/yoast.com\/product\/yoast-seo-wordpress\/ -->\n<title>D\u00e9marreur Swiftune - Comp\u00e9tition - Dimspeed, l&#039;atelier de personnalisation automobile<\/title>\n<meta name=\"robots\" content=\"index, follow, max-snippet:-1, max-image-preview:large, max-video-preview:-1\" \/>\n<link rel=\"canonical\" href=\"https:\/\/dimspeed.com\/en\/product\/demarreur-swiftune-competition\/\" \/>\n<meta property=\"og:locale\" content=\"en_GB\" \/>\n<meta property=\"og:type\" content=\"article\" \/>\n<meta property=\"og:title\" content=\"D\u00e9marreur Swiftune - Comp\u00e9tition - Dimspeed, l&#039;atelier de personnalisation automobile\" \/>\n<meta property=\"og:description\" content=\"Swiftune a sp\u00e9cifiquement con\u00e7u ce d\u00e9marreur afin qu&#8217;il s&#8217;adapte parfaitement sur un volant moteur avec couronne pr\u00e9-engag\u00e9e. Ce d\u00e9marreur offre aussi plus de couple au d\u00e9marrage en comparaison avec un d\u00e9marreur standard. Il produit moins de courant ce qui permet un d\u00e9marrage plus facile. De plus, il est con\u00e7u pour les moteurs \u00e0 haute compression. [&hellip;]\" \/>\n<meta property=\"og:url\" content=\"https:\/\/dimspeed.com\/en\/product\/demarreur-swiftune-competition\/\" \/>\n<meta property=\"og:site_name\" content=\"Dimspeed, l&#039;atelier de personnalisation automobile\" \/>\n<meta property=\"article:modified_time\" content=\"2026-03-13T10:05:31+00:00\" \/>\n<meta property=\"og:image\" content=\"https:\/\/dimspeed.com\/wp-content\/uploads\/2021\/01\/062_D\u00e9marreur-Swiftune-Comp\u00e9tition-1.jpg\" \/>\n\t<meta property=\"og:image:width\" content=\"500\" \/>\n\t<meta property=\"og:image:height\" content=\"500\" \/>\n\t<meta property=\"og:image:type\" content=\"image\/jpeg\" \/>\n<meta name=\"twitter:card\" content=\"summary_large_image\" \/>\n<meta name=\"twitter:label1\" content=\"Estimated reading time\" \/>\n\t<meta name=\"twitter:data1\" content=\"1 minute\" \/>\n<script type=\"application\/ld+json\" class=\"yoast-schema-graph\">{\"@context\":\"https:\/\/schema.org\",\"@graph\":[{\"@type\":\"WebPage\",\"@id\":\"https:\/\/dimspeed.com\/produit\/demarreur-swiftune-competition\/\",\"url\":\"https:\/\/dimspeed.com\/produit\/demarreur-swiftune-competition\/\",\"name\":\"D\u00e9marreur Swiftune - Comp\u00e9tition - Dimspeed, l&#039;atelier de personnalisation automobile\",\"isPartOf\":{\"@id\":\"https:\/\/dimspeed.com\/#website\"},\"primaryImageOfPage\":{\"@id\":\"https:\/\/dimspeed.com\/produit\/demarreur-swiftune-competition\/#primaryimage\"},\"image\":{\"@id\":\"https:\/\/dimspeed.com\/produit\/demarreur-swiftune-competition\/#primaryimage\"},\"thumbnailUrl\":\"https:\/\/dimspeed.com\/wp-content\/uploads\/2021\/01\/062_D\u00e9marreur-Swiftune-Comp\u00e9tition-1.jpg\",\"datePublished\":\"2021-01-08T12:41:09+00:00\",\"dateModified\":\"2026-03-13T10:05:31+00:00\",\"breadcrumb\":{\"@id\":\"https:\/\/dimspeed.com\/produit\/demarreur-swiftune-competition\/#breadcrumb\"},\"inLanguage\":\"en-GB\",\"potentialAction\":[{\"@type\":\"ReadAction\",\"target\":[\"https:\/\/dimspeed.com\/produit\/demarreur-swiftune-competition\/\"]}]},{\"@type\":\"ImageObject\",\"inLanguage\":\"en-GB\",\"@id\":\"https:\/\/dimspeed.com\/produit\/demarreur-swiftune-competition\/#primaryimage\",\"url\":\"https:\/\/dimspeed.com\/wp-content\/uploads\/2021\/01\/062_D\u00e9marreur-Swiftune-Comp\u00e9tition-1.jpg\",\"contentUrl\":\"https:\/\/dimspeed.com\/wp-content\/uploads\/2021\/01\/062_D\u00e9marreur-Swiftune-Comp\u00e9tition-1.jpg\",\"width\":500,\"height\":500},{\"@type\":\"BreadcrumbList\",\"@id\":\"https:\/\/dimspeed.com\/produit\/demarreur-swiftune-competition\/#breadcrumb\",\"itemListElement\":[{\"@type\":\"ListItem\",\"position\":1,\"name\":\"Accueil\",\"item\":\"https:\/\/dimspeed.com\/\"},{\"@type\":\"ListItem\",\"position\":2,\"name\":\"Boutique\",\"item\":\"https:\/\/dimspeed.com\/boutique\/\"},{\"@type\":\"ListItem\",\"position\":3,\"name\":\"D\u00e9marreur Swiftune &#8211; Comp\u00e9tition\"}]},{\"@type\":\"WebSite\",\"@id\":\"https:\/\/dimspeed.com\/#website\",\"url\":\"https:\/\/dimspeed.com\/\",\"name\":\"Dimspeed, l&#039;atelier de personnalisation automobile\",\"description\":\"MOTORISTE comp\u00e9tition et collection SPECIALISTE moteur A-SERIE\",\"publisher\":{\"@id\":\"https:\/\/dimspeed.com\/#organization\"},\"potentialAction\":[{\"@type\":\"SearchAction\",\"target\":{\"@type\":\"EntryPoint\",\"urlTemplate\":\"https:\/\/dimspeed.com\/?s={search_term_string}\"},\"query-input\":{\"@type\":\"PropertyValueSpecification\",\"valueRequired\":true,\"valueName\":\"search_term_string\"}}],\"inLanguage\":\"en-GB\"},{\"@type\":\"Organization\",\"@id\":\"https:\/\/dimspeed.com\/#organization\",\"name\":\"Dimspeed, l&#039;atelier de personnalisation automobile\",\"url\":\"https:\/\/dimspeed.com\/\",\"logo\":{\"@type\":\"ImageObject\",\"inLanguage\":\"en-GB\",\"@id\":\"https:\/\/dimspeed.com\/#\/schema\/logo\/image\/\",\"url\":\"https:\/\/dimspeed.com\/wp-content\/uploads\/2020\/11\/logo-site.png\",\"contentUrl\":\"https:\/\/dimspeed.com\/wp-content\/uploads\/2020\/11\/logo-site.png\",\"width\":486,\"height\":178,\"caption\":\"Dimspeed, l&#039;atelier de personnalisation automobile\"},\"image\":{\"@id\":\"https:\/\/dimspeed.com\/#\/schema\/logo\/image\/\"}}]}<\/script>\n<!-- \/ Yoast SEO plugin. -->","yoast_head_json":{"title":"D\u00e9marreur Swiftune - Comp\u00e9tition - Dimspeed, l&#039;atelier de personnalisation automobile","robots":{"index":"index","follow":"follow","max-snippet":"max-snippet:-1","max-image-preview":"max-image-preview:large","max-video-preview":"max-video-preview:-1"},"canonical":"https:\/\/dimspeed.com\/en\/product\/demarreur-swiftune-competition\/","og_locale":"en_GB","og_type":"article","og_title":"D\u00e9marreur Swiftune - Comp\u00e9tition - Dimspeed, l&#039;atelier de personnalisation automobile","og_description":"Swiftune a sp\u00e9cifiquement con\u00e7u ce d\u00e9marreur afin qu&#8217;il s&#8217;adapte parfaitement sur un volant moteur avec couronne pr\u00e9-engag\u00e9e. Ce d\u00e9marreur offre aussi plus de couple au d\u00e9marrage en comparaison avec un d\u00e9marreur standard. Il produit moins de courant ce qui permet un d\u00e9marrage plus facile. De plus, il est con\u00e7u pour les moteurs \u00e0 haute compression. [&hellip;]","og_url":"https:\/\/dimspeed.com\/en\/product\/demarreur-swiftune-competition\/","og_site_name":"Dimspeed, l&#039;atelier de personnalisation automobile","article_modified_time":"2026-03-13T10:05:31+00:00","og_image":[{"width":500,"height":500,"url":"https:\/\/dimspeed.com\/wp-content\/uploads\/2021\/01\/062_D\u00e9marreur-Swiftune-Comp\u00e9tition-1.jpg","type":"image\/jpeg"}],"twitter_card":"summary_large_image","twitter_misc":{"Estimated reading time":"1 minute"},"schema":{"@context":"https:\/\/schema.org","@graph":[{"@type":"WebPage","@id":"https:\/\/dimspeed.com\/produit\/demarreur-swiftune-competition\/","url":"https:\/\/dimspeed.com\/produit\/demarreur-swiftune-competition\/","name":"D\u00e9marreur Swiftune - Comp\u00e9tition - Dimspeed, l&#039;atelier de personnalisation automobile","isPartOf":{"@id":"https:\/\/dimspeed.com\/#website"},"primaryImageOfPage":{"@id":"https:\/\/dimspeed.com\/produit\/demarreur-swiftune-competition\/#primaryimage"},"image":{"@id":"https:\/\/dimspeed.com\/produit\/demarreur-swiftune-competition\/#primaryimage"},"thumbnailUrl":"https:\/\/dimspeed.com\/wp-content\/uploads\/2021\/01\/062_D\u00e9marreur-Swiftune-Comp\u00e9tition-1.jpg","datePublished":"2021-01-08T12:41:09+00:00","dateModified":"2026-03-13T10:05:31+00:00","breadcrumb":{"@id":"https:\/\/dimspeed.com\/produit\/demarreur-swiftune-competition\/#breadcrumb"},"inLanguage":"en-GB","potentialAction":[{"@type":"ReadAction","target":["https:\/\/dimspeed.com\/produit\/demarreur-swiftune-competition\/"]}]},{"@type":"ImageObject","inLanguage":"en-GB","@id":"https:\/\/dimspeed.com\/produit\/demarreur-swiftune-competition\/#primaryimage","url":"https:\/\/dimspeed.com\/wp-content\/uploads\/2021\/01\/062_D\u00e9marreur-Swiftune-Comp\u00e9tition-1.jpg","contentUrl":"https:\/\/dimspeed.com\/wp-content\/uploads\/2021\/01\/062_D\u00e9marreur-Swiftune-Comp\u00e9tition-1.jpg","width":500,"height":500},{"@type":"BreadcrumbList","@id":"https:\/\/dimspeed.com\/produit\/demarreur-swiftune-competition\/#breadcrumb","itemListElement":[{"@type":"ListItem","position":1,"name":"Accueil","item":"https:\/\/dimspeed.com\/"},{"@type":"ListItem","position":2,"name":"Boutique","item":"https:\/\/dimspeed.com\/boutique\/"},{"@type":"ListItem","position":3,"name":"D\u00e9marreur Swiftune &#8211; Comp\u00e9tition"}]},{"@type":"WebSite","@id":"https:\/\/dimspeed.com\/#website","url":"https:\/\/dimspeed.com\/","name":"Dimspeed, l&#039;atelier de personnalisation automobile","description":"MOTORISTE comp\u00e9tition et collection SPECIALISTE moteur A-SERIE","publisher":{"@id":"https:\/\/dimspeed.com\/#organization"},"potentialAction":[{"@type":"SearchAction","target":{"@type":"EntryPoint","urlTemplate":"https:\/\/dimspeed.com\/?s={search_term_string}"},"query-input":{"@type":"PropertyValueSpecification","valueRequired":true,"valueName":"search_term_string"}}],"inLanguage":"en-GB"},{"@type":"Organization","@id":"https:\/\/dimspeed.com\/#organization","name":"Dimspeed, l&#039;atelier de personnalisation automobile","url":"https:\/\/dimspeed.com\/","logo":{"@type":"ImageObject","inLanguage":"en-GB","@id":"https:\/\/dimspeed.com\/#\/schema\/logo\/image\/","url":"https:\/\/dimspeed.com\/wp-content\/uploads\/2020\/11\/logo-site.png","contentUrl":"https:\/\/dimspeed.com\/wp-content\/uploads\/2020\/11\/logo-site.png","width":486,"height":178,"caption":"Dimspeed, l&#039;atelier de personnalisation automobile"},"image":{"@id":"https:\/\/dimspeed.com\/#\/schema\/logo\/image\/"}}]}},"_links":{"self":[{"href":"https:\/\/dimspeed.com\/en\/wp-json\/wp\/v2\/product\/1160","targetHints":{"allow":["GET"]}}],"collection":[{"href":"https:\/\/dimspeed.com\/en\/wp-json\/wp\/v2\/product"}],"about":[{"href":"https:\/\/dimspeed.com\/en\/wp-json\/wp\/v2\/types\/product"}],"version-history":[{"count":1,"href":"https:\/\/dimspeed.com\/en\/wp-json\/wp\/v2\/product\/1160\/revisions"}],"predecessor-version":[{"id":3713,"href":"https:\/\/dimspeed.com\/en\/wp-json\/wp\/v2\/product\/1160\/revisions\/3713"}],"wp:featuredmedia":[{"embeddable":true,"href":"https:\/\/dimspeed.com\/en\/wp-json\/wp\/v2\/media\/1629"}],"wp:attachment":[{"href":"https:\/\/dimspeed.com\/en\/wp-json\/wp\/v2\/media?parent=1160"}],"wp:term":[{"taxonomy":"product_brand","embeddable":true,"href":"https:\/\/dimspeed.com\/en\/wp-json\/wp\/v2\/product_brand?post=1160"},{"taxonomy":"product_cat","embeddable":true,"href":"https:\/\/dimspeed.com\/en\/wp-json\/wp\/v2\/product_cat?post=1160"},{"taxonomy":"product_tag","embeddable":true,"href":"https:\/\/dimspeed.com\/en\/wp-json\/wp\/v2\/product_tag?post=1160"}],"curies":[{"name":"wp","href":"https:\/\/api.w.org\/{rel}","templated":true}]}}