{"id":1154,"date":"2021-01-08T13:35:21","date_gmt":"2021-01-08T12:35:21","guid":{"rendered":"https:\/\/dimspeed.com\/?post_type=product&#038;p=1154"},"modified":"2025-02-14T10:56:48","modified_gmt":"2025-02-14T09:56:48","slug":"support-de-filtre-a-huile","status":"publish","type":"product","link":"https:\/\/dimspeed.com\/en\/product\/support-de-filtre-a-huile\/","title":{"rendered":"Billet Oil Filter Housing"},"content":{"rendered":"<p>Billet-machined alloy oil filter housing. Much stronger and increased gasket area means no leaks.<\/p>\n<p>No bypass valve so only for cars with an oil cooler or flexible pipe. We sell on this website the complete kit with Swiftune Billet Oil Filter Housing, Fitting Kit and Oil Feed Pipe.<\/p>\n<p>Les supports Swiftune sont disponibles avec un filetage de 1\/8 BSP pour pouvoir ajouter un capteur de temp\u00e9rature d\u2019huile si vous ole souhaitez.<\/p>","protected":false},"excerpt":{"rendered":"<p>Support de filtre \u00e0 huile en aluminium taill\u00e9 masse. Plus r\u00e9sistant avec une surface de support de joint plus large, il \u00e9vite les fuites d&#8217;huile. Ce support de filtre ne poss\u00e8de pas de bypass, il doit \u00eatre utiliser avec un radiateur d&#8217;huile ou une durite. Nous proposons sur notre site le kit complet avec le [&hellip;]<\/p>","protected":false},"featured_media":6751,"template":"","meta":[],"product_brand":[],"product_cat":[26,40],"product_tag":[66,86,89,148,162],"class_list":{"0":"post-1154","1":"product","2":"type-product","3":"status-publish","4":"has-post-thumbnail","6":"product_cat-peripherique","7":"product_cat-circuit-dhuile","8":"product_tag-dimspeed","9":"product_tag-fah","10":"product_tag-huile","11":"product_tag-support","12":"product_tag-swiftune","14":"first","15":"instock","16":"taxable","17":"shipping-taxable","18":"purchasable","19":"product-type-variable"},"yoast_head":"<!-- This site is optimized with the Yoast SEO plugin v27.1.1 - https:\/\/yoast.com\/product\/yoast-seo-wordpress\/ -->\n<title>Support de Filtre \u00e0 Huile - Dimspeed, l&#039;atelier de personnalisation automobile<\/title>\n<meta name=\"robots\" content=\"index, follow, max-snippet:-1, max-image-preview:large, max-video-preview:-1\" \/>\n<link rel=\"canonical\" href=\"https:\/\/dimspeed.com\/en\/product\/support-de-filtre-a-huile\/\" \/>\n<meta property=\"og:locale\" content=\"en_GB\" \/>\n<meta property=\"og:type\" content=\"article\" \/>\n<meta property=\"og:title\" content=\"Support de Filtre \u00e0 Huile - Dimspeed, l&#039;atelier de personnalisation automobile\" \/>\n<meta property=\"og:description\" content=\"Support de filtre \u00e0 huile en aluminium taill\u00e9 masse. Plus r\u00e9sistant avec une surface de support de joint plus large, il \u00e9vite les fuites d&#8217;huile. Ce support de filtre ne poss\u00e8de pas de bypass, il doit \u00eatre utiliser avec un radiateur d&#8217;huile ou une durite. Nous proposons sur notre site le kit complet avec le [&hellip;]\" \/>\n<meta property=\"og:url\" content=\"https:\/\/dimspeed.com\/en\/product\/support-de-filtre-a-huile\/\" \/>\n<meta property=\"og:site_name\" content=\"Dimspeed, l&#039;atelier de personnalisation automobile\" \/>\n<meta property=\"article:modified_time\" content=\"2025-02-14T09:56:48+00:00\" \/>\n<meta property=\"og:image\" content=\"https:\/\/dimspeed.com\/wp-content\/uploads\/2021\/01\/496_Support-de-Filtre-a-Huile-Dimspeed-4.jpg\" \/>\n\t<meta property=\"og:image:width\" content=\"1920\" \/>\n\t<meta property=\"og:image:height\" content=\"1734\" \/>\n\t<meta property=\"og:image:type\" content=\"image\/jpeg\" \/>\n<meta name=\"twitter:card\" content=\"summary_large_image\" \/>\n<meta name=\"twitter:label1\" content=\"Estimated reading time\" \/>\n\t<meta name=\"twitter:data1\" content=\"1 minute\" \/>\n<script type=\"application\/ld+json\" class=\"yoast-schema-graph\">{\"@context\":\"https:\/\/schema.org\",\"@graph\":[{\"@type\":\"WebPage\",\"@id\":\"https:\/\/dimspeed.com\/produit\/support-de-filtre-a-huile\/\",\"url\":\"https:\/\/dimspeed.com\/produit\/support-de-filtre-a-huile\/\",\"name\":\"Support de Filtre \u00e0 Huile - Dimspeed, l&#039;atelier de personnalisation automobile\",\"isPartOf\":{\"@id\":\"https:\/\/dimspeed.com\/#website\"},\"primaryImageOfPage\":{\"@id\":\"https:\/\/dimspeed.com\/produit\/support-de-filtre-a-huile\/#primaryimage\"},\"image\":{\"@id\":\"https:\/\/dimspeed.com\/produit\/support-de-filtre-a-huile\/#primaryimage\"},\"thumbnailUrl\":\"https:\/\/dimspeed.com\/wp-content\/uploads\/2021\/01\/496_Support-de-Filtre-a-Huile-Dimspeed-4.jpg\",\"datePublished\":\"2021-01-08T12:35:21+00:00\",\"dateModified\":\"2025-02-14T09:56:48+00:00\",\"breadcrumb\":{\"@id\":\"https:\/\/dimspeed.com\/produit\/support-de-filtre-a-huile\/#breadcrumb\"},\"inLanguage\":\"en-GB\",\"potentialAction\":[{\"@type\":\"ReadAction\",\"target\":[\"https:\/\/dimspeed.com\/produit\/support-de-filtre-a-huile\/\"]}]},{\"@type\":\"ImageObject\",\"inLanguage\":\"en-GB\",\"@id\":\"https:\/\/dimspeed.com\/produit\/support-de-filtre-a-huile\/#primaryimage\",\"url\":\"https:\/\/dimspeed.com\/wp-content\/uploads\/2021\/01\/496_Support-de-Filtre-a-Huile-Dimspeed-4.jpg\",\"contentUrl\":\"https:\/\/dimspeed.com\/wp-content\/uploads\/2021\/01\/496_Support-de-Filtre-a-Huile-Dimspeed-4.jpg\",\"width\":1920,\"height\":1734},{\"@type\":\"BreadcrumbList\",\"@id\":\"https:\/\/dimspeed.com\/produit\/support-de-filtre-a-huile\/#breadcrumb\",\"itemListElement\":[{\"@type\":\"ListItem\",\"position\":1,\"name\":\"Accueil\",\"item\":\"https:\/\/dimspeed.com\/\"},{\"@type\":\"ListItem\",\"position\":2,\"name\":\"Boutique\",\"item\":\"https:\/\/dimspeed.com\/boutique\/\"},{\"@type\":\"ListItem\",\"position\":3,\"name\":\"Support de Filtre \u00e0 Huile\"}]},{\"@type\":\"WebSite\",\"@id\":\"https:\/\/dimspeed.com\/#website\",\"url\":\"https:\/\/dimspeed.com\/\",\"name\":\"Dimspeed, l&#039;atelier de personnalisation automobile\",\"description\":\"MOTORISTE comp\u00e9tition et collection SPECIALISTE moteur A-SERIE\",\"publisher\":{\"@id\":\"https:\/\/dimspeed.com\/#organization\"},\"potentialAction\":[{\"@type\":\"SearchAction\",\"target\":{\"@type\":\"EntryPoint\",\"urlTemplate\":\"https:\/\/dimspeed.com\/?s={search_term_string}\"},\"query-input\":{\"@type\":\"PropertyValueSpecification\",\"valueRequired\":true,\"valueName\":\"search_term_string\"}}],\"inLanguage\":\"en-GB\"},{\"@type\":\"Organization\",\"@id\":\"https:\/\/dimspeed.com\/#organization\",\"name\":\"Dimspeed, l&#039;atelier de personnalisation automobile\",\"url\":\"https:\/\/dimspeed.com\/\",\"logo\":{\"@type\":\"ImageObject\",\"inLanguage\":\"en-GB\",\"@id\":\"https:\/\/dimspeed.com\/#\/schema\/logo\/image\/\",\"url\":\"https:\/\/dimspeed.com\/wp-content\/uploads\/2020\/11\/logo-site.png\",\"contentUrl\":\"https:\/\/dimspeed.com\/wp-content\/uploads\/2020\/11\/logo-site.png\",\"width\":486,\"height\":178,\"caption\":\"Dimspeed, l&#039;atelier de personnalisation automobile\"},\"image\":{\"@id\":\"https:\/\/dimspeed.com\/#\/schema\/logo\/image\/\"}}]}<\/script>\n<!-- \/ Yoast SEO plugin. -->","yoast_head_json":{"title":"Support de Filtre \u00e0 Huile - Dimspeed, l&#039;atelier de personnalisation automobile","robots":{"index":"index","follow":"follow","max-snippet":"max-snippet:-1","max-image-preview":"max-image-preview:large","max-video-preview":"max-video-preview:-1"},"canonical":"https:\/\/dimspeed.com\/en\/product\/support-de-filtre-a-huile\/","og_locale":"en_GB","og_type":"article","og_title":"Support de Filtre \u00e0 Huile - Dimspeed, l&#039;atelier de personnalisation automobile","og_description":"Support de filtre \u00e0 huile en aluminium taill\u00e9 masse. Plus r\u00e9sistant avec une surface de support de joint plus large, il \u00e9vite les fuites d&#8217;huile. Ce support de filtre ne poss\u00e8de pas de bypass, il doit \u00eatre utiliser avec un radiateur d&#8217;huile ou une durite. Nous proposons sur notre site le kit complet avec le [&hellip;]","og_url":"https:\/\/dimspeed.com\/en\/product\/support-de-filtre-a-huile\/","og_site_name":"Dimspeed, l&#039;atelier de personnalisation automobile","article_modified_time":"2025-02-14T09:56:48+00:00","og_image":[{"width":1920,"height":1734,"url":"https:\/\/dimspeed.com\/wp-content\/uploads\/2021\/01\/496_Support-de-Filtre-a-Huile-Dimspeed-4.jpg","type":"image\/jpeg"}],"twitter_card":"summary_large_image","twitter_misc":{"Estimated reading time":"1 minute"},"schema":{"@context":"https:\/\/schema.org","@graph":[{"@type":"WebPage","@id":"https:\/\/dimspeed.com\/produit\/support-de-filtre-a-huile\/","url":"https:\/\/dimspeed.com\/produit\/support-de-filtre-a-huile\/","name":"Support de Filtre \u00e0 Huile - Dimspeed, l&#039;atelier de personnalisation automobile","isPartOf":{"@id":"https:\/\/dimspeed.com\/#website"},"primaryImageOfPage":{"@id":"https:\/\/dimspeed.com\/produit\/support-de-filtre-a-huile\/#primaryimage"},"image":{"@id":"https:\/\/dimspeed.com\/produit\/support-de-filtre-a-huile\/#primaryimage"},"thumbnailUrl":"https:\/\/dimspeed.com\/wp-content\/uploads\/2021\/01\/496_Support-de-Filtre-a-Huile-Dimspeed-4.jpg","datePublished":"2021-01-08T12:35:21+00:00","dateModified":"2025-02-14T09:56:48+00:00","breadcrumb":{"@id":"https:\/\/dimspeed.com\/produit\/support-de-filtre-a-huile\/#breadcrumb"},"inLanguage":"en-GB","potentialAction":[{"@type":"ReadAction","target":["https:\/\/dimspeed.com\/produit\/support-de-filtre-a-huile\/"]}]},{"@type":"ImageObject","inLanguage":"en-GB","@id":"https:\/\/dimspeed.com\/produit\/support-de-filtre-a-huile\/#primaryimage","url":"https:\/\/dimspeed.com\/wp-content\/uploads\/2021\/01\/496_Support-de-Filtre-a-Huile-Dimspeed-4.jpg","contentUrl":"https:\/\/dimspeed.com\/wp-content\/uploads\/2021\/01\/496_Support-de-Filtre-a-Huile-Dimspeed-4.jpg","width":1920,"height":1734},{"@type":"BreadcrumbList","@id":"https:\/\/dimspeed.com\/produit\/support-de-filtre-a-huile\/#breadcrumb","itemListElement":[{"@type":"ListItem","position":1,"name":"Accueil","item":"https:\/\/dimspeed.com\/"},{"@type":"ListItem","position":2,"name":"Boutique","item":"https:\/\/dimspeed.com\/boutique\/"},{"@type":"ListItem","position":3,"name":"Support de Filtre \u00e0 Huile"}]},{"@type":"WebSite","@id":"https:\/\/dimspeed.com\/#website","url":"https:\/\/dimspeed.com\/","name":"Dimspeed, l&#039;atelier de personnalisation automobile","description":"MOTORISTE comp\u00e9tition et collection SPECIALISTE moteur A-SERIE","publisher":{"@id":"https:\/\/dimspeed.com\/#organization"},"potentialAction":[{"@type":"SearchAction","target":{"@type":"EntryPoint","urlTemplate":"https:\/\/dimspeed.com\/?s={search_term_string}"},"query-input":{"@type":"PropertyValueSpecification","valueRequired":true,"valueName":"search_term_string"}}],"inLanguage":"en-GB"},{"@type":"Organization","@id":"https:\/\/dimspeed.com\/#organization","name":"Dimspeed, l&#039;atelier de personnalisation automobile","url":"https:\/\/dimspeed.com\/","logo":{"@type":"ImageObject","inLanguage":"en-GB","@id":"https:\/\/dimspeed.com\/#\/schema\/logo\/image\/","url":"https:\/\/dimspeed.com\/wp-content\/uploads\/2020\/11\/logo-site.png","contentUrl":"https:\/\/dimspeed.com\/wp-content\/uploads\/2020\/11\/logo-site.png","width":486,"height":178,"caption":"Dimspeed, l&#039;atelier de personnalisation automobile"},"image":{"@id":"https:\/\/dimspeed.com\/#\/schema\/logo\/image\/"}}]}},"_links":{"self":[{"href":"https:\/\/dimspeed.com\/en\/wp-json\/wp\/v2\/product\/1154","targetHints":{"allow":["GET"]}}],"collection":[{"href":"https:\/\/dimspeed.com\/en\/wp-json\/wp\/v2\/product"}],"about":[{"href":"https:\/\/dimspeed.com\/en\/wp-json\/wp\/v2\/types\/product"}],"version-history":[{"count":5,"href":"https:\/\/dimspeed.com\/en\/wp-json\/wp\/v2\/product\/1154\/revisions"}],"predecessor-version":[{"id":6746,"href":"https:\/\/dimspeed.com\/en\/wp-json\/wp\/v2\/product\/1154\/revisions\/6746"}],"wp:featuredmedia":[{"embeddable":true,"href":"https:\/\/dimspeed.com\/en\/wp-json\/wp\/v2\/media\/6751"}],"wp:attachment":[{"href":"https:\/\/dimspeed.com\/en\/wp-json\/wp\/v2\/media?parent=1154"}],"wp:term":[{"taxonomy":"product_brand","embeddable":true,"href":"https:\/\/dimspeed.com\/en\/wp-json\/wp\/v2\/product_brand?post=1154"},{"taxonomy":"product_cat","embeddable":true,"href":"https:\/\/dimspeed.com\/en\/wp-json\/wp\/v2\/product_cat?post=1154"},{"taxonomy":"product_tag","embeddable":true,"href":"https:\/\/dimspeed.com\/en\/wp-json\/wp\/v2\/product_tag?post=1154"}],"curies":[{"name":"wp","href":"https:\/\/api.w.org\/{rel}","templated":true}]}}