{"id":1139,"date":"2021-01-08T13:21:25","date_gmt":"2021-01-08T12:21:25","guid":{"rendered":"https:\/\/dimspeed.com\/?post_type=product&#038;p=1139"},"modified":"2025-02-14T10:57:42","modified_gmt":"2025-02-14T09:57:42","slug":"calorstat-82","status":"publish","type":"product","link":"https:\/\/dimspeed.com\/en\/product\/calorstat-82\/","title":{"rendered":"82\u00b0 Thermostat"},"content":{"rendered":"<p>The thermostat is useful to regulate your engine temperature in temperate climate.<\/p>\n<p>If you don't know which one to choose between the 74\u00b0 Thermostat and 82\u00b0 Thermostat, we recommend to buy this one first. Then you should check if your engine temperature stay put. If it's not the case, we advise you to buy the 74\u00b0 Thermostat.<\/p>","protected":false},"excerpt":{"rendered":"<p>Le calorstat sert \u00e0 r\u00e9guler la temp\u00e9rature de votre moteur. Adapt\u00e9 pour un climat temp\u00e9r\u00e9 &#8211; temp\u00e9rature moyenne. Si vous h\u00e9sitez entre le calorstat 74\u00b0 et 82\u00b0, nous vous conseillons d&#8217;acheter celui-ci et d&#8217;observer ensuite si la temp\u00e9rature de votre moteur reste constante. Si ce n&#8217;est pas le cas, il vous faudra alors monter un [&hellip;]<\/p>","protected":false},"featured_media":1475,"template":"","meta":[],"product_brand":[],"product_cat":[26,32],"product_tag":[103,65,182],"class_list":{"0":"post-1139","1":"product","2":"type-product","3":"status-publish","4":"has-post-thumbnail","6":"product_cat-peripherique","7":"product_cat-refroidissement","8":"product_tag-calorstat","9":"product_tag-culasse","10":"product_tag-route","12":"first","13":"instock","14":"taxable","15":"shipping-taxable","16":"purchasable","17":"product-type-simple"},"yoast_head":"<!-- This site is optimized with the Yoast SEO plugin v27.1.1 - https:\/\/yoast.com\/product\/yoast-seo-wordpress\/ -->\n<title>Calorstat 82\u00b0 - Dimspeed, l&#039;atelier de personnalisation automobile<\/title>\n<meta name=\"robots\" content=\"index, follow, max-snippet:-1, max-image-preview:large, max-video-preview:-1\" \/>\n<link rel=\"canonical\" href=\"https:\/\/dimspeed.com\/en\/product\/calorstat-82\/\" \/>\n<meta property=\"og:locale\" content=\"en_GB\" \/>\n<meta property=\"og:type\" content=\"article\" \/>\n<meta property=\"og:title\" content=\"Calorstat 82\u00b0 - Dimspeed, l&#039;atelier de personnalisation automobile\" \/>\n<meta property=\"og:description\" content=\"Le calorstat sert \u00e0 r\u00e9guler la temp\u00e9rature de votre moteur. Adapt\u00e9 pour un climat temp\u00e9r\u00e9 &#8211; temp\u00e9rature moyenne. Si vous h\u00e9sitez entre le calorstat 74\u00b0 et 82\u00b0, nous vous conseillons d&#8217;acheter celui-ci et d&#8217;observer ensuite si la temp\u00e9rature de votre moteur reste constante. Si ce n&#8217;est pas le cas, il vous faudra alors monter un [&hellip;]\" \/>\n<meta property=\"og:url\" content=\"https:\/\/dimspeed.com\/en\/product\/calorstat-82\/\" \/>\n<meta property=\"og:site_name\" content=\"Dimspeed, l&#039;atelier de personnalisation automobile\" \/>\n<meta property=\"article:modified_time\" content=\"2025-02-14T09:57:42+00:00\" \/>\n<meta property=\"og:image\" content=\"https:\/\/dimspeed.com\/wp-content\/uploads\/2021\/01\/132_Calorstat-82\u00b0.jpg\" \/>\n\t<meta property=\"og:image:width\" content=\"500\" \/>\n\t<meta property=\"og:image:height\" content=\"500\" \/>\n\t<meta property=\"og:image:type\" content=\"image\/jpeg\" \/>\n<meta name=\"twitter:card\" content=\"summary_large_image\" \/>\n<script type=\"application\/ld+json\" class=\"yoast-schema-graph\">{\"@context\":\"https:\/\/schema.org\",\"@graph\":[{\"@type\":\"WebPage\",\"@id\":\"https:\/\/dimspeed.com\/produit\/calorstat-82\/\",\"url\":\"https:\/\/dimspeed.com\/produit\/calorstat-82\/\",\"name\":\"Calorstat 82\u00b0 - Dimspeed, l&#039;atelier de personnalisation automobile\",\"isPartOf\":{\"@id\":\"https:\/\/dimspeed.com\/#website\"},\"primaryImageOfPage\":{\"@id\":\"https:\/\/dimspeed.com\/produit\/calorstat-82\/#primaryimage\"},\"image\":{\"@id\":\"https:\/\/dimspeed.com\/produit\/calorstat-82\/#primaryimage\"},\"thumbnailUrl\":\"https:\/\/dimspeed.com\/wp-content\/uploads\/2021\/01\/132_Calorstat-82\u00b0.jpg\",\"datePublished\":\"2021-01-08T12:21:25+00:00\",\"dateModified\":\"2025-02-14T09:57:42+00:00\",\"breadcrumb\":{\"@id\":\"https:\/\/dimspeed.com\/produit\/calorstat-82\/#breadcrumb\"},\"inLanguage\":\"en-GB\",\"potentialAction\":[{\"@type\":\"ReadAction\",\"target\":[\"https:\/\/dimspeed.com\/produit\/calorstat-82\/\"]}]},{\"@type\":\"ImageObject\",\"inLanguage\":\"en-GB\",\"@id\":\"https:\/\/dimspeed.com\/produit\/calorstat-82\/#primaryimage\",\"url\":\"https:\/\/dimspeed.com\/wp-content\/uploads\/2021\/01\/132_Calorstat-82\u00b0.jpg\",\"contentUrl\":\"https:\/\/dimspeed.com\/wp-content\/uploads\/2021\/01\/132_Calorstat-82\u00b0.jpg\",\"width\":500,\"height\":500},{\"@type\":\"BreadcrumbList\",\"@id\":\"https:\/\/dimspeed.com\/produit\/calorstat-82\/#breadcrumb\",\"itemListElement\":[{\"@type\":\"ListItem\",\"position\":1,\"name\":\"Accueil\",\"item\":\"https:\/\/dimspeed.com\/\"},{\"@type\":\"ListItem\",\"position\":2,\"name\":\"Boutique\",\"item\":\"https:\/\/dimspeed.com\/boutique\/\"},{\"@type\":\"ListItem\",\"position\":3,\"name\":\"Calorstat 82\u00b0\"}]},{\"@type\":\"WebSite\",\"@id\":\"https:\/\/dimspeed.com\/#website\",\"url\":\"https:\/\/dimspeed.com\/\",\"name\":\"Dimspeed, l&#039;atelier de personnalisation automobile\",\"description\":\"MOTORISTE comp\u00e9tition et collection SPECIALISTE moteur A-SERIE\",\"publisher\":{\"@id\":\"https:\/\/dimspeed.com\/#organization\"},\"potentialAction\":[{\"@type\":\"SearchAction\",\"target\":{\"@type\":\"EntryPoint\",\"urlTemplate\":\"https:\/\/dimspeed.com\/?s={search_term_string}\"},\"query-input\":{\"@type\":\"PropertyValueSpecification\",\"valueRequired\":true,\"valueName\":\"search_term_string\"}}],\"inLanguage\":\"en-GB\"},{\"@type\":\"Organization\",\"@id\":\"https:\/\/dimspeed.com\/#organization\",\"name\":\"Dimspeed, l&#039;atelier de personnalisation automobile\",\"url\":\"https:\/\/dimspeed.com\/\",\"logo\":{\"@type\":\"ImageObject\",\"inLanguage\":\"en-GB\",\"@id\":\"https:\/\/dimspeed.com\/#\/schema\/logo\/image\/\",\"url\":\"https:\/\/dimspeed.com\/wp-content\/uploads\/2020\/11\/logo-site.png\",\"contentUrl\":\"https:\/\/dimspeed.com\/wp-content\/uploads\/2020\/11\/logo-site.png\",\"width\":486,\"height\":178,\"caption\":\"Dimspeed, l&#039;atelier de personnalisation automobile\"},\"image\":{\"@id\":\"https:\/\/dimspeed.com\/#\/schema\/logo\/image\/\"}}]}<\/script>\n<!-- \/ Yoast SEO plugin. -->","yoast_head_json":{"title":"Calorstat 82\u00b0 - Dimspeed, l&#039;atelier de personnalisation automobile","robots":{"index":"index","follow":"follow","max-snippet":"max-snippet:-1","max-image-preview":"max-image-preview:large","max-video-preview":"max-video-preview:-1"},"canonical":"https:\/\/dimspeed.com\/en\/product\/calorstat-82\/","og_locale":"en_GB","og_type":"article","og_title":"Calorstat 82\u00b0 - Dimspeed, l&#039;atelier de personnalisation automobile","og_description":"Le calorstat sert \u00e0 r\u00e9guler la temp\u00e9rature de votre moteur. Adapt\u00e9 pour un climat temp\u00e9r\u00e9 &#8211; temp\u00e9rature moyenne. Si vous h\u00e9sitez entre le calorstat 74\u00b0 et 82\u00b0, nous vous conseillons d&#8217;acheter celui-ci et d&#8217;observer ensuite si la temp\u00e9rature de votre moteur reste constante. Si ce n&#8217;est pas le cas, il vous faudra alors monter un [&hellip;]","og_url":"https:\/\/dimspeed.com\/en\/product\/calorstat-82\/","og_site_name":"Dimspeed, l&#039;atelier de personnalisation automobile","article_modified_time":"2025-02-14T09:57:42+00:00","og_image":[{"width":500,"height":500,"url":"https:\/\/dimspeed.com\/wp-content\/uploads\/2021\/01\/132_Calorstat-82\u00b0.jpg","type":"image\/jpeg"}],"twitter_card":"summary_large_image","schema":{"@context":"https:\/\/schema.org","@graph":[{"@type":"WebPage","@id":"https:\/\/dimspeed.com\/produit\/calorstat-82\/","url":"https:\/\/dimspeed.com\/produit\/calorstat-82\/","name":"Calorstat 82\u00b0 - Dimspeed, l&#039;atelier de personnalisation automobile","isPartOf":{"@id":"https:\/\/dimspeed.com\/#website"},"primaryImageOfPage":{"@id":"https:\/\/dimspeed.com\/produit\/calorstat-82\/#primaryimage"},"image":{"@id":"https:\/\/dimspeed.com\/produit\/calorstat-82\/#primaryimage"},"thumbnailUrl":"https:\/\/dimspeed.com\/wp-content\/uploads\/2021\/01\/132_Calorstat-82\u00b0.jpg","datePublished":"2021-01-08T12:21:25+00:00","dateModified":"2025-02-14T09:57:42+00:00","breadcrumb":{"@id":"https:\/\/dimspeed.com\/produit\/calorstat-82\/#breadcrumb"},"inLanguage":"en-GB","potentialAction":[{"@type":"ReadAction","target":["https:\/\/dimspeed.com\/produit\/calorstat-82\/"]}]},{"@type":"ImageObject","inLanguage":"en-GB","@id":"https:\/\/dimspeed.com\/produit\/calorstat-82\/#primaryimage","url":"https:\/\/dimspeed.com\/wp-content\/uploads\/2021\/01\/132_Calorstat-82\u00b0.jpg","contentUrl":"https:\/\/dimspeed.com\/wp-content\/uploads\/2021\/01\/132_Calorstat-82\u00b0.jpg","width":500,"height":500},{"@type":"BreadcrumbList","@id":"https:\/\/dimspeed.com\/produit\/calorstat-82\/#breadcrumb","itemListElement":[{"@type":"ListItem","position":1,"name":"Accueil","item":"https:\/\/dimspeed.com\/"},{"@type":"ListItem","position":2,"name":"Boutique","item":"https:\/\/dimspeed.com\/boutique\/"},{"@type":"ListItem","position":3,"name":"Calorstat 82\u00b0"}]},{"@type":"WebSite","@id":"https:\/\/dimspeed.com\/#website","url":"https:\/\/dimspeed.com\/","name":"Dimspeed, l&#039;atelier de personnalisation automobile","description":"MOTORISTE comp\u00e9tition et collection SPECIALISTE moteur A-SERIE","publisher":{"@id":"https:\/\/dimspeed.com\/#organization"},"potentialAction":[{"@type":"SearchAction","target":{"@type":"EntryPoint","urlTemplate":"https:\/\/dimspeed.com\/?s={search_term_string}"},"query-input":{"@type":"PropertyValueSpecification","valueRequired":true,"valueName":"search_term_string"}}],"inLanguage":"en-GB"},{"@type":"Organization","@id":"https:\/\/dimspeed.com\/#organization","name":"Dimspeed, l&#039;atelier de personnalisation automobile","url":"https:\/\/dimspeed.com\/","logo":{"@type":"ImageObject","inLanguage":"en-GB","@id":"https:\/\/dimspeed.com\/#\/schema\/logo\/image\/","url":"https:\/\/dimspeed.com\/wp-content\/uploads\/2020\/11\/logo-site.png","contentUrl":"https:\/\/dimspeed.com\/wp-content\/uploads\/2020\/11\/logo-site.png","width":486,"height":178,"caption":"Dimspeed, l&#039;atelier de personnalisation automobile"},"image":{"@id":"https:\/\/dimspeed.com\/#\/schema\/logo\/image\/"}}]}},"_links":{"self":[{"href":"https:\/\/dimspeed.com\/en\/wp-json\/wp\/v2\/product\/1139","targetHints":{"allow":["GET"]}}],"collection":[{"href":"https:\/\/dimspeed.com\/en\/wp-json\/wp\/v2\/product"}],"about":[{"href":"https:\/\/dimspeed.com\/en\/wp-json\/wp\/v2\/types\/product"}],"version-history":[{"count":1,"href":"https:\/\/dimspeed.com\/en\/wp-json\/wp\/v2\/product\/1139\/revisions"}],"predecessor-version":[{"id":3932,"href":"https:\/\/dimspeed.com\/en\/wp-json\/wp\/v2\/product\/1139\/revisions\/3932"}],"wp:featuredmedia":[{"embeddable":true,"href":"https:\/\/dimspeed.com\/en\/wp-json\/wp\/v2\/media\/1475"}],"wp:attachment":[{"href":"https:\/\/dimspeed.com\/en\/wp-json\/wp\/v2\/media?parent=1139"}],"wp:term":[{"taxonomy":"product_brand","embeddable":true,"href":"https:\/\/dimspeed.com\/en\/wp-json\/wp\/v2\/product_brand?post=1139"},{"taxonomy":"product_cat","embeddable":true,"href":"https:\/\/dimspeed.com\/en\/wp-json\/wp\/v2\/product_cat?post=1139"},{"taxonomy":"product_tag","embeddable":true,"href":"https:\/\/dimspeed.com\/en\/wp-json\/wp\/v2\/product_tag?post=1139"}],"curies":[{"name":"wp","href":"https:\/\/api.w.org\/{rel}","templated":true}]}}