{"id":1119,"date":"2021-01-08T13:02:36","date_gmt":"2021-01-08T12:02:36","guid":{"rendered":"https:\/\/dimspeed.com\/?post_type=product&#038;p=1119"},"modified":"2026-03-04T09:04:34","modified_gmt":"2026-03-04T08:04:34","slug":"bobine-dallumage-bosch-3","status":"publish","type":"product","link":"https:\/\/dimspeed.com\/en\/product\/bobine-dallumage-bosch-3\/","title":{"rendered":"Bosch Ignition Coil"},"content":{"rendered":"<p>Bosch Ignition Coil<\/p>\n<p>12V<\/p>\n<p>Primary resistance: 3 ohms<\/p>\n<p>The Bosch ignition coil is supplied with an ignition coil bracket<\/p>\n<p>High performance, this ignition coil will give you a quality spark for optimum running of your engine. We recommend and use it on all our engines for its reliability.<\/p>\n<p>Color : Blue<\/p>\n<p>Diameter: 55 mm \/ Length: 145.5 mm \/ Screw terminals or 6.3 mm spade terminals<\/p>","protected":false},"excerpt":{"rendered":"<p>Bobine d&#8217;allumage Bosch. 12V R\u00e9sistance primaire : 3 ohm La bobine BOSCH est livr\u00e9e avec collier. Tr\u00e8s performante, cette bobine vous donnera une \u00e9tincelle de qualit\u00e9 pour un fonctionnement optimal de votre moteur. Nous les recommandons et nous les utilisons sur tous nos moteurs pour sa fiabilit\u00e9. Couleur de la bobine : Bleu Diam\u00e8tre 55mm [&hellip;]<\/p>","protected":false},"featured_media":7510,"template":"","meta":[],"product_brand":[],"product_cat":[26,24],"product_tag":[167,168,105,104,169,102],"class_list":{"0":"post-1119","1":"product","2":"type-product","3":"status-publish","4":"has-post-thumbnail","6":"product_cat-peripherique","7":"product_cat-allumage","8":"product_tag-allumage","9":"product_tag-allumeur","10":"product_tag-bougies","11":"product_tag-distributeur","12":"product_tag-doigt","13":"product_tag-ignition","15":"first","16":"instock","17":"taxable","18":"shipping-taxable","19":"purchasable","20":"product-type-simple"},"yoast_head":"<!-- This site is optimized with the Yoast SEO plugin v27.1.1 - https:\/\/yoast.com\/product\/yoast-seo-wordpress\/ -->\n<title>Bobine d&#039;Allumage Bosch - Dimspeed, l&#039;atelier de personnalisation automobile<\/title>\n<meta name=\"robots\" content=\"index, follow, max-snippet:-1, max-image-preview:large, max-video-preview:-1\" \/>\n<link rel=\"canonical\" href=\"https:\/\/dimspeed.com\/en\/product\/bobine-dallumage-bosch-3\/\" \/>\n<meta property=\"og:locale\" content=\"en_GB\" \/>\n<meta property=\"og:type\" content=\"article\" \/>\n<meta property=\"og:title\" content=\"Bobine d&#039;Allumage Bosch - Dimspeed, l&#039;atelier de personnalisation automobile\" \/>\n<meta property=\"og:description\" content=\"Bobine d&#8217;allumage Bosch. 12V R\u00e9sistance primaire : 3 ohm La bobine BOSCH est livr\u00e9e avec collier. Tr\u00e8s performante, cette bobine vous donnera une \u00e9tincelle de qualit\u00e9 pour un fonctionnement optimal de votre moteur. Nous les recommandons et nous les utilisons sur tous nos moteurs pour sa fiabilit\u00e9. Couleur de la bobine : Bleu Diam\u00e8tre 55mm [&hellip;]\" \/>\n<meta property=\"og:url\" content=\"https:\/\/dimspeed.com\/en\/product\/bobine-dallumage-bosch-3\/\" \/>\n<meta property=\"og:site_name\" content=\"Dimspeed, l&#039;atelier de personnalisation automobile\" \/>\n<meta property=\"article:modified_time\" content=\"2026-03-04T08:04:34+00:00\" \/>\n<meta property=\"og:image\" content=\"https:\/\/dimspeed.com\/wp-content\/uploads\/2021\/01\/028_Bobine-dallumage-Bosch-1.jpg\" \/>\n\t<meta property=\"og:image:width\" content=\"1657\" \/>\n\t<meta property=\"og:image:height\" content=\"1920\" \/>\n\t<meta property=\"og:image:type\" content=\"image\/jpeg\" \/>\n<meta name=\"twitter:card\" content=\"summary_large_image\" \/>\n<meta name=\"twitter:label1\" content=\"Estimated reading time\" \/>\n\t<meta name=\"twitter:data1\" content=\"1 minute\" \/>\n<script type=\"application\/ld+json\" class=\"yoast-schema-graph\">{\"@context\":\"https:\/\/schema.org\",\"@graph\":[{\"@type\":\"WebPage\",\"@id\":\"https:\/\/dimspeed.com\/produit\/bobine-dallumage-bosch-3\/\",\"url\":\"https:\/\/dimspeed.com\/produit\/bobine-dallumage-bosch-3\/\",\"name\":\"Bobine d'Allumage Bosch - Dimspeed, l&#039;atelier de personnalisation automobile\",\"isPartOf\":{\"@id\":\"https:\/\/dimspeed.com\/#website\"},\"primaryImageOfPage\":{\"@id\":\"https:\/\/dimspeed.com\/produit\/bobine-dallumage-bosch-3\/#primaryimage\"},\"image\":{\"@id\":\"https:\/\/dimspeed.com\/produit\/bobine-dallumage-bosch-3\/#primaryimage\"},\"thumbnailUrl\":\"https:\/\/dimspeed.com\/wp-content\/uploads\/2021\/01\/028_Bobine-dallumage-Bosch-1.jpg\",\"datePublished\":\"2021-01-08T12:02:36+00:00\",\"dateModified\":\"2026-03-04T08:04:34+00:00\",\"breadcrumb\":{\"@id\":\"https:\/\/dimspeed.com\/produit\/bobine-dallumage-bosch-3\/#breadcrumb\"},\"inLanguage\":\"en-GB\",\"potentialAction\":[{\"@type\":\"ReadAction\",\"target\":[\"https:\/\/dimspeed.com\/produit\/bobine-dallumage-bosch-3\/\"]}]},{\"@type\":\"ImageObject\",\"inLanguage\":\"en-GB\",\"@id\":\"https:\/\/dimspeed.com\/produit\/bobine-dallumage-bosch-3\/#primaryimage\",\"url\":\"https:\/\/dimspeed.com\/wp-content\/uploads\/2021\/01\/028_Bobine-dallumage-Bosch-1.jpg\",\"contentUrl\":\"https:\/\/dimspeed.com\/wp-content\/uploads\/2021\/01\/028_Bobine-dallumage-Bosch-1.jpg\",\"width\":1657,\"height\":1920},{\"@type\":\"BreadcrumbList\",\"@id\":\"https:\/\/dimspeed.com\/produit\/bobine-dallumage-bosch-3\/#breadcrumb\",\"itemListElement\":[{\"@type\":\"ListItem\",\"position\":1,\"name\":\"Accueil\",\"item\":\"https:\/\/dimspeed.com\/\"},{\"@type\":\"ListItem\",\"position\":2,\"name\":\"Boutique\",\"item\":\"https:\/\/dimspeed.com\/boutique\/\"},{\"@type\":\"ListItem\",\"position\":3,\"name\":\"Bobine d&#8217;Allumage Bosch\"}]},{\"@type\":\"WebSite\",\"@id\":\"https:\/\/dimspeed.com\/#website\",\"url\":\"https:\/\/dimspeed.com\/\",\"name\":\"Dimspeed, l&#039;atelier de personnalisation automobile\",\"description\":\"MOTORISTE comp\u00e9tition et collection SPECIALISTE moteur A-SERIE\",\"publisher\":{\"@id\":\"https:\/\/dimspeed.com\/#organization\"},\"potentialAction\":[{\"@type\":\"SearchAction\",\"target\":{\"@type\":\"EntryPoint\",\"urlTemplate\":\"https:\/\/dimspeed.com\/?s={search_term_string}\"},\"query-input\":{\"@type\":\"PropertyValueSpecification\",\"valueRequired\":true,\"valueName\":\"search_term_string\"}}],\"inLanguage\":\"en-GB\"},{\"@type\":\"Organization\",\"@id\":\"https:\/\/dimspeed.com\/#organization\",\"name\":\"Dimspeed, l&#039;atelier de personnalisation automobile\",\"url\":\"https:\/\/dimspeed.com\/\",\"logo\":{\"@type\":\"ImageObject\",\"inLanguage\":\"en-GB\",\"@id\":\"https:\/\/dimspeed.com\/#\/schema\/logo\/image\/\",\"url\":\"https:\/\/dimspeed.com\/wp-content\/uploads\/2020\/11\/logo-site.png\",\"contentUrl\":\"https:\/\/dimspeed.com\/wp-content\/uploads\/2020\/11\/logo-site.png\",\"width\":486,\"height\":178,\"caption\":\"Dimspeed, l&#039;atelier de personnalisation automobile\"},\"image\":{\"@id\":\"https:\/\/dimspeed.com\/#\/schema\/logo\/image\/\"}}]}<\/script>\n<!-- \/ Yoast SEO plugin. -->","yoast_head_json":{"title":"Bobine d'Allumage Bosch - Dimspeed, l&#039;atelier de personnalisation automobile","robots":{"index":"index","follow":"follow","max-snippet":"max-snippet:-1","max-image-preview":"max-image-preview:large","max-video-preview":"max-video-preview:-1"},"canonical":"https:\/\/dimspeed.com\/en\/product\/bobine-dallumage-bosch-3\/","og_locale":"en_GB","og_type":"article","og_title":"Bobine d'Allumage Bosch - Dimspeed, l&#039;atelier de personnalisation automobile","og_description":"Bobine d&#8217;allumage Bosch. 12V R\u00e9sistance primaire : 3 ohm La bobine BOSCH est livr\u00e9e avec collier. Tr\u00e8s performante, cette bobine vous donnera une \u00e9tincelle de qualit\u00e9 pour un fonctionnement optimal de votre moteur. Nous les recommandons et nous les utilisons sur tous nos moteurs pour sa fiabilit\u00e9. Couleur de la bobine : Bleu Diam\u00e8tre 55mm [&hellip;]","og_url":"https:\/\/dimspeed.com\/en\/product\/bobine-dallumage-bosch-3\/","og_site_name":"Dimspeed, l&#039;atelier de personnalisation automobile","article_modified_time":"2026-03-04T08:04:34+00:00","og_image":[{"width":1657,"height":1920,"url":"https:\/\/dimspeed.com\/wp-content\/uploads\/2021\/01\/028_Bobine-dallumage-Bosch-1.jpg","type":"image\/jpeg"}],"twitter_card":"summary_large_image","twitter_misc":{"Estimated reading time":"1 minute"},"schema":{"@context":"https:\/\/schema.org","@graph":[{"@type":"WebPage","@id":"https:\/\/dimspeed.com\/produit\/bobine-dallumage-bosch-3\/","url":"https:\/\/dimspeed.com\/produit\/bobine-dallumage-bosch-3\/","name":"Bobine d'Allumage Bosch - Dimspeed, l&#039;atelier de personnalisation automobile","isPartOf":{"@id":"https:\/\/dimspeed.com\/#website"},"primaryImageOfPage":{"@id":"https:\/\/dimspeed.com\/produit\/bobine-dallumage-bosch-3\/#primaryimage"},"image":{"@id":"https:\/\/dimspeed.com\/produit\/bobine-dallumage-bosch-3\/#primaryimage"},"thumbnailUrl":"https:\/\/dimspeed.com\/wp-content\/uploads\/2021\/01\/028_Bobine-dallumage-Bosch-1.jpg","datePublished":"2021-01-08T12:02:36+00:00","dateModified":"2026-03-04T08:04:34+00:00","breadcrumb":{"@id":"https:\/\/dimspeed.com\/produit\/bobine-dallumage-bosch-3\/#breadcrumb"},"inLanguage":"en-GB","potentialAction":[{"@type":"ReadAction","target":["https:\/\/dimspeed.com\/produit\/bobine-dallumage-bosch-3\/"]}]},{"@type":"ImageObject","inLanguage":"en-GB","@id":"https:\/\/dimspeed.com\/produit\/bobine-dallumage-bosch-3\/#primaryimage","url":"https:\/\/dimspeed.com\/wp-content\/uploads\/2021\/01\/028_Bobine-dallumage-Bosch-1.jpg","contentUrl":"https:\/\/dimspeed.com\/wp-content\/uploads\/2021\/01\/028_Bobine-dallumage-Bosch-1.jpg","width":1657,"height":1920},{"@type":"BreadcrumbList","@id":"https:\/\/dimspeed.com\/produit\/bobine-dallumage-bosch-3\/#breadcrumb","itemListElement":[{"@type":"ListItem","position":1,"name":"Accueil","item":"https:\/\/dimspeed.com\/"},{"@type":"ListItem","position":2,"name":"Boutique","item":"https:\/\/dimspeed.com\/boutique\/"},{"@type":"ListItem","position":3,"name":"Bobine d&#8217;Allumage Bosch"}]},{"@type":"WebSite","@id":"https:\/\/dimspeed.com\/#website","url":"https:\/\/dimspeed.com\/","name":"Dimspeed, l&#039;atelier de personnalisation automobile","description":"MOTORISTE comp\u00e9tition et collection SPECIALISTE moteur A-SERIE","publisher":{"@id":"https:\/\/dimspeed.com\/#organization"},"potentialAction":[{"@type":"SearchAction","target":{"@type":"EntryPoint","urlTemplate":"https:\/\/dimspeed.com\/?s={search_term_string}"},"query-input":{"@type":"PropertyValueSpecification","valueRequired":true,"valueName":"search_term_string"}}],"inLanguage":"en-GB"},{"@type":"Organization","@id":"https:\/\/dimspeed.com\/#organization","name":"Dimspeed, l&#039;atelier de personnalisation automobile","url":"https:\/\/dimspeed.com\/","logo":{"@type":"ImageObject","inLanguage":"en-GB","@id":"https:\/\/dimspeed.com\/#\/schema\/logo\/image\/","url":"https:\/\/dimspeed.com\/wp-content\/uploads\/2020\/11\/logo-site.png","contentUrl":"https:\/\/dimspeed.com\/wp-content\/uploads\/2020\/11\/logo-site.png","width":486,"height":178,"caption":"Dimspeed, l&#039;atelier de personnalisation automobile"},"image":{"@id":"https:\/\/dimspeed.com\/#\/schema\/logo\/image\/"}}]}},"_links":{"self":[{"href":"https:\/\/dimspeed.com\/en\/wp-json\/wp\/v2\/product\/1119","targetHints":{"allow":["GET"]}}],"collection":[{"href":"https:\/\/dimspeed.com\/en\/wp-json\/wp\/v2\/product"}],"about":[{"href":"https:\/\/dimspeed.com\/en\/wp-json\/wp\/v2\/types\/product"}],"version-history":[{"count":7,"href":"https:\/\/dimspeed.com\/en\/wp-json\/wp\/v2\/product\/1119\/revisions"}],"predecessor-version":[{"id":7513,"href":"https:\/\/dimspeed.com\/en\/wp-json\/wp\/v2\/product\/1119\/revisions\/7513"}],"wp:featuredmedia":[{"embeddable":true,"href":"https:\/\/dimspeed.com\/en\/wp-json\/wp\/v2\/media\/7510"}],"wp:attachment":[{"href":"https:\/\/dimspeed.com\/en\/wp-json\/wp\/v2\/media?parent=1119"}],"wp:term":[{"taxonomy":"product_brand","embeddable":true,"href":"https:\/\/dimspeed.com\/en\/wp-json\/wp\/v2\/product_brand?post=1119"},{"taxonomy":"product_cat","embeddable":true,"href":"https:\/\/dimspeed.com\/en\/wp-json\/wp\/v2\/product_cat?post=1119"},{"taxonomy":"product_tag","embeddable":true,"href":"https:\/\/dimspeed.com\/en\/wp-json\/wp\/v2\/product_tag?post=1119"}],"curies":[{"name":"wp","href":"https:\/\/api.w.org\/{rel}","templated":true}]}}