{"id":1102,"date":"2021-01-08T12:46:04","date_gmt":"2021-01-08T11:46:04","guid":{"rendered":"https:\/\/dimspeed.com\/?post_type=product&#038;p=1102"},"modified":"2026-04-08T17:46:30","modified_gmt":"2026-04-08T15:46:30","slug":"huile-moteur-20w-50-competition","status":"publish","type":"product","link":"https:\/\/dimspeed.com\/en\/product\/huile-moteur-20w-50-competition\/","title":{"rendered":"Swiftune 20W-50 Race Oil"},"content":{"rendered":"<p>Swiftune has developed this oil with leading USA company Driven Racing Oils, specifically to not only lubricate the engine but to also protect the gearbox components in maximum race conditions.<\/p>\n<p>This oil is only suitable for race engines.<\/p>\n<p>Available in 5 litre cans.<\/p>","protected":false},"excerpt":{"rendered":"<p>D\u00e9velopp\u00e9 par Swiftune et Driven Racing Oils, cette huile permet une lubrification optimale de votre moteur et de votre boite de vitesse. Elle est recommand\u00e9e pour les moteur de Mini de comp\u00e9tition uniquement. Disponible en bidon de 5L.<\/p>","protected":false},"featured_media":1452,"template":"","meta":[],"product_brand":[],"product_cat":[28,26,40],"product_tag":[89,64,162],"class_list":{"0":"post-1102","1":"product","2":"type-product","3":"status-publish","4":"has-post-thumbnail","6":"product_cat-outillage","7":"product_cat-peripherique","8":"product_cat-circuit-dhuile","9":"product_tag-huile","10":"product_tag-race","11":"product_tag-swiftune","13":"first","14":"instock","15":"taxable","16":"shipping-taxable","17":"purchasable","18":"product-type-simple"},"yoast_head":"<!-- This site is optimized with the Yoast SEO plugin v27.1.1 - https:\/\/yoast.com\/product\/yoast-seo-wordpress\/ -->\n<title>Huile Moteur 20W-50 - Comp\u00e9tition - Dimspeed, l&#039;atelier de personnalisation automobile<\/title>\n<meta name=\"robots\" content=\"index, follow, max-snippet:-1, max-image-preview:large, max-video-preview:-1\" \/>\n<link rel=\"canonical\" href=\"https:\/\/dimspeed.com\/en\/product\/huile-moteur-20w-50-competition\/\" \/>\n<meta property=\"og:locale\" content=\"en_GB\" \/>\n<meta property=\"og:type\" content=\"article\" \/>\n<meta property=\"og:title\" content=\"Huile Moteur 20W-50 - Comp\u00e9tition - Dimspeed, l&#039;atelier de personnalisation automobile\" \/>\n<meta property=\"og:description\" content=\"D\u00e9velopp\u00e9 par Swiftune et Driven Racing Oils, cette huile permet une lubrification optimale de votre moteur et de votre boite de vitesse. Elle est recommand\u00e9e pour les moteur de Mini de comp\u00e9tition uniquement. Disponible en bidon de 5L.\" \/>\n<meta property=\"og:url\" content=\"https:\/\/dimspeed.com\/en\/product\/huile-moteur-20w-50-competition\/\" \/>\n<meta property=\"og:site_name\" content=\"Dimspeed, l&#039;atelier de personnalisation automobile\" \/>\n<meta property=\"article:modified_time\" content=\"2026-04-08T15:46:30+00:00\" \/>\n<meta property=\"og:image\" content=\"https:\/\/dimspeed.com\/wp-content\/uploads\/2021\/01\/011_Huile-moteur-20W-50-Comp\u00e9tition_011.jpg\" \/>\n\t<meta property=\"og:image:width\" content=\"500\" \/>\n\t<meta property=\"og:image:height\" content=\"500\" \/>\n\t<meta property=\"og:image:type\" content=\"image\/jpeg\" \/>\n<meta name=\"twitter:card\" content=\"summary_large_image\" \/>\n<script type=\"application\/ld+json\" class=\"yoast-schema-graph\">{\"@context\":\"https:\/\/schema.org\",\"@graph\":[{\"@type\":\"WebPage\",\"@id\":\"https:\/\/dimspeed.com\/produit\/huile-moteur-20w-50-competition\/\",\"url\":\"https:\/\/dimspeed.com\/produit\/huile-moteur-20w-50-competition\/\",\"name\":\"Huile Moteur 20W-50 - Comp\u00e9tition - Dimspeed, l&#039;atelier de personnalisation automobile\",\"isPartOf\":{\"@id\":\"https:\/\/dimspeed.com\/#website\"},\"primaryImageOfPage\":{\"@id\":\"https:\/\/dimspeed.com\/produit\/huile-moteur-20w-50-competition\/#primaryimage\"},\"image\":{\"@id\":\"https:\/\/dimspeed.com\/produit\/huile-moteur-20w-50-competition\/#primaryimage\"},\"thumbnailUrl\":\"https:\/\/dimspeed.com\/wp-content\/uploads\/2021\/01\/011_Huile-moteur-20W-50-Comp\u00e9tition_011.jpg\",\"datePublished\":\"2021-01-08T11:46:04+00:00\",\"dateModified\":\"2026-04-08T15:46:30+00:00\",\"breadcrumb\":{\"@id\":\"https:\/\/dimspeed.com\/produit\/huile-moteur-20w-50-competition\/#breadcrumb\"},\"inLanguage\":\"en-GB\",\"potentialAction\":[{\"@type\":\"ReadAction\",\"target\":[\"https:\/\/dimspeed.com\/produit\/huile-moteur-20w-50-competition\/\"]}]},{\"@type\":\"ImageObject\",\"inLanguage\":\"en-GB\",\"@id\":\"https:\/\/dimspeed.com\/produit\/huile-moteur-20w-50-competition\/#primaryimage\",\"url\":\"https:\/\/dimspeed.com\/wp-content\/uploads\/2021\/01\/011_Huile-moteur-20W-50-Comp\u00e9tition_011.jpg\",\"contentUrl\":\"https:\/\/dimspeed.com\/wp-content\/uploads\/2021\/01\/011_Huile-moteur-20W-50-Comp\u00e9tition_011.jpg\",\"width\":500,\"height\":500},{\"@type\":\"BreadcrumbList\",\"@id\":\"https:\/\/dimspeed.com\/produit\/huile-moteur-20w-50-competition\/#breadcrumb\",\"itemListElement\":[{\"@type\":\"ListItem\",\"position\":1,\"name\":\"Accueil\",\"item\":\"https:\/\/dimspeed.com\/\"},{\"@type\":\"ListItem\",\"position\":2,\"name\":\"Boutique\",\"item\":\"https:\/\/dimspeed.com\/boutique\/\"},{\"@type\":\"ListItem\",\"position\":3,\"name\":\"Huile Moteur 20W-50 &#8211; Comp\u00e9tition\"}]},{\"@type\":\"WebSite\",\"@id\":\"https:\/\/dimspeed.com\/#website\",\"url\":\"https:\/\/dimspeed.com\/\",\"name\":\"Dimspeed, l&#039;atelier de personnalisation automobile\",\"description\":\"MOTORISTE comp\u00e9tition et collection SPECIALISTE moteur A-SERIE\",\"publisher\":{\"@id\":\"https:\/\/dimspeed.com\/#organization\"},\"potentialAction\":[{\"@type\":\"SearchAction\",\"target\":{\"@type\":\"EntryPoint\",\"urlTemplate\":\"https:\/\/dimspeed.com\/?s={search_term_string}\"},\"query-input\":{\"@type\":\"PropertyValueSpecification\",\"valueRequired\":true,\"valueName\":\"search_term_string\"}}],\"inLanguage\":\"en-GB\"},{\"@type\":\"Organization\",\"@id\":\"https:\/\/dimspeed.com\/#organization\",\"name\":\"Dimspeed, l&#039;atelier de personnalisation automobile\",\"url\":\"https:\/\/dimspeed.com\/\",\"logo\":{\"@type\":\"ImageObject\",\"inLanguage\":\"en-GB\",\"@id\":\"https:\/\/dimspeed.com\/#\/schema\/logo\/image\/\",\"url\":\"https:\/\/dimspeed.com\/wp-content\/uploads\/2020\/11\/logo-site.png\",\"contentUrl\":\"https:\/\/dimspeed.com\/wp-content\/uploads\/2020\/11\/logo-site.png\",\"width\":486,\"height\":178,\"caption\":\"Dimspeed, l&#039;atelier de personnalisation automobile\"},\"image\":{\"@id\":\"https:\/\/dimspeed.com\/#\/schema\/logo\/image\/\"}}]}<\/script>\n<!-- \/ Yoast SEO plugin. -->","yoast_head_json":{"title":"Huile Moteur 20W-50 - Comp\u00e9tition - Dimspeed, l&#039;atelier de personnalisation automobile","robots":{"index":"index","follow":"follow","max-snippet":"max-snippet:-1","max-image-preview":"max-image-preview:large","max-video-preview":"max-video-preview:-1"},"canonical":"https:\/\/dimspeed.com\/en\/product\/huile-moteur-20w-50-competition\/","og_locale":"en_GB","og_type":"article","og_title":"Huile Moteur 20W-50 - Comp\u00e9tition - Dimspeed, l&#039;atelier de personnalisation automobile","og_description":"D\u00e9velopp\u00e9 par Swiftune et Driven Racing Oils, cette huile permet une lubrification optimale de votre moteur et de votre boite de vitesse. Elle est recommand\u00e9e pour les moteur de Mini de comp\u00e9tition uniquement. Disponible en bidon de 5L.","og_url":"https:\/\/dimspeed.com\/en\/product\/huile-moteur-20w-50-competition\/","og_site_name":"Dimspeed, l&#039;atelier de personnalisation automobile","article_modified_time":"2026-04-08T15:46:30+00:00","og_image":[{"width":500,"height":500,"url":"https:\/\/dimspeed.com\/wp-content\/uploads\/2021\/01\/011_Huile-moteur-20W-50-Comp\u00e9tition_011.jpg","type":"image\/jpeg"}],"twitter_card":"summary_large_image","schema":{"@context":"https:\/\/schema.org","@graph":[{"@type":"WebPage","@id":"https:\/\/dimspeed.com\/produit\/huile-moteur-20w-50-competition\/","url":"https:\/\/dimspeed.com\/produit\/huile-moteur-20w-50-competition\/","name":"Huile Moteur 20W-50 - Comp\u00e9tition - Dimspeed, l&#039;atelier de personnalisation automobile","isPartOf":{"@id":"https:\/\/dimspeed.com\/#website"},"primaryImageOfPage":{"@id":"https:\/\/dimspeed.com\/produit\/huile-moteur-20w-50-competition\/#primaryimage"},"image":{"@id":"https:\/\/dimspeed.com\/produit\/huile-moteur-20w-50-competition\/#primaryimage"},"thumbnailUrl":"https:\/\/dimspeed.com\/wp-content\/uploads\/2021\/01\/011_Huile-moteur-20W-50-Comp\u00e9tition_011.jpg","datePublished":"2021-01-08T11:46:04+00:00","dateModified":"2026-04-08T15:46:30+00:00","breadcrumb":{"@id":"https:\/\/dimspeed.com\/produit\/huile-moteur-20w-50-competition\/#breadcrumb"},"inLanguage":"en-GB","potentialAction":[{"@type":"ReadAction","target":["https:\/\/dimspeed.com\/produit\/huile-moteur-20w-50-competition\/"]}]},{"@type":"ImageObject","inLanguage":"en-GB","@id":"https:\/\/dimspeed.com\/produit\/huile-moteur-20w-50-competition\/#primaryimage","url":"https:\/\/dimspeed.com\/wp-content\/uploads\/2021\/01\/011_Huile-moteur-20W-50-Comp\u00e9tition_011.jpg","contentUrl":"https:\/\/dimspeed.com\/wp-content\/uploads\/2021\/01\/011_Huile-moteur-20W-50-Comp\u00e9tition_011.jpg","width":500,"height":500},{"@type":"BreadcrumbList","@id":"https:\/\/dimspeed.com\/produit\/huile-moteur-20w-50-competition\/#breadcrumb","itemListElement":[{"@type":"ListItem","position":1,"name":"Accueil","item":"https:\/\/dimspeed.com\/"},{"@type":"ListItem","position":2,"name":"Boutique","item":"https:\/\/dimspeed.com\/boutique\/"},{"@type":"ListItem","position":3,"name":"Huile Moteur 20W-50 &#8211; Comp\u00e9tition"}]},{"@type":"WebSite","@id":"https:\/\/dimspeed.com\/#website","url":"https:\/\/dimspeed.com\/","name":"Dimspeed, l&#039;atelier de personnalisation automobile","description":"MOTORISTE comp\u00e9tition et collection SPECIALISTE moteur A-SERIE","publisher":{"@id":"https:\/\/dimspeed.com\/#organization"},"potentialAction":[{"@type":"SearchAction","target":{"@type":"EntryPoint","urlTemplate":"https:\/\/dimspeed.com\/?s={search_term_string}"},"query-input":{"@type":"PropertyValueSpecification","valueRequired":true,"valueName":"search_term_string"}}],"inLanguage":"en-GB"},{"@type":"Organization","@id":"https:\/\/dimspeed.com\/#organization","name":"Dimspeed, l&#039;atelier de personnalisation automobile","url":"https:\/\/dimspeed.com\/","logo":{"@type":"ImageObject","inLanguage":"en-GB","@id":"https:\/\/dimspeed.com\/#\/schema\/logo\/image\/","url":"https:\/\/dimspeed.com\/wp-content\/uploads\/2020\/11\/logo-site.png","contentUrl":"https:\/\/dimspeed.com\/wp-content\/uploads\/2020\/11\/logo-site.png","width":486,"height":178,"caption":"Dimspeed, l&#039;atelier de personnalisation automobile"},"image":{"@id":"https:\/\/dimspeed.com\/#\/schema\/logo\/image\/"}}]}},"_links":{"self":[{"href":"https:\/\/dimspeed.com\/en\/wp-json\/wp\/v2\/product\/1102","targetHints":{"allow":["GET"]}}],"collection":[{"href":"https:\/\/dimspeed.com\/en\/wp-json\/wp\/v2\/product"}],"about":[{"href":"https:\/\/dimspeed.com\/en\/wp-json\/wp\/v2\/types\/product"}],"version-history":[{"count":1,"href":"https:\/\/dimspeed.com\/en\/wp-json\/wp\/v2\/product\/1102\/revisions"}],"predecessor-version":[{"id":3937,"href":"https:\/\/dimspeed.com\/en\/wp-json\/wp\/v2\/product\/1102\/revisions\/3937"}],"wp:featuredmedia":[{"embeddable":true,"href":"https:\/\/dimspeed.com\/en\/wp-json\/wp\/v2\/media\/1452"}],"wp:attachment":[{"href":"https:\/\/dimspeed.com\/en\/wp-json\/wp\/v2\/media?parent=1102"}],"wp:term":[{"taxonomy":"product_brand","embeddable":true,"href":"https:\/\/dimspeed.com\/en\/wp-json\/wp\/v2\/product_brand?post=1102"},{"taxonomy":"product_cat","embeddable":true,"href":"https:\/\/dimspeed.com\/en\/wp-json\/wp\/v2\/product_cat?post=1102"},{"taxonomy":"product_tag","embeddable":true,"href":"https:\/\/dimspeed.com\/en\/wp-json\/wp\/v2\/product_tag?post=1102"}],"curies":[{"name":"wp","href":"https:\/\/api.w.org\/{rel}","templated":true}]}}