{"id":1067,"date":"2021-01-08T10:42:11","date_gmt":"2021-01-08T09:42:11","guid":{"rendered":"https:\/\/dimspeed.com\/?post_type=product&#038;p=1067"},"modified":"2025-02-14T11:00:51","modified_gmt":"2025-02-14T10:00:51","slug":"condensateur-swiftune","status":"publish","type":"product","link":"https:\/\/dimspeed.com\/en\/product\/condensateur-swiftune\/","title":{"rendered":"Swiftune Competition Condenser"},"content":{"rendered":"<p>Originally developed for competition use only, this condenser is now suitable for all engines running with conventional ignition points. We highly recommend it, this is the most reliable condenser on the market!  \nThe Swiftune Competition Condenser is mounted externally from the distributor.<br \/>\nThis condenser is suitable for ALL engines running with conventional ignition points.<\/p>\n<p>The competition condenser kit includes a condenser, P clip and wires with heat shrunk connections for the coil and earth.<\/p>","protected":false},"excerpt":{"rendered":"<p>Ce condensateur est d\u00e9velopp\u00e9 \u00e0 l&#8217;origine pour la comp\u00e9tition. Mais si vous \u00eates en recherche de fiabilit\u00e9 pour vos bolides destin\u00e9es \u00e0 la route, il est fortement recommand\u00e9. En effet, vous ne trouverez pas sur le march\u00e9 un condensateur d&#8217;aussi bonne qualit\u00e9. Il se montera \u00e0 c\u00f4t\u00e9 de votre bobine d&#8217;allumage gr\u00e2ce au support fourni [&hellip;]<\/p>","protected":false},"featured_media":1431,"template":"","meta":[],"product_brand":[],"product_cat":[26,24],"product_tag":[167,168,104,169,102,64,162],"class_list":{"0":"post-1067","1":"product","2":"type-product","3":"status-publish","4":"has-post-thumbnail","6":"product_cat-peripherique","7":"product_cat-allumage","8":"product_tag-allumage","9":"product_tag-allumeur","10":"product_tag-distributeur","11":"product_tag-doigt","12":"product_tag-ignition","13":"product_tag-race","14":"product_tag-swiftune","16":"first","17":"instock","18":"taxable","19":"shipping-taxable","20":"purchasable","21":"product-type-simple"},"yoast_head":"<!-- This site is optimized with the Yoast SEO plugin v27.1.1 - https:\/\/yoast.com\/product\/yoast-seo-wordpress\/ -->\n<title>Condensateur Swiftune - Dimspeed, l&#039;atelier de personnalisation automobile<\/title>\n<meta name=\"robots\" content=\"index, follow, max-snippet:-1, max-image-preview:large, max-video-preview:-1\" \/>\n<link rel=\"canonical\" href=\"https:\/\/dimspeed.com\/en\/product\/condensateur-swiftune\/\" \/>\n<meta property=\"og:locale\" content=\"en_GB\" \/>\n<meta property=\"og:type\" content=\"article\" \/>\n<meta property=\"og:title\" content=\"Condensateur Swiftune - Dimspeed, l&#039;atelier de personnalisation automobile\" \/>\n<meta property=\"og:description\" content=\"Ce condensateur est d\u00e9velopp\u00e9 \u00e0 l&#8217;origine pour la comp\u00e9tition. Mais si vous \u00eates en recherche de fiabilit\u00e9 pour vos bolides destin\u00e9es \u00e0 la route, il est fortement recommand\u00e9. En effet, vous ne trouverez pas sur le march\u00e9 un condensateur d&#8217;aussi bonne qualit\u00e9. Il se montera \u00e0 c\u00f4t\u00e9 de votre bobine d&#8217;allumage gr\u00e2ce au support fourni [&hellip;]\" \/>\n<meta property=\"og:url\" content=\"https:\/\/dimspeed.com\/en\/product\/condensateur-swiftune\/\" \/>\n<meta property=\"og:site_name\" content=\"Dimspeed, l&#039;atelier de personnalisation automobile\" \/>\n<meta property=\"article:modified_time\" content=\"2025-02-14T10:00:51+00:00\" \/>\n<meta property=\"og:image\" content=\"https:\/\/dimspeed.com\/wp-content\/uploads\/2021\/01\/068_Condensateur-Swiftune.jpg\" \/>\n\t<meta property=\"og:image:width\" content=\"500\" \/>\n\t<meta property=\"og:image:height\" content=\"500\" \/>\n\t<meta property=\"og:image:type\" content=\"image\/jpeg\" \/>\n<meta name=\"twitter:card\" content=\"summary_large_image\" \/>\n<script type=\"application\/ld+json\" class=\"yoast-schema-graph\">{\"@context\":\"https:\/\/schema.org\",\"@graph\":[{\"@type\":\"WebPage\",\"@id\":\"https:\/\/dimspeed.com\/produit\/condensateur-swiftune\/\",\"url\":\"https:\/\/dimspeed.com\/produit\/condensateur-swiftune\/\",\"name\":\"Condensateur Swiftune - Dimspeed, l&#039;atelier de personnalisation automobile\",\"isPartOf\":{\"@id\":\"https:\/\/dimspeed.com\/#website\"},\"primaryImageOfPage\":{\"@id\":\"https:\/\/dimspeed.com\/produit\/condensateur-swiftune\/#primaryimage\"},\"image\":{\"@id\":\"https:\/\/dimspeed.com\/produit\/condensateur-swiftune\/#primaryimage\"},\"thumbnailUrl\":\"https:\/\/dimspeed.com\/wp-content\/uploads\/2021\/01\/068_Condensateur-Swiftune.jpg\",\"datePublished\":\"2021-01-08T09:42:11+00:00\",\"dateModified\":\"2025-02-14T10:00:51+00:00\",\"breadcrumb\":{\"@id\":\"https:\/\/dimspeed.com\/produit\/condensateur-swiftune\/#breadcrumb\"},\"inLanguage\":\"en-GB\",\"potentialAction\":[{\"@type\":\"ReadAction\",\"target\":[\"https:\/\/dimspeed.com\/produit\/condensateur-swiftune\/\"]}]},{\"@type\":\"ImageObject\",\"inLanguage\":\"en-GB\",\"@id\":\"https:\/\/dimspeed.com\/produit\/condensateur-swiftune\/#primaryimage\",\"url\":\"https:\/\/dimspeed.com\/wp-content\/uploads\/2021\/01\/068_Condensateur-Swiftune.jpg\",\"contentUrl\":\"https:\/\/dimspeed.com\/wp-content\/uploads\/2021\/01\/068_Condensateur-Swiftune.jpg\",\"width\":500,\"height\":500},{\"@type\":\"BreadcrumbList\",\"@id\":\"https:\/\/dimspeed.com\/produit\/condensateur-swiftune\/#breadcrumb\",\"itemListElement\":[{\"@type\":\"ListItem\",\"position\":1,\"name\":\"Accueil\",\"item\":\"https:\/\/dimspeed.com\/\"},{\"@type\":\"ListItem\",\"position\":2,\"name\":\"Boutique\",\"item\":\"https:\/\/dimspeed.com\/boutique\/\"},{\"@type\":\"ListItem\",\"position\":3,\"name\":\"Condensateur Swiftune\"}]},{\"@type\":\"WebSite\",\"@id\":\"https:\/\/dimspeed.com\/#website\",\"url\":\"https:\/\/dimspeed.com\/\",\"name\":\"Dimspeed, l&#039;atelier de personnalisation automobile\",\"description\":\"MOTORISTE comp\u00e9tition et collection SPECIALISTE moteur A-SERIE\",\"publisher\":{\"@id\":\"https:\/\/dimspeed.com\/#organization\"},\"potentialAction\":[{\"@type\":\"SearchAction\",\"target\":{\"@type\":\"EntryPoint\",\"urlTemplate\":\"https:\/\/dimspeed.com\/?s={search_term_string}\"},\"query-input\":{\"@type\":\"PropertyValueSpecification\",\"valueRequired\":true,\"valueName\":\"search_term_string\"}}],\"inLanguage\":\"en-GB\"},{\"@type\":\"Organization\",\"@id\":\"https:\/\/dimspeed.com\/#organization\",\"name\":\"Dimspeed, l&#039;atelier de personnalisation automobile\",\"url\":\"https:\/\/dimspeed.com\/\",\"logo\":{\"@type\":\"ImageObject\",\"inLanguage\":\"en-GB\",\"@id\":\"https:\/\/dimspeed.com\/#\/schema\/logo\/image\/\",\"url\":\"https:\/\/dimspeed.com\/wp-content\/uploads\/2020\/11\/logo-site.png\",\"contentUrl\":\"https:\/\/dimspeed.com\/wp-content\/uploads\/2020\/11\/logo-site.png\",\"width\":486,\"height\":178,\"caption\":\"Dimspeed, l&#039;atelier de personnalisation automobile\"},\"image\":{\"@id\":\"https:\/\/dimspeed.com\/#\/schema\/logo\/image\/\"}}]}<\/script>\n<!-- \/ Yoast SEO plugin. -->","yoast_head_json":{"title":"Condensateur Swiftune - Dimspeed, l&#039;atelier de personnalisation automobile","robots":{"index":"index","follow":"follow","max-snippet":"max-snippet:-1","max-image-preview":"max-image-preview:large","max-video-preview":"max-video-preview:-1"},"canonical":"https:\/\/dimspeed.com\/en\/product\/condensateur-swiftune\/","og_locale":"en_GB","og_type":"article","og_title":"Condensateur Swiftune - Dimspeed, l&#039;atelier de personnalisation automobile","og_description":"Ce condensateur est d\u00e9velopp\u00e9 \u00e0 l&#8217;origine pour la comp\u00e9tition. Mais si vous \u00eates en recherche de fiabilit\u00e9 pour vos bolides destin\u00e9es \u00e0 la route, il est fortement recommand\u00e9. En effet, vous ne trouverez pas sur le march\u00e9 un condensateur d&#8217;aussi bonne qualit\u00e9. Il se montera \u00e0 c\u00f4t\u00e9 de votre bobine d&#8217;allumage gr\u00e2ce au support fourni [&hellip;]","og_url":"https:\/\/dimspeed.com\/en\/product\/condensateur-swiftune\/","og_site_name":"Dimspeed, l&#039;atelier de personnalisation automobile","article_modified_time":"2025-02-14T10:00:51+00:00","og_image":[{"width":500,"height":500,"url":"https:\/\/dimspeed.com\/wp-content\/uploads\/2021\/01\/068_Condensateur-Swiftune.jpg","type":"image\/jpeg"}],"twitter_card":"summary_large_image","schema":{"@context":"https:\/\/schema.org","@graph":[{"@type":"WebPage","@id":"https:\/\/dimspeed.com\/produit\/condensateur-swiftune\/","url":"https:\/\/dimspeed.com\/produit\/condensateur-swiftune\/","name":"Condensateur Swiftune - Dimspeed, l&#039;atelier de personnalisation automobile","isPartOf":{"@id":"https:\/\/dimspeed.com\/#website"},"primaryImageOfPage":{"@id":"https:\/\/dimspeed.com\/produit\/condensateur-swiftune\/#primaryimage"},"image":{"@id":"https:\/\/dimspeed.com\/produit\/condensateur-swiftune\/#primaryimage"},"thumbnailUrl":"https:\/\/dimspeed.com\/wp-content\/uploads\/2021\/01\/068_Condensateur-Swiftune.jpg","datePublished":"2021-01-08T09:42:11+00:00","dateModified":"2025-02-14T10:00:51+00:00","breadcrumb":{"@id":"https:\/\/dimspeed.com\/produit\/condensateur-swiftune\/#breadcrumb"},"inLanguage":"en-GB","potentialAction":[{"@type":"ReadAction","target":["https:\/\/dimspeed.com\/produit\/condensateur-swiftune\/"]}]},{"@type":"ImageObject","inLanguage":"en-GB","@id":"https:\/\/dimspeed.com\/produit\/condensateur-swiftune\/#primaryimage","url":"https:\/\/dimspeed.com\/wp-content\/uploads\/2021\/01\/068_Condensateur-Swiftune.jpg","contentUrl":"https:\/\/dimspeed.com\/wp-content\/uploads\/2021\/01\/068_Condensateur-Swiftune.jpg","width":500,"height":500},{"@type":"BreadcrumbList","@id":"https:\/\/dimspeed.com\/produit\/condensateur-swiftune\/#breadcrumb","itemListElement":[{"@type":"ListItem","position":1,"name":"Accueil","item":"https:\/\/dimspeed.com\/"},{"@type":"ListItem","position":2,"name":"Boutique","item":"https:\/\/dimspeed.com\/boutique\/"},{"@type":"ListItem","position":3,"name":"Condensateur Swiftune"}]},{"@type":"WebSite","@id":"https:\/\/dimspeed.com\/#website","url":"https:\/\/dimspeed.com\/","name":"Dimspeed, l&#039;atelier de personnalisation automobile","description":"MOTORISTE comp\u00e9tition et collection SPECIALISTE moteur A-SERIE","publisher":{"@id":"https:\/\/dimspeed.com\/#organization"},"potentialAction":[{"@type":"SearchAction","target":{"@type":"EntryPoint","urlTemplate":"https:\/\/dimspeed.com\/?s={search_term_string}"},"query-input":{"@type":"PropertyValueSpecification","valueRequired":true,"valueName":"search_term_string"}}],"inLanguage":"en-GB"},{"@type":"Organization","@id":"https:\/\/dimspeed.com\/#organization","name":"Dimspeed, l&#039;atelier de personnalisation automobile","url":"https:\/\/dimspeed.com\/","logo":{"@type":"ImageObject","inLanguage":"en-GB","@id":"https:\/\/dimspeed.com\/#\/schema\/logo\/image\/","url":"https:\/\/dimspeed.com\/wp-content\/uploads\/2020\/11\/logo-site.png","contentUrl":"https:\/\/dimspeed.com\/wp-content\/uploads\/2020\/11\/logo-site.png","width":486,"height":178,"caption":"Dimspeed, l&#039;atelier de personnalisation automobile"},"image":{"@id":"https:\/\/dimspeed.com\/#\/schema\/logo\/image\/"}}]}},"_links":{"self":[{"href":"https:\/\/dimspeed.com\/en\/wp-json\/wp\/v2\/product\/1067","targetHints":{"allow":["GET"]}}],"collection":[{"href":"https:\/\/dimspeed.com\/en\/wp-json\/wp\/v2\/product"}],"about":[{"href":"https:\/\/dimspeed.com\/en\/wp-json\/wp\/v2\/types\/product"}],"version-history":[{"count":1,"href":"https:\/\/dimspeed.com\/en\/wp-json\/wp\/v2\/product\/1067\/revisions"}],"predecessor-version":[{"id":3940,"href":"https:\/\/dimspeed.com\/en\/wp-json\/wp\/v2\/product\/1067\/revisions\/3940"}],"wp:featuredmedia":[{"embeddable":true,"href":"https:\/\/dimspeed.com\/en\/wp-json\/wp\/v2\/media\/1431"}],"wp:attachment":[{"href":"https:\/\/dimspeed.com\/en\/wp-json\/wp\/v2\/media?parent=1067"}],"wp:term":[{"taxonomy":"product_brand","embeddable":true,"href":"https:\/\/dimspeed.com\/en\/wp-json\/wp\/v2\/product_brand?post=1067"},{"taxonomy":"product_cat","embeddable":true,"href":"https:\/\/dimspeed.com\/en\/wp-json\/wp\/v2\/product_cat?post=1067"},{"taxonomy":"product_tag","embeddable":true,"href":"https:\/\/dimspeed.com\/en\/wp-json\/wp\/v2\/product_tag?post=1067"}],"curies":[{"name":"wp","href":"https:\/\/api.w.org\/{rel}","templated":true}]}}