{"id":1057,"date":"2021-01-08T10:36:15","date_gmt":"2021-01-08T09:36:15","guid":{"rendered":"https:\/\/dimspeed.com\/?post_type=product&#038;p=1057"},"modified":"2025-02-14T11:28:46","modified_gmt":"2025-02-14T10:28:46","slug":"distributeur-electronique-csi-swiftune-a","status":"publish","type":"product","link":"https:\/\/dimspeed.com\/en\/product\/distributeur-electronique-csi-swiftune-a\/","title":{"rendered":"Swiftune CSI Electronic Distributor - A Series 59D"},"content":{"rendered":"<p>CSI-ignition is a fully electronic ignition built in an original looking Lucas, Bosch or Ducellier housing. You will have to remove the cap to see the difference. The CSI-ignition is easy to install and will bring you a lot of advantages, it is a direct replacement for the standard distributor.<\/p>\n<p>The CSI-ignition is easy to install and will bring you a lot of advantages. Your car will have more torque, better emission, a smoother run and start, less fuel consumption and the ignition is maintenance free.<br \/>\nAfter removing the cap you can select between 16 different curves by using a screwdriver. A bright flashing led light shows which curve you have selected.<\/p>\n<p>The 59D is suitable for A+ engines.<\/p>\n<p>Each distributor is complete with rotor arm, cap and screwdriver. Please Note: CSI Distributor is not for FIA use.<\/p>","protected":false},"excerpt":{"rendered":"<p>Le Distributeur \u00e9lectronique CSI vous permet de garder un aspect d&#8217;origine du Lucas, Bosch ou Ducellier. Il faut retirer la t\u00eate de Delco pour voir la diff\u00e9rence. Il est tr\u00e8s facile d&#8217;installation sur votre MINI. Gr\u00e2ce \u00e0 son \u00e9lectronique, ce distributeur vous apportera plus de couple, moins d&#8217;\u00e9mission de pollution, un d\u00e9marrage plus facile, une [&hellip;]<\/p>","protected":false},"featured_media":1425,"template":"","meta":[],"product_brand":[],"product_cat":[26,24],"product_tag":[167,168,106,109,104,169,102,162],"class_list":{"0":"post-1057","1":"product","2":"type-product","3":"status-publish","4":"has-post-thumbnail","6":"product_cat-peripherique","7":"product_cat-allumage","8":"product_tag-allumage","9":"product_tag-allumeur","10":"product_tag-bobine","11":"product_tag-csi","12":"product_tag-distributeur","13":"product_tag-doigt","14":"product_tag-ignition","15":"product_tag-swiftune","17":"first","18":"instock","19":"taxable","20":"shipping-taxable","21":"purchasable","22":"product-type-simple"},"yoast_head":"<!-- This site is optimized with the Yoast SEO plugin v27.1.1 - https:\/\/yoast.com\/product\/yoast-seo-wordpress\/ -->\n<title>Distributeur Electronique CSI Swiftune \u2013 A+ 59D - Dimspeed, l&#039;atelier de personnalisation automobile<\/title>\n<meta name=\"robots\" content=\"index, follow, max-snippet:-1, max-image-preview:large, max-video-preview:-1\" \/>\n<link rel=\"canonical\" href=\"https:\/\/dimspeed.com\/en\/product\/distributeur-electronique-csi-swiftune-a\/\" \/>\n<meta property=\"og:locale\" content=\"en_GB\" \/>\n<meta property=\"og:type\" content=\"article\" \/>\n<meta property=\"og:title\" content=\"Distributeur Electronique CSI Swiftune \u2013 A+ 59D - Dimspeed, l&#039;atelier de personnalisation automobile\" \/>\n<meta property=\"og:description\" content=\"Le Distributeur \u00e9lectronique CSI vous permet de garder un aspect d&#8217;origine du Lucas, Bosch ou Ducellier. Il faut retirer la t\u00eate de Delco pour voir la diff\u00e9rence. Il est tr\u00e8s facile d&#8217;installation sur votre MINI. Gr\u00e2ce \u00e0 son \u00e9lectronique, ce distributeur vous apportera plus de couple, moins d&#8217;\u00e9mission de pollution, un d\u00e9marrage plus facile, une [&hellip;]\" \/>\n<meta property=\"og:url\" content=\"https:\/\/dimspeed.com\/en\/product\/distributeur-electronique-csi-swiftune-a\/\" \/>\n<meta property=\"og:site_name\" content=\"Dimspeed, l&#039;atelier de personnalisation automobile\" \/>\n<meta property=\"article:modified_time\" content=\"2025-02-14T10:28:46+00:00\" \/>\n<meta property=\"og:image\" content=\"https:\/\/dimspeed.com\/wp-content\/uploads\/2021\/01\/038_Distributeur-Electronique-CSI-Swiftune-\u2013-A.jpg\" \/>\n\t<meta property=\"og:image:width\" content=\"500\" \/>\n\t<meta property=\"og:image:height\" content=\"500\" \/>\n\t<meta property=\"og:image:type\" content=\"image\/jpeg\" \/>\n<meta name=\"twitter:card\" content=\"summary_large_image\" \/>\n<meta name=\"twitter:label1\" content=\"Estimated reading time\" \/>\n\t<meta name=\"twitter:data1\" content=\"1 minute\" \/>\n<script type=\"application\/ld+json\" class=\"yoast-schema-graph\">{\"@context\":\"https:\/\/schema.org\",\"@graph\":[{\"@type\":\"WebPage\",\"@id\":\"https:\/\/dimspeed.com\/produit\/distributeur-electronique-csi-swiftune-a\/\",\"url\":\"https:\/\/dimspeed.com\/produit\/distributeur-electronique-csi-swiftune-a\/\",\"name\":\"Distributeur Electronique CSI Swiftune \u2013 A+ 59D - Dimspeed, l&#039;atelier de personnalisation automobile\",\"isPartOf\":{\"@id\":\"https:\/\/dimspeed.com\/#website\"},\"primaryImageOfPage\":{\"@id\":\"https:\/\/dimspeed.com\/produit\/distributeur-electronique-csi-swiftune-a\/#primaryimage\"},\"image\":{\"@id\":\"https:\/\/dimspeed.com\/produit\/distributeur-electronique-csi-swiftune-a\/#primaryimage\"},\"thumbnailUrl\":\"https:\/\/dimspeed.com\/wp-content\/uploads\/2021\/01\/038_Distributeur-Electronique-CSI-Swiftune-\u2013-A.jpg\",\"datePublished\":\"2021-01-08T09:36:15+00:00\",\"dateModified\":\"2025-02-14T10:28:46+00:00\",\"breadcrumb\":{\"@id\":\"https:\/\/dimspeed.com\/produit\/distributeur-electronique-csi-swiftune-a\/#breadcrumb\"},\"inLanguage\":\"en-GB\",\"potentialAction\":[{\"@type\":\"ReadAction\",\"target\":[\"https:\/\/dimspeed.com\/produit\/distributeur-electronique-csi-swiftune-a\/\"]}]},{\"@type\":\"ImageObject\",\"inLanguage\":\"en-GB\",\"@id\":\"https:\/\/dimspeed.com\/produit\/distributeur-electronique-csi-swiftune-a\/#primaryimage\",\"url\":\"https:\/\/dimspeed.com\/wp-content\/uploads\/2021\/01\/038_Distributeur-Electronique-CSI-Swiftune-\u2013-A.jpg\",\"contentUrl\":\"https:\/\/dimspeed.com\/wp-content\/uploads\/2021\/01\/038_Distributeur-Electronique-CSI-Swiftune-\u2013-A.jpg\",\"width\":500,\"height\":500},{\"@type\":\"BreadcrumbList\",\"@id\":\"https:\/\/dimspeed.com\/produit\/distributeur-electronique-csi-swiftune-a\/#breadcrumb\",\"itemListElement\":[{\"@type\":\"ListItem\",\"position\":1,\"name\":\"Accueil\",\"item\":\"https:\/\/dimspeed.com\/\"},{\"@type\":\"ListItem\",\"position\":2,\"name\":\"Boutique\",\"item\":\"https:\/\/dimspeed.com\/boutique\/\"},{\"@type\":\"ListItem\",\"position\":3,\"name\":\"Distributeur Electronique CSI Swiftune \u2013 A+ 59D\"}]},{\"@type\":\"WebSite\",\"@id\":\"https:\/\/dimspeed.com\/#website\",\"url\":\"https:\/\/dimspeed.com\/\",\"name\":\"Dimspeed, l&#039;atelier de personnalisation automobile\",\"description\":\"MOTORISTE comp\u00e9tition et collection SPECIALISTE moteur A-SERIE\",\"publisher\":{\"@id\":\"https:\/\/dimspeed.com\/#organization\"},\"potentialAction\":[{\"@type\":\"SearchAction\",\"target\":{\"@type\":\"EntryPoint\",\"urlTemplate\":\"https:\/\/dimspeed.com\/?s={search_term_string}\"},\"query-input\":{\"@type\":\"PropertyValueSpecification\",\"valueRequired\":true,\"valueName\":\"search_term_string\"}}],\"inLanguage\":\"en-GB\"},{\"@type\":\"Organization\",\"@id\":\"https:\/\/dimspeed.com\/#organization\",\"name\":\"Dimspeed, l&#039;atelier de personnalisation automobile\",\"url\":\"https:\/\/dimspeed.com\/\",\"logo\":{\"@type\":\"ImageObject\",\"inLanguage\":\"en-GB\",\"@id\":\"https:\/\/dimspeed.com\/#\/schema\/logo\/image\/\",\"url\":\"https:\/\/dimspeed.com\/wp-content\/uploads\/2020\/11\/logo-site.png\",\"contentUrl\":\"https:\/\/dimspeed.com\/wp-content\/uploads\/2020\/11\/logo-site.png\",\"width\":486,\"height\":178,\"caption\":\"Dimspeed, l&#039;atelier de personnalisation automobile\"},\"image\":{\"@id\":\"https:\/\/dimspeed.com\/#\/schema\/logo\/image\/\"}}]}<\/script>\n<!-- \/ Yoast SEO plugin. -->","yoast_head_json":{"title":"Distributeur Electronique CSI Swiftune \u2013 A+ 59D - Dimspeed, l&#039;atelier de personnalisation automobile","robots":{"index":"index","follow":"follow","max-snippet":"max-snippet:-1","max-image-preview":"max-image-preview:large","max-video-preview":"max-video-preview:-1"},"canonical":"https:\/\/dimspeed.com\/en\/product\/distributeur-electronique-csi-swiftune-a\/","og_locale":"en_GB","og_type":"article","og_title":"Distributeur Electronique CSI Swiftune \u2013 A+ 59D - Dimspeed, l&#039;atelier de personnalisation automobile","og_description":"Le Distributeur \u00e9lectronique CSI vous permet de garder un aspect d&#8217;origine du Lucas, Bosch ou Ducellier. Il faut retirer la t\u00eate de Delco pour voir la diff\u00e9rence. Il est tr\u00e8s facile d&#8217;installation sur votre MINI. Gr\u00e2ce \u00e0 son \u00e9lectronique, ce distributeur vous apportera plus de couple, moins d&#8217;\u00e9mission de pollution, un d\u00e9marrage plus facile, une [&hellip;]","og_url":"https:\/\/dimspeed.com\/en\/product\/distributeur-electronique-csi-swiftune-a\/","og_site_name":"Dimspeed, l&#039;atelier de personnalisation automobile","article_modified_time":"2025-02-14T10:28:46+00:00","og_image":[{"width":500,"height":500,"url":"https:\/\/dimspeed.com\/wp-content\/uploads\/2021\/01\/038_Distributeur-Electronique-CSI-Swiftune-\u2013-A.jpg","type":"image\/jpeg"}],"twitter_card":"summary_large_image","twitter_misc":{"Estimated reading time":"1 minute"},"schema":{"@context":"https:\/\/schema.org","@graph":[{"@type":"WebPage","@id":"https:\/\/dimspeed.com\/produit\/distributeur-electronique-csi-swiftune-a\/","url":"https:\/\/dimspeed.com\/produit\/distributeur-electronique-csi-swiftune-a\/","name":"Distributeur Electronique CSI Swiftune \u2013 A+ 59D - Dimspeed, l&#039;atelier de personnalisation automobile","isPartOf":{"@id":"https:\/\/dimspeed.com\/#website"},"primaryImageOfPage":{"@id":"https:\/\/dimspeed.com\/produit\/distributeur-electronique-csi-swiftune-a\/#primaryimage"},"image":{"@id":"https:\/\/dimspeed.com\/produit\/distributeur-electronique-csi-swiftune-a\/#primaryimage"},"thumbnailUrl":"https:\/\/dimspeed.com\/wp-content\/uploads\/2021\/01\/038_Distributeur-Electronique-CSI-Swiftune-\u2013-A.jpg","datePublished":"2021-01-08T09:36:15+00:00","dateModified":"2025-02-14T10:28:46+00:00","breadcrumb":{"@id":"https:\/\/dimspeed.com\/produit\/distributeur-electronique-csi-swiftune-a\/#breadcrumb"},"inLanguage":"en-GB","potentialAction":[{"@type":"ReadAction","target":["https:\/\/dimspeed.com\/produit\/distributeur-electronique-csi-swiftune-a\/"]}]},{"@type":"ImageObject","inLanguage":"en-GB","@id":"https:\/\/dimspeed.com\/produit\/distributeur-electronique-csi-swiftune-a\/#primaryimage","url":"https:\/\/dimspeed.com\/wp-content\/uploads\/2021\/01\/038_Distributeur-Electronique-CSI-Swiftune-\u2013-A.jpg","contentUrl":"https:\/\/dimspeed.com\/wp-content\/uploads\/2021\/01\/038_Distributeur-Electronique-CSI-Swiftune-\u2013-A.jpg","width":500,"height":500},{"@type":"BreadcrumbList","@id":"https:\/\/dimspeed.com\/produit\/distributeur-electronique-csi-swiftune-a\/#breadcrumb","itemListElement":[{"@type":"ListItem","position":1,"name":"Accueil","item":"https:\/\/dimspeed.com\/"},{"@type":"ListItem","position":2,"name":"Boutique","item":"https:\/\/dimspeed.com\/boutique\/"},{"@type":"ListItem","position":3,"name":"Distributeur Electronique CSI Swiftune \u2013 A+ 59D"}]},{"@type":"WebSite","@id":"https:\/\/dimspeed.com\/#website","url":"https:\/\/dimspeed.com\/","name":"Dimspeed, l&#039;atelier de personnalisation automobile","description":"MOTORISTE comp\u00e9tition et collection SPECIALISTE moteur A-SERIE","publisher":{"@id":"https:\/\/dimspeed.com\/#organization"},"potentialAction":[{"@type":"SearchAction","target":{"@type":"EntryPoint","urlTemplate":"https:\/\/dimspeed.com\/?s={search_term_string}"},"query-input":{"@type":"PropertyValueSpecification","valueRequired":true,"valueName":"search_term_string"}}],"inLanguage":"en-GB"},{"@type":"Organization","@id":"https:\/\/dimspeed.com\/#organization","name":"Dimspeed, l&#039;atelier de personnalisation automobile","url":"https:\/\/dimspeed.com\/","logo":{"@type":"ImageObject","inLanguage":"en-GB","@id":"https:\/\/dimspeed.com\/#\/schema\/logo\/image\/","url":"https:\/\/dimspeed.com\/wp-content\/uploads\/2020\/11\/logo-site.png","contentUrl":"https:\/\/dimspeed.com\/wp-content\/uploads\/2020\/11\/logo-site.png","width":486,"height":178,"caption":"Dimspeed, l&#039;atelier de personnalisation automobile"},"image":{"@id":"https:\/\/dimspeed.com\/#\/schema\/logo\/image\/"}}]}},"_links":{"self":[{"href":"https:\/\/dimspeed.com\/en\/wp-json\/wp\/v2\/product\/1057","targetHints":{"allow":["GET"]}}],"collection":[{"href":"https:\/\/dimspeed.com\/en\/wp-json\/wp\/v2\/product"}],"about":[{"href":"https:\/\/dimspeed.com\/en\/wp-json\/wp\/v2\/types\/product"}],"version-history":[{"count":1,"href":"https:\/\/dimspeed.com\/en\/wp-json\/wp\/v2\/product\/1057\/revisions"}],"predecessor-version":[{"id":3560,"href":"https:\/\/dimspeed.com\/en\/wp-json\/wp\/v2\/product\/1057\/revisions\/3560"}],"wp:featuredmedia":[{"embeddable":true,"href":"https:\/\/dimspeed.com\/en\/wp-json\/wp\/v2\/media\/1425"}],"wp:attachment":[{"href":"https:\/\/dimspeed.com\/en\/wp-json\/wp\/v2\/media?parent=1057"}],"wp:term":[{"taxonomy":"product_brand","embeddable":true,"href":"https:\/\/dimspeed.com\/en\/wp-json\/wp\/v2\/product_brand?post=1057"},{"taxonomy":"product_cat","embeddable":true,"href":"https:\/\/dimspeed.com\/en\/wp-json\/wp\/v2\/product_cat?post=1057"},{"taxonomy":"product_tag","embeddable":true,"href":"https:\/\/dimspeed.com\/en\/wp-json\/wp\/v2\/product_tag?post=1057"}],"curies":[{"name":"wp","href":"https:\/\/api.w.org\/{rel}","templated":true}]}}