{"id":1037,"date":"2021-01-07T22:46:28","date_gmt":"2021-01-07T21:46:28","guid":{"rendered":"https:\/\/dimspeed.com\/?post_type=product&#038;p=1037"},"modified":"2025-06-20T16:59:41","modified_gmt":"2025-06-20T14:59:41","slug":"kit-de-deflecteur-de-boite-de-vitesse","status":"publish","type":"product","link":"https:\/\/dimspeed.com\/en\/product\/kit-de-deflecteur-de-boite-de-vitesse\/","title":{"rendered":"Windage Tray Kit"},"content":{"rendered":"<p>This alloy windage tray shields the cranshaft from oil splash and prevents a massive pressure stream of oil that is thrown up by the transmission gears. It also helps to protect the engine or gearbox in the event of either gearbox or engine failure. Suitable for use on both road and competition Mini's.<\/p>\n<p>This set includes:<\/p>\n<ul>\n<li>1 x alloy windage tray<\/li>\n<li>1 x mounting kit<\/li>\n<\/ul>\n<p>\u26a0\ufe0f Attention : L&#8217;installation de ce d\u00e9flecteur (comme tous les d\u00e9flecteurs) d&#8217;huile peut s&#8217;av\u00e9rer d\u00e9licate sur un moteur avec vilebrequin poss\u00e9dant des bielles d&#8217;origine A+ et des goujons d\u2019origine ou ARP.<\/p>","protected":false},"excerpt":{"rendered":"<p>Ce d\u00e9flecteur en aluminium permet de r\u00e9duire les projections d&#8217;huile cr\u00e9es par la boite de vitesse sur le vilebrequin, elle \u00e9vite ainsi une r\u00e9sistance suppl\u00e9mentaire sur la rotation de ce dernier. Le kit inclut: 1 x d\u00e9flecteur en aluminium 1 x kit de fixation \u26a0\ufe0f Attention : L&#8217;installation de ce d\u00e9flecteur (comme tous les d\u00e9flecteurs) [&hellip;]<\/p>","protected":false},"featured_media":2289,"template":"","meta":[],"product_brand":[],"product_cat":[44,23],"product_tag":[125,66,82,162,126],"class_list":{"0":"post-1037","1":"product","2":"type-product","3":"status-publish","4":"has-post-thumbnail","6":"product_cat-transmission","7":"product_cat-boite-de-vitesse","8":"product_tag-boite-de-vitesse","9":"product_tag-dimspeed","10":"product_tag-kit","11":"product_tag-swiftune","12":"product_tag-transmission","14":"first","15":"instock","16":"taxable","17":"shipping-taxable","18":"purchasable","19":"product-type-simple"},"yoast_head":"<!-- This site is optimized with the Yoast SEO plugin v27.1.1 - https:\/\/yoast.com\/product\/yoast-seo-wordpress\/ -->\n<title>Kit de D\u00e9flecteur de Boite de Vitesse - Dimspeed, l&#039;atelier de personnalisation automobile<\/title>\n<meta name=\"robots\" content=\"index, follow, max-snippet:-1, max-image-preview:large, max-video-preview:-1\" \/>\n<link rel=\"canonical\" href=\"https:\/\/dimspeed.com\/en\/product\/kit-de-deflecteur-de-boite-de-vitesse\/\" \/>\n<meta property=\"og:locale\" content=\"en_GB\" \/>\n<meta property=\"og:type\" content=\"article\" \/>\n<meta property=\"og:title\" content=\"Kit de D\u00e9flecteur de Boite de Vitesse - Dimspeed, l&#039;atelier de personnalisation automobile\" \/>\n<meta property=\"og:description\" content=\"Ce d\u00e9flecteur en aluminium permet de r\u00e9duire les projections d&#8217;huile cr\u00e9es par la boite de vitesse sur le vilebrequin, elle \u00e9vite ainsi une r\u00e9sistance suppl\u00e9mentaire sur la rotation de ce dernier. Le kit inclut: 1 x d\u00e9flecteur en aluminium 1 x kit de fixation \u26a0\ufe0f Attention : L&#8217;installation de ce d\u00e9flecteur (comme tous les d\u00e9flecteurs) [&hellip;]\" \/>\n<meta property=\"og:url\" content=\"https:\/\/dimspeed.com\/en\/product\/kit-de-deflecteur-de-boite-de-vitesse\/\" \/>\n<meta property=\"og:site_name\" content=\"Dimspeed, l&#039;atelier de personnalisation automobile\" \/>\n<meta property=\"article:modified_time\" content=\"2025-06-20T14:59:41+00:00\" \/>\n<meta property=\"og:image\" content=\"https:\/\/dimspeed.com\/wp-content\/uploads\/2021\/01\/231_Kit-de-deflecteur-de-boite-de-vitesse-scaled.jpg\" \/>\n\t<meta property=\"og:image:width\" content=\"1920\" \/>\n\t<meta property=\"og:image:height\" content=\"1407\" \/>\n\t<meta property=\"og:image:type\" content=\"image\/jpeg\" \/>\n<meta name=\"twitter:card\" content=\"summary_large_image\" \/>\n<meta name=\"twitter:label1\" content=\"Estimated reading time\" \/>\n\t<meta name=\"twitter:data1\" content=\"1 minute\" \/>\n<script type=\"application\/ld+json\" class=\"yoast-schema-graph\">{\"@context\":\"https:\/\/schema.org\",\"@graph\":[{\"@type\":\"WebPage\",\"@id\":\"https:\/\/dimspeed.com\/produit\/kit-de-deflecteur-de-boite-de-vitesse\/\",\"url\":\"https:\/\/dimspeed.com\/produit\/kit-de-deflecteur-de-boite-de-vitesse\/\",\"name\":\"Kit de D\u00e9flecteur de Boite de Vitesse - Dimspeed, l&#039;atelier de personnalisation automobile\",\"isPartOf\":{\"@id\":\"https:\/\/dimspeed.com\/#website\"},\"primaryImageOfPage\":{\"@id\":\"https:\/\/dimspeed.com\/produit\/kit-de-deflecteur-de-boite-de-vitesse\/#primaryimage\"},\"image\":{\"@id\":\"https:\/\/dimspeed.com\/produit\/kit-de-deflecteur-de-boite-de-vitesse\/#primaryimage\"},\"thumbnailUrl\":\"https:\/\/dimspeed.com\/wp-content\/uploads\/2021\/01\/231_Kit-de-deflecteur-de-boite-de-vitesse-scaled.jpg\",\"datePublished\":\"2021-01-07T21:46:28+00:00\",\"dateModified\":\"2025-06-20T14:59:41+00:00\",\"breadcrumb\":{\"@id\":\"https:\/\/dimspeed.com\/produit\/kit-de-deflecteur-de-boite-de-vitesse\/#breadcrumb\"},\"inLanguage\":\"en-GB\",\"potentialAction\":[{\"@type\":\"ReadAction\",\"target\":[\"https:\/\/dimspeed.com\/produit\/kit-de-deflecteur-de-boite-de-vitesse\/\"]}]},{\"@type\":\"ImageObject\",\"inLanguage\":\"en-GB\",\"@id\":\"https:\/\/dimspeed.com\/produit\/kit-de-deflecteur-de-boite-de-vitesse\/#primaryimage\",\"url\":\"https:\/\/dimspeed.com\/wp-content\/uploads\/2021\/01\/231_Kit-de-deflecteur-de-boite-de-vitesse-scaled.jpg\",\"contentUrl\":\"https:\/\/dimspeed.com\/wp-content\/uploads\/2021\/01\/231_Kit-de-deflecteur-de-boite-de-vitesse-scaled.jpg\",\"width\":1920,\"height\":1407},{\"@type\":\"BreadcrumbList\",\"@id\":\"https:\/\/dimspeed.com\/produit\/kit-de-deflecteur-de-boite-de-vitesse\/#breadcrumb\",\"itemListElement\":[{\"@type\":\"ListItem\",\"position\":1,\"name\":\"Accueil\",\"item\":\"https:\/\/dimspeed.com\/\"},{\"@type\":\"ListItem\",\"position\":2,\"name\":\"Boutique\",\"item\":\"https:\/\/dimspeed.com\/boutique\/\"},{\"@type\":\"ListItem\",\"position\":3,\"name\":\"Kit de D\u00e9flecteur de Boite de Vitesse\"}]},{\"@type\":\"WebSite\",\"@id\":\"https:\/\/dimspeed.com\/#website\",\"url\":\"https:\/\/dimspeed.com\/\",\"name\":\"Dimspeed, l&#039;atelier de personnalisation automobile\",\"description\":\"MOTORISTE comp\u00e9tition et collection SPECIALISTE moteur A-SERIE\",\"publisher\":{\"@id\":\"https:\/\/dimspeed.com\/#organization\"},\"potentialAction\":[{\"@type\":\"SearchAction\",\"target\":{\"@type\":\"EntryPoint\",\"urlTemplate\":\"https:\/\/dimspeed.com\/?s={search_term_string}\"},\"query-input\":{\"@type\":\"PropertyValueSpecification\",\"valueRequired\":true,\"valueName\":\"search_term_string\"}}],\"inLanguage\":\"en-GB\"},{\"@type\":\"Organization\",\"@id\":\"https:\/\/dimspeed.com\/#organization\",\"name\":\"Dimspeed, l&#039;atelier de personnalisation automobile\",\"url\":\"https:\/\/dimspeed.com\/\",\"logo\":{\"@type\":\"ImageObject\",\"inLanguage\":\"en-GB\",\"@id\":\"https:\/\/dimspeed.com\/#\/schema\/logo\/image\/\",\"url\":\"https:\/\/dimspeed.com\/wp-content\/uploads\/2020\/11\/logo-site.png\",\"contentUrl\":\"https:\/\/dimspeed.com\/wp-content\/uploads\/2020\/11\/logo-site.png\",\"width\":486,\"height\":178,\"caption\":\"Dimspeed, l&#039;atelier de personnalisation automobile\"},\"image\":{\"@id\":\"https:\/\/dimspeed.com\/#\/schema\/logo\/image\/\"}}]}<\/script>\n<!-- \/ Yoast SEO plugin. -->","yoast_head_json":{"title":"Kit de D\u00e9flecteur de Boite de Vitesse - Dimspeed, l&#039;atelier de personnalisation automobile","robots":{"index":"index","follow":"follow","max-snippet":"max-snippet:-1","max-image-preview":"max-image-preview:large","max-video-preview":"max-video-preview:-1"},"canonical":"https:\/\/dimspeed.com\/en\/product\/kit-de-deflecteur-de-boite-de-vitesse\/","og_locale":"en_GB","og_type":"article","og_title":"Kit de D\u00e9flecteur de Boite de Vitesse - Dimspeed, l&#039;atelier de personnalisation automobile","og_description":"Ce d\u00e9flecteur en aluminium permet de r\u00e9duire les projections d&#8217;huile cr\u00e9es par la boite de vitesse sur le vilebrequin, elle \u00e9vite ainsi une r\u00e9sistance suppl\u00e9mentaire sur la rotation de ce dernier. Le kit inclut: 1 x d\u00e9flecteur en aluminium 1 x kit de fixation \u26a0\ufe0f Attention : L&#8217;installation de ce d\u00e9flecteur (comme tous les d\u00e9flecteurs) [&hellip;]","og_url":"https:\/\/dimspeed.com\/en\/product\/kit-de-deflecteur-de-boite-de-vitesse\/","og_site_name":"Dimspeed, l&#039;atelier de personnalisation automobile","article_modified_time":"2025-06-20T14:59:41+00:00","og_image":[{"width":1920,"height":1407,"url":"https:\/\/dimspeed.com\/wp-content\/uploads\/2021\/01\/231_Kit-de-deflecteur-de-boite-de-vitesse-scaled.jpg","type":"image\/jpeg"}],"twitter_card":"summary_large_image","twitter_misc":{"Estimated reading time":"1 minute"},"schema":{"@context":"https:\/\/schema.org","@graph":[{"@type":"WebPage","@id":"https:\/\/dimspeed.com\/produit\/kit-de-deflecteur-de-boite-de-vitesse\/","url":"https:\/\/dimspeed.com\/produit\/kit-de-deflecteur-de-boite-de-vitesse\/","name":"Kit de D\u00e9flecteur de Boite de Vitesse - Dimspeed, l&#039;atelier de personnalisation automobile","isPartOf":{"@id":"https:\/\/dimspeed.com\/#website"},"primaryImageOfPage":{"@id":"https:\/\/dimspeed.com\/produit\/kit-de-deflecteur-de-boite-de-vitesse\/#primaryimage"},"image":{"@id":"https:\/\/dimspeed.com\/produit\/kit-de-deflecteur-de-boite-de-vitesse\/#primaryimage"},"thumbnailUrl":"https:\/\/dimspeed.com\/wp-content\/uploads\/2021\/01\/231_Kit-de-deflecteur-de-boite-de-vitesse-scaled.jpg","datePublished":"2021-01-07T21:46:28+00:00","dateModified":"2025-06-20T14:59:41+00:00","breadcrumb":{"@id":"https:\/\/dimspeed.com\/produit\/kit-de-deflecteur-de-boite-de-vitesse\/#breadcrumb"},"inLanguage":"en-GB","potentialAction":[{"@type":"ReadAction","target":["https:\/\/dimspeed.com\/produit\/kit-de-deflecteur-de-boite-de-vitesse\/"]}]},{"@type":"ImageObject","inLanguage":"en-GB","@id":"https:\/\/dimspeed.com\/produit\/kit-de-deflecteur-de-boite-de-vitesse\/#primaryimage","url":"https:\/\/dimspeed.com\/wp-content\/uploads\/2021\/01\/231_Kit-de-deflecteur-de-boite-de-vitesse-scaled.jpg","contentUrl":"https:\/\/dimspeed.com\/wp-content\/uploads\/2021\/01\/231_Kit-de-deflecteur-de-boite-de-vitesse-scaled.jpg","width":1920,"height":1407},{"@type":"BreadcrumbList","@id":"https:\/\/dimspeed.com\/produit\/kit-de-deflecteur-de-boite-de-vitesse\/#breadcrumb","itemListElement":[{"@type":"ListItem","position":1,"name":"Accueil","item":"https:\/\/dimspeed.com\/"},{"@type":"ListItem","position":2,"name":"Boutique","item":"https:\/\/dimspeed.com\/boutique\/"},{"@type":"ListItem","position":3,"name":"Kit de D\u00e9flecteur de Boite de Vitesse"}]},{"@type":"WebSite","@id":"https:\/\/dimspeed.com\/#website","url":"https:\/\/dimspeed.com\/","name":"Dimspeed, l&#039;atelier de personnalisation automobile","description":"MOTORISTE comp\u00e9tition et collection SPECIALISTE moteur A-SERIE","publisher":{"@id":"https:\/\/dimspeed.com\/#organization"},"potentialAction":[{"@type":"SearchAction","target":{"@type":"EntryPoint","urlTemplate":"https:\/\/dimspeed.com\/?s={search_term_string}"},"query-input":{"@type":"PropertyValueSpecification","valueRequired":true,"valueName":"search_term_string"}}],"inLanguage":"en-GB"},{"@type":"Organization","@id":"https:\/\/dimspeed.com\/#organization","name":"Dimspeed, l&#039;atelier de personnalisation automobile","url":"https:\/\/dimspeed.com\/","logo":{"@type":"ImageObject","inLanguage":"en-GB","@id":"https:\/\/dimspeed.com\/#\/schema\/logo\/image\/","url":"https:\/\/dimspeed.com\/wp-content\/uploads\/2020\/11\/logo-site.png","contentUrl":"https:\/\/dimspeed.com\/wp-content\/uploads\/2020\/11\/logo-site.png","width":486,"height":178,"caption":"Dimspeed, l&#039;atelier de personnalisation automobile"},"image":{"@id":"https:\/\/dimspeed.com\/#\/schema\/logo\/image\/"}}]}},"_links":{"self":[{"href":"https:\/\/dimspeed.com\/en\/wp-json\/wp\/v2\/product\/1037","targetHints":{"allow":["GET"]}}],"collection":[{"href":"https:\/\/dimspeed.com\/en\/wp-json\/wp\/v2\/product"}],"about":[{"href":"https:\/\/dimspeed.com\/en\/wp-json\/wp\/v2\/types\/product"}],"version-history":[{"count":3,"href":"https:\/\/dimspeed.com\/en\/wp-json\/wp\/v2\/product\/1037\/revisions"}],"predecessor-version":[{"id":7251,"href":"https:\/\/dimspeed.com\/en\/wp-json\/wp\/v2\/product\/1037\/revisions\/7251"}],"wp:featuredmedia":[{"embeddable":true,"href":"https:\/\/dimspeed.com\/en\/wp-json\/wp\/v2\/media\/2289"}],"wp:attachment":[{"href":"https:\/\/dimspeed.com\/en\/wp-json\/wp\/v2\/media?parent=1037"}],"wp:term":[{"taxonomy":"product_brand","embeddable":true,"href":"https:\/\/dimspeed.com\/en\/wp-json\/wp\/v2\/product_brand?post=1037"},{"taxonomy":"product_cat","embeddable":true,"href":"https:\/\/dimspeed.com\/en\/wp-json\/wp\/v2\/product_cat?post=1037"},{"taxonomy":"product_tag","embeddable":true,"href":"https:\/\/dimspeed.com\/en\/wp-json\/wp\/v2\/product_tag?post=1037"}],"curies":[{"name":"wp","href":"https:\/\/api.w.org\/{rel}","templated":true}]}}