{"id":1027,"date":"2021-01-07T22:34:50","date_gmt":"2021-01-07T21:34:50","guid":{"rendered":"https:\/\/dimspeed.com\/?post_type=product&#038;p=1027"},"modified":"2025-06-27T15:11:24","modified_gmt":"2025-06-27T13:11:24","slug":"volant-moteur-swiftune-assemble","status":"publish","type":"product","link":"https:\/\/dimspeed.com\/en\/product\/volant-moteur-swiftune-assemble\/","title":{"rendered":"Swiftune Feather Light Flywheel Complete Assembly"},"content":{"rendered":"<p>Feather Light Flywheel and Back Plate as a complete balanced assembly. These assemblies are fitted to all of our Dimspeed race engines and have been proven all around the world in many different competition applications. They are built using only the highest quality components all manufactured in the UK.<\/p>\n<p>By purchasing the flywheel and back plate assembly together there is no charge for balancing. This kit is ready for fitment to your engine.<\/p>\n<p>The kit includes:<\/p>\n<ul>\n<li>x 1 Feather Light Flywheel<\/li>\n<li>x 1 Feather Light Back Plate<\/li>\n<li>x 1  AP Diaphragm (please choose above)<\/li>\n<li>x 1 Clutch strap set<\/li>\n<li>x 1 Clutch bolt set<\/li>\n<li>x 1 AP Paddle clutch plate<\/li>\n<li>x 1 Flywheel bolt and key<\/li>\n<\/ul>\n<p>&nbsp;<\/p>\n<p>Flywheel suits pre-engaged starter motor only.<\/p>\n<p>Choose the color of the diaphragm based on the BHP of your engine:<\/p>\n<p class=\" translation-block\">For engines up to 130hp = Orange diaphragm \nAny engines for 130+bhp = Grey diaphragm<\/p>\n<p><strong data-start=\"94\" data-end=\"196\">The difference between the standard flywheel kit and the lightweight kit lies in the backplate:<\/strong><br data-start=\"196\" data-end=\"199\" \/>In the lightweight kit, the backplate is made of aluminum, which reduces weight and improves engine responsiveness. In contrast, the standard kit features a steel backplate, which is heavier but also more durable under certain operating conditions.<\/p>\n<p>Please contact us if you need help.<\/p>","protected":false},"excerpt":{"rendered":"<p>Kit de volant moteur Swiftune complet assembl\u00e9 et \u00e9quilibr\u00e9. Nous le montons sur tous nos moteurs. En effet, sa fiabilit\u00e9 a \u00e9t\u00e9 prouv\u00e9 au cours diff\u00e9rentes comp\u00e9titions dans le monde entier. Tous les composants sont fabriqu\u00e9s en Angleterre. En achetant ce kit complet, vous \u00e9conomisez le surco\u00fbt d\u2019un \u00e9quilibrage dynamique d\u2019un volant moteur. Ce kit [&hellip;]<\/p>","protected":false},"featured_media":2358,"template":"","meta":[],"product_brand":[],"product_cat":[44,45],"product_tag":[164,64,162,113],"class_list":{"0":"post-1027","1":"product","2":"type-product","3":"status-publish","4":"has-post-thumbnail","6":"product_cat-transmission","7":"product_cat-volant-moteur","8":"product_tag-embrayage","9":"product_tag-race","10":"product_tag-swiftune","11":"product_tag-volant-moteur","13":"first","14":"onbackorder","15":"taxable","16":"shipping-taxable","17":"purchasable","18":"product-type-variable"},"yoast_head":"<!-- This site is optimized with the Yoast SEO plugin v27.1.1 - https:\/\/yoast.com\/product\/yoast-seo-wordpress\/ -->\n<title>Volant Moteur Swiftune Assembl\u00e9 - Dimspeed, l&#039;atelier de personnalisation automobile<\/title>\n<meta name=\"robots\" content=\"index, follow, max-snippet:-1, max-image-preview:large, max-video-preview:-1\" \/>\n<link rel=\"canonical\" href=\"https:\/\/dimspeed.com\/en\/product\/volant-moteur-swiftune-assemble\/\" \/>\n<meta property=\"og:locale\" content=\"en_GB\" \/>\n<meta property=\"og:type\" content=\"article\" \/>\n<meta property=\"og:title\" content=\"Volant Moteur Swiftune Assembl\u00e9 - Dimspeed, l&#039;atelier de personnalisation automobile\" \/>\n<meta property=\"og:description\" content=\"Kit de volant moteur Swiftune complet assembl\u00e9 et \u00e9quilibr\u00e9. Nous le montons sur tous nos moteurs. En effet, sa fiabilit\u00e9 a \u00e9t\u00e9 prouv\u00e9 au cours diff\u00e9rentes comp\u00e9titions dans le monde entier. Tous les composants sont fabriqu\u00e9s en Angleterre. En achetant ce kit complet, vous \u00e9conomisez le surco\u00fbt d\u2019un \u00e9quilibrage dynamique d\u2019un volant moteur. Ce kit [&hellip;]\" \/>\n<meta property=\"og:url\" content=\"https:\/\/dimspeed.com\/en\/product\/volant-moteur-swiftune-assemble\/\" \/>\n<meta property=\"og:site_name\" content=\"Dimspeed, l&#039;atelier de personnalisation automobile\" \/>\n<meta property=\"article:modified_time\" content=\"2025-06-27T13:11:24+00:00\" \/>\n<meta property=\"og:image\" content=\"https:\/\/dimspeed.com\/wp-content\/uploads\/2021\/01\/262_Volant-moteur-Swiftune-assemble-scaled.jpg\" \/>\n\t<meta property=\"og:image:width\" content=\"1920\" \/>\n\t<meta property=\"og:image:height\" content=\"1225\" \/>\n\t<meta property=\"og:image:type\" content=\"image\/jpeg\" \/>\n<meta name=\"twitter:card\" content=\"summary_large_image\" \/>\n<meta name=\"twitter:label1\" content=\"Estimated reading time\" \/>\n\t<meta name=\"twitter:data1\" content=\"2 minutes\" \/>\n<script type=\"application\/ld+json\" class=\"yoast-schema-graph\">{\"@context\":\"https:\/\/schema.org\",\"@graph\":[{\"@type\":\"WebPage\",\"@id\":\"https:\/\/dimspeed.com\/produit\/volant-moteur-swiftune-assemble\/\",\"url\":\"https:\/\/dimspeed.com\/produit\/volant-moteur-swiftune-assemble\/\",\"name\":\"Volant Moteur Swiftune Assembl\u00e9 - Dimspeed, l&#039;atelier de personnalisation automobile\",\"isPartOf\":{\"@id\":\"https:\/\/dimspeed.com\/#website\"},\"primaryImageOfPage\":{\"@id\":\"https:\/\/dimspeed.com\/produit\/volant-moteur-swiftune-assemble\/#primaryimage\"},\"image\":{\"@id\":\"https:\/\/dimspeed.com\/produit\/volant-moteur-swiftune-assemble\/#primaryimage\"},\"thumbnailUrl\":\"https:\/\/dimspeed.com\/wp-content\/uploads\/2021\/01\/262_Volant-moteur-Swiftune-assemble-scaled.jpg\",\"datePublished\":\"2021-01-07T21:34:50+00:00\",\"dateModified\":\"2025-06-27T13:11:24+00:00\",\"breadcrumb\":{\"@id\":\"https:\/\/dimspeed.com\/produit\/volant-moteur-swiftune-assemble\/#breadcrumb\"},\"inLanguage\":\"en-GB\",\"potentialAction\":[{\"@type\":\"ReadAction\",\"target\":[\"https:\/\/dimspeed.com\/produit\/volant-moteur-swiftune-assemble\/\"]}]},{\"@type\":\"ImageObject\",\"inLanguage\":\"en-GB\",\"@id\":\"https:\/\/dimspeed.com\/produit\/volant-moteur-swiftune-assemble\/#primaryimage\",\"url\":\"https:\/\/dimspeed.com\/wp-content\/uploads\/2021\/01\/262_Volant-moteur-Swiftune-assemble-scaled.jpg\",\"contentUrl\":\"https:\/\/dimspeed.com\/wp-content\/uploads\/2021\/01\/262_Volant-moteur-Swiftune-assemble-scaled.jpg\",\"width\":1920,\"height\":1225},{\"@type\":\"BreadcrumbList\",\"@id\":\"https:\/\/dimspeed.com\/produit\/volant-moteur-swiftune-assemble\/#breadcrumb\",\"itemListElement\":[{\"@type\":\"ListItem\",\"position\":1,\"name\":\"Accueil\",\"item\":\"https:\/\/dimspeed.com\/\"},{\"@type\":\"ListItem\",\"position\":2,\"name\":\"Boutique\",\"item\":\"https:\/\/dimspeed.com\/boutique\/\"},{\"@type\":\"ListItem\",\"position\":3,\"name\":\"Volant Moteur Swiftune Assembl\u00e9\"}]},{\"@type\":\"WebSite\",\"@id\":\"https:\/\/dimspeed.com\/#website\",\"url\":\"https:\/\/dimspeed.com\/\",\"name\":\"Dimspeed, l&#039;atelier de personnalisation automobile\",\"description\":\"MOTORISTE comp\u00e9tition et collection SPECIALISTE moteur A-SERIE\",\"publisher\":{\"@id\":\"https:\/\/dimspeed.com\/#organization\"},\"potentialAction\":[{\"@type\":\"SearchAction\",\"target\":{\"@type\":\"EntryPoint\",\"urlTemplate\":\"https:\/\/dimspeed.com\/?s={search_term_string}\"},\"query-input\":{\"@type\":\"PropertyValueSpecification\",\"valueRequired\":true,\"valueName\":\"search_term_string\"}}],\"inLanguage\":\"en-GB\"},{\"@type\":\"Organization\",\"@id\":\"https:\/\/dimspeed.com\/#organization\",\"name\":\"Dimspeed, l&#039;atelier de personnalisation automobile\",\"url\":\"https:\/\/dimspeed.com\/\",\"logo\":{\"@type\":\"ImageObject\",\"inLanguage\":\"en-GB\",\"@id\":\"https:\/\/dimspeed.com\/#\/schema\/logo\/image\/\",\"url\":\"https:\/\/dimspeed.com\/wp-content\/uploads\/2020\/11\/logo-site.png\",\"contentUrl\":\"https:\/\/dimspeed.com\/wp-content\/uploads\/2020\/11\/logo-site.png\",\"width\":486,\"height\":178,\"caption\":\"Dimspeed, l&#039;atelier de personnalisation automobile\"},\"image\":{\"@id\":\"https:\/\/dimspeed.com\/#\/schema\/logo\/image\/\"}}]}<\/script>\n<!-- \/ Yoast SEO plugin. -->","yoast_head_json":{"title":"Volant Moteur Swiftune Assembl\u00e9 - Dimspeed, l&#039;atelier de personnalisation automobile","robots":{"index":"index","follow":"follow","max-snippet":"max-snippet:-1","max-image-preview":"max-image-preview:large","max-video-preview":"max-video-preview:-1"},"canonical":"https:\/\/dimspeed.com\/en\/product\/volant-moteur-swiftune-assemble\/","og_locale":"en_GB","og_type":"article","og_title":"Volant Moteur Swiftune Assembl\u00e9 - Dimspeed, l&#039;atelier de personnalisation automobile","og_description":"Kit de volant moteur Swiftune complet assembl\u00e9 et \u00e9quilibr\u00e9. Nous le montons sur tous nos moteurs. En effet, sa fiabilit\u00e9 a \u00e9t\u00e9 prouv\u00e9 au cours diff\u00e9rentes comp\u00e9titions dans le monde entier. Tous les composants sont fabriqu\u00e9s en Angleterre. En achetant ce kit complet, vous \u00e9conomisez le surco\u00fbt d\u2019un \u00e9quilibrage dynamique d\u2019un volant moteur. Ce kit [&hellip;]","og_url":"https:\/\/dimspeed.com\/en\/product\/volant-moteur-swiftune-assemble\/","og_site_name":"Dimspeed, l&#039;atelier de personnalisation automobile","article_modified_time":"2025-06-27T13:11:24+00:00","og_image":[{"width":1920,"height":1225,"url":"https:\/\/dimspeed.com\/wp-content\/uploads\/2021\/01\/262_Volant-moteur-Swiftune-assemble-scaled.jpg","type":"image\/jpeg"}],"twitter_card":"summary_large_image","twitter_misc":{"Estimated reading time":"2 minutes"},"schema":{"@context":"https:\/\/schema.org","@graph":[{"@type":"WebPage","@id":"https:\/\/dimspeed.com\/produit\/volant-moteur-swiftune-assemble\/","url":"https:\/\/dimspeed.com\/produit\/volant-moteur-swiftune-assemble\/","name":"Volant Moteur Swiftune Assembl\u00e9 - Dimspeed, l&#039;atelier de personnalisation automobile","isPartOf":{"@id":"https:\/\/dimspeed.com\/#website"},"primaryImageOfPage":{"@id":"https:\/\/dimspeed.com\/produit\/volant-moteur-swiftune-assemble\/#primaryimage"},"image":{"@id":"https:\/\/dimspeed.com\/produit\/volant-moteur-swiftune-assemble\/#primaryimage"},"thumbnailUrl":"https:\/\/dimspeed.com\/wp-content\/uploads\/2021\/01\/262_Volant-moteur-Swiftune-assemble-scaled.jpg","datePublished":"2021-01-07T21:34:50+00:00","dateModified":"2025-06-27T13:11:24+00:00","breadcrumb":{"@id":"https:\/\/dimspeed.com\/produit\/volant-moteur-swiftune-assemble\/#breadcrumb"},"inLanguage":"en-GB","potentialAction":[{"@type":"ReadAction","target":["https:\/\/dimspeed.com\/produit\/volant-moteur-swiftune-assemble\/"]}]},{"@type":"ImageObject","inLanguage":"en-GB","@id":"https:\/\/dimspeed.com\/produit\/volant-moteur-swiftune-assemble\/#primaryimage","url":"https:\/\/dimspeed.com\/wp-content\/uploads\/2021\/01\/262_Volant-moteur-Swiftune-assemble-scaled.jpg","contentUrl":"https:\/\/dimspeed.com\/wp-content\/uploads\/2021\/01\/262_Volant-moteur-Swiftune-assemble-scaled.jpg","width":1920,"height":1225},{"@type":"BreadcrumbList","@id":"https:\/\/dimspeed.com\/produit\/volant-moteur-swiftune-assemble\/#breadcrumb","itemListElement":[{"@type":"ListItem","position":1,"name":"Accueil","item":"https:\/\/dimspeed.com\/"},{"@type":"ListItem","position":2,"name":"Boutique","item":"https:\/\/dimspeed.com\/boutique\/"},{"@type":"ListItem","position":3,"name":"Volant Moteur Swiftune Assembl\u00e9"}]},{"@type":"WebSite","@id":"https:\/\/dimspeed.com\/#website","url":"https:\/\/dimspeed.com\/","name":"Dimspeed, l&#039;atelier de personnalisation automobile","description":"MOTORISTE comp\u00e9tition et collection SPECIALISTE moteur A-SERIE","publisher":{"@id":"https:\/\/dimspeed.com\/#organization"},"potentialAction":[{"@type":"SearchAction","target":{"@type":"EntryPoint","urlTemplate":"https:\/\/dimspeed.com\/?s={search_term_string}"},"query-input":{"@type":"PropertyValueSpecification","valueRequired":true,"valueName":"search_term_string"}}],"inLanguage":"en-GB"},{"@type":"Organization","@id":"https:\/\/dimspeed.com\/#organization","name":"Dimspeed, l&#039;atelier de personnalisation automobile","url":"https:\/\/dimspeed.com\/","logo":{"@type":"ImageObject","inLanguage":"en-GB","@id":"https:\/\/dimspeed.com\/#\/schema\/logo\/image\/","url":"https:\/\/dimspeed.com\/wp-content\/uploads\/2020\/11\/logo-site.png","contentUrl":"https:\/\/dimspeed.com\/wp-content\/uploads\/2020\/11\/logo-site.png","width":486,"height":178,"caption":"Dimspeed, l&#039;atelier de personnalisation automobile"},"image":{"@id":"https:\/\/dimspeed.com\/#\/schema\/logo\/image\/"}}]}},"_links":{"self":[{"href":"https:\/\/dimspeed.com\/en\/wp-json\/wp\/v2\/product\/1027","targetHints":{"allow":["GET"]}}],"collection":[{"href":"https:\/\/dimspeed.com\/en\/wp-json\/wp\/v2\/product"}],"about":[{"href":"https:\/\/dimspeed.com\/en\/wp-json\/wp\/v2\/types\/product"}],"version-history":[{"count":2,"href":"https:\/\/dimspeed.com\/en\/wp-json\/wp\/v2\/product\/1027\/revisions"}],"predecessor-version":[{"id":7224,"href":"https:\/\/dimspeed.com\/en\/wp-json\/wp\/v2\/product\/1027\/revisions\/7224"}],"wp:featuredmedia":[{"embeddable":true,"href":"https:\/\/dimspeed.com\/en\/wp-json\/wp\/v2\/media\/2358"}],"wp:attachment":[{"href":"https:\/\/dimspeed.com\/en\/wp-json\/wp\/v2\/media?parent=1027"}],"wp:term":[{"taxonomy":"product_brand","embeddable":true,"href":"https:\/\/dimspeed.com\/en\/wp-json\/wp\/v2\/product_brand?post=1027"},{"taxonomy":"product_cat","embeddable":true,"href":"https:\/\/dimspeed.com\/en\/wp-json\/wp\/v2\/product_cat?post=1027"},{"taxonomy":"product_tag","embeddable":true,"href":"https:\/\/dimspeed.com\/en\/wp-json\/wp\/v2\/product_tag?post=1027"}],"curies":[{"name":"wp","href":"https:\/\/api.w.org\/{rel}","templated":true}]}}