{"id":1025,"date":"2021-01-07T22:30:06","date_gmt":"2021-01-07T21:30:06","guid":{"rendered":"https:\/\/dimspeed.com\/?post_type=product&#038;p=1025"},"modified":"2026-03-13T11:29:15","modified_gmt":"2026-03-13T10:29:15","slug":"boite-a-crabot-swiftune-remote","status":"publish","type":"product","link":"https:\/\/dimspeed.com\/en\/product\/boite-a-crabot-swiftune-remote\/","title":{"rendered":"Swiftune Dogbox - Remote - 2.1"},"content":{"rendered":"<p>Swiftune Dogbox is manufactured from aircraft grade material and has additional layshaft support under third gear.<\/p>\n<p>Originally launched in 2005 and used by every Mini Miglia Champion since, the Swift Shift Dog Engagement A-Series Mini gear kit has been a huge success as racers are astonished by its ultra fast, slick gear changes. With over 350 kits sold world wide and many Championship victories the success of this gear kit speaks for itself.<\/p>\n<p>Special features are:<\/p>\n<ul>\n<li>Aircraft Grade material<\/li>\n<li>Three bearing layshaft<\/li>\n<li>Aluminium bronze super strong selector forks for ROD change gearbox<\/li>\n<li>Hardened steel selector forks for REMOTE gearbox<\/li>\n<li>Modular lay gear<\/li>\n<li>Unique dog tooth design for superb slick changes<\/li>\n<li>Also available Super Finished (for 2.1 Rod) on request<\/li>\n<\/ul>\n<p>&nbsp;<\/p>\n<p>Swiftune have optimized the tooth counts, whilst retaining the same ratio sets. The purpose of this change is to decrease the working pressure angles of the constant mesh gears which will help to increase longevity in higher power\/torque engines. Other new improvements include maximized bearing support under the main gears by increasing the bearing from 13mm to 17mm. he increase of 4mm per gear whilst not appearing much is a significant percentage increase of over 30% and will significantly increase the resistance to high torque loadings.<\/p>\n<p>Ratios are as follows:<br \/>\n2.143, 1.486, 1.195, 1:1 Also available Super Finished<br \/>\n2.362, 1.564, 1.195, 1:1<br \/>\n1.692, 1.441, 1.197, 1:1 (U.S rolling start kit)<\/p>\n<p>We also have got in stock the Swiftune Dogbox - Remote - 2,1, if you want another specification, please contact us.<\/p>","protected":false},"excerpt":{"rendered":"<p>Cette boite \u00e0 crabot 2.1 est usin\u00e9e \u00e0 partir de mat\u00e9riaux de qualit\u00e9 issus de l\u2019a\u00e9ronautique. Elle poss\u00e8de un support additionnel au niveau de l\u2019arbre primaire sous la troisi\u00e8me vitesse. Originalement sorti en 2005 et utilis\u00e9e par tous les champions de Mini Miglia depuis, la boite de vitesse \u00e0 crabot a eu un grand succ\u00e8s [&hellip;]<\/p>","protected":false},"featured_media":2327,"template":"","meta":[],"product_brand":[],"product_cat":[44,23],"product_tag":[125,114,64,162,126],"class_list":{"0":"post-1025","1":"product","2":"type-product","3":"status-publish","4":"has-post-thumbnail","6":"product_cat-transmission","7":"product_cat-boite-de-vitesse","8":"product_tag-boite-de-vitesse","9":"product_tag-crabot","10":"product_tag-race","11":"product_tag-swiftune","12":"product_tag-transmission","14":"first","15":"instock","16":"taxable","17":"shipping-taxable","18":"purchasable","19":"product-type-variable"},"yoast_head":"<!-- This site is optimized with the Yoast SEO plugin v27.1.1 - https:\/\/yoast.com\/product\/yoast-seo-wordpress\/ -->\n<title>Boite \u00e0 Crabot 2.1 - Swiftune - Dimspeed, l&#039;atelier de personnalisation automobile<\/title>\n<meta name=\"robots\" content=\"index, follow, max-snippet:-1, max-image-preview:large, max-video-preview:-1\" \/>\n<link rel=\"canonical\" href=\"https:\/\/dimspeed.com\/en\/product\/boite-a-crabot-swiftune-remote\/\" \/>\n<meta property=\"og:locale\" content=\"en_GB\" \/>\n<meta property=\"og:type\" content=\"article\" \/>\n<meta property=\"og:title\" content=\"Boite \u00e0 Crabot 2.1 - Swiftune - Dimspeed, l&#039;atelier de personnalisation automobile\" \/>\n<meta property=\"og:description\" content=\"Cette boite \u00e0 crabot 2.1 est usin\u00e9e \u00e0 partir de mat\u00e9riaux de qualit\u00e9 issus de l\u2019a\u00e9ronautique. Elle poss\u00e8de un support additionnel au niveau de l\u2019arbre primaire sous la troisi\u00e8me vitesse. Originalement sorti en 2005 et utilis\u00e9e par tous les champions de Mini Miglia depuis, la boite de vitesse \u00e0 crabot a eu un grand succ\u00e8s [&hellip;]\" \/>\n<meta property=\"og:url\" content=\"https:\/\/dimspeed.com\/en\/product\/boite-a-crabot-swiftune-remote\/\" \/>\n<meta property=\"og:site_name\" content=\"Dimspeed, l&#039;atelier de personnalisation automobile\" \/>\n<meta property=\"article:modified_time\" content=\"2026-03-13T10:29:15+00:00\" \/>\n<meta property=\"og:image\" content=\"https:\/\/dimspeed.com\/wp-content\/uploads\/2021\/01\/250_Boite-a-crabot-Swiftune-Remote-scaled.jpg\" \/>\n\t<meta property=\"og:image:width\" content=\"1440\" \/>\n\t<meta property=\"og:image:height\" content=\"1920\" \/>\n\t<meta property=\"og:image:type\" content=\"image\/jpeg\" \/>\n<meta name=\"twitter:card\" content=\"summary_large_image\" \/>\n<meta name=\"twitter:label1\" content=\"Estimated reading time\" \/>\n\t<meta name=\"twitter:data1\" content=\"2 minutes\" \/>\n<script type=\"application\/ld+json\" class=\"yoast-schema-graph\">{\"@context\":\"https:\/\/schema.org\",\"@graph\":[{\"@type\":\"WebPage\",\"@id\":\"https:\/\/dimspeed.com\/produit\/boite-a-crabot-swiftune-remote\/\",\"url\":\"https:\/\/dimspeed.com\/produit\/boite-a-crabot-swiftune-remote\/\",\"name\":\"Boite \u00e0 Crabot 2.1 - Swiftune - Dimspeed, l&#039;atelier de personnalisation automobile\",\"isPartOf\":{\"@id\":\"https:\/\/dimspeed.com\/#website\"},\"primaryImageOfPage\":{\"@id\":\"https:\/\/dimspeed.com\/produit\/boite-a-crabot-swiftune-remote\/#primaryimage\"},\"image\":{\"@id\":\"https:\/\/dimspeed.com\/produit\/boite-a-crabot-swiftune-remote\/#primaryimage\"},\"thumbnailUrl\":\"https:\/\/dimspeed.com\/wp-content\/uploads\/2021\/01\/250_Boite-a-crabot-Swiftune-Remote-scaled.jpg\",\"datePublished\":\"2021-01-07T21:30:06+00:00\",\"dateModified\":\"2026-03-13T10:29:15+00:00\",\"breadcrumb\":{\"@id\":\"https:\/\/dimspeed.com\/produit\/boite-a-crabot-swiftune-remote\/#breadcrumb\"},\"inLanguage\":\"en-GB\",\"potentialAction\":[{\"@type\":\"ReadAction\",\"target\":[\"https:\/\/dimspeed.com\/produit\/boite-a-crabot-swiftune-remote\/\"]}]},{\"@type\":\"ImageObject\",\"inLanguage\":\"en-GB\",\"@id\":\"https:\/\/dimspeed.com\/produit\/boite-a-crabot-swiftune-remote\/#primaryimage\",\"url\":\"https:\/\/dimspeed.com\/wp-content\/uploads\/2021\/01\/250_Boite-a-crabot-Swiftune-Remote-scaled.jpg\",\"contentUrl\":\"https:\/\/dimspeed.com\/wp-content\/uploads\/2021\/01\/250_Boite-a-crabot-Swiftune-Remote-scaled.jpg\",\"width\":1440,\"height\":1920},{\"@type\":\"BreadcrumbList\",\"@id\":\"https:\/\/dimspeed.com\/produit\/boite-a-crabot-swiftune-remote\/#breadcrumb\",\"itemListElement\":[{\"@type\":\"ListItem\",\"position\":1,\"name\":\"Accueil\",\"item\":\"https:\/\/dimspeed.com\/\"},{\"@type\":\"ListItem\",\"position\":2,\"name\":\"Boutique\",\"item\":\"https:\/\/dimspeed.com\/boutique\/\"},{\"@type\":\"ListItem\",\"position\":3,\"name\":\"Boite \u00e0 Crabot 2.1 &#8211; Swiftune\"}]},{\"@type\":\"WebSite\",\"@id\":\"https:\/\/dimspeed.com\/#website\",\"url\":\"https:\/\/dimspeed.com\/\",\"name\":\"Dimspeed, l&#039;atelier de personnalisation automobile\",\"description\":\"MOTORISTE comp\u00e9tition et collection SPECIALISTE moteur A-SERIE\",\"publisher\":{\"@id\":\"https:\/\/dimspeed.com\/#organization\"},\"potentialAction\":[{\"@type\":\"SearchAction\",\"target\":{\"@type\":\"EntryPoint\",\"urlTemplate\":\"https:\/\/dimspeed.com\/?s={search_term_string}\"},\"query-input\":{\"@type\":\"PropertyValueSpecification\",\"valueRequired\":true,\"valueName\":\"search_term_string\"}}],\"inLanguage\":\"en-GB\"},{\"@type\":\"Organization\",\"@id\":\"https:\/\/dimspeed.com\/#organization\",\"name\":\"Dimspeed, l&#039;atelier de personnalisation automobile\",\"url\":\"https:\/\/dimspeed.com\/\",\"logo\":{\"@type\":\"ImageObject\",\"inLanguage\":\"en-GB\",\"@id\":\"https:\/\/dimspeed.com\/#\/schema\/logo\/image\/\",\"url\":\"https:\/\/dimspeed.com\/wp-content\/uploads\/2020\/11\/logo-site.png\",\"contentUrl\":\"https:\/\/dimspeed.com\/wp-content\/uploads\/2020\/11\/logo-site.png\",\"width\":486,\"height\":178,\"caption\":\"Dimspeed, l&#039;atelier de personnalisation automobile\"},\"image\":{\"@id\":\"https:\/\/dimspeed.com\/#\/schema\/logo\/image\/\"}}]}<\/script>\n<!-- \/ Yoast SEO plugin. -->","yoast_head_json":{"title":"Boite \u00e0 Crabot 2.1 - Swiftune - Dimspeed, l&#039;atelier de personnalisation automobile","robots":{"index":"index","follow":"follow","max-snippet":"max-snippet:-1","max-image-preview":"max-image-preview:large","max-video-preview":"max-video-preview:-1"},"canonical":"https:\/\/dimspeed.com\/en\/product\/boite-a-crabot-swiftune-remote\/","og_locale":"en_GB","og_type":"article","og_title":"Boite \u00e0 Crabot 2.1 - Swiftune - Dimspeed, l&#039;atelier de personnalisation automobile","og_description":"Cette boite \u00e0 crabot 2.1 est usin\u00e9e \u00e0 partir de mat\u00e9riaux de qualit\u00e9 issus de l\u2019a\u00e9ronautique. Elle poss\u00e8de un support additionnel au niveau de l\u2019arbre primaire sous la troisi\u00e8me vitesse. Originalement sorti en 2005 et utilis\u00e9e par tous les champions de Mini Miglia depuis, la boite de vitesse \u00e0 crabot a eu un grand succ\u00e8s [&hellip;]","og_url":"https:\/\/dimspeed.com\/en\/product\/boite-a-crabot-swiftune-remote\/","og_site_name":"Dimspeed, l&#039;atelier de personnalisation automobile","article_modified_time":"2026-03-13T10:29:15+00:00","og_image":[{"width":1440,"height":1920,"url":"https:\/\/dimspeed.com\/wp-content\/uploads\/2021\/01\/250_Boite-a-crabot-Swiftune-Remote-scaled.jpg","type":"image\/jpeg"}],"twitter_card":"summary_large_image","twitter_misc":{"Estimated reading time":"2 minutes"},"schema":{"@context":"https:\/\/schema.org","@graph":[{"@type":"WebPage","@id":"https:\/\/dimspeed.com\/produit\/boite-a-crabot-swiftune-remote\/","url":"https:\/\/dimspeed.com\/produit\/boite-a-crabot-swiftune-remote\/","name":"Boite \u00e0 Crabot 2.1 - Swiftune - Dimspeed, l&#039;atelier de personnalisation automobile","isPartOf":{"@id":"https:\/\/dimspeed.com\/#website"},"primaryImageOfPage":{"@id":"https:\/\/dimspeed.com\/produit\/boite-a-crabot-swiftune-remote\/#primaryimage"},"image":{"@id":"https:\/\/dimspeed.com\/produit\/boite-a-crabot-swiftune-remote\/#primaryimage"},"thumbnailUrl":"https:\/\/dimspeed.com\/wp-content\/uploads\/2021\/01\/250_Boite-a-crabot-Swiftune-Remote-scaled.jpg","datePublished":"2021-01-07T21:30:06+00:00","dateModified":"2026-03-13T10:29:15+00:00","breadcrumb":{"@id":"https:\/\/dimspeed.com\/produit\/boite-a-crabot-swiftune-remote\/#breadcrumb"},"inLanguage":"en-GB","potentialAction":[{"@type":"ReadAction","target":["https:\/\/dimspeed.com\/produit\/boite-a-crabot-swiftune-remote\/"]}]},{"@type":"ImageObject","inLanguage":"en-GB","@id":"https:\/\/dimspeed.com\/produit\/boite-a-crabot-swiftune-remote\/#primaryimage","url":"https:\/\/dimspeed.com\/wp-content\/uploads\/2021\/01\/250_Boite-a-crabot-Swiftune-Remote-scaled.jpg","contentUrl":"https:\/\/dimspeed.com\/wp-content\/uploads\/2021\/01\/250_Boite-a-crabot-Swiftune-Remote-scaled.jpg","width":1440,"height":1920},{"@type":"BreadcrumbList","@id":"https:\/\/dimspeed.com\/produit\/boite-a-crabot-swiftune-remote\/#breadcrumb","itemListElement":[{"@type":"ListItem","position":1,"name":"Accueil","item":"https:\/\/dimspeed.com\/"},{"@type":"ListItem","position":2,"name":"Boutique","item":"https:\/\/dimspeed.com\/boutique\/"},{"@type":"ListItem","position":3,"name":"Boite \u00e0 Crabot 2.1 &#8211; Swiftune"}]},{"@type":"WebSite","@id":"https:\/\/dimspeed.com\/#website","url":"https:\/\/dimspeed.com\/","name":"Dimspeed, l&#039;atelier de personnalisation automobile","description":"MOTORISTE comp\u00e9tition et collection SPECIALISTE moteur A-SERIE","publisher":{"@id":"https:\/\/dimspeed.com\/#organization"},"potentialAction":[{"@type":"SearchAction","target":{"@type":"EntryPoint","urlTemplate":"https:\/\/dimspeed.com\/?s={search_term_string}"},"query-input":{"@type":"PropertyValueSpecification","valueRequired":true,"valueName":"search_term_string"}}],"inLanguage":"en-GB"},{"@type":"Organization","@id":"https:\/\/dimspeed.com\/#organization","name":"Dimspeed, l&#039;atelier de personnalisation automobile","url":"https:\/\/dimspeed.com\/","logo":{"@type":"ImageObject","inLanguage":"en-GB","@id":"https:\/\/dimspeed.com\/#\/schema\/logo\/image\/","url":"https:\/\/dimspeed.com\/wp-content\/uploads\/2020\/11\/logo-site.png","contentUrl":"https:\/\/dimspeed.com\/wp-content\/uploads\/2020\/11\/logo-site.png","width":486,"height":178,"caption":"Dimspeed, l&#039;atelier de personnalisation automobile"},"image":{"@id":"https:\/\/dimspeed.com\/#\/schema\/logo\/image\/"}}]}},"_links":{"self":[{"href":"https:\/\/dimspeed.com\/en\/wp-json\/wp\/v2\/product\/1025","targetHints":{"allow":["GET"]}}],"collection":[{"href":"https:\/\/dimspeed.com\/en\/wp-json\/wp\/v2\/product"}],"about":[{"href":"https:\/\/dimspeed.com\/en\/wp-json\/wp\/v2\/types\/product"}],"version-history":[{"count":1,"href":"https:\/\/dimspeed.com\/en\/wp-json\/wp\/v2\/product\/1025\/revisions"}],"predecessor-version":[{"id":3586,"href":"https:\/\/dimspeed.com\/en\/wp-json\/wp\/v2\/product\/1025\/revisions\/3586"}],"wp:featuredmedia":[{"embeddable":true,"href":"https:\/\/dimspeed.com\/en\/wp-json\/wp\/v2\/media\/2327"}],"wp:attachment":[{"href":"https:\/\/dimspeed.com\/en\/wp-json\/wp\/v2\/media?parent=1025"}],"wp:term":[{"taxonomy":"product_brand","embeddable":true,"href":"https:\/\/dimspeed.com\/en\/wp-json\/wp\/v2\/product_brand?post=1025"},{"taxonomy":"product_cat","embeddable":true,"href":"https:\/\/dimspeed.com\/en\/wp-json\/wp\/v2\/product_cat?post=1025"},{"taxonomy":"product_tag","embeddable":true,"href":"https:\/\/dimspeed.com\/en\/wp-json\/wp\/v2\/product_tag?post=1025"}],"curies":[{"name":"wp","href":"https:\/\/api.w.org\/{rel}","templated":true}]}}