{"id":1023,"date":"2021-01-07T22:25:20","date_gmt":"2021-01-07T21:25:20","guid":{"rendered":"https:\/\/dimspeed.com\/?post_type=product&#038;p=1023"},"modified":"2025-02-14T11:10:41","modified_gmt":"2025-02-14T10:10:41","slug":"axe-darbre-de-pignon-primaire-swiftune","status":"publish","type":"product","link":"https:\/\/dimspeed.com\/en\/product\/axe-darbre-de-pignon-primaire-swiftune\/","title":{"rendered":"Swiftune Competition Layshaft Spindle"},"content":{"rendered":"<p>Superior strength and greater surface harding delivers better reliability.  We recommend to use the Swiftune competition layshaft spindle with the Swiftune Swift-Shift dog engagement gear kit (also available on this website).<\/p>\n<p>This is a 3 step lay spindle for use with A+ type lay gears only.<\/p>\n<p>Available in ROD and REMOTE.<\/p>","protected":false},"excerpt":{"rendered":"<p>Cet axe d&#8217;arbre de pignon primaire Swiftune a une surface trait\u00e9e et une qualit\u00e9 de finition exceptionnelle pour d\u00e9livrer une meilleure fiabilit\u00e9. Nous recommandons l\u2019utilisation de cet arbre avec la boite de vitesse \u00e0 crabot Swiftune (disponible \u00e0 la vente sur le site). L&#8217;arbre en version A+ est compos\u00e9 de trois diam\u00e8tres (voir photo). Il [&hellip;]<\/p>","protected":false},"featured_media":3180,"template":"","meta":[],"product_brand":[],"product_cat":[44,23],"product_tag":[125,85,64,162,126],"class_list":{"0":"post-1023","1":"product","2":"type-product","3":"status-publish","4":"has-post-thumbnail","6":"product_cat-transmission","7":"product_cat-boite-de-vitesse","8":"product_tag-boite-de-vitesse","9":"product_tag-pignon","10":"product_tag-race","11":"product_tag-swiftune","12":"product_tag-transmission","14":"first","15":"instock","16":"taxable","17":"shipping-taxable","18":"purchasable","19":"product-type-variable"},"yoast_head":"<!-- This site is optimized with the Yoast SEO plugin v27.1.1 - https:\/\/yoast.com\/product\/yoast-seo-wordpress\/ -->\n<title>Axe d&#039;Arbre de Pignon Primaire Swiftune - Dimspeed, l&#039;atelier de personnalisation automobile<\/title>\n<meta name=\"robots\" content=\"index, follow, max-snippet:-1, max-image-preview:large, max-video-preview:-1\" \/>\n<link rel=\"canonical\" href=\"https:\/\/dimspeed.com\/en\/product\/axe-darbre-de-pignon-primaire-swiftune\/\" \/>\n<meta property=\"og:locale\" content=\"en_GB\" \/>\n<meta property=\"og:type\" content=\"article\" \/>\n<meta property=\"og:title\" content=\"Axe d&#039;Arbre de Pignon Primaire Swiftune - Dimspeed, l&#039;atelier de personnalisation automobile\" \/>\n<meta property=\"og:description\" content=\"Cet axe d&#8217;arbre de pignon primaire Swiftune a une surface trait\u00e9e et une qualit\u00e9 de finition exceptionnelle pour d\u00e9livrer une meilleure fiabilit\u00e9. Nous recommandons l\u2019utilisation de cet arbre avec la boite de vitesse \u00e0 crabot Swiftune (disponible \u00e0 la vente sur le site). L&#8217;arbre en version A+ est compos\u00e9 de trois diam\u00e8tres (voir photo). Il [&hellip;]\" \/>\n<meta property=\"og:url\" content=\"https:\/\/dimspeed.com\/en\/product\/axe-darbre-de-pignon-primaire-swiftune\/\" \/>\n<meta property=\"og:site_name\" content=\"Dimspeed, l&#039;atelier de personnalisation automobile\" \/>\n<meta property=\"article:modified_time\" content=\"2025-02-14T10:10:41+00:00\" \/>\n<meta property=\"og:image\" content=\"https:\/\/dimspeed.com\/wp-content\/uploads\/2021\/01\/Axe-primaire-3-scaled.jpg\" \/>\n\t<meta property=\"og:image:width\" content=\"1440\" \/>\n\t<meta property=\"og:image:height\" content=\"1920\" \/>\n\t<meta property=\"og:image:type\" content=\"image\/jpeg\" \/>\n<meta name=\"twitter:card\" content=\"summary_large_image\" \/>\n<meta name=\"twitter:label1\" content=\"Estimated reading time\" \/>\n\t<meta name=\"twitter:data1\" content=\"1 minute\" \/>\n<script type=\"application\/ld+json\" class=\"yoast-schema-graph\">{\"@context\":\"https:\/\/schema.org\",\"@graph\":[{\"@type\":\"WebPage\",\"@id\":\"https:\/\/dimspeed.com\/produit\/axe-darbre-de-pignon-primaire-swiftune\/\",\"url\":\"https:\/\/dimspeed.com\/produit\/axe-darbre-de-pignon-primaire-swiftune\/\",\"name\":\"Axe d'Arbre de Pignon Primaire Swiftune - Dimspeed, l&#039;atelier de personnalisation automobile\",\"isPartOf\":{\"@id\":\"https:\/\/dimspeed.com\/#website\"},\"primaryImageOfPage\":{\"@id\":\"https:\/\/dimspeed.com\/produit\/axe-darbre-de-pignon-primaire-swiftune\/#primaryimage\"},\"image\":{\"@id\":\"https:\/\/dimspeed.com\/produit\/axe-darbre-de-pignon-primaire-swiftune\/#primaryimage\"},\"thumbnailUrl\":\"https:\/\/dimspeed.com\/wp-content\/uploads\/2021\/01\/Axe-primaire-3-scaled.jpg\",\"datePublished\":\"2021-01-07T21:25:20+00:00\",\"dateModified\":\"2025-02-14T10:10:41+00:00\",\"breadcrumb\":{\"@id\":\"https:\/\/dimspeed.com\/produit\/axe-darbre-de-pignon-primaire-swiftune\/#breadcrumb\"},\"inLanguage\":\"en-GB\",\"potentialAction\":[{\"@type\":\"ReadAction\",\"target\":[\"https:\/\/dimspeed.com\/produit\/axe-darbre-de-pignon-primaire-swiftune\/\"]}]},{\"@type\":\"ImageObject\",\"inLanguage\":\"en-GB\",\"@id\":\"https:\/\/dimspeed.com\/produit\/axe-darbre-de-pignon-primaire-swiftune\/#primaryimage\",\"url\":\"https:\/\/dimspeed.com\/wp-content\/uploads\/2021\/01\/Axe-primaire-3-scaled.jpg\",\"contentUrl\":\"https:\/\/dimspeed.com\/wp-content\/uploads\/2021\/01\/Axe-primaire-3-scaled.jpg\",\"width\":1440,\"height\":1920},{\"@type\":\"BreadcrumbList\",\"@id\":\"https:\/\/dimspeed.com\/produit\/axe-darbre-de-pignon-primaire-swiftune\/#breadcrumb\",\"itemListElement\":[{\"@type\":\"ListItem\",\"position\":1,\"name\":\"Accueil\",\"item\":\"https:\/\/dimspeed.com\/\"},{\"@type\":\"ListItem\",\"position\":2,\"name\":\"Boutique\",\"item\":\"https:\/\/dimspeed.com\/boutique\/\"},{\"@type\":\"ListItem\",\"position\":3,\"name\":\"Axe d&#8217;Arbre de Pignon Primaire Swiftune\"}]},{\"@type\":\"WebSite\",\"@id\":\"https:\/\/dimspeed.com\/#website\",\"url\":\"https:\/\/dimspeed.com\/\",\"name\":\"Dimspeed, l&#039;atelier de personnalisation automobile\",\"description\":\"MOTORISTE comp\u00e9tition et collection SPECIALISTE moteur A-SERIE\",\"publisher\":{\"@id\":\"https:\/\/dimspeed.com\/#organization\"},\"potentialAction\":[{\"@type\":\"SearchAction\",\"target\":{\"@type\":\"EntryPoint\",\"urlTemplate\":\"https:\/\/dimspeed.com\/?s={search_term_string}\"},\"query-input\":{\"@type\":\"PropertyValueSpecification\",\"valueRequired\":true,\"valueName\":\"search_term_string\"}}],\"inLanguage\":\"en-GB\"},{\"@type\":\"Organization\",\"@id\":\"https:\/\/dimspeed.com\/#organization\",\"name\":\"Dimspeed, l&#039;atelier de personnalisation automobile\",\"url\":\"https:\/\/dimspeed.com\/\",\"logo\":{\"@type\":\"ImageObject\",\"inLanguage\":\"en-GB\",\"@id\":\"https:\/\/dimspeed.com\/#\/schema\/logo\/image\/\",\"url\":\"https:\/\/dimspeed.com\/wp-content\/uploads\/2020\/11\/logo-site.png\",\"contentUrl\":\"https:\/\/dimspeed.com\/wp-content\/uploads\/2020\/11\/logo-site.png\",\"width\":486,\"height\":178,\"caption\":\"Dimspeed, l&#039;atelier de personnalisation automobile\"},\"image\":{\"@id\":\"https:\/\/dimspeed.com\/#\/schema\/logo\/image\/\"}}]}<\/script>\n<!-- \/ Yoast SEO plugin. -->","yoast_head_json":{"title":"Axe d'Arbre de Pignon Primaire Swiftune - Dimspeed, l&#039;atelier de personnalisation automobile","robots":{"index":"index","follow":"follow","max-snippet":"max-snippet:-1","max-image-preview":"max-image-preview:large","max-video-preview":"max-video-preview:-1"},"canonical":"https:\/\/dimspeed.com\/en\/product\/axe-darbre-de-pignon-primaire-swiftune\/","og_locale":"en_GB","og_type":"article","og_title":"Axe d'Arbre de Pignon Primaire Swiftune - Dimspeed, l&#039;atelier de personnalisation automobile","og_description":"Cet axe d&#8217;arbre de pignon primaire Swiftune a une surface trait\u00e9e et une qualit\u00e9 de finition exceptionnelle pour d\u00e9livrer une meilleure fiabilit\u00e9. Nous recommandons l\u2019utilisation de cet arbre avec la boite de vitesse \u00e0 crabot Swiftune (disponible \u00e0 la vente sur le site). L&#8217;arbre en version A+ est compos\u00e9 de trois diam\u00e8tres (voir photo). Il [&hellip;]","og_url":"https:\/\/dimspeed.com\/en\/product\/axe-darbre-de-pignon-primaire-swiftune\/","og_site_name":"Dimspeed, l&#039;atelier de personnalisation automobile","article_modified_time":"2025-02-14T10:10:41+00:00","og_image":[{"width":1440,"height":1920,"url":"https:\/\/dimspeed.com\/wp-content\/uploads\/2021\/01\/Axe-primaire-3-scaled.jpg","type":"image\/jpeg"}],"twitter_card":"summary_large_image","twitter_misc":{"Estimated reading time":"1 minute"},"schema":{"@context":"https:\/\/schema.org","@graph":[{"@type":"WebPage","@id":"https:\/\/dimspeed.com\/produit\/axe-darbre-de-pignon-primaire-swiftune\/","url":"https:\/\/dimspeed.com\/produit\/axe-darbre-de-pignon-primaire-swiftune\/","name":"Axe d'Arbre de Pignon Primaire Swiftune - Dimspeed, l&#039;atelier de personnalisation automobile","isPartOf":{"@id":"https:\/\/dimspeed.com\/#website"},"primaryImageOfPage":{"@id":"https:\/\/dimspeed.com\/produit\/axe-darbre-de-pignon-primaire-swiftune\/#primaryimage"},"image":{"@id":"https:\/\/dimspeed.com\/produit\/axe-darbre-de-pignon-primaire-swiftune\/#primaryimage"},"thumbnailUrl":"https:\/\/dimspeed.com\/wp-content\/uploads\/2021\/01\/Axe-primaire-3-scaled.jpg","datePublished":"2021-01-07T21:25:20+00:00","dateModified":"2025-02-14T10:10:41+00:00","breadcrumb":{"@id":"https:\/\/dimspeed.com\/produit\/axe-darbre-de-pignon-primaire-swiftune\/#breadcrumb"},"inLanguage":"en-GB","potentialAction":[{"@type":"ReadAction","target":["https:\/\/dimspeed.com\/produit\/axe-darbre-de-pignon-primaire-swiftune\/"]}]},{"@type":"ImageObject","inLanguage":"en-GB","@id":"https:\/\/dimspeed.com\/produit\/axe-darbre-de-pignon-primaire-swiftune\/#primaryimage","url":"https:\/\/dimspeed.com\/wp-content\/uploads\/2021\/01\/Axe-primaire-3-scaled.jpg","contentUrl":"https:\/\/dimspeed.com\/wp-content\/uploads\/2021\/01\/Axe-primaire-3-scaled.jpg","width":1440,"height":1920},{"@type":"BreadcrumbList","@id":"https:\/\/dimspeed.com\/produit\/axe-darbre-de-pignon-primaire-swiftune\/#breadcrumb","itemListElement":[{"@type":"ListItem","position":1,"name":"Accueil","item":"https:\/\/dimspeed.com\/"},{"@type":"ListItem","position":2,"name":"Boutique","item":"https:\/\/dimspeed.com\/boutique\/"},{"@type":"ListItem","position":3,"name":"Axe d&#8217;Arbre de Pignon Primaire Swiftune"}]},{"@type":"WebSite","@id":"https:\/\/dimspeed.com\/#website","url":"https:\/\/dimspeed.com\/","name":"Dimspeed, l&#039;atelier de personnalisation automobile","description":"MOTORISTE comp\u00e9tition et collection SPECIALISTE moteur A-SERIE","publisher":{"@id":"https:\/\/dimspeed.com\/#organization"},"potentialAction":[{"@type":"SearchAction","target":{"@type":"EntryPoint","urlTemplate":"https:\/\/dimspeed.com\/?s={search_term_string}"},"query-input":{"@type":"PropertyValueSpecification","valueRequired":true,"valueName":"search_term_string"}}],"inLanguage":"en-GB"},{"@type":"Organization","@id":"https:\/\/dimspeed.com\/#organization","name":"Dimspeed, l&#039;atelier de personnalisation automobile","url":"https:\/\/dimspeed.com\/","logo":{"@type":"ImageObject","inLanguage":"en-GB","@id":"https:\/\/dimspeed.com\/#\/schema\/logo\/image\/","url":"https:\/\/dimspeed.com\/wp-content\/uploads\/2020\/11\/logo-site.png","contentUrl":"https:\/\/dimspeed.com\/wp-content\/uploads\/2020\/11\/logo-site.png","width":486,"height":178,"caption":"Dimspeed, l&#039;atelier de personnalisation automobile"},"image":{"@id":"https:\/\/dimspeed.com\/#\/schema\/logo\/image\/"}}]}},"_links":{"self":[{"href":"https:\/\/dimspeed.com\/en\/wp-json\/wp\/v2\/product\/1023","targetHints":{"allow":["GET"]}}],"collection":[{"href":"https:\/\/dimspeed.com\/en\/wp-json\/wp\/v2\/product"}],"about":[{"href":"https:\/\/dimspeed.com\/en\/wp-json\/wp\/v2\/types\/product"}],"version-history":[{"count":2,"href":"https:\/\/dimspeed.com\/en\/wp-json\/wp\/v2\/product\/1023\/revisions"}],"predecessor-version":[{"id":3944,"href":"https:\/\/dimspeed.com\/en\/wp-json\/wp\/v2\/product\/1023\/revisions\/3944"}],"wp:featuredmedia":[{"embeddable":true,"href":"https:\/\/dimspeed.com\/en\/wp-json\/wp\/v2\/media\/3180"}],"wp:attachment":[{"href":"https:\/\/dimspeed.com\/en\/wp-json\/wp\/v2\/media?parent=1023"}],"wp:term":[{"taxonomy":"product_brand","embeddable":true,"href":"https:\/\/dimspeed.com\/en\/wp-json\/wp\/v2\/product_brand?post=1023"},{"taxonomy":"product_cat","embeddable":true,"href":"https:\/\/dimspeed.com\/en\/wp-json\/wp\/v2\/product_cat?post=1023"},{"taxonomy":"product_tag","embeddable":true,"href":"https:\/\/dimspeed.com\/en\/wp-json\/wp\/v2\/product_tag?post=1023"}],"curies":[{"name":"wp","href":"https:\/\/api.w.org\/{rel}","templated":true}]}}