{"id":1011,"date":"2021-01-07T22:11:23","date_gmt":"2021-01-07T21:11:23","guid":{"rendered":"https:\/\/dimspeed.com\/?post_type=product&#038;p=1011"},"modified":"2025-02-14T11:12:19","modified_gmt":"2025-02-14T10:12:19","slug":"kit-de-bras-dembrayage-en24t-swiftune","status":"publish","type":"product","link":"https:\/\/dimspeed.com\/en\/product\/kit-de-bras-dembrayage-en24t-swiftune\/","title":{"rendered":"Swiftune EN24T Clutch Arm Kit"},"content":{"rendered":"<p>Swiftune EN24T clutch arm kit is designed to perform. The thrust face surface areas of the arm and plunger have been increased over the original to both spread the load and provide a smoother operation.<\/p>\n<p>EN24T steel has been employed to ensure that it is strong enough to endure race stresses and the superb finish looks beautiful. Design and function in harmony.<\/p>\n<p>The kit includes:<\/p>\n<ul>\n<li>x 1 arm<\/li>\n<li>x 1 plunger<\/li>\n<li>x 1 circlip<\/li>\n<li>x 1 clevis pin<\/li>\n<\/ul>\n<p>&nbsp;<\/p>\n<p>This kit is suitable for both road and competition use.<\/p>","protected":false},"excerpt":{"rendered":"<p>Le kit de bras d&#8217;embrayage EN24T Swiftune a \u00e9t\u00e9 con\u00e7u dans l\u2019objectif d\u2019\u00eatre performant et esth\u00e9tique. En effet, la surface de contact a \u00e9t\u00e9 augment\u00e9e entre le bras et l\u2019axe de roulement afin de r\u00e9duire la r\u00e9sistance dans la p\u00e9dale et offrir une sensation plus agr\u00e9able au pilote. L\u2019acier EN24T a \u00e9t\u00e9 sp\u00e9cifiquement employ\u00e9 pour [&hellip;]<\/p>","protected":false},"featured_media":1523,"template":"","meta":[],"product_brand":[],"product_cat":[44,45],"product_tag":[164,64,162,113],"class_list":{"0":"post-1011","1":"product","2":"type-product","3":"status-publish","4":"has-post-thumbnail","6":"product_cat-transmission","7":"product_cat-volant-moteur","8":"product_tag-embrayage","9":"product_tag-race","10":"product_tag-swiftune","11":"product_tag-volant-moteur","13":"first","14":"instock","15":"taxable","16":"shipping-taxable","17":"purchasable","18":"product-type-simple"},"yoast_head":"<!-- This site is optimized with the Yoast SEO plugin v27.1.1 - https:\/\/yoast.com\/product\/yoast-seo-wordpress\/ -->\n<title>Kit de Bras d&#039;Embrayage EN24T Swiftune - Dimspeed, l&#039;atelier de personnalisation automobile<\/title>\n<meta name=\"robots\" content=\"index, follow, max-snippet:-1, max-image-preview:large, max-video-preview:-1\" \/>\n<link rel=\"canonical\" href=\"https:\/\/dimspeed.com\/en\/product\/kit-de-bras-dembrayage-en24t-swiftune\/\" \/>\n<meta property=\"og:locale\" content=\"en_GB\" \/>\n<meta property=\"og:type\" content=\"article\" \/>\n<meta property=\"og:title\" content=\"Kit de Bras d&#039;Embrayage EN24T Swiftune - Dimspeed, l&#039;atelier de personnalisation automobile\" \/>\n<meta property=\"og:description\" content=\"Le kit de bras d&#8217;embrayage EN24T Swiftune a \u00e9t\u00e9 con\u00e7u dans l\u2019objectif d\u2019\u00eatre performant et esth\u00e9tique. En effet, la surface de contact a \u00e9t\u00e9 augment\u00e9e entre le bras et l\u2019axe de roulement afin de r\u00e9duire la r\u00e9sistance dans la p\u00e9dale et offrir une sensation plus agr\u00e9able au pilote. L\u2019acier EN24T a \u00e9t\u00e9 sp\u00e9cifiquement employ\u00e9 pour [&hellip;]\" \/>\n<meta property=\"og:url\" content=\"https:\/\/dimspeed.com\/en\/product\/kit-de-bras-dembrayage-en24t-swiftune\/\" \/>\n<meta property=\"og:site_name\" content=\"Dimspeed, l&#039;atelier de personnalisation automobile\" \/>\n<meta property=\"article:modified_time\" content=\"2025-02-14T10:12:19+00:00\" \/>\n<meta property=\"og:image\" content=\"https:\/\/dimspeed.com\/wp-content\/uploads\/2021\/01\/091_Kit-de-bras-dembrayage-EN24T-Swiftune.jpg\" \/>\n\t<meta property=\"og:image:width\" content=\"500\" \/>\n\t<meta property=\"og:image:height\" content=\"500\" \/>\n\t<meta property=\"og:image:type\" content=\"image\/jpeg\" \/>\n<meta name=\"twitter:card\" content=\"summary_large_image\" \/>\n<meta name=\"twitter:label1\" content=\"Estimated reading time\" \/>\n\t<meta name=\"twitter:data1\" content=\"1 minute\" \/>\n<script type=\"application\/ld+json\" class=\"yoast-schema-graph\">{\"@context\":\"https:\/\/schema.org\",\"@graph\":[{\"@type\":\"WebPage\",\"@id\":\"https:\/\/dimspeed.com\/produit\/kit-de-bras-dembrayage-en24t-swiftune\/\",\"url\":\"https:\/\/dimspeed.com\/produit\/kit-de-bras-dembrayage-en24t-swiftune\/\",\"name\":\"Kit de Bras d'Embrayage EN24T Swiftune - Dimspeed, l&#039;atelier de personnalisation automobile\",\"isPartOf\":{\"@id\":\"https:\/\/dimspeed.com\/#website\"},\"primaryImageOfPage\":{\"@id\":\"https:\/\/dimspeed.com\/produit\/kit-de-bras-dembrayage-en24t-swiftune\/#primaryimage\"},\"image\":{\"@id\":\"https:\/\/dimspeed.com\/produit\/kit-de-bras-dembrayage-en24t-swiftune\/#primaryimage\"},\"thumbnailUrl\":\"https:\/\/dimspeed.com\/wp-content\/uploads\/2021\/01\/091_Kit-de-bras-dembrayage-EN24T-Swiftune.jpg\",\"datePublished\":\"2021-01-07T21:11:23+00:00\",\"dateModified\":\"2025-02-14T10:12:19+00:00\",\"breadcrumb\":{\"@id\":\"https:\/\/dimspeed.com\/produit\/kit-de-bras-dembrayage-en24t-swiftune\/#breadcrumb\"},\"inLanguage\":\"en-GB\",\"potentialAction\":[{\"@type\":\"ReadAction\",\"target\":[\"https:\/\/dimspeed.com\/produit\/kit-de-bras-dembrayage-en24t-swiftune\/\"]}]},{\"@type\":\"ImageObject\",\"inLanguage\":\"en-GB\",\"@id\":\"https:\/\/dimspeed.com\/produit\/kit-de-bras-dembrayage-en24t-swiftune\/#primaryimage\",\"url\":\"https:\/\/dimspeed.com\/wp-content\/uploads\/2021\/01\/091_Kit-de-bras-dembrayage-EN24T-Swiftune.jpg\",\"contentUrl\":\"https:\/\/dimspeed.com\/wp-content\/uploads\/2021\/01\/091_Kit-de-bras-dembrayage-EN24T-Swiftune.jpg\",\"width\":500,\"height\":500},{\"@type\":\"BreadcrumbList\",\"@id\":\"https:\/\/dimspeed.com\/produit\/kit-de-bras-dembrayage-en24t-swiftune\/#breadcrumb\",\"itemListElement\":[{\"@type\":\"ListItem\",\"position\":1,\"name\":\"Accueil\",\"item\":\"https:\/\/dimspeed.com\/\"},{\"@type\":\"ListItem\",\"position\":2,\"name\":\"Boutique\",\"item\":\"https:\/\/dimspeed.com\/boutique\/\"},{\"@type\":\"ListItem\",\"position\":3,\"name\":\"Kit de Bras d&#8217;Embrayage EN24T Swiftune\"}]},{\"@type\":\"WebSite\",\"@id\":\"https:\/\/dimspeed.com\/#website\",\"url\":\"https:\/\/dimspeed.com\/\",\"name\":\"Dimspeed, l&#039;atelier de personnalisation automobile\",\"description\":\"MOTORISTE comp\u00e9tition et collection SPECIALISTE moteur A-SERIE\",\"publisher\":{\"@id\":\"https:\/\/dimspeed.com\/#organization\"},\"potentialAction\":[{\"@type\":\"SearchAction\",\"target\":{\"@type\":\"EntryPoint\",\"urlTemplate\":\"https:\/\/dimspeed.com\/?s={search_term_string}\"},\"query-input\":{\"@type\":\"PropertyValueSpecification\",\"valueRequired\":true,\"valueName\":\"search_term_string\"}}],\"inLanguage\":\"en-GB\"},{\"@type\":\"Organization\",\"@id\":\"https:\/\/dimspeed.com\/#organization\",\"name\":\"Dimspeed, l&#039;atelier de personnalisation automobile\",\"url\":\"https:\/\/dimspeed.com\/\",\"logo\":{\"@type\":\"ImageObject\",\"inLanguage\":\"en-GB\",\"@id\":\"https:\/\/dimspeed.com\/#\/schema\/logo\/image\/\",\"url\":\"https:\/\/dimspeed.com\/wp-content\/uploads\/2020\/11\/logo-site.png\",\"contentUrl\":\"https:\/\/dimspeed.com\/wp-content\/uploads\/2020\/11\/logo-site.png\",\"width\":486,\"height\":178,\"caption\":\"Dimspeed, l&#039;atelier de personnalisation automobile\"},\"image\":{\"@id\":\"https:\/\/dimspeed.com\/#\/schema\/logo\/image\/\"}}]}<\/script>\n<!-- \/ Yoast SEO plugin. -->","yoast_head_json":{"title":"Kit de Bras d'Embrayage EN24T Swiftune - Dimspeed, l&#039;atelier de personnalisation automobile","robots":{"index":"index","follow":"follow","max-snippet":"max-snippet:-1","max-image-preview":"max-image-preview:large","max-video-preview":"max-video-preview:-1"},"canonical":"https:\/\/dimspeed.com\/en\/product\/kit-de-bras-dembrayage-en24t-swiftune\/","og_locale":"en_GB","og_type":"article","og_title":"Kit de Bras d'Embrayage EN24T Swiftune - Dimspeed, l&#039;atelier de personnalisation automobile","og_description":"Le kit de bras d&#8217;embrayage EN24T Swiftune a \u00e9t\u00e9 con\u00e7u dans l\u2019objectif d\u2019\u00eatre performant et esth\u00e9tique. En effet, la surface de contact a \u00e9t\u00e9 augment\u00e9e entre le bras et l\u2019axe de roulement afin de r\u00e9duire la r\u00e9sistance dans la p\u00e9dale et offrir une sensation plus agr\u00e9able au pilote. L\u2019acier EN24T a \u00e9t\u00e9 sp\u00e9cifiquement employ\u00e9 pour [&hellip;]","og_url":"https:\/\/dimspeed.com\/en\/product\/kit-de-bras-dembrayage-en24t-swiftune\/","og_site_name":"Dimspeed, l&#039;atelier de personnalisation automobile","article_modified_time":"2025-02-14T10:12:19+00:00","og_image":[{"width":500,"height":500,"url":"https:\/\/dimspeed.com\/wp-content\/uploads\/2021\/01\/091_Kit-de-bras-dembrayage-EN24T-Swiftune.jpg","type":"image\/jpeg"}],"twitter_card":"summary_large_image","twitter_misc":{"Estimated reading time":"1 minute"},"schema":{"@context":"https:\/\/schema.org","@graph":[{"@type":"WebPage","@id":"https:\/\/dimspeed.com\/produit\/kit-de-bras-dembrayage-en24t-swiftune\/","url":"https:\/\/dimspeed.com\/produit\/kit-de-bras-dembrayage-en24t-swiftune\/","name":"Kit de Bras d'Embrayage EN24T Swiftune - Dimspeed, l&#039;atelier de personnalisation automobile","isPartOf":{"@id":"https:\/\/dimspeed.com\/#website"},"primaryImageOfPage":{"@id":"https:\/\/dimspeed.com\/produit\/kit-de-bras-dembrayage-en24t-swiftune\/#primaryimage"},"image":{"@id":"https:\/\/dimspeed.com\/produit\/kit-de-bras-dembrayage-en24t-swiftune\/#primaryimage"},"thumbnailUrl":"https:\/\/dimspeed.com\/wp-content\/uploads\/2021\/01\/091_Kit-de-bras-dembrayage-EN24T-Swiftune.jpg","datePublished":"2021-01-07T21:11:23+00:00","dateModified":"2025-02-14T10:12:19+00:00","breadcrumb":{"@id":"https:\/\/dimspeed.com\/produit\/kit-de-bras-dembrayage-en24t-swiftune\/#breadcrumb"},"inLanguage":"en-GB","potentialAction":[{"@type":"ReadAction","target":["https:\/\/dimspeed.com\/produit\/kit-de-bras-dembrayage-en24t-swiftune\/"]}]},{"@type":"ImageObject","inLanguage":"en-GB","@id":"https:\/\/dimspeed.com\/produit\/kit-de-bras-dembrayage-en24t-swiftune\/#primaryimage","url":"https:\/\/dimspeed.com\/wp-content\/uploads\/2021\/01\/091_Kit-de-bras-dembrayage-EN24T-Swiftune.jpg","contentUrl":"https:\/\/dimspeed.com\/wp-content\/uploads\/2021\/01\/091_Kit-de-bras-dembrayage-EN24T-Swiftune.jpg","width":500,"height":500},{"@type":"BreadcrumbList","@id":"https:\/\/dimspeed.com\/produit\/kit-de-bras-dembrayage-en24t-swiftune\/#breadcrumb","itemListElement":[{"@type":"ListItem","position":1,"name":"Accueil","item":"https:\/\/dimspeed.com\/"},{"@type":"ListItem","position":2,"name":"Boutique","item":"https:\/\/dimspeed.com\/boutique\/"},{"@type":"ListItem","position":3,"name":"Kit de Bras d&#8217;Embrayage EN24T Swiftune"}]},{"@type":"WebSite","@id":"https:\/\/dimspeed.com\/#website","url":"https:\/\/dimspeed.com\/","name":"Dimspeed, l&#039;atelier de personnalisation automobile","description":"MOTORISTE comp\u00e9tition et collection SPECIALISTE moteur A-SERIE","publisher":{"@id":"https:\/\/dimspeed.com\/#organization"},"potentialAction":[{"@type":"SearchAction","target":{"@type":"EntryPoint","urlTemplate":"https:\/\/dimspeed.com\/?s={search_term_string}"},"query-input":{"@type":"PropertyValueSpecification","valueRequired":true,"valueName":"search_term_string"}}],"inLanguage":"en-GB"},{"@type":"Organization","@id":"https:\/\/dimspeed.com\/#organization","name":"Dimspeed, l&#039;atelier de personnalisation automobile","url":"https:\/\/dimspeed.com\/","logo":{"@type":"ImageObject","inLanguage":"en-GB","@id":"https:\/\/dimspeed.com\/#\/schema\/logo\/image\/","url":"https:\/\/dimspeed.com\/wp-content\/uploads\/2020\/11\/logo-site.png","contentUrl":"https:\/\/dimspeed.com\/wp-content\/uploads\/2020\/11\/logo-site.png","width":486,"height":178,"caption":"Dimspeed, l&#039;atelier de personnalisation automobile"},"image":{"@id":"https:\/\/dimspeed.com\/#\/schema\/logo\/image\/"}}]}},"_links":{"self":[{"href":"https:\/\/dimspeed.com\/en\/wp-json\/wp\/v2\/product\/1011","targetHints":{"allow":["GET"]}}],"collection":[{"href":"https:\/\/dimspeed.com\/en\/wp-json\/wp\/v2\/product"}],"about":[{"href":"https:\/\/dimspeed.com\/en\/wp-json\/wp\/v2\/types\/product"}],"version-history":[{"count":3,"href":"https:\/\/dimspeed.com\/en\/wp-json\/wp\/v2\/product\/1011\/revisions"}],"predecessor-version":[{"id":4003,"href":"https:\/\/dimspeed.com\/en\/wp-json\/wp\/v2\/product\/1011\/revisions\/4003"}],"wp:featuredmedia":[{"embeddable":true,"href":"https:\/\/dimspeed.com\/en\/wp-json\/wp\/v2\/media\/1523"}],"wp:attachment":[{"href":"https:\/\/dimspeed.com\/en\/wp-json\/wp\/v2\/media?parent=1011"}],"wp:term":[{"taxonomy":"product_brand","embeddable":true,"href":"https:\/\/dimspeed.com\/en\/wp-json\/wp\/v2\/product_brand?post=1011"},{"taxonomy":"product_cat","embeddable":true,"href":"https:\/\/dimspeed.com\/en\/wp-json\/wp\/v2\/product_cat?post=1011"},{"taxonomy":"product_tag","embeddable":true,"href":"https:\/\/dimspeed.com\/en\/wp-json\/wp\/v2\/product_tag?post=1011"}],"curies":[{"name":"wp","href":"https:\/\/api.w.org\/{rel}","templated":true}]}}