{"id":1008,"date":"2021-01-07T22:06:33","date_gmt":"2021-01-07T21:06:33","guid":{"rendered":"https:\/\/dimspeed.com\/?post_type=product&#038;p=1008"},"modified":"2025-12-10T10:04:45","modified_gmt":"2025-12-10T09:04:45","slug":"sortie-de-differentiel-pour-hardy-spicer","status":"publish","type":"product","link":"https:\/\/dimspeed.com\/en\/product\/sortie-de-differentiel-pour-hardy-spicer\/","title":{"rendered":"Swiftune 10 Spline Hardy Spicer Output Shafts"},"content":{"rendered":"<p>The shafts have been specifically designed to fit the standard cover so there is no need to adapt your transmission by fitting Cooper S covers.<\/p>\n<p>The 10 spline shafts will fit all popular conventional LSDs including Quaife (QF 14K), Salisbury and Tran X.<\/p>\n<p>Includes all clips and washers.<\/p>\n<p>Sold as a pair.<\/p>","protected":false},"excerpt":{"rendered":"<p>Cette sortie de diff\u00e9rentiel a \u00e9t\u00e9 sp\u00e9cifiquement d\u00e9velopp\u00e9e pour s&#8217;adapter sur le carter standard de sortie de diff\u00e9rentiel de boite de vitesse. Il n&#8217;est donc plus n\u00e9cessaire d&#8217;adapter votre transmission en utilisant un carter de Cooper S. Les 10 canelures s&#8217;adapteront sur tous les LSD conventionnels incluant les diff\u00e9rentiels Quaife (QF 14K), Salisbury et Tran [&hellip;]<\/p>","protected":false},"featured_media":1521,"template":"","meta":[],"product_brand":[],"product_cat":[44,23],"product_tag":[125,70,74,64,197,162,126],"class_list":{"0":"post-1008","1":"product","2":"type-product","3":"status-publish","4":"has-post-thumbnail","6":"product_cat-transmission","7":"product_cat-boite-de-vitesse","8":"product_tag-boite-de-vitesse","9":"product_tag-differentiel","10":"product_tag-hardy-spicer","11":"product_tag-race","12":"product_tag-sortie-de-differentiel","13":"product_tag-swiftune","14":"product_tag-transmission","16":"first","17":"onbackorder","18":"taxable","19":"shipping-taxable","20":"purchasable","21":"product-type-simple"},"yoast_head":"<!-- This site is optimized with the Yoast SEO plugin v27.1.1 - https:\/\/yoast.com\/product\/yoast-seo-wordpress\/ -->\n<title>Sortie de Diff\u00e9rentiel pour Hardy Spicer Swiftune - Dimspeed, l&#039;atelier de personnalisation automobile<\/title>\n<meta name=\"robots\" content=\"index, follow, max-snippet:-1, max-image-preview:large, max-video-preview:-1\" \/>\n<link rel=\"canonical\" href=\"https:\/\/dimspeed.com\/en\/product\/sortie-de-differentiel-pour-hardy-spicer\/\" \/>\n<meta property=\"og:locale\" content=\"en_GB\" \/>\n<meta property=\"og:type\" content=\"article\" \/>\n<meta property=\"og:title\" content=\"Sortie de Diff\u00e9rentiel pour Hardy Spicer Swiftune - Dimspeed, l&#039;atelier de personnalisation automobile\" \/>\n<meta property=\"og:description\" content=\"Cette sortie de diff\u00e9rentiel a \u00e9t\u00e9 sp\u00e9cifiquement d\u00e9velopp\u00e9e pour s&#8217;adapter sur le carter standard de sortie de diff\u00e9rentiel de boite de vitesse. Il n&#8217;est donc plus n\u00e9cessaire d&#8217;adapter votre transmission en utilisant un carter de Cooper S. Les 10 canelures s&#8217;adapteront sur tous les LSD conventionnels incluant les diff\u00e9rentiels Quaife (QF 14K), Salisbury et Tran [&hellip;]\" \/>\n<meta property=\"og:url\" content=\"https:\/\/dimspeed.com\/en\/product\/sortie-de-differentiel-pour-hardy-spicer\/\" \/>\n<meta property=\"og:site_name\" content=\"Dimspeed, l&#039;atelier de personnalisation automobile\" \/>\n<meta property=\"article:modified_time\" content=\"2025-12-10T09:04:45+00:00\" \/>\n<meta property=\"og:image\" content=\"https:\/\/dimspeed.com\/wp-content\/uploads\/2021\/01\/164_Sortie-de-diff\u00e9rentiel-pour-Hardy-Spicer.jpg\" \/>\n\t<meta property=\"og:image:width\" content=\"500\" \/>\n\t<meta property=\"og:image:height\" content=\"500\" \/>\n\t<meta property=\"og:image:type\" content=\"image\/jpeg\" \/>\n<meta name=\"twitter:card\" content=\"summary_large_image\" \/>\n<script type=\"application\/ld+json\" class=\"yoast-schema-graph\">{\"@context\":\"https:\/\/schema.org\",\"@graph\":[{\"@type\":\"WebPage\",\"@id\":\"https:\/\/dimspeed.com\/produit\/sortie-de-differentiel-pour-hardy-spicer\/\",\"url\":\"https:\/\/dimspeed.com\/produit\/sortie-de-differentiel-pour-hardy-spicer\/\",\"name\":\"Sortie de Diff\u00e9rentiel pour Hardy Spicer Swiftune - Dimspeed, l&#039;atelier de personnalisation automobile\",\"isPartOf\":{\"@id\":\"https:\/\/dimspeed.com\/#website\"},\"primaryImageOfPage\":{\"@id\":\"https:\/\/dimspeed.com\/produit\/sortie-de-differentiel-pour-hardy-spicer\/#primaryimage\"},\"image\":{\"@id\":\"https:\/\/dimspeed.com\/produit\/sortie-de-differentiel-pour-hardy-spicer\/#primaryimage\"},\"thumbnailUrl\":\"https:\/\/dimspeed.com\/wp-content\/uploads\/2021\/01\/164_Sortie-de-diff\u00e9rentiel-pour-Hardy-Spicer.jpg\",\"datePublished\":\"2021-01-07T21:06:33+00:00\",\"dateModified\":\"2025-12-10T09:04:45+00:00\",\"breadcrumb\":{\"@id\":\"https:\/\/dimspeed.com\/produit\/sortie-de-differentiel-pour-hardy-spicer\/#breadcrumb\"},\"inLanguage\":\"en-GB\",\"potentialAction\":[{\"@type\":\"ReadAction\",\"target\":[\"https:\/\/dimspeed.com\/produit\/sortie-de-differentiel-pour-hardy-spicer\/\"]}]},{\"@type\":\"ImageObject\",\"inLanguage\":\"en-GB\",\"@id\":\"https:\/\/dimspeed.com\/produit\/sortie-de-differentiel-pour-hardy-spicer\/#primaryimage\",\"url\":\"https:\/\/dimspeed.com\/wp-content\/uploads\/2021\/01\/164_Sortie-de-diff\u00e9rentiel-pour-Hardy-Spicer.jpg\",\"contentUrl\":\"https:\/\/dimspeed.com\/wp-content\/uploads\/2021\/01\/164_Sortie-de-diff\u00e9rentiel-pour-Hardy-Spicer.jpg\",\"width\":500,\"height\":500},{\"@type\":\"BreadcrumbList\",\"@id\":\"https:\/\/dimspeed.com\/produit\/sortie-de-differentiel-pour-hardy-spicer\/#breadcrumb\",\"itemListElement\":[{\"@type\":\"ListItem\",\"position\":1,\"name\":\"Accueil\",\"item\":\"https:\/\/dimspeed.com\/\"},{\"@type\":\"ListItem\",\"position\":2,\"name\":\"Boutique\",\"item\":\"https:\/\/dimspeed.com\/boutique\/\"},{\"@type\":\"ListItem\",\"position\":3,\"name\":\"Sortie de Diff\u00e9rentiel pour Hardy Spicer Swiftune\"}]},{\"@type\":\"WebSite\",\"@id\":\"https:\/\/dimspeed.com\/#website\",\"url\":\"https:\/\/dimspeed.com\/\",\"name\":\"Dimspeed, l&#039;atelier de personnalisation automobile\",\"description\":\"MOTORISTE comp\u00e9tition et collection SPECIALISTE moteur A-SERIE\",\"publisher\":{\"@id\":\"https:\/\/dimspeed.com\/#organization\"},\"potentialAction\":[{\"@type\":\"SearchAction\",\"target\":{\"@type\":\"EntryPoint\",\"urlTemplate\":\"https:\/\/dimspeed.com\/?s={search_term_string}\"},\"query-input\":{\"@type\":\"PropertyValueSpecification\",\"valueRequired\":true,\"valueName\":\"search_term_string\"}}],\"inLanguage\":\"en-GB\"},{\"@type\":\"Organization\",\"@id\":\"https:\/\/dimspeed.com\/#organization\",\"name\":\"Dimspeed, l&#039;atelier de personnalisation automobile\",\"url\":\"https:\/\/dimspeed.com\/\",\"logo\":{\"@type\":\"ImageObject\",\"inLanguage\":\"en-GB\",\"@id\":\"https:\/\/dimspeed.com\/#\/schema\/logo\/image\/\",\"url\":\"https:\/\/dimspeed.com\/wp-content\/uploads\/2020\/11\/logo-site.png\",\"contentUrl\":\"https:\/\/dimspeed.com\/wp-content\/uploads\/2020\/11\/logo-site.png\",\"width\":486,\"height\":178,\"caption\":\"Dimspeed, l&#039;atelier de personnalisation automobile\"},\"image\":{\"@id\":\"https:\/\/dimspeed.com\/#\/schema\/logo\/image\/\"}}]}<\/script>\n<!-- \/ Yoast SEO plugin. -->","yoast_head_json":{"title":"Sortie de Diff\u00e9rentiel pour Hardy Spicer Swiftune - Dimspeed, l&#039;atelier de personnalisation automobile","robots":{"index":"index","follow":"follow","max-snippet":"max-snippet:-1","max-image-preview":"max-image-preview:large","max-video-preview":"max-video-preview:-1"},"canonical":"https:\/\/dimspeed.com\/en\/product\/sortie-de-differentiel-pour-hardy-spicer\/","og_locale":"en_GB","og_type":"article","og_title":"Sortie de Diff\u00e9rentiel pour Hardy Spicer Swiftune - Dimspeed, l&#039;atelier de personnalisation automobile","og_description":"Cette sortie de diff\u00e9rentiel a \u00e9t\u00e9 sp\u00e9cifiquement d\u00e9velopp\u00e9e pour s&#8217;adapter sur le carter standard de sortie de diff\u00e9rentiel de boite de vitesse. Il n&#8217;est donc plus n\u00e9cessaire d&#8217;adapter votre transmission en utilisant un carter de Cooper S. Les 10 canelures s&#8217;adapteront sur tous les LSD conventionnels incluant les diff\u00e9rentiels Quaife (QF 14K), Salisbury et Tran [&hellip;]","og_url":"https:\/\/dimspeed.com\/en\/product\/sortie-de-differentiel-pour-hardy-spicer\/","og_site_name":"Dimspeed, l&#039;atelier de personnalisation automobile","article_modified_time":"2025-12-10T09:04:45+00:00","og_image":[{"width":500,"height":500,"url":"https:\/\/dimspeed.com\/wp-content\/uploads\/2021\/01\/164_Sortie-de-diff\u00e9rentiel-pour-Hardy-Spicer.jpg","type":"image\/jpeg"}],"twitter_card":"summary_large_image","schema":{"@context":"https:\/\/schema.org","@graph":[{"@type":"WebPage","@id":"https:\/\/dimspeed.com\/produit\/sortie-de-differentiel-pour-hardy-spicer\/","url":"https:\/\/dimspeed.com\/produit\/sortie-de-differentiel-pour-hardy-spicer\/","name":"Sortie de Diff\u00e9rentiel pour Hardy Spicer Swiftune - Dimspeed, l&#039;atelier de personnalisation automobile","isPartOf":{"@id":"https:\/\/dimspeed.com\/#website"},"primaryImageOfPage":{"@id":"https:\/\/dimspeed.com\/produit\/sortie-de-differentiel-pour-hardy-spicer\/#primaryimage"},"image":{"@id":"https:\/\/dimspeed.com\/produit\/sortie-de-differentiel-pour-hardy-spicer\/#primaryimage"},"thumbnailUrl":"https:\/\/dimspeed.com\/wp-content\/uploads\/2021\/01\/164_Sortie-de-diff\u00e9rentiel-pour-Hardy-Spicer.jpg","datePublished":"2021-01-07T21:06:33+00:00","dateModified":"2025-12-10T09:04:45+00:00","breadcrumb":{"@id":"https:\/\/dimspeed.com\/produit\/sortie-de-differentiel-pour-hardy-spicer\/#breadcrumb"},"inLanguage":"en-GB","potentialAction":[{"@type":"ReadAction","target":["https:\/\/dimspeed.com\/produit\/sortie-de-differentiel-pour-hardy-spicer\/"]}]},{"@type":"ImageObject","inLanguage":"en-GB","@id":"https:\/\/dimspeed.com\/produit\/sortie-de-differentiel-pour-hardy-spicer\/#primaryimage","url":"https:\/\/dimspeed.com\/wp-content\/uploads\/2021\/01\/164_Sortie-de-diff\u00e9rentiel-pour-Hardy-Spicer.jpg","contentUrl":"https:\/\/dimspeed.com\/wp-content\/uploads\/2021\/01\/164_Sortie-de-diff\u00e9rentiel-pour-Hardy-Spicer.jpg","width":500,"height":500},{"@type":"BreadcrumbList","@id":"https:\/\/dimspeed.com\/produit\/sortie-de-differentiel-pour-hardy-spicer\/#breadcrumb","itemListElement":[{"@type":"ListItem","position":1,"name":"Accueil","item":"https:\/\/dimspeed.com\/"},{"@type":"ListItem","position":2,"name":"Boutique","item":"https:\/\/dimspeed.com\/boutique\/"},{"@type":"ListItem","position":3,"name":"Sortie de Diff\u00e9rentiel pour Hardy Spicer Swiftune"}]},{"@type":"WebSite","@id":"https:\/\/dimspeed.com\/#website","url":"https:\/\/dimspeed.com\/","name":"Dimspeed, l&#039;atelier de personnalisation automobile","description":"MOTORISTE comp\u00e9tition et collection SPECIALISTE moteur A-SERIE","publisher":{"@id":"https:\/\/dimspeed.com\/#organization"},"potentialAction":[{"@type":"SearchAction","target":{"@type":"EntryPoint","urlTemplate":"https:\/\/dimspeed.com\/?s={search_term_string}"},"query-input":{"@type":"PropertyValueSpecification","valueRequired":true,"valueName":"search_term_string"}}],"inLanguage":"en-GB"},{"@type":"Organization","@id":"https:\/\/dimspeed.com\/#organization","name":"Dimspeed, l&#039;atelier de personnalisation automobile","url":"https:\/\/dimspeed.com\/","logo":{"@type":"ImageObject","inLanguage":"en-GB","@id":"https:\/\/dimspeed.com\/#\/schema\/logo\/image\/","url":"https:\/\/dimspeed.com\/wp-content\/uploads\/2020\/11\/logo-site.png","contentUrl":"https:\/\/dimspeed.com\/wp-content\/uploads\/2020\/11\/logo-site.png","width":486,"height":178,"caption":"Dimspeed, l&#039;atelier de personnalisation automobile"},"image":{"@id":"https:\/\/dimspeed.com\/#\/schema\/logo\/image\/"}}]}},"_links":{"self":[{"href":"https:\/\/dimspeed.com\/en\/wp-json\/wp\/v2\/product\/1008","targetHints":{"allow":["GET"]}}],"collection":[{"href":"https:\/\/dimspeed.com\/en\/wp-json\/wp\/v2\/product"}],"about":[{"href":"https:\/\/dimspeed.com\/en\/wp-json\/wp\/v2\/types\/product"}],"version-history":[{"count":1,"href":"https:\/\/dimspeed.com\/en\/wp-json\/wp\/v2\/product\/1008\/revisions"}],"predecessor-version":[{"id":3947,"href":"https:\/\/dimspeed.com\/en\/wp-json\/wp\/v2\/product\/1008\/revisions\/3947"}],"wp:featuredmedia":[{"embeddable":true,"href":"https:\/\/dimspeed.com\/en\/wp-json\/wp\/v2\/media\/1521"}],"wp:attachment":[{"href":"https:\/\/dimspeed.com\/en\/wp-json\/wp\/v2\/media?parent=1008"}],"wp:term":[{"taxonomy":"product_brand","embeddable":true,"href":"https:\/\/dimspeed.com\/en\/wp-json\/wp\/v2\/product_brand?post=1008"},{"taxonomy":"product_cat","embeddable":true,"href":"https:\/\/dimspeed.com\/en\/wp-json\/wp\/v2\/product_cat?post=1008"},{"taxonomy":"product_tag","embeddable":true,"href":"https:\/\/dimspeed.com\/en\/wp-json\/wp\/v2\/product_tag?post=1008"}],"curies":[{"name":"wp","href":"https:\/\/api.w.org\/{rel}","templated":true}]}}