{"id":1271,"date":"2021-01-20T15:28:49","date_gmt":"2021-01-20T14:28:49","guid":{"rendered":"https:\/\/dimspeed.com\/?page_id=1271"},"modified":"2025-07-07T09:42:19","modified_gmt":"2025-07-07T07:42:19","slug":"mentions-legales","status":"publish","type":"page","link":"https:\/\/dimspeed.com\/en\/mentions-legales\/","title":{"rendered":"LEGAL NOTICE"},"content":{"rendered":"<div data-elementor-type=\"wp-page\" data-elementor-id=\"1271\" class=\"elementor elementor-1271\" data-elementor-settings=\"[]\">\n\t\t\t\t\t\t<div class=\"elementor-inner\">\n\t\t\t\t\t\t\t<div class=\"elementor-section-wrap\">\n\t\t\t\t\t\t\t<section class=\"elementor-section elementor-top-section elementor-element elementor-element-c758192 elementor-section-full_width elementor-section-height-default elementor-section-height-default\" data-id=\"c758192\" data-element_type=\"section\" data-settings=\"{&quot;background_background&quot;:&quot;classic&quot;}\">\n\t\t\t\t\t\t<div class=\"elementor-container elementor-column-gap-no\">\n\t\t\t\t\t\t\t<div class=\"elementor-row\">\n\t\t\t\t\t<div class=\"elementor-column elementor-col-100 elementor-top-column elementor-element elementor-element-4db0229\" data-id=\"4db0229\" data-element_type=\"column\">\n\t\t\t<div class=\"elementor-column-wrap elementor-element-populated\">\n\t\t\t\t\t\t\t<div class=\"elementor-widget-wrap\">\n\t\t\t\t\t\t<div class=\"elementor-element elementor-element-e0fe44d elementor-widget elementor-widget-spacer\" data-id=\"e0fe44d\" data-element_type=\"widget\" data-widget_type=\"spacer.default\">\n\t\t\t\t<div class=\"elementor-widget-container\">\n\t\t\t\t\t<div class=\"elementor-spacer\">\n\t\t\t<div class=\"elementor-spacer-inner\"><\/div>\n\t\t<\/div>\n\t\t\t\t<\/div>\n\t\t\t\t<\/div>\n\t\t\t\t\t\t<\/div>\n\t\t\t\t\t<\/div>\n\t\t<\/div>\n\t\t\t\t\t\t\t\t<\/div>\n\t\t\t\t\t<\/div>\n\t\t<\/section>\n\t\t\t\t<section class=\"elementor-section elementor-top-section elementor-element elementor-element-9cbe95a elementor-section-boxed elementor-section-height-default elementor-section-height-default elementor-invisible\" data-id=\"9cbe95a\" data-element_type=\"section\" data-settings=\"{&quot;animation&quot;:&quot;fadeIn&quot;}\">\n\t\t\t\t\t\t<div class=\"elementor-container elementor-column-gap-default\">\n\t\t\t\t\t\t\t<div class=\"elementor-row\">\n\t\t\t\t\t<div class=\"elementor-column elementor-col-33 elementor-top-column elementor-element elementor-element-fa9dd99\" data-id=\"fa9dd99\" data-element_type=\"column\">\n\t\t\t<div class=\"elementor-column-wrap elementor-element-populated\">\n\t\t\t\t\t\t\t<div class=\"elementor-widget-wrap\">\n\t\t\t\t\t\t<div class=\"elementor-element elementor-element-bb7ae1b elementor-widget elementor-widget-image\" data-id=\"bb7ae1b\" data-element_type=\"widget\" data-settings=\"{&quot;motion_fx_motion_fx_scrolling&quot;:&quot;yes&quot;,&quot;motion_fx_translateX_effect&quot;:&quot;yes&quot;,&quot;motion_fx_translateX_speed&quot;:{&quot;unit&quot;:&quot;px&quot;,&quot;size&quot;:1.5,&quot;sizes&quot;:[]},&quot;motion_fx_translateX_affectedRange&quot;:{&quot;unit&quot;:&quot;%&quot;,&quot;size&quot;:&quot;&quot;,&quot;sizes&quot;:{&quot;start&quot;:0,&quot;end&quot;:100}},&quot;motion_fx_devices&quot;:[&quot;desktop&quot;,&quot;tablet&quot;,&quot;mobile&quot;]}\" data-widget_type=\"image.default\">\n\t\t\t\t<div class=\"elementor-widget-container\">\n\t\t\t\t\t\t\t\t<div class=\"elementor-image\">\n\t\t\t\t\t\t\t\t\t\t\t\t<img loading=\"lazy\" decoding=\"async\" width=\"81\" height=\"36\" src=\"https:\/\/dimspeed.com\/wp-content\/uploads\/2020\/11\/icon-G-titre.png\" class=\"attachment-full size-full\" alt=\"\" \/>\t\t\t\t\t\t\t\t\t\t\t\t\t\t<\/div>\n\t\t\t\t\t\t<\/div>\n\t\t\t\t<\/div>\n\t\t\t\t\t\t<\/div>\n\t\t\t\t\t<\/div>\n\t\t<\/div>\n\t\t\t\t<div class=\"elementor-column elementor-col-33 elementor-top-column elementor-element elementor-element-20dac6c\" data-id=\"20dac6c\" data-element_type=\"column\">\n\t\t\t<div class=\"elementor-column-wrap elementor-element-populated\">\n\t\t\t\t\t\t\t<div class=\"elementor-widget-wrap\">\n\t\t\t\t\t\t<div class=\"elementor-element elementor-element-f2ca9ad elementor-widget elementor-widget-heading\" data-id=\"f2ca9ad\" data-element_type=\"widget\" data-widget_type=\"heading.default\">\n\t\t\t\t<div class=\"elementor-widget-container\">\n\t\t\t<h1 class=\"elementor-heading-title elementor-size-default\">LEGAL NOTICE<\/h1>\t\t<\/div>\n\t\t\t\t<\/div>\n\t\t\t\t\t\t<\/div>\n\t\t\t\t\t<\/div>\n\t\t<\/div>\n\t\t\t\t<div class=\"elementor-column elementor-col-33 elementor-top-column elementor-element elementor-element-480e813\" data-id=\"480e813\" data-element_type=\"column\">\n\t\t\t<div class=\"elementor-column-wrap elementor-element-populated\">\n\t\t\t\t\t\t\t<div class=\"elementor-widget-wrap\">\n\t\t\t\t\t\t<div class=\"elementor-element elementor-element-0afd376 elementor-widget elementor-widget-image\" data-id=\"0afd376\" data-element_type=\"widget\" data-settings=\"{&quot;motion_fx_motion_fx_scrolling&quot;:&quot;yes&quot;,&quot;motion_fx_translateX_effect&quot;:&quot;yes&quot;,&quot;motion_fx_translateX_direction&quot;:&quot;negative&quot;,&quot;motion_fx_translateX_speed&quot;:{&quot;unit&quot;:&quot;px&quot;,&quot;size&quot;:1.5,&quot;sizes&quot;:[]},&quot;motion_fx_translateX_affectedRange&quot;:{&quot;unit&quot;:&quot;%&quot;,&quot;size&quot;:&quot;&quot;,&quot;sizes&quot;:{&quot;start&quot;:0,&quot;end&quot;:100}},&quot;motion_fx_devices&quot;:[&quot;desktop&quot;,&quot;tablet&quot;,&quot;mobile&quot;]}\" data-widget_type=\"image.default\">\n\t\t\t\t<div class=\"elementor-widget-container\">\n\t\t\t\t\t\t\t\t<div class=\"elementor-image\">\n\t\t\t\t\t\t\t\t\t\t\t\t<img loading=\"lazy\" decoding=\"async\" width=\"81\" height=\"36\" src=\"https:\/\/dimspeed.com\/wp-content\/uploads\/2020\/11\/icon-D-titre.png\" class=\"attachment-full size-full\" alt=\"\" \/>\t\t\t\t\t\t\t\t\t\t\t\t\t\t<\/div>\n\t\t\t\t\t\t<\/div>\n\t\t\t\t<\/div>\n\t\t\t\t\t\t<\/div>\n\t\t\t\t\t<\/div>\n\t\t<\/div>\n\t\t\t\t\t\t\t\t<\/div>\n\t\t\t\t\t<\/div>\n\t\t<\/section>\n\t\t\t\t<section class=\"elementor-section elementor-top-section elementor-element elementor-element-2ed9877 elementor-section-boxed elementor-section-height-default elementor-section-height-default\" data-id=\"2ed9877\" data-element_type=\"section\">\n\t\t\t\t\t\t<div class=\"elementor-container elementor-column-gap-default\">\n\t\t\t\t\t\t\t<div class=\"elementor-row\">\n\t\t\t\t\t<div class=\"elementor-column elementor-col-100 elementor-top-column elementor-element elementor-element-6c807aa\" data-id=\"6c807aa\" data-element_type=\"column\">\n\t\t\t<div class=\"elementor-column-wrap elementor-element-populated\">\n\t\t\t\t\t\t\t<div class=\"elementor-widget-wrap\">\n\t\t\t\t\t\t<div class=\"elementor-element elementor-element-963c03d elementor-widget elementor-widget-text-editor\" data-id=\"963c03d\" data-element_type=\"widget\" data-widget_type=\"text-editor.default\">\n\t\t\t\t<div class=\"elementor-widget-container\">\n\t\t\t\t\t\t\t\t<div class=\"elementor-text-editor elementor-clearfix\">\n\t\t\t\t<p>This website is the property of the company SARL DIMSPEED, whose contact details are :<\/p><p>Head office address : 28 Rue des Partenais \u2013 37250 Veign\u00e9, France<\/p><p>Phone : +33 7 71 94 14 20<\/p><p>Email : contact@dimspeed.com\u00a0\u00a0<\/p><p>Company registration number (SIRET) : 94843765200027<\/p><p>VAT number : FR37948437652<\/p><p>The publication director of the website is DIMITRI CORNET, in his capacity as manager.<\/p><p>The website\u2019s graphic design was created by the company AJOO (https:\/\/www.ajoo.fr).<a href=\"https:\/\/www.ajoo.fr\/\">https:\/\/www.ajoo.fr\/<\/a> ).<\/p>\t\t\t\t\t<\/div>\n\t\t\t\t\t\t<\/div>\n\t\t\t\t<\/div>\n\t\t\t\t<div class=\"elementor-element elementor-element-39ff878 elementor-widget elementor-widget-heading\" data-id=\"39ff878\" data-element_type=\"widget\" data-widget_type=\"heading.default\">\n\t\t\t\t<div class=\"elementor-widget-container\">\n\t\t\t<h2 class=\"elementor-heading-title elementor-size-default\">WEBSITE CONTENT<\/h2>\t\t<\/div>\n\t\t\t\t<\/div>\n\t\t\t\t<div class=\"elementor-element elementor-element-5ce0ed7 elementor-widget elementor-widget-text-editor\" data-id=\"5ce0ed7\" data-element_type=\"widget\" data-widget_type=\"text-editor.default\">\n\t\t\t\t<div class=\"elementor-widget-container\">\n\t\t\t\t\t\t\t\t<div class=\"elementor-text-editor elementor-clearfix\">\n\t\t\t\t<p>DIMSPEED guarantees the essential characteristics of its products. However, the company cannot be held liable for the use or interpretation of the information contained on this website.\u00a0<\/p><p>DIMSPEED shall not be held responsible for any viruses that may infect the user's computer or hardware as a result of accessing, using, or downloading content from this site.<\/p><p>DIMSPEED reserves the right to modify its commercial offers at any time, it being understood that any order placed before such modification will be honored.<\/p>\t\t\t\t\t<\/div>\n\t\t\t\t\t\t<\/div>\n\t\t\t\t<\/div>\n\t\t\t\t<div class=\"elementor-element elementor-element-67732a4 elementor-widget elementor-widget-heading\" data-id=\"67732a4\" data-element_type=\"widget\" data-widget_type=\"heading.default\">\n\t\t\t\t<div class=\"elementor-widget-container\">\n\t\t\t<h2 class=\"elementor-heading-title elementor-size-default\">COPYRIGHT AND INTELLECTUAL PROPERTY<\/h2>\t\t<\/div>\n\t\t\t\t<\/div>\n\t\t\t\t<div class=\"elementor-element elementor-element-5bb53ba elementor-widget elementor-widget-text-editor\" data-id=\"5bb53ba\" data-element_type=\"widget\" data-widget_type=\"text-editor.default\">\n\t\t\t\t<div class=\"elementor-widget-container\">\n\t\t\t\t\t\t\t\t<div class=\"elementor-text-editor elementor-clearfix\">\n\t\t\t\t<p>This website is the property of DIMITRI CORNET and INGRID CORNET, who hold all intellectual property rights. The website is a protected work under intellectual property law, including its overall structure, design, and all accessible elements (forms, texts, photographs, images, etc.).<\/p><p>Unless prior written authorization is obtained from DIMITRI CORNET or INGRID CORNET, no part of this site or the information contained herein may be copied, reproduced, modified, transmitted, published, or used on any medium, for either commercial or non-commercial purposes, nor used to create derivative works.<\/p><p>Failure to comply with these rules may result in liability as defined under Articles L.713-2 and L.713-3 of the French Intellectual Property Code.<\/p><p>Photo credits : <a href=\"http:\/\/www.shutterstock.com\">www.shutterstock.com<\/a>\u00a0<\/p>\t\t\t\t\t<\/div>\n\t\t\t\t\t\t<\/div>\n\t\t\t\t<\/div>\n\t\t\t\t<div class=\"elementor-element elementor-element-8c55173 elementor-widget elementor-widget-heading\" data-id=\"8c55173\" data-element_type=\"widget\" data-widget_type=\"heading.default\">\n\t\t\t\t<div class=\"elementor-widget-container\">\n\t\t\t<h2 class=\"elementor-heading-title elementor-size-default\">PRIVACY POLICY<\/h2>\t\t<\/div>\n\t\t\t\t<\/div>\n\t\t\t\t<div class=\"elementor-element elementor-element-3e3d701 elementor-widget elementor-widget-text-editor\" data-id=\"3e3d701\" data-element_type=\"widget\" data-widget_type=\"text-editor.default\">\n\t\t\t\t<div class=\"elementor-widget-container\">\n\t\t\t\t\t\t\t\t<div class=\"elementor-text-editor elementor-clearfix\">\n\t\t\t\t<p>Our company processes personal data in the course of its operations.<\/p><p>By using our site, you consent to our privacy policy.<\/p><p>We collect information when you register on our site, log in to your account, place an order, etc.<\/p><p>We are committed to collecting only the data strictly necessary for processing.<\/p><p>The data we collect allows us to manage our commercial relationship, personalize your experience, meet your individual needs, provide personalized information, improve customer service, and contact you via email.<\/p><p>The retention period of personal data depends on the service subscribed. We are committed to not retaining your personal data beyond the necessary time for the provision of services, in accordance with applicable legal time limits.<\/p><p>We are the sole owners of the information collected on this website. Your personal information will not be sold, exchanged, transferred, or given to another company without your consent, except as necessary to fulfill a request and\/or complete a transaction (e.g., for order shipment).<\/p><p>We implement security measures to protect your personal information. Your information is also protected offline: only employees who need to perform a specific task (e.g., billing or customer service) have access to personally identifiable information. The computers and servers used to store such information are located in a secure environment.<\/p><p>We use cookies to improve access to our site and identify repeat visitors. Our cookies also enhance the user experience through interest tracking. However, the use of cookies is in no way linked to any personally identifiable information on our site.<\/p><p>You have the right to access, rectify, delete, oppose, or limit the processing of your personal data.<\/p><p>You may exercise these rights by sending a signed written request with proof of identity and the return address to : contact@dimspeed.com<\/p><p>You may also unsubscribe at any time to stop receiving emails from us.<\/p>\t\t\t\t\t<\/div>\n\t\t\t\t\t\t<\/div>\n\t\t\t\t<\/div>\n\t\t\t\t<div class=\"elementor-element elementor-element-be46f73 elementor-widget elementor-widget-heading\" data-id=\"be46f73\" data-element_type=\"widget\" data-widget_type=\"heading.default\">\n\t\t\t\t<div class=\"elementor-widget-container\">\n\t\t\t<h2 class=\"elementor-heading-title elementor-size-default\">HYPERLINKS TO THIRD-PARTY SITES<\/h2>\t\t<\/div>\n\t\t\t\t<\/div>\n\t\t\t\t<div class=\"elementor-element elementor-element-89fe58c elementor-widget elementor-widget-text-editor\" data-id=\"89fe58c\" data-element_type=\"widget\" data-widget_type=\"text-editor.default\">\n\t\t\t\t<div class=\"elementor-widget-container\">\n\t\t\t\t\t\t\t\t<div class=\"elementor-text-editor elementor-clearfix\">\n\t\t\t\t<p>This site may contain hyperlinks to websites operated by third parties. These links are provided in good faith, and DIMSPEED cannot be held responsible for any changes to those sites. Therefore, DIMSPEED assumes no liability regarding these hyperlinks: only the publishers of the referenced third-party sites may be held liable.<\/p>\t\t\t\t\t<\/div>\n\t\t\t\t\t\t<\/div>\n\t\t\t\t<\/div>\n\t\t\t\t<div class=\"elementor-element elementor-element-17c449c elementor-widget elementor-widget-heading\" data-id=\"17c449c\" data-element_type=\"widget\" data-widget_type=\"heading.default\">\n\t\t\t\t<div class=\"elementor-widget-container\">\n\t\t\t<h2 class=\"elementor-heading-title elementor-size-default\">APPLICABLE LAW<\/h2>\t\t<\/div>\n\t\t\t\t<\/div>\n\t\t\t\t<div class=\"elementor-element elementor-element-fa662ca elementor-widget elementor-widget-text-editor\" data-id=\"fa662ca\" data-element_type=\"widget\" data-widget_type=\"text-editor.default\">\n\t\t\t\t<div class=\"elementor-widget-container\">\n\t\t\t\t\t\t\t\t<div class=\"elementor-text-editor elementor-clearfix\">\n\t\t\t\t<p>This website and the present legal notice are governed by French law.<\/p>\t\t\t\t\t<\/div>\n\t\t\t\t\t\t<\/div>\n\t\t\t\t<\/div>\n\t\t\t\t\t\t<\/div>\n\t\t\t\t\t<\/div>\n\t\t<\/div>\n\t\t\t\t\t\t\t\t<\/div>\n\t\t\t\t\t<\/div>\n\t\t<\/section>\n\t\t\t\t\t\t<\/div>\n\t\t\t\t\t\t<\/div>\n\t\t\t\t\t<\/div>","protected":false},"excerpt":{"rendered":"<p>MENTIONS LEGALES Ce site est la propri\u00e9t\u00e9 de la soci\u00e9t\u00e9 SARL Dimspeed, dont les coordonn\u00e9es sont : Adresse du si\u00e8ge social : 28 Rue des Partenais &#8211; 37250 Veign\u00e9 T\u00e9l\u00e9phone\u00a0: +33 7 67 48 02 79 Courrier \u00e9lectronique : \u00a0contact@dimspeed.com\u00a0\u00a0 N\u00b0 de SIRET : 94843765200027 N\u00b0 de TVA intracommunautaire : FR37948437652 Le Directeur de la [&hellip;]<\/p>","protected":false},"author":1,"featured_media":0,"parent":0,"menu_order":0,"comment_status":"closed","ping_status":"closed","template":"","meta":{"footnotes":""},"class_list":["post-1271","page","type-page","status-publish","hentry"],"yoast_head":"<!-- This site is optimized with the Yoast SEO plugin v27.1.1 - https:\/\/yoast.com\/product\/yoast-seo-wordpress\/ -->\n<title>MENTIONS LEGALES - Dimspeed, l&#039;atelier de personnalisation automobile<\/title>\n<meta name=\"robots\" content=\"index, follow, max-snippet:-1, max-image-preview:large, max-video-preview:-1\" \/>\n<link rel=\"canonical\" href=\"https:\/\/dimspeed.com\/en\/mentions-legales\/\" \/>\n<meta property=\"og:locale\" content=\"en_GB\" \/>\n<meta property=\"og:type\" content=\"article\" \/>\n<meta property=\"og:title\" content=\"MENTIONS LEGALES - Dimspeed, l&#039;atelier de personnalisation automobile\" \/>\n<meta property=\"og:description\" content=\"MENTIONS LEGALES Ce site est la propri\u00e9t\u00e9 de la soci\u00e9t\u00e9 SARL Dimspeed, dont les coordonn\u00e9es sont : Adresse du si\u00e8ge social : 28 Rue des Partenais &#8211; 37250 Veign\u00e9 T\u00e9l\u00e9phone\u00a0: +33 7 67 48 02 79 Courrier \u00e9lectronique : \u00a0contact@dimspeed.com\u00a0\u00a0 N\u00b0 de SIRET : 94843765200027 N\u00b0 de TVA intracommunautaire : FR37948437652 Le Directeur de la [&hellip;]\" \/>\n<meta property=\"og:url\" content=\"https:\/\/dimspeed.com\/en\/mentions-legales\/\" \/>\n<meta property=\"og:site_name\" content=\"Dimspeed, l&#039;atelier de personnalisation automobile\" \/>\n<meta property=\"article:modified_time\" content=\"2025-07-07T07:42:19+00:00\" \/>\n<meta property=\"og:image\" content=\"https:\/\/dimspeed.com\/wp-content\/uploads\/2020\/11\/icon-G-titre.png\" \/>\n<meta name=\"twitter:card\" content=\"summary_large_image\" \/>\n<meta name=\"twitter:label1\" content=\"Estimated reading time\" \/>\n\t<meta name=\"twitter:data1\" content=\"5 minutes\" \/>\n<script type=\"application\/ld+json\" class=\"yoast-schema-graph\">{\"@context\":\"https:\/\/schema.org\",\"@graph\":[{\"@type\":\"WebPage\",\"@id\":\"https:\/\/dimspeed.com\/mentions-legales\/\",\"url\":\"https:\/\/dimspeed.com\/mentions-legales\/\",\"name\":\"MENTIONS LEGALES - Dimspeed, l&#039;atelier de personnalisation automobile\",\"isPartOf\":{\"@id\":\"https:\/\/dimspeed.com\/#website\"},\"primaryImageOfPage\":{\"@id\":\"https:\/\/dimspeed.com\/mentions-legales\/#primaryimage\"},\"image\":{\"@id\":\"https:\/\/dimspeed.com\/mentions-legales\/#primaryimage\"},\"thumbnailUrl\":\"https:\/\/dimspeed.com\/wp-content\/uploads\/2020\/11\/icon-G-titre.png\",\"datePublished\":\"2021-01-20T14:28:49+00:00\",\"dateModified\":\"2025-07-07T07:42:19+00:00\",\"breadcrumb\":{\"@id\":\"https:\/\/dimspeed.com\/mentions-legales\/#breadcrumb\"},\"inLanguage\":\"en-GB\",\"potentialAction\":[{\"@type\":\"ReadAction\",\"target\":[\"https:\/\/dimspeed.com\/mentions-legales\/\"]}]},{\"@type\":\"ImageObject\",\"inLanguage\":\"en-GB\",\"@id\":\"https:\/\/dimspeed.com\/mentions-legales\/#primaryimage\",\"url\":\"https:\/\/dimspeed.com\/wp-content\/uploads\/2020\/11\/icon-G-titre.png\",\"contentUrl\":\"https:\/\/dimspeed.com\/wp-content\/uploads\/2020\/11\/icon-G-titre.png\"},{\"@type\":\"BreadcrumbList\",\"@id\":\"https:\/\/dimspeed.com\/mentions-legales\/#breadcrumb\",\"itemListElement\":[{\"@type\":\"ListItem\",\"position\":1,\"name\":\"Accueil\",\"item\":\"https:\/\/dimspeed.com\/\"},{\"@type\":\"ListItem\",\"position\":2,\"name\":\"MENTIONS LEGALES\"}]},{\"@type\":\"WebSite\",\"@id\":\"https:\/\/dimspeed.com\/#website\",\"url\":\"https:\/\/dimspeed.com\/\",\"name\":\"Dimspeed, l&#039;atelier de personnalisation automobile\",\"description\":\"MOTORISTE comp\u00e9tition et collection SPECIALISTE moteur A-SERIE\",\"publisher\":{\"@id\":\"https:\/\/dimspeed.com\/#organization\"},\"potentialAction\":[{\"@type\":\"SearchAction\",\"target\":{\"@type\":\"EntryPoint\",\"urlTemplate\":\"https:\/\/dimspeed.com\/?s={search_term_string}\"},\"query-input\":{\"@type\":\"PropertyValueSpecification\",\"valueRequired\":true,\"valueName\":\"search_term_string\"}}],\"inLanguage\":\"en-GB\"},{\"@type\":\"Organization\",\"@id\":\"https:\/\/dimspeed.com\/#organization\",\"name\":\"Dimspeed, l&#039;atelier de personnalisation automobile\",\"url\":\"https:\/\/dimspeed.com\/\",\"logo\":{\"@type\":\"ImageObject\",\"inLanguage\":\"en-GB\",\"@id\":\"https:\/\/dimspeed.com\/#\/schema\/logo\/image\/\",\"url\":\"https:\/\/dimspeed.com\/wp-content\/uploads\/2020\/11\/logo-site.png\",\"contentUrl\":\"https:\/\/dimspeed.com\/wp-content\/uploads\/2020\/11\/logo-site.png\",\"width\":486,\"height\":178,\"caption\":\"Dimspeed, l&#039;atelier de personnalisation automobile\"},\"image\":{\"@id\":\"https:\/\/dimspeed.com\/#\/schema\/logo\/image\/\"}}]}<\/script>\n<!-- \/ Yoast SEO plugin. -->","yoast_head_json":{"title":"MENTIONS LEGALES - Dimspeed, l&#039;atelier de personnalisation automobile","robots":{"index":"index","follow":"follow","max-snippet":"max-snippet:-1","max-image-preview":"max-image-preview:large","max-video-preview":"max-video-preview:-1"},"canonical":"https:\/\/dimspeed.com\/en\/mentions-legales\/","og_locale":"en_GB","og_type":"article","og_title":"MENTIONS LEGALES - Dimspeed, l&#039;atelier de personnalisation automobile","og_description":"MENTIONS LEGALES Ce site est la propri\u00e9t\u00e9 de la soci\u00e9t\u00e9 SARL Dimspeed, dont les coordonn\u00e9es sont : Adresse du si\u00e8ge social : 28 Rue des Partenais &#8211; 37250 Veign\u00e9 T\u00e9l\u00e9phone\u00a0: +33 7 67 48 02 79 Courrier \u00e9lectronique : \u00a0contact@dimspeed.com\u00a0\u00a0 N\u00b0 de SIRET : 94843765200027 N\u00b0 de TVA intracommunautaire : FR37948437652 Le Directeur de la [&hellip;]","og_url":"https:\/\/dimspeed.com\/en\/mentions-legales\/","og_site_name":"Dimspeed, l&#039;atelier de personnalisation automobile","article_modified_time":"2025-07-07T07:42:19+00:00","og_image":[{"url":"https:\/\/dimspeed.com\/wp-content\/uploads\/2020\/11\/icon-G-titre.png","type":"","width":"","height":""}],"twitter_card":"summary_large_image","twitter_misc":{"Estimated reading time":"5 minutes"},"schema":{"@context":"https:\/\/schema.org","@graph":[{"@type":"WebPage","@id":"https:\/\/dimspeed.com\/mentions-legales\/","url":"https:\/\/dimspeed.com\/mentions-legales\/","name":"MENTIONS LEGALES - Dimspeed, l&#039;atelier de personnalisation automobile","isPartOf":{"@id":"https:\/\/dimspeed.com\/#website"},"primaryImageOfPage":{"@id":"https:\/\/dimspeed.com\/mentions-legales\/#primaryimage"},"image":{"@id":"https:\/\/dimspeed.com\/mentions-legales\/#primaryimage"},"thumbnailUrl":"https:\/\/dimspeed.com\/wp-content\/uploads\/2020\/11\/icon-G-titre.png","datePublished":"2021-01-20T14:28:49+00:00","dateModified":"2025-07-07T07:42:19+00:00","breadcrumb":{"@id":"https:\/\/dimspeed.com\/mentions-legales\/#breadcrumb"},"inLanguage":"en-GB","potentialAction":[{"@type":"ReadAction","target":["https:\/\/dimspeed.com\/mentions-legales\/"]}]},{"@type":"ImageObject","inLanguage":"en-GB","@id":"https:\/\/dimspeed.com\/mentions-legales\/#primaryimage","url":"https:\/\/dimspeed.com\/wp-content\/uploads\/2020\/11\/icon-G-titre.png","contentUrl":"https:\/\/dimspeed.com\/wp-content\/uploads\/2020\/11\/icon-G-titre.png"},{"@type":"BreadcrumbList","@id":"https:\/\/dimspeed.com\/mentions-legales\/#breadcrumb","itemListElement":[{"@type":"ListItem","position":1,"name":"Accueil","item":"https:\/\/dimspeed.com\/"},{"@type":"ListItem","position":2,"name":"MENTIONS LEGALES"}]},{"@type":"WebSite","@id":"https:\/\/dimspeed.com\/#website","url":"https:\/\/dimspeed.com\/","name":"Dimspeed, l&#039;atelier de personnalisation automobile","description":"MOTORISTE comp\u00e9tition et collection SPECIALISTE moteur A-SERIE","publisher":{"@id":"https:\/\/dimspeed.com\/#organization"},"potentialAction":[{"@type":"SearchAction","target":{"@type":"EntryPoint","urlTemplate":"https:\/\/dimspeed.com\/?s={search_term_string}"},"query-input":{"@type":"PropertyValueSpecification","valueRequired":true,"valueName":"search_term_string"}}],"inLanguage":"en-GB"},{"@type":"Organization","@id":"https:\/\/dimspeed.com\/#organization","name":"Dimspeed, l&#039;atelier de personnalisation automobile","url":"https:\/\/dimspeed.com\/","logo":{"@type":"ImageObject","inLanguage":"en-GB","@id":"https:\/\/dimspeed.com\/#\/schema\/logo\/image\/","url":"https:\/\/dimspeed.com\/wp-content\/uploads\/2020\/11\/logo-site.png","contentUrl":"https:\/\/dimspeed.com\/wp-content\/uploads\/2020\/11\/logo-site.png","width":486,"height":178,"caption":"Dimspeed, l&#039;atelier de personnalisation automobile"},"image":{"@id":"https:\/\/dimspeed.com\/#\/schema\/logo\/image\/"}}]}},"_links":{"self":[{"href":"https:\/\/dimspeed.com\/en\/wp-json\/wp\/v2\/pages\/1271","targetHints":{"allow":["GET"]}}],"collection":[{"href":"https:\/\/dimspeed.com\/en\/wp-json\/wp\/v2\/pages"}],"about":[{"href":"https:\/\/dimspeed.com\/en\/wp-json\/wp\/v2\/types\/page"}],"author":[{"embeddable":true,"href":"https:\/\/dimspeed.com\/en\/wp-json\/wp\/v2\/users\/1"}],"replies":[{"embeddable":true,"href":"https:\/\/dimspeed.com\/en\/wp-json\/wp\/v2\/comments?post=1271"}],"version-history":[{"count":15,"href":"https:\/\/dimspeed.com\/en\/wp-json\/wp\/v2\/pages\/1271\/revisions"}],"predecessor-version":[{"id":7298,"href":"https:\/\/dimspeed.com\/en\/wp-json\/wp\/v2\/pages\/1271\/revisions\/7298"}],"wp:attachment":[{"href":"https:\/\/dimspeed.com\/en\/wp-json\/wp\/v2\/media?parent=1271"}],"curies":[{"name":"wp","href":"https:\/\/api.w.org\/{rel}","templated":true}]}}